{"id":3836,"date":"2025-01-11T08:09:38","date_gmt":"2025-01-11T08:09:38","guid":{"rendered":"https:\/\/landercoll.com\/?page_id=3836"},"modified":"2025-08-29T08:40:56","modified_gmt":"2025-08-29T08:40:56","slug":"farmasoti%cc%87k-yardimci-maddeler","status":"publish","type":"page","link":"https:\/\/landercoll.com\/tr\/uygulama\/ilaclar\/farmasoti%cc%87k-yardimci-maddeler\/","title":{"rendered":"farmas\u00f6ti\u0307k yardimci maddeler"},"content":{"rendered":"<div data-elementor-type=\"wp-page\" data-elementor-id=\"3836\" class=\"elementor elementor-3836\" data-elementor-post-type=\"page\">\n\t\t\t\t\t\t<section class=\"elementor-section elementor-top-section elementor-element elementor-element-48a3887f elementor-section-boxed elementor-section-height-default elementor-section-height-default\" data-id=\"48a3887f\" data-element_type=\"section\" data-settings=\"{&quot;background_background&quot;:&quot;classic&quot;,&quot;ekit_has_onepagescroll_dot&quot;:&quot;yes&quot;}\">\n\t\t\t\t\t\t\t<div class=\"elementor-background-overlay\"><\/div>\n\t\t\t\t\t\t\t<div class=\"elementor-container elementor-column-gap-default\">\n\t\t\t\t\t<div class=\"elementor-column elementor-col-100 elementor-top-column elementor-element elementor-element-13ef2334\" data-id=\"13ef2334\" data-element_type=\"column\">\n\t\t\t<div class=\"elementor-widget-wrap elementor-element-populated\">\n\t\t\t\t\t\t<section class=\"elementor-section elementor-inner-section elementor-element elementor-element-343150a7 elementor-section-boxed elementor-section-height-default elementor-section-height-default\" data-id=\"343150a7\" data-element_type=\"section\" data-settings=\"{&quot;ekit_has_onepagescroll_dot&quot;:&quot;yes&quot;}\">\n\t\t\t\t\t\t<div class=\"elementor-container elementor-column-gap-default\">\n\t\t\t\t\t<div class=\"elementor-column elementor-col-100 elementor-inner-column elementor-element elementor-element-52444c44\" data-id=\"52444c44\" data-element_type=\"column\">\n\t\t\t<div class=\"elementor-widget-wrap elementor-element-populated\">\n\t\t\t\t\t\t<div class=\"elementor-element elementor-element-3d393345 elementor-widget elementor-widget-heading\" data-id=\"3d393345\" data-element_type=\"widget\" data-settings=\"{&quot;ekit_we_effect_on&quot;:&quot;none&quot;}\" data-widget_type=\"heading.default\">\n\t\t\t\t<div class=\"elementor-widget-container\">\n\t\t\t\t\t<h1 class=\"elementor-heading-title elementor-size-default\">Farmas\u00f6tik Yard\u0131mc\u0131 Maddeler<\/h1>\t\t\t\t<\/div>\n\t\t\t\t<\/div>\n\t\t\t\t\t<\/div>\n\t\t<\/div>\n\t\t\t\t\t<\/div>\n\t\t<\/section>\n\t\t\t\t\t<\/div>\n\t\t<\/div>\n\t\t\t\t\t<\/div>\n\t\t<\/section>\n\t\t\t\t<section class=\"elementor-section elementor-top-section elementor-element elementor-element-4796df5d elementor-section-boxed elementor-section-height-default elementor-section-height-default\" data-id=\"4796df5d\" data-element_type=\"section\" data-settings=\"{&quot;ekit_has_onepagescroll_dot&quot;:&quot;yes&quot;}\">\n\t\t\t\t\t\t<div class=\"elementor-container elementor-column-gap-default\">\n\t\t\t\t\t<div class=\"elementor-column elementor-col-50 elementor-top-column elementor-element elementor-element-4ec135c9\" data-id=\"4ec135c9\" data-element_type=\"column\">\n\t\t\t<div class=\"elementor-widget-wrap elementor-element-populated\">\n\t\t\t\t\t\t<div class=\"elementor-element elementor-element-0b08d60 elementor-widget elementor-widget-image\" data-id=\"0b08d60\" data-element_type=\"widget\" data-settings=\"{&quot;ekit_we_effect_on&quot;:&quot;none&quot;}\" data-widget_type=\"image.default\">\n\t\t\t\t<div class=\"elementor-widget-container\">\n\t\t\t\t\t\t\t\t\t\t\t\t\t\t\t<img fetchpriority=\"high\" decoding=\"async\" width=\"800\" height=\"533\" src=\"https:\/\/landercoll.com\/wp-content\/uploads\/2025\/01\/capsule-pills-background-1024x682.jpg\" class=\"attachment-large size-large wp-image-3867\" alt=\"Kaps\u00fcl haplar\u0131n arka plan\u0131\" srcset=\"https:\/\/landercoll.com\/wp-content\/uploads\/2025\/01\/capsule-pills-background-1024x682.jpg 1024w, https:\/\/landercoll.com\/wp-content\/uploads\/2025\/01\/capsule-pills-background-300x200.jpg 300w, https:\/\/landercoll.com\/wp-content\/uploads\/2025\/01\/capsule-pills-background-768x512.jpg 768w, https:\/\/landercoll.com\/wp-content\/uploads\/2025\/01\/capsule-pills-background-1536x1024.jpg 1536w, https:\/\/landercoll.com\/wp-content\/uploads\/2025\/01\/capsule-pills-background-18x12.jpg 18w, https:\/\/landercoll.com\/wp-content\/uploads\/2025\/01\/capsule-pills-background.jpg 2000w\" sizes=\"(max-width: 800px) 100vw, 800px\" \/>\t\t\t\t\t\t\t\t\t\t\t\t\t\t\t<\/div>\n\t\t\t\t<\/div>\n\t\t\t\t\t<\/div>\n\t\t<\/div>\n\t\t\t\t<div class=\"elementor-column elementor-col-50 elementor-top-column elementor-element elementor-element-266c95be\" data-id=\"266c95be\" data-element_type=\"column\">\n\t\t\t<div class=\"elementor-widget-wrap elementor-element-populated\">\n\t\t\t\t\t\t<div class=\"elementor-element elementor-element-62b18ac elementor-invisible elementor-widget elementor-widget-heading\" data-id=\"62b18ac\" data-element_type=\"widget\" data-settings=\"{&quot;_animation&quot;:&quot;fadeInUp&quot;,&quot;ekit_we_effect_on&quot;:&quot;none&quot;}\" data-widget_type=\"heading.default\">\n\t\t\t\t<div class=\"elementor-widget-container\">\n\t\t\t\t\t<h2 class=\"elementor-heading-title elementor-size-default\">LANDERCOLL \u00c7inli Sel\u00fcloz Eter \u00dcreticisi<\/h2>\t\t\t\t<\/div>\n\t\t\t\t<\/div>\n\t\t\t\t<div class=\"elementor-element elementor-element-3ed6536a elementor-invisible elementor-widget elementor-widget-heading\" data-id=\"3ed6536a\" data-element_type=\"widget\" data-settings=\"{&quot;_animation&quot;:&quot;fadeInUp&quot;,&quot;_animation_delay&quot;:200,&quot;ekit_we_effect_on&quot;:&quot;none&quot;}\" data-widget_type=\"heading.default\">\n\t\t\t\t<div class=\"elementor-widget-container\">\n\t\t\t\t\t<h2 class=\"elementor-heading-title elementor-size-default\">Farmas\u00f6tik Yard\u0131mc\u0131 Maddeler<\/h2>\t\t\t\t<\/div>\n\t\t\t\t<\/div>\n\t\t\t\t<div class=\"elementor-element elementor-element-80fabd3 elementor-widget elementor-widget-text-editor\" data-id=\"80fabd3\" data-element_type=\"widget\" data-settings=\"{&quot;ekit_we_effect_on&quot;:&quot;none&quot;}\" data-widget_type=\"text-editor.default\">\n\t\t\t\t<div class=\"elementor-widget-container\">\n\t\t\t\t\t\t\t\t\t<p><span style=\"color: #808080;\"><a style=\"color: #808080;\" href=\"https:\/\/landercoll.com\/tr\/seluloz-eter\/hidroksipropil-metil-seluloz-hpmc\/\" target=\"_blank\" rel=\"noopener\">Hidroksipropil Metil Sel\u00fcloz (HPMC)<\/a>Do\u011fal sel\u00fclozdan t\u00fcretilmi\u015f olup, oral s\u00fcrekli ila\u00e7 sal\u0131m matris sistemlerinde yayg\u0131n olarak kullan\u0131lan bir farmas\u00f6tik yard\u0131mc\u0131 madde olarak hizmet edebilir. Metabolik olarak inerttir, yani insan v\u00fccudu taraf\u0131ndan emilmez veya metabolize edilmez. Dikkat \u00e7ekici bir \u015fekilde, \u00e7ok say\u0131da \u00e7al\u0131\u015fma HPMC'nin insan kullan\u0131m\u0131 i\u00e7in g\u00fcvenli oldu\u011funu g\u00f6stermektedir.<\/span><\/p>\t\t\t\t\t\t\t\t<\/div>\n\t\t\t\t<\/div>\n\t\t\t\t<div class=\"elementor-element elementor-element-636a657a elementor-widget elementor-widget-button\" data-id=\"636a657a\" data-element_type=\"widget\" data-settings=\"{&quot;ekit_we_effect_on&quot;:&quot;none&quot;}\" data-widget_type=\"button.default\">\n\t\t\t\t<div class=\"elementor-widget-container\">\n\t\t\t\t\t\t\t\t\t<div class=\"elementor-button-wrapper\">\n\t\t\t\t\t<a class=\"elementor-button elementor-button-link elementor-size-sm elementor-animation-skew\" href=\"#elementor-action%3Aaction%3Dpopup%3Aopen%26settings%3DeyJpZCI6IjgwNCIsInRvZ2dsZSI6ZmFsc2V9\">\n\t\t\t\t\t\t<span class=\"elementor-button-content-wrapper\">\n\t\t\t\t\t\t<span class=\"elementor-button-icon\">\n\t\t\t\t<i aria-hidden=\"true\" class=\"icon icon-arrow-right\"><\/i>\t\t\t<\/span>\n\t\t\t\t\t\t\t\t\t<span class=\"elementor-button-text\">Soru\u015fturma G\u00f6nder<\/span>\n\t\t\t\t\t<\/span>\n\t\t\t\t\t<\/a>\n\t\t\t\t<\/div>\n\t\t\t\t\t\t\t\t<\/div>\n\t\t\t\t<\/div>\n\t\t\t\t\t<\/div>\n\t\t<\/div>\n\t\t\t\t\t<\/div>\n\t\t<\/section>\n\t\t\t\t<section class=\"elementor-section elementor-top-section elementor-element elementor-element-b3f3e91 elementor-section-boxed elementor-section-height-default elementor-section-height-default\" data-id=\"b3f3e91\" data-element_type=\"section\" data-settings=\"{&quot;background_background&quot;:&quot;classic&quot;,&quot;ekit_has_onepagescroll_dot&quot;:&quot;yes&quot;}\">\n\t\t\t\t\t\t<div class=\"elementor-container elementor-column-gap-no\">\n\t\t\t\t\t<div class=\"elementor-column elementor-col-100 elementor-top-column elementor-element elementor-element-7e80b24\" data-id=\"7e80b24\" data-element_type=\"column\">\n\t\t\t<div class=\"elementor-widget-wrap elementor-element-populated\">\n\t\t\t\t\t\t<section class=\"elementor-section elementor-inner-section elementor-element elementor-element-1250a1b elementor-section-content-bottom elementor-section-boxed elementor-section-height-default elementor-section-height-default\" data-id=\"1250a1b\" data-element_type=\"section\" data-settings=\"{&quot;ekit_has_onepagescroll_dot&quot;:&quot;yes&quot;}\">\n\t\t\t\t\t\t<div class=\"elementor-container elementor-column-gap-default\">\n\t\t\t\t\t<div class=\"elementor-column elementor-col-100 elementor-inner-column elementor-element elementor-element-9aa441e\" data-id=\"9aa441e\" data-element_type=\"column\">\n\t\t\t<div class=\"elementor-widget-wrap elementor-element-populated\">\n\t\t\t\t\t\t<div class=\"elementor-element elementor-element-41ab579 elementor-invisible elementor-widget elementor-widget-heading\" data-id=\"41ab579\" data-element_type=\"widget\" data-settings=\"{&quot;_animation&quot;:&quot;fadeInUp&quot;,&quot;ekit_we_effect_on&quot;:&quot;none&quot;}\" data-widget_type=\"heading.default\">\n\t\t\t\t<div class=\"elementor-widget-container\">\n\t\t\t\t\t<h3 class=\"elementor-heading-title elementor-size-default\">LANDERCOLL \u00c7inli Sel\u00fcloz Eter \u00dcreticisi<\/h3>\t\t\t\t<\/div>\n\t\t\t\t<\/div>\n\t\t\t\t<div class=\"elementor-element elementor-element-9045fc9 elementor-widget elementor-widget-heading\" data-id=\"9045fc9\" data-element_type=\"widget\" data-settings=\"{&quot;ekit_we_effect_on&quot;:&quot;none&quot;}\" data-widget_type=\"heading.default\">\n\t\t\t\t<div class=\"elementor-widget-container\">\n\t\t\t\t\t<h2 class=\"elementor-heading-title elementor-size-default\">Farmas\u00f6tik Yard\u0131mc\u0131 Maddelerde Neden HPMC (Hidroksipropil Metil Sel\u00fcloz) Se\u00e7ilmeli?<\/h2>\t\t\t\t<\/div>\n\t\t\t\t<\/div>\n\t\t\t\t\t<\/div>\n\t\t<\/div>\n\t\t\t\t\t<\/div>\n\t\t<\/section>\n\t\t\t\t<div class=\"elementor-element elementor-element-699a3d7 elementor-widget-divider--view-line elementor-widget elementor-widget-divider\" data-id=\"699a3d7\" data-element_type=\"widget\" data-settings=\"{&quot;ekit_we_effect_on&quot;:&quot;none&quot;}\" data-widget_type=\"divider.default\">\n\t\t\t\t<div class=\"elementor-widget-container\">\n\t\t\t\t\t\t\t<div class=\"elementor-divider\">\n\t\t\t<span class=\"elementor-divider-separator\">\n\t\t\t\t\t\t<\/span>\n\t\t<\/div>\n\t\t\t\t\t\t<\/div>\n\t\t\t\t<\/div>\n\t\t\t\t\t<\/div>\n\t\t<\/div>\n\t\t\t\t\t<\/div>\n\t\t<\/section>\n\t\t<div class=\"elementor-element elementor-element-89d73b0 e-flex e-con-boxed e-con e-parent\" data-id=\"89d73b0\" data-element_type=\"container\" data-settings=\"{&quot;ekit_has_onepagescroll_dot&quot;:&quot;yes&quot;}\">\n\t\t\t\t\t<div class=\"e-con-inner\">\n\t\t<div class=\"elementor-element elementor-element-fb3f40a e-con-full e-flex e-con e-child\" data-id=\"fb3f40a\" data-element_type=\"container\" data-settings=\"{&quot;ekit_has_onepagescroll_dot&quot;:&quot;yes&quot;}\">\n\t\t<div class=\"elementor-element elementor-element-0c75493 e-con-full e-flex e-con e-child\" data-id=\"0c75493\" data-element_type=\"container\" data-settings=\"{&quot;ekit_has_onepagescroll_dot&quot;:&quot;yes&quot;}\">\n\t\t\t\t<div class=\"elementor-element elementor-element-f90dba7 elementor-position-left elementor-view-default elementor-mobile-position-top elementor-widget elementor-widget-icon-box\" data-id=\"f90dba7\" data-element_type=\"widget\" data-settings=\"{&quot;ekit_we_effect_on&quot;:&quot;none&quot;}\" data-widget_type=\"icon-box.default\">\n\t\t\t\t<div class=\"elementor-widget-container\">\n\t\t\t\t\t\t\t<div class=\"elementor-icon-box-wrapper\">\n\n\t\t\t\t\t\t<div class=\"elementor-icon-box-icon\">\n\t\t\t\t<span  class=\"elementor-icon\">\n\t\t\t\t<svg aria-hidden=\"true\" class=\"e-font-icon-svg e-fas-check-circle\" viewbox=\"0 0 512 512\" xmlns=\"http:\/\/www.w3.org\/2000\/svg\"><path d=\"M504 256c0 136.967-111.033 248-248 248S8 392.967 8 256 119.033 8 256 8s248 111.033 248 248zM227.314 387.314l184-184c6.248-6.248 6.248-16.379 0-22.627l-22.627-22.627c-6.248-6.249-16.379-6.249-22.628 0L216 308.118l-70.059-70.059c-6.248-6.248-16.379-6.248-22.628 0l-22.627 22.627c-6.248 6.248-6.248 16.379 0 22.627l104 104c6.249 6.249 16.379 6.249 22.628.001z\"><\/path><\/svg>\t\t\t\t<\/span>\n\t\t\t<\/div>\n\t\t\t\n\t\t\t\t\t\t<div class=\"elementor-icon-box-content\">\n\n\t\t\t\t\t\t\t\t\t<h3 class=\"elementor-icon-box-title\">\n\t\t\t\t\t\t<span  >\n\t\t\t\t\t\t\t Oral ve Oromukozal \u0130la\u00e7 Da\u011f\u0131t\u0131m\u0131\t\t\t\t\t\t<\/span>\n\t\t\t\t\t<\/h3>\n\t\t\t\t\n\t\t\t\t\n\t\t\t<\/div>\n\t\t\t\n\t\t<\/div>\n\t\t\t\t\t\t<\/div>\n\t\t\t\t<\/div>\n\t\t\t\t<div class=\"elementor-element elementor-element-5cd23d5 elementor-widget elementor-widget-text-editor\" data-id=\"5cd23d5\" data-element_type=\"widget\" data-settings=\"{&quot;ekit_we_effect_on&quot;:&quot;none&quot;}\" data-widget_type=\"text-editor.default\">\n\t\t\t\t<div class=\"elementor-widget-container\">\n\t\t\t\t\t\t\t\t\t<ul class=\"mm-editor-clipboard\" data-type=\"outline\" data-json=\"%7B%22type%22%3A%22nodes%22%2C%22data%22%3A%5B%7B%22id%22%3A%22Sn4baSsT8G%22%2C%22modified%22%3A1735872136661%2C%22text%22%3A%22%3Cspan%3EHPMC%20can%20form%20a%20fast%20and%20uniform%20gel%20to%20protect%20the%20matrices%20from%20disintegration.%20This%20gel%20layer%20can%20also%20control%20the%20drug%20release.%3C%2Fspan%3E%22%2C%22children%22%3A%5B%5D%7D%2C%7B%22id%22%3A%228uiTVM9xdJ%22%2C%22modified%22%3A1735872527767%2C%22text%22%3A%22%3Cspan%3EHPMC%20enhances%20the%20adhesion%20to%20the%20mucosal%20linings%20of%20the%20oral%20cavity%2C%20allowing%20for%20prolonged%20contact%20time.%3C%2Fspan%3E%22%2C%22children%22%3A%5B%5D%7D%5D%7D\"><li><span class=\"content mubu-node\">HPMC, matrisleri par\u00e7alanmaya kar\u015f\u0131 korumak i\u00e7in h\u0131zl\u0131 ve homojen bir jel olu\u015fturabilir. Bu jel tabakas\u0131 ayn\u0131 zamanda ila\u00e7 sal\u0131n\u0131m\u0131n\u0131 da kontrol edebilir.<\/span><\/li><li><span class=\"content mubu-node\">HPMC, a\u011f\u0131z bo\u015flu\u011funun mukozal astarlar\u0131na yap\u0131\u015fmay\u0131 art\u0131rarak uzun temas s\u00fcresine olanak tan\u0131r.<\/span><\/li><\/ul>\t\t\t\t\t\t\t\t<\/div>\n\t\t\t\t<\/div>\n\t\t\t\t<div class=\"elementor-element elementor-element-9362440 elementor-widget elementor-widget-button\" data-id=\"9362440\" data-element_type=\"widget\" data-settings=\"{&quot;ekit_we_effect_on&quot;:&quot;none&quot;}\" data-widget_type=\"button.default\">\n\t\t\t\t<div class=\"elementor-widget-container\">\n\t\t\t\t\t\t\t\t\t<div class=\"elementor-button-wrapper\">\n\t\t\t\t\t<a class=\"elementor-button elementor-button-link elementor-size-sm elementor-animation-skew\" href=\"#elementor-action%3Aaction%3Dpopup%3Aopen%26settings%3DeyJpZCI6IjgwNCIsInRvZ2dsZSI6ZmFsc2V9\">\n\t\t\t\t\t\t<span class=\"elementor-button-content-wrapper\">\n\t\t\t\t\t\t<span class=\"elementor-button-icon\">\n\t\t\t\t<i aria-hidden=\"true\" class=\"icon icon-arrow-right\"><\/i>\t\t\t<\/span>\n\t\t\t\t\t\t\t\t\t<span class=\"elementor-button-text\">Soru\u015fturma G\u00f6nder<\/span>\n\t\t\t\t\t<\/span>\n\t\t\t\t\t<\/a>\n\t\t\t\t<\/div>\n\t\t\t\t\t\t\t\t<\/div>\n\t\t\t\t<\/div>\n\t\t\t\t<\/div>\n\t\t<div class=\"elementor-element elementor-element-47dd039 e-con-full e-flex e-con e-child\" data-id=\"47dd039\" data-element_type=\"container\" data-settings=\"{&quot;ekit_has_onepagescroll_dot&quot;:&quot;yes&quot;}\">\n\t\t\t\t<div class=\"elementor-element elementor-element-1afd068 elementor-position-left elementor-view-default elementor-mobile-position-top elementor-widget elementor-widget-icon-box\" data-id=\"1afd068\" data-element_type=\"widget\" data-settings=\"{&quot;ekit_we_effect_on&quot;:&quot;none&quot;}\" data-widget_type=\"icon-box.default\">\n\t\t\t\t<div class=\"elementor-widget-container\">\n\t\t\t\t\t\t\t<div class=\"elementor-icon-box-wrapper\">\n\n\t\t\t\t\t\t<div class=\"elementor-icon-box-icon\">\n\t\t\t\t<span  class=\"elementor-icon\">\n\t\t\t\t<svg aria-hidden=\"true\" class=\"e-font-icon-svg e-fas-check-circle\" viewbox=\"0 0 512 512\" xmlns=\"http:\/\/www.w3.org\/2000\/svg\"><path d=\"M504 256c0 136.967-111.033 248-248 248S8 392.967 8 256 119.033 8 256 8s248 111.033 248 248zM227.314 387.314l184-184c6.248-6.248 6.248-16.379 0-22.627l-22.627-22.627c-6.248-6.249-16.379-6.249-22.628 0L216 308.118l-70.059-70.059c-6.248-6.248-16.379-6.248-22.628 0l-22.627 22.627c-6.248 6.248-6.248 16.379 0 22.627l104 104c6.249 6.249 16.379 6.249 22.628.001z\"><\/path><\/svg>\t\t\t\t<\/span>\n\t\t\t<\/div>\n\t\t\t\n\t\t\t\t\t\t<div class=\"elementor-icon-box-content\">\n\n\t\t\t\t\t\t\t\t\t<h3 class=\"elementor-icon-box-title\">\n\t\t\t\t\t\t<span  >\n\t\t\t\t\t\t\tMatrix Tabletler ve Kaps\u00fcller\t\t\t\t\t\t<\/span>\n\t\t\t\t\t<\/h3>\n\t\t\t\t\n\t\t\t\t\n\t\t\t<\/div>\n\t\t\t\n\t\t<\/div>\n\t\t\t\t\t\t<\/div>\n\t\t\t\t<\/div>\n\t\t\t\t<div class=\"elementor-element elementor-element-bf3547c elementor-widget elementor-widget-text-editor\" data-id=\"bf3547c\" data-element_type=\"widget\" data-settings=\"{&quot;ekit_we_effect_on&quot;:&quot;none&quot;}\" data-widget_type=\"text-editor.default\">\n\t\t\t\t<div class=\"elementor-widget-container\">\n\t\t\t\t\t\t\t\t\t<ul class=\"mm-editor-clipboard\" data-type=\"outline\" data-json=\"%7B%22type%22%3A%22nodes%22%2C%22data%22%3A%5B%7B%22id%22%3A%2229l7KP9ypP%22%2C%22modified%22%3A1735872286131%2C%22text%22%3A%22%3Cspan%3EAs%20a%20binder%2C%20HPMC%20enhances%20the%20mechanical%20strength%20and%20integrity%20of%20tablets%2C%20ensuring%20they%20maintain%20their%20shape.%3C%2Fspan%3E%22%2C%22children%22%3A%5B%5D%7D%2C%7B%22id%22%3A%22C4hitOAE88%22%2C%22modified%22%3A1735872327961%2C%22text%22%3A%22%3Cspan%3EAs%20a%20controlled-release%20agent%2C%20it%20hydrates%20and%20form%20a%20gel%20like%20barrier%20to%20regulates%20the%20release%20of%20active%20pharmaceutical%20ingredients.%3C%2Fspan%3E%22%2C%22children%22%3A%5B%5D%7D%2C%7B%22id%22%3A%22h2oyrXjzhi%22%2C%22modified%22%3A1735872377414%2C%22text%22%3A%22%3Cspan%3EHPMC%20can%20also%20be%20used%20in%20film%20coatings%20for%20capsules%2C%20providing%20a%20smooth%20finish%20to%20help%20patients%20swallow.%3C%2Fspan%3E%22%2C%22children%22%3A%5B%5D%7D%5D%7D\"><li><span class=\"content mubu-node\">Bir ba\u011flay\u0131c\u0131 olarak HPMC, tabletlerin mekanik g\u00fcc\u00fcn\u00fc ve b\u00fct\u00fcnl\u00fc\u011f\u00fcn\u00fc art\u0131rarak \u015fekillerini korumalar\u0131n\u0131 sa\u011flar.<\/span><\/li><li><span class=\"content mubu-node\">Kontroll\u00fc sal\u0131m ajan\u0131 olarak, aktif farmas\u00f6tik bile\u015fenlerin sal\u0131m\u0131n\u0131 d\u00fczenlemek i\u00e7in hidratlan\u0131r ve jel benzeri bir bariyer olu\u015fturur.<\/span><\/li><li><span class=\"content mubu-node\">HPMC, hastalar\u0131n yutmas\u0131na yard\u0131mc\u0131 olmak i\u00e7in p\u00fcr\u00fczs\u00fcz bir y\u00fczey sa\u011flayarak kaps\u00fcller i\u00e7in film kaplamalar\u0131nda da kullan\u0131labilir.<\/span><\/li><\/ul>\t\t\t\t\t\t\t\t<\/div>\n\t\t\t\t<\/div>\n\t\t\t\t<div class=\"elementor-element elementor-element-7dffc7a elementor-widget elementor-widget-button\" data-id=\"7dffc7a\" data-element_type=\"widget\" data-settings=\"{&quot;ekit_we_effect_on&quot;:&quot;none&quot;}\" data-widget_type=\"button.default\">\n\t\t\t\t<div class=\"elementor-widget-container\">\n\t\t\t\t\t\t\t\t\t<div class=\"elementor-button-wrapper\">\n\t\t\t\t\t<a class=\"elementor-button elementor-button-link elementor-size-sm elementor-animation-skew\" href=\"#elementor-action%3Aaction%3Dpopup%3Aopen%26settings%3DeyJpZCI6IjgwNCIsInRvZ2dsZSI6ZmFsc2V9\">\n\t\t\t\t\t\t<span class=\"elementor-button-content-wrapper\">\n\t\t\t\t\t\t<span class=\"elementor-button-icon\">\n\t\t\t\t<i aria-hidden=\"true\" class=\"icon icon-arrow-right\"><\/i>\t\t\t<\/span>\n\t\t\t\t\t\t\t\t\t<span class=\"elementor-button-text\">Soru\u015fturma G\u00f6nder<\/span>\n\t\t\t\t\t<\/span>\n\t\t\t\t\t<\/a>\n\t\t\t\t<\/div>\n\t\t\t\t\t\t\t\t<\/div>\n\t\t\t\t<\/div>\n\t\t\t\t<\/div>\n\t\t\t\t<\/div>\n\t\t<div class=\"elementor-element elementor-element-255f963 e-con-full e-flex e-con e-child\" data-id=\"255f963\" data-element_type=\"container\" data-settings=\"{&quot;background_background&quot;:&quot;classic&quot;,&quot;ekit_has_onepagescroll_dot&quot;:&quot;yes&quot;}\">\n\t\t\t\t<\/div>\n\t\t\t\t\t<\/div>\n\t\t\t\t<\/div>\n\t\t\t\t<\/div>","protected":false},"excerpt":{"rendered":"<p>Farmas\u00f6tik Yard\u0131mc\u0131 Maddeler LANDERCOLL \u00c7in Sel\u00fcloz Eter \u00dcreticisi Farmas\u00f6tik Yard\u0131mc\u0131 Maddeler Do\u011fal sel\u00fclozdan elde edilen Hidroksipropil Metil Sel\u00fcloz (HPMC), oral s\u00fcrekli ila\u00e7 sal\u0131m matris sistemlerinde yayg\u0131n olarak kullan\u0131lan bir farmas\u00f6tik yard\u0131mc\u0131 madde olarak hizmet edebilir. Metabolik olarak inerttir, yani insan v\u00fccudu taraf\u0131ndan emilmez veya metabolize edilmez. Dikkat \u00e7ekici bir \u015fekilde, \u00e7ok say\u0131da \u00e7al\u0131\u015fma HPMC'nin [...]<\/p>","protected":false},"author":1,"featured_media":0,"parent":1903,"menu_order":0,"comment_status":"closed","ping_status":"closed","template":"elementor_header_footer","meta":{"footnotes":""},"class_list":["post-3836","page","type-page","status-publish","hentry"],"_links":{"self":[{"href":"https:\/\/landercoll.com\/tr\/wp-json\/wp\/v2\/pages\/3836","targetHints":{"allow":["GET"]}}],"collection":[{"href":"https:\/\/landercoll.com\/tr\/wp-json\/wp\/v2\/pages"}],"about":[{"href":"https:\/\/landercoll.com\/tr\/wp-json\/wp\/v2\/types\/page"}],"author":[{"embeddable":true,"href":"https:\/\/landercoll.com\/tr\/wp-json\/wp\/v2\/users\/1"}],"replies":[{"embeddable":true,"href":"https:\/\/landercoll.com\/tr\/wp-json\/wp\/v2\/comments?post=3836"}],"version-history":[{"count":14,"href":"https:\/\/landercoll.com\/tr\/wp-json\/wp\/v2\/pages\/3836\/revisions"}],"predecessor-version":[{"id":10782,"href":"https:\/\/landercoll.com\/tr\/wp-json\/wp\/v2\/pages\/3836\/revisions\/10782"}],"up":[{"embeddable":true,"href":"https:\/\/landercoll.com\/tr\/wp-json\/wp\/v2\/pages\/1903"}],"wp:attachment":[{"href":"https:\/\/landercoll.com\/tr\/wp-json\/wp\/v2\/media?parent=3836"}],"curies":[{"name":"wp","href":"https:\/\/api.w.org\/{rel}","templated":true}]}}