{"id":1892,"date":"2024-12-19T02:37:41","date_gmt":"2024-12-19T02:37:41","guid":{"rendered":"https:\/\/landercoll.com\/?page_id=1892"},"modified":"2025-08-29T05:58:03","modified_gmt":"2025-08-29T05:58:03","slug":"ki%cc%87si%cc%87sel-evde-bakim","status":"publish","type":"page","link":"https:\/\/landercoll.com\/tr\/uygulama\/ki%cc%87si%cc%87sel-evde-bakim\/","title":{"rendered":"Ki\u015fisel &amp; Ev Bak\u0131m\u0131"},"content":{"rendered":"<div data-elementor-type=\"wp-page\" data-elementor-id=\"1892\" class=\"elementor elementor-1892\" data-elementor-post-type=\"page\">\n\t\t\t\t\t\t<section class=\"elementor-section elementor-top-section elementor-element elementor-element-6646f846 elementor-section-boxed elementor-section-height-default elementor-section-height-default\" data-id=\"6646f846\" data-element_type=\"section\" data-e-type=\"section\" data-settings=\"{&quot;background_background&quot;:&quot;classic&quot;,&quot;ekit_has_onepagescroll_dot&quot;:&quot;yes&quot;}\">\n\t\t\t\t\t\t\t<div class=\"elementor-background-overlay\"><\/div>\n\t\t\t\t\t\t\t<div class=\"elementor-container elementor-column-gap-default\">\n\t\t\t\t\t<div class=\"elementor-column elementor-col-100 elementor-top-column elementor-element elementor-element-21d9d4d1\" data-id=\"21d9d4d1\" data-element_type=\"column\" data-e-type=\"column\">\n\t\t\t<div class=\"elementor-widget-wrap elementor-element-populated\">\n\t\t\t\t\t\t<div class=\"elementor-element elementor-element-4fd4ab57 elementor-headline--style-rotate elementor-widget elementor-widget-animated-headline\" data-id=\"4fd4ab57\" data-element_type=\"widget\" data-e-type=\"widget\" data-settings=\"{&quot;headline_style&quot;:&quot;rotate&quot;,&quot;animation_type&quot;:&quot;drop-in&quot;,&quot;rotating_text&quot;:&quot;Home Care \\nPersonal Care\\n&quot;,&quot;loop&quot;:&quot;yes&quot;,&quot;rotate_iteration_delay&quot;:2500,&quot;ekit_we_effect_on&quot;:&quot;none&quot;}\" data-widget_type=\"animated-headline.default\">\n\t\t\t\t<div class=\"elementor-widget-container\">\n\t\t\t\t\t\t\t<h1 class=\"elementor-headline elementor-headline-animation-type-drop-in\">\n\t\t\t\t\t<span class=\"elementor-headline-plain-text elementor-headline-text-wrapper\">Hizmet verdi\u011fimiz pazarlar<\/span>\n\t\t\t\t<span class=\"elementor-headline-dynamic-wrapper elementor-headline-text-wrapper\">\n\t\t\t\t\t<span class=\"elementor-headline-dynamic-text elementor-headline-text-active\">\n\t\t\t\tEvde Bak\u0131m&nbsp;\t\t\t<\/span>\n\t\t\t\t\t<span class=\"elementor-headline-dynamic-text\">\n\t\t\t\tKi\u015fisel Bak\u0131m\t\t\t<\/span>\n\t\t\t\t\t<span class=\"elementor-headline-dynamic-text\">\n\t\t\t\t\t\t\t<\/span>\n\t\t\t\t\t\t<\/span>\n\t\t\t\t<\/h1>\n\t\t\t\t\t\t<\/div>\n\t\t\t\t<\/div>\n\t\t\t\t<div class=\"elementor-element elementor-element-9e264c2 elementor-widget-divider--view-line elementor-widget elementor-widget-divider\" data-id=\"9e264c2\" data-element_type=\"widget\" data-e-type=\"widget\" data-settings=\"{&quot;ekit_we_effect_on&quot;:&quot;none&quot;}\" data-widget_type=\"divider.default\">\n\t\t\t\t<div class=\"elementor-widget-container\">\n\t\t\t\t\t\t\t<div class=\"elementor-divider\">\n\t\t\t<span class=\"elementor-divider-separator\">\n\t\t\t\t\t\t<\/span>\n\t\t<\/div>\n\t\t\t\t\t\t<\/div>\n\t\t\t\t<\/div>\n\t\t\t\t\t<\/div>\n\t\t<\/div>\n\t\t\t\t\t<\/div>\n\t\t<\/section>\n\t\t<div class=\"elementor-element elementor-element-5d29dc3 e-flex e-con-boxed e-con e-parent\" data-id=\"5d29dc3\" data-element_type=\"container\" data-e-type=\"container\" data-settings=\"{&quot;ekit_has_onepagescroll_dot&quot;:&quot;yes&quot;}\">\n\t\t\t\t\t<div class=\"e-con-inner\">\n\t\t\t\t<div class=\"elementor-element elementor-element-a869ebf elementor-widget__width-initial elementor-widget elementor-widget-heading\" data-id=\"a869ebf\" data-element_type=\"widget\" data-e-type=\"widget\" data-settings=\"{&quot;ekit_we_effect_on&quot;:&quot;none&quot;}\" data-widget_type=\"heading.default\">\n\t\t\t\t<div class=\"elementor-widget-container\">\n\t\t\t\t\t<h2 class=\"elementor-heading-title elementor-size-default\">Ki\u015fisel &amp; Ev Bak\u0131m\u0131\n<\/h2>\t\t\t\t<\/div>\n\t\t\t\t<\/div>\n\t\t\t\t\t<\/div>\n\t\t\t\t<\/div>\n\t\t\t\t<section class=\"elementor-section elementor-top-section elementor-element elementor-element-3a7d651 elementor-section-boxed elementor-section-height-default elementor-section-height-default\" data-id=\"3a7d651\" data-element_type=\"section\" data-e-type=\"section\" data-settings=\"{&quot;ekit_has_onepagescroll_dot&quot;:&quot;yes&quot;}\">\n\t\t\t\t\t\t<div class=\"elementor-container elementor-column-gap-default\">\n\t\t\t\t\t<div class=\"elementor-column elementor-col-100 elementor-top-column elementor-element elementor-element-13fba86\" data-id=\"13fba86\" data-element_type=\"column\" data-e-type=\"column\">\n\t\t\t<div class=\"elementor-widget-wrap elementor-element-populated\">\n\t\t\t\t\t\t<section class=\"elementor-section elementor-inner-section elementor-element elementor-element-2d14ca0 elementor-section-content-middle elementor-section-boxed elementor-section-height-default elementor-section-height-default\" data-id=\"2d14ca0\" data-element_type=\"section\" data-e-type=\"section\" data-settings=\"{&quot;ekit_has_onepagescroll_dot&quot;:&quot;yes&quot;}\">\n\t\t\t\t\t\t<div class=\"elementor-container elementor-column-gap-no\">\n\t\t\t\t\t<div class=\"elementor-column elementor-col-33 elementor-inner-column elementor-element elementor-element-e36d47b elementor-invisible\" data-id=\"e36d47b\" data-element_type=\"column\" data-e-type=\"column\" data-settings=\"{&quot;background_background&quot;:&quot;classic&quot;,&quot;animation&quot;:&quot;fadeIn&quot;}\">\n\t\t\t<div class=\"elementor-widget-wrap elementor-element-populated\">\n\t\t\t\t\t\t<div class=\"elementor-element elementor-element-a2d9c6d elementor-position-inline-start elementor-view-default elementor-mobile-position-block-start elementor-widget elementor-widget-icon-box\" data-id=\"a2d9c6d\" data-element_type=\"widget\" data-e-type=\"widget\" data-settings=\"{&quot;ekit_we_effect_on&quot;:&quot;none&quot;}\" data-widget_type=\"icon-box.default\">\n\t\t\t\t<div class=\"elementor-widget-container\">\n\t\t\t\t\t\t\t<div class=\"elementor-icon-box-wrapper\">\n\n\t\t\t\t\t\t<div class=\"elementor-icon-box-icon\">\n\t\t\t\t<a href=\"https:\/\/landercoll.com\/tr\/uygulama\/ki%cc%87si%cc%87sel-evde-bakim\/ev-bakim-deterjani\/\" target=\"_blank\" class=\"elementor-icon elementor-animation-wobble-horizontal\" tabindex=\"-1\" aria-label=\"Ev Bak\u0131m Deterjan\u0131\">\n\t\t\t\t<svg aria-hidden=\"true\" class=\"e-font-icon-svg e-fas-arrow-right\" viewbox=\"0 0 448 512\" xmlns=\"http:\/\/www.w3.org\/2000\/svg\"><path d=\"M190.5 66.9l22.2-22.2c9.4-9.4 24.6-9.4 33.9 0L441 239c9.4 9.4 9.4 24.6 0 33.9L246.6 467.3c-9.4 9.4-24.6 9.4-33.9 0l-22.2-22.2c-9.5-9.5-9.3-25 .4-34.3L311.4 296H24c-13.3 0-24-10.7-24-24v-32c0-13.3 10.7-24 24-24h287.4L190.9 101.2c-9.8-9.3-10-24.8-.4-34.3z\"><\/path><\/svg>\t\t\t\t<\/a>\n\t\t\t<\/div>\n\t\t\t\n\t\t\t\t\t\t<div class=\"elementor-icon-box-content\">\n\n\t\t\t\t\t\t\t\t\t<h3 class=\"elementor-icon-box-title\">\n\t\t\t\t\t\t<a href=\"https:\/\/landercoll.com\/tr\/uygulama\/ki%cc%87si%cc%87sel-evde-bakim\/ev-bakim-deterjani\/\" target=\"_blank\" >\n\t\t\t\t\t\t\tEv Bak\u0131m Deterjan\u0131\t\t\t\t\t\t<\/a>\n\t\t\t\t\t<\/h3>\n\t\t\t\t\n\t\t\t\t\n\t\t\t<\/div>\n\t\t\t\n\t\t<\/div>\n\t\t\t\t\t\t<\/div>\n\t\t\t\t<\/div>\n\t\t\t\t<div class=\"elementor-element elementor-element-96912ba elementor-widget-divider--view-line elementor-widget elementor-widget-divider\" data-id=\"96912ba\" data-element_type=\"widget\" data-e-type=\"widget\" data-settings=\"{&quot;ekit_we_effect_on&quot;:&quot;none&quot;}\" data-widget_type=\"divider.default\">\n\t\t\t\t<div class=\"elementor-widget-container\">\n\t\t\t\t\t\t\t<div class=\"elementor-divider\">\n\t\t\t<span class=\"elementor-divider-separator\">\n\t\t\t\t\t\t<\/span>\n\t\t<\/div>\n\t\t\t\t\t\t<\/div>\n\t\t\t\t<\/div>\n\t\t\t\t<div class=\"elementor-element elementor-element-c78269e elementor-widget elementor-widget-text-editor\" data-id=\"c78269e\" data-element_type=\"widget\" data-e-type=\"widget\" data-settings=\"{&quot;ekit_we_effect_on&quot;:&quot;none&quot;}\" data-widget_type=\"text-editor.default\">\n\t\t\t\t<div class=\"elementor-widget-container\">\n\t\t\t\t\t\t\t\t\t<p>Sel\u00fcloz eter, \u00e7ok i\u015flevli bir katk\u0131 maddesi olarak ev bak\u0131m form\u00fclasyonlar\u0131n\u0131 geli\u015ftirir, dolgu maddesinin \u00e7\u00f6kmesini \u00f6nlerken optimum d\u00f6k\u00fclebilirlik i\u00e7in kayma inceltici viskozite (500-50.000 mPa-s) sa\u011flar. Yeniden kirletme \u00f6nleyici \u00f6zellikleri, \u00e7ama\u015f\u0131r deterjanlar\u0131nda kuma\u015f\u0131n yeniden kirlenmesini 25%+ oran\u0131nda azalt\u0131r ve so\u011fuk suda \u00e7\u00f6z\u00fcn\u00fcrl\u00fc\u011f\u00fc, \u00e7evre dostu, d\u00fc\u015f\u00fck s\u0131cakl\u0131kta y\u0131kamalarda tutarl\u0131 performans sa\u011flar.<\/p>\t\t\t\t\t\t\t\t<\/div>\n\t\t\t\t<\/div>\n\t\t\t\t<div class=\"elementor-element elementor-element-cebd710 elementor-align-left elementor-widget elementor-widget-elementskit-button\" data-id=\"cebd710\" data-element_type=\"widget\" data-e-type=\"widget\" data-settings=\"{&quot;ekit_we_effect_on&quot;:&quot;none&quot;}\" data-widget_type=\"elementskit-button.default\">\n\t\t\t\t<div class=\"elementor-widget-container\">\n\t\t\t\t\t<div class=\"ekit-wid-con\" >\t\t<div class=\"ekit-btn-wraper\">\n\t\t\t\t\t\t\t<a href=\"https:\/\/landercoll.com\/tr\/uygulama\/ki%cc%87si%cc%87sel-evde-bakim\/ev-bakim-deterjani\/\" target=\"_blank\" class=\"elementskit-btn  whitespace--normal\" id=\"\">\n\t\t\t\t\tDaha Fazla G\u00f6r\u00fcnt\u00fcle<i class=\"fasicon icon-arrow-right\"><\/i>\t\t\t\t<\/a>\n\t\t\t\t\t<\/div>\n        <\/div>\t\t\t\t<\/div>\n\t\t\t\t<\/div>\n\t\t\t\t<div class=\"elementor-element elementor-element-1731465 elementor-widget elementor-widget-image\" data-id=\"1731465\" data-element_type=\"widget\" data-e-type=\"widget\" data-settings=\"{&quot;ekit_we_effect_on&quot;:&quot;none&quot;}\" data-widget_type=\"image.default\">\n\t\t\t\t<div class=\"elementor-widget-container\">\n\t\t\t\t\t\t\t\t\t\t\t\t\t\t\t<img fetchpriority=\"high\" decoding=\"async\" width=\"800\" height=\"533\" src=\"https:\/\/landercoll.com\/wp-content\/uploads\/2024\/12\/close-up-of-female-hands-pouring-liquid-laundry-detergent-1024x682.jpg\" class=\"attachment-large size-large wp-image-1851\" alt=\"S\u0131v\u0131 \u00e7ama\u015f\u0131r deterjan\u0131 d\u00f6ken kad\u0131n ellerine yak\u0131n \u00e7ekim\" srcset=\"https:\/\/landercoll.com\/wp-content\/uploads\/2024\/12\/close-up-of-female-hands-pouring-liquid-laundry-detergent-1024x682.jpg 1024w, https:\/\/landercoll.com\/wp-content\/uploads\/2024\/12\/close-up-of-female-hands-pouring-liquid-laundry-detergent-300x200.jpg 300w, https:\/\/landercoll.com\/wp-content\/uploads\/2024\/12\/close-up-of-female-hands-pouring-liquid-laundry-detergent-768x512.jpg 768w, https:\/\/landercoll.com\/wp-content\/uploads\/2024\/12\/close-up-of-female-hands-pouring-liquid-laundry-detergent-1536x1024.jpg 1536w, https:\/\/landercoll.com\/wp-content\/uploads\/2024\/12\/close-up-of-female-hands-pouring-liquid-laundry-detergent-18x12.jpg 18w, https:\/\/landercoll.com\/wp-content\/uploads\/2024\/12\/close-up-of-female-hands-pouring-liquid-laundry-detergent.jpg 2000w\" sizes=\"(max-width: 800px) 100vw, 800px\" \/>\t\t\t\t\t\t\t\t\t\t\t\t\t\t\t<\/div>\n\t\t\t\t<\/div>\n\t\t\t\t\t<\/div>\n\t\t<\/div>\n\t\t\t\t<div class=\"elementor-column elementor-col-33 elementor-inner-column elementor-element elementor-element-d1028f0 elementor-invisible\" data-id=\"d1028f0\" data-element_type=\"column\" data-e-type=\"column\" data-settings=\"{&quot;background_background&quot;:&quot;classic&quot;,&quot;animation&quot;:&quot;fadeIn&quot;}\">\n\t\t\t<div class=\"elementor-widget-wrap elementor-element-populated\">\n\t\t\t\t\t\t<div class=\"elementor-element elementor-element-ef25e3f elementor-position-inline-start elementor-view-default elementor-mobile-position-block-start elementor-widget elementor-widget-icon-box\" data-id=\"ef25e3f\" data-element_type=\"widget\" data-e-type=\"widget\" data-settings=\"{&quot;ekit_we_effect_on&quot;:&quot;none&quot;}\" data-widget_type=\"icon-box.default\">\n\t\t\t\t<div class=\"elementor-widget-container\">\n\t\t\t\t\t\t\t<div class=\"elementor-icon-box-wrapper\">\n\n\t\t\t\t\t\t<div class=\"elementor-icon-box-icon\">\n\t\t\t\t<a href=\"https:\/\/landercoll.com\/tr\/uygulama\/ki%cc%87si%cc%87sel-evde-bakim\/kisisel-bakim-deterjani\/\" target=\"_blank\" class=\"elementor-icon elementor-animation-wobble-horizontal\" tabindex=\"-1\" aria-label=\"Ki\u015fisel Bak\u0131m Deterjan\u0131\">\n\t\t\t\t<svg aria-hidden=\"true\" class=\"e-font-icon-svg e-fas-arrow-right\" viewbox=\"0 0 448 512\" xmlns=\"http:\/\/www.w3.org\/2000\/svg\"><path d=\"M190.5 66.9l22.2-22.2c9.4-9.4 24.6-9.4 33.9 0L441 239c9.4 9.4 9.4 24.6 0 33.9L246.6 467.3c-9.4 9.4-24.6 9.4-33.9 0l-22.2-22.2c-9.5-9.5-9.3-25 .4-34.3L311.4 296H24c-13.3 0-24-10.7-24-24v-32c0-13.3 10.7-24 24-24h287.4L190.9 101.2c-9.8-9.3-10-24.8-.4-34.3z\"><\/path><\/svg>\t\t\t\t<\/a>\n\t\t\t<\/div>\n\t\t\t\n\t\t\t\t\t\t<div class=\"elementor-icon-box-content\">\n\n\t\t\t\t\t\t\t\t\t<h3 class=\"elementor-icon-box-title\">\n\t\t\t\t\t\t<a href=\"https:\/\/landercoll.com\/tr\/uygulama\/ki%cc%87si%cc%87sel-evde-bakim\/kisisel-bakim-deterjani\/\" target=\"_blank\" >\n\t\t\t\t\t\t\tKi\u015fisel Bak\u0131m Deterjan\u0131\t\t\t\t\t\t<\/a>\n\t\t\t\t\t<\/h3>\n\t\t\t\t\n\t\t\t\t\n\t\t\t<\/div>\n\t\t\t\n\t\t<\/div>\n\t\t\t\t\t\t<\/div>\n\t\t\t\t<\/div>\n\t\t\t\t<div class=\"elementor-element elementor-element-470652f elementor-widget-divider--view-line elementor-widget elementor-widget-divider\" data-id=\"470652f\" data-element_type=\"widget\" data-e-type=\"widget\" data-settings=\"{&quot;ekit_we_effect_on&quot;:&quot;none&quot;}\" data-widget_type=\"divider.default\">\n\t\t\t\t<div class=\"elementor-widget-container\">\n\t\t\t\t\t\t\t<div class=\"elementor-divider\">\n\t\t\t<span class=\"elementor-divider-separator\">\n\t\t\t\t\t\t<\/span>\n\t\t<\/div>\n\t\t\t\t\t\t<\/div>\n\t\t\t\t<\/div>\n\t\t\t\t<div class=\"elementor-element elementor-element-843bc05 elementor-widget elementor-widget-text-editor\" data-id=\"843bc05\" data-element_type=\"widget\" data-e-type=\"widget\" data-settings=\"{&quot;ekit_we_effect_on&quot;:&quot;none&quot;}\" data-widget_type=\"text-editor.default\">\n\t\t\t\t<div class=\"elementor-widget-container\">\n\t\t\t\t\t\t\t\t\t<p>Sel\u00fcloz eter, ki\u015fisel bak\u0131m form\u00fclasyonlar\u0131nda nazik, bitki kaynakl\u0131 bir reoloji de\u011fi\u015ftirici olarak hizmet eder ve \u015fampuanlar ve v\u00fccut y\u0131kamalar\u0131 i\u00e7in s\u00fclfat i\u00e7ermeyen koyula\u015ft\u0131rma (5.000-30.000 mPa-s) sunar. PH'a dayan\u0131kl\u0131 (3-9) ve tuza toleransl\u0131 \u00f6zellikleri hassas cilt \u00fcr\u00fcnlerinde kremsi dokular sa\u011flarken, so\u011fuk proses uyumlulu\u011fu enerji t\u00fcketimini azalt\u0131r.<\/p>\t\t\t\t\t\t\t\t<\/div>\n\t\t\t\t<\/div>\n\t\t\t\t<div class=\"elementor-element elementor-element-05a1a17 elementor-align-left elementor-widget elementor-widget-elementskit-button\" data-id=\"05a1a17\" data-element_type=\"widget\" data-e-type=\"widget\" data-settings=\"{&quot;ekit_we_effect_on&quot;:&quot;none&quot;}\" data-widget_type=\"elementskit-button.default\">\n\t\t\t\t<div class=\"elementor-widget-container\">\n\t\t\t\t\t<div class=\"ekit-wid-con\" >\t\t<div class=\"ekit-btn-wraper\">\n\t\t\t\t\t\t\t<a href=\"https:\/\/landercoll.com\/tr\/uygulama\/ki%cc%87si%cc%87sel-evde-bakim\/kisisel-bakim-deterjani\/\" target=\"_blank\" class=\"elementskit-btn  whitespace--normal\" id=\"\">\n\t\t\t\t\tDaha Fazla G\u00f6r\u00fcnt\u00fcle<i class=\"fasicon icon-arrow-right\"><\/i>\t\t\t\t<\/a>\n\t\t\t\t\t<\/div>\n        <\/div>\t\t\t\t<\/div>\n\t\t\t\t<\/div>\n\t\t\t\t<div class=\"elementor-element elementor-element-c0eb72b elementor-widget elementor-widget-image\" data-id=\"c0eb72b\" data-element_type=\"widget\" data-e-type=\"widget\" data-settings=\"{&quot;ekit_we_effect_on&quot;:&quot;none&quot;}\" data-widget_type=\"image.default\">\n\t\t\t\t<div class=\"elementor-widget-container\">\n\t\t\t\t\t\t\t\t\t\t\t\t\t\t\t<img loading=\"lazy\" decoding=\"async\" width=\"800\" height=\"533\" src=\"https:\/\/landercoll.com\/wp-content\/uploads\/2024\/12\/close-up-of-personal-accesories-and-face-care-cosmetics-natural-organic-oils-for-beauty-1024x682.jpg\" class=\"attachment-large size-large wp-image-1845\" alt=\"ki\u015fisel aksesuarlar ve y\u00fcz bak\u0131m kozmetikleri yak\u0131n \u00e7ekim. G\u00fczellik i\u00e7in do\u011fal organik ya\u011flar\" srcset=\"https:\/\/landercoll.com\/wp-content\/uploads\/2024\/12\/close-up-of-personal-accesories-and-face-care-cosmetics-natural-organic-oils-for-beauty-1024x682.jpg 1024w, https:\/\/landercoll.com\/wp-content\/uploads\/2024\/12\/close-up-of-personal-accesories-and-face-care-cosmetics-natural-organic-oils-for-beauty-300x200.jpg 300w, https:\/\/landercoll.com\/wp-content\/uploads\/2024\/12\/close-up-of-personal-accesories-and-face-care-cosmetics-natural-organic-oils-for-beauty-768x512.jpg 768w, https:\/\/landercoll.com\/wp-content\/uploads\/2024\/12\/close-up-of-personal-accesories-and-face-care-cosmetics-natural-organic-oils-for-beauty-1536x1024.jpg 1536w, https:\/\/landercoll.com\/wp-content\/uploads\/2024\/12\/close-up-of-personal-accesories-and-face-care-cosmetics-natural-organic-oils-for-beauty-18x12.jpg 18w, https:\/\/landercoll.com\/wp-content\/uploads\/2024\/12\/close-up-of-personal-accesories-and-face-care-cosmetics-natural-organic-oils-for-beauty.jpg 2000w\" sizes=\"(max-width: 800px) 100vw, 800px\" \/>\t\t\t\t\t\t\t\t\t\t\t\t\t\t\t<\/div>\n\t\t\t\t<\/div>\n\t\t\t\t\t<\/div>\n\t\t<\/div>\n\t\t\t\t<div class=\"elementor-column elementor-col-33 elementor-inner-column elementor-element elementor-element-c75b3d6 elementor-invisible\" data-id=\"c75b3d6\" data-element_type=\"column\" data-e-type=\"column\" data-settings=\"{&quot;background_background&quot;:&quot;classic&quot;,&quot;animation&quot;:&quot;fadeIn&quot;}\">\n\t\t\t<div class=\"elementor-widget-wrap\">\n\t\t\t\t\t\t\t<\/div>\n\t\t<\/div>\n\t\t\t\t\t<\/div>\n\t\t<\/section>\n\t\t\t\t\t<\/div>\n\t\t<\/div>\n\t\t\t\t\t<\/div>\n\t\t<\/section>\n\t\t\t\t<\/div>","protected":false},"excerpt":{"rendered":"<p>Hizmet verdi\u011fimiz pazarlar Ev Bak\u0131m\u0131 Ki\u015fisel Bak\u0131m Ki\u015fisel ve Ev Bak\u0131m\u0131 Ev Bak\u0131m\u0131 Deterjan Sel\u00fcloz eter, \u00e7ok i\u015flevli bir katk\u0131 maddesi olarak ev bak\u0131m\u0131 form\u00fclasyonlar\u0131n\u0131 geli\u015ftirir, dolgu maddesinin \u00e7\u00f6kmesini \u00f6nlerken optimum d\u00f6k\u00fclebilirlik i\u00e7in kayma inceltici viskozite (500-50.000 mPa-s) sa\u011flar. Yeniden kirletme \u00f6nleyici \u00f6zellikleri, \u00e7ama\u015f\u0131r deterjanlar\u0131nda kuma\u015f\u0131n yeniden kirlenmesini 25%+ oran\u0131nda azalt\u0131r ve so\u011fuk suda \u00e7\u00f6z\u00fcn\u00fcrl\u00fc\u011f\u00fc, \u00e7evre dostu, d\u00fc\u015f\u00fck s\u0131cakl\u0131kta [...]<\/p>","protected":false},"author":1,"featured_media":0,"parent":437,"menu_order":0,"comment_status":"closed","ping_status":"closed","template":"elementor_header_footer","meta":{"footnotes":""},"class_list":["post-1892","page","type-page","status-publish","hentry"],"_links":{"self":[{"href":"https:\/\/landercoll.com\/tr\/wp-json\/wp\/v2\/pages\/1892","targetHints":{"allow":["GET"]}}],"collection":[{"href":"https:\/\/landercoll.com\/tr\/wp-json\/wp\/v2\/pages"}],"about":[{"href":"https:\/\/landercoll.com\/tr\/wp-json\/wp\/v2\/types\/page"}],"author":[{"embeddable":true,"href":"https:\/\/landercoll.com\/tr\/wp-json\/wp\/v2\/users\/1"}],"replies":[{"embeddable":true,"href":"https:\/\/landercoll.com\/tr\/wp-json\/wp\/v2\/comments?post=1892"}],"version-history":[{"count":20,"href":"https:\/\/landercoll.com\/tr\/wp-json\/wp\/v2\/pages\/1892\/revisions"}],"predecessor-version":[{"id":10699,"href":"https:\/\/landercoll.com\/tr\/wp-json\/wp\/v2\/pages\/1892\/revisions\/10699"}],"up":[{"embeddable":true,"href":"https:\/\/landercoll.com\/tr\/wp-json\/wp\/v2\/pages\/437"}],"wp:attachment":[{"href":"https:\/\/landercoll.com\/tr\/wp-json\/wp\/v2\/media?parent=1892"}],"curies":[{"name":"wp","href":"https:\/\/api.w.org\/{rel}","templated":true}]}}