{"id":3841,"date":"2025-01-13T01:56:36","date_gmt":"2025-01-13T01:56:36","guid":{"rendered":"https:\/\/landercoll.com\/?page_id=3841"},"modified":"2025-09-09T02:07:33","modified_gmt":"2025-09-09T02:07:33","slug":"gem","status":"publish","type":"page","link":"https:\/\/landercoll.com\/ro\/cerere\/bauturi-bauturi\/gem\/","title":{"rendered":"gem"},"content":{"rendered":"<div data-elementor-type=\"wp-page\" data-elementor-id=\"3841\" class=\"elementor elementor-3841\" data-elementor-post-type=\"page\">\n\t\t\t\t\t\t<section class=\"elementor-section elementor-top-section elementor-element elementor-element-48a3887f elementor-section-boxed elementor-section-height-default elementor-section-height-default\" data-id=\"48a3887f\" data-element_type=\"section\" data-settings=\"{&quot;background_background&quot;:&quot;classic&quot;,&quot;ekit_has_onepagescroll_dot&quot;:&quot;yes&quot;}\">\n\t\t\t\t\t\t\t<div class=\"elementor-background-overlay\"><\/div>\n\t\t\t\t\t\t\t<div class=\"elementor-container elementor-column-gap-default\">\n\t\t\t\t\t<div class=\"elementor-column elementor-col-100 elementor-top-column elementor-element elementor-element-13ef2334\" data-id=\"13ef2334\" data-element_type=\"column\">\n\t\t\t<div class=\"elementor-widget-wrap elementor-element-populated\">\n\t\t\t\t\t\t<section class=\"elementor-section elementor-inner-section elementor-element elementor-element-343150a7 elementor-section-boxed elementor-section-height-default elementor-section-height-default\" data-id=\"343150a7\" data-element_type=\"section\" data-settings=\"{&quot;ekit_has_onepagescroll_dot&quot;:&quot;yes&quot;}\">\n\t\t\t\t\t\t<div class=\"elementor-container elementor-column-gap-default\">\n\t\t\t\t\t<div class=\"elementor-column elementor-col-100 elementor-inner-column elementor-element elementor-element-52444c44\" data-id=\"52444c44\" data-element_type=\"column\">\n\t\t\t<div class=\"elementor-widget-wrap elementor-element-populated\">\n\t\t\t\t\t\t<div class=\"elementor-element elementor-element-3d393345 elementor-widget elementor-widget-heading\" data-id=\"3d393345\" data-element_type=\"widget\" data-settings=\"{&quot;ekit_we_effect_on&quot;:&quot;none&quot;}\" data-widget_type=\"heading.default\">\n\t\t\t\t<div class=\"elementor-widget-container\">\n\t\t\t\t\t<h1 class=\"elementor-heading-title elementor-size-default\">Gem<\/h1>\t\t\t\t<\/div>\n\t\t\t\t<\/div>\n\t\t\t\t\t<\/div>\n\t\t<\/div>\n\t\t\t\t\t<\/div>\n\t\t<\/section>\n\t\t\t\t\t<\/div>\n\t\t<\/div>\n\t\t\t\t\t<\/div>\n\t\t<\/section>\n\t\t\t\t<section class=\"elementor-section elementor-top-section elementor-element elementor-element-4796df5d elementor-section-boxed elementor-section-height-default elementor-section-height-default\" data-id=\"4796df5d\" data-element_type=\"section\" data-settings=\"{&quot;ekit_has_onepagescroll_dot&quot;:&quot;yes&quot;}\">\n\t\t\t\t\t\t<div class=\"elementor-container elementor-column-gap-default\">\n\t\t\t\t\t<div class=\"elementor-column elementor-col-50 elementor-top-column elementor-element elementor-element-266c95be\" data-id=\"266c95be\" data-element_type=\"column\">\n\t\t\t<div class=\"elementor-widget-wrap elementor-element-populated\">\n\t\t\t\t\t\t<div class=\"elementor-element elementor-element-62b18ac elementor-invisible elementor-widget elementor-widget-heading\" data-id=\"62b18ac\" data-element_type=\"widget\" data-settings=\"{&quot;_animation&quot;:&quot;fadeInUp&quot;,&quot;ekit_we_effect_on&quot;:&quot;none&quot;}\" data-widget_type=\"heading.default\">\n\t\t\t\t<div class=\"elementor-widget-container\">\n\t\t\t\t\t<h3 class=\"elementor-heading-title elementor-size-default\">LANDERCOLL Produc\u0103tor chinez de eter de celuloz\u0103<\/h3>\t\t\t\t<\/div>\n\t\t\t\t<\/div>\n\t\t\t\t<div class=\"elementor-element elementor-element-3ed6536a elementor-invisible elementor-widget elementor-widget-heading\" data-id=\"3ed6536a\" data-element_type=\"widget\" data-settings=\"{&quot;_animation&quot;:&quot;fadeInUp&quot;,&quot;_animation_delay&quot;:200,&quot;ekit_we_effect_on&quot;:&quot;none&quot;}\" data-widget_type=\"heading.default\">\n\t\t\t\t<div class=\"elementor-widget-container\">\n\t\t\t\t\t<h2 class=\"elementor-heading-title elementor-size-default\">Gem<\/h2>\t\t\t\t<\/div>\n\t\t\t\t<\/div>\n\t\t\t\t<div class=\"elementor-element elementor-element-80fabd3 elementor-widget elementor-widget-text-editor\" data-id=\"80fabd3\" data-element_type=\"widget\" data-settings=\"{&quot;ekit_we_effect_on&quot;:&quot;none&quot;}\" data-widget_type=\"text-editor.default\">\n\t\t\t\t<div class=\"elementor-widget-container\">\n\t\t\t\t\t\t\t\t\t<p>Hidroxipropilmetilceluloza (HPMC) este un aditiv polimer natural derivat din celuloz\u0103. Acest aditiv alimentar sigur \u0219i fiabil se m\u00e2ndre\u0219te cu o rezisten\u021b\u0103 excelent\u0103 la sare \u0219i acid, r\u0103m\u00e2n\u00e2nd stabil \u00eentr-o gam\u0103 larg\u0103 de pH de la 3 la 11. HPMC este utilizat pe scar\u0103 larg\u0103 \u00een gemuri \u0219i alte condimente pentru a le \u00eembun\u0103t\u0103\u021bi calitatea \u0219i textura, f\u0103c\u00e2ndu-le mai groase \u0219i mai stabile, \u00eembun\u0103t\u0103\u021bind totodat\u0103 calit\u0103\u021bile senzoriale.<\/p>\t\t\t\t\t\t\t\t<\/div>\n\t\t\t\t<\/div>\n\t\t\t\t<div class=\"elementor-element elementor-element-636a657a elementor-widget elementor-widget-button\" data-id=\"636a657a\" data-element_type=\"widget\" data-settings=\"{&quot;ekit_we_effect_on&quot;:&quot;none&quot;}\" data-widget_type=\"button.default\">\n\t\t\t\t<div class=\"elementor-widget-container\">\n\t\t\t\t\t\t\t\t\t<div class=\"elementor-button-wrapper\">\n\t\t\t\t\t<a class=\"elementor-button elementor-button-link elementor-size-sm elementor-animation-skew\" href=\"#elementor-action%3Aaction%3Dpopup%3Aopen%26settings%3DeyJpZCI6IjgwNCIsInRvZ2dsZSI6ZmFsc2V9\">\n\t\t\t\t\t\t<span class=\"elementor-button-content-wrapper\">\n\t\t\t\t\t\t<span class=\"elementor-button-icon\">\n\t\t\t\t<i aria-hidden=\"true\" class=\"icon icon-arrow-right\"><\/i>\t\t\t<\/span>\n\t\t\t\t\t\t\t\t\t<span class=\"elementor-button-text\">Trimite anchet\u0103<\/span>\n\t\t\t\t\t<\/span>\n\t\t\t\t\t<\/a>\n\t\t\t\t<\/div>\n\t\t\t\t\t\t\t\t<\/div>\n\t\t\t\t<\/div>\n\t\t\t\t\t<\/div>\n\t\t<\/div>\n\t\t\t\t<div class=\"elementor-column elementor-col-50 elementor-top-column elementor-element elementor-element-4ec135c9\" data-id=\"4ec135c9\" data-element_type=\"column\">\n\t\t\t<div class=\"elementor-widget-wrap elementor-element-populated\">\n\t\t\t\t<div class=\"elementor-element elementor-element-3bb5858 e-grid e-con-boxed e-con e-parent\" data-id=\"3bb5858\" data-element_type=\"container\" data-settings=\"{&quot;ekit_has_onepagescroll_dot&quot;:&quot;yes&quot;}\">\n\t\t\t\t\t<div class=\"e-con-inner\">\n\t\t\t\t<div class=\"elementor-element elementor-element-41cc45d elementor-widget elementor-widget-image\" data-id=\"41cc45d\" data-element_type=\"widget\" data-settings=\"{&quot;ekit_we_effect_on&quot;:&quot;none&quot;}\" data-widget_type=\"image.default\">\n\t\t\t\t<div class=\"elementor-widget-container\">\n\t\t\t\t\t\t\t\t\t\t\t\t\t\t\t<img fetchpriority=\"high\" decoding=\"async\" width=\"800\" height=\"533\" src=\"https:\/\/landercoll.com\/wp-content\/uploads\/2025\/01\/homemade-damson-plum-jam-in-blue-ceramic-bowl-1024x682.jpg\" class=\"attachment-large size-large wp-image-3900\" alt=\"Dulcea\u021b\u0103 de prune damson de cas\u0103 \u00een castron ceramic albastru\" srcset=\"https:\/\/landercoll.com\/wp-content\/uploads\/2025\/01\/homemade-damson-plum-jam-in-blue-ceramic-bowl-1024x682.jpg 1024w, https:\/\/landercoll.com\/wp-content\/uploads\/2025\/01\/homemade-damson-plum-jam-in-blue-ceramic-bowl-300x200.jpg 300w, https:\/\/landercoll.com\/wp-content\/uploads\/2025\/01\/homemade-damson-plum-jam-in-blue-ceramic-bowl-768x512.jpg 768w, https:\/\/landercoll.com\/wp-content\/uploads\/2025\/01\/homemade-damson-plum-jam-in-blue-ceramic-bowl-1536x1024.jpg 1536w, https:\/\/landercoll.com\/wp-content\/uploads\/2025\/01\/homemade-damson-plum-jam-in-blue-ceramic-bowl-18x12.jpg 18w, https:\/\/landercoll.com\/wp-content\/uploads\/2025\/01\/homemade-damson-plum-jam-in-blue-ceramic-bowl.jpg 2000w\" sizes=\"(max-width: 800px) 100vw, 800px\" \/>\t\t\t\t\t\t\t\t\t\t\t\t\t\t\t<\/div>\n\t\t\t\t<\/div>\n\t\t\t\t<div class=\"elementor-element elementor-element-d15ba08 elementor-widget elementor-widget-image\" data-id=\"d15ba08\" data-element_type=\"widget\" data-settings=\"{&quot;ekit_we_effect_on&quot;:&quot;none&quot;}\" data-widget_type=\"image.default\">\n\t\t\t\t<div class=\"elementor-widget-container\">\n\t\t\t\t\t\t\t\t\t\t\t\t\t\t\t<img decoding=\"async\" width=\"800\" height=\"534\" src=\"https:\/\/landercoll.com\/wp-content\/uploads\/2025\/01\/cottage-cheese-pancakes-with-sliced-strawberries-and-strawberry-jam-1024x684.jpg\" class=\"attachment-large size-large wp-image-3901\" alt=\"Cl\u0103tite cu br\u00e2nz\u0103 de vaci cu c\u0103p\u0219uni feliate \u0219i gem de c\u0103p\u0219uni\" srcset=\"https:\/\/landercoll.com\/wp-content\/uploads\/2025\/01\/cottage-cheese-pancakes-with-sliced-strawberries-and-strawberry-jam-1024x684.jpg 1024w, https:\/\/landercoll.com\/wp-content\/uploads\/2025\/01\/cottage-cheese-pancakes-with-sliced-strawberries-and-strawberry-jam-300x200.jpg 300w, https:\/\/landercoll.com\/wp-content\/uploads\/2025\/01\/cottage-cheese-pancakes-with-sliced-strawberries-and-strawberry-jam-768x513.jpg 768w, https:\/\/landercoll.com\/wp-content\/uploads\/2025\/01\/cottage-cheese-pancakes-with-sliced-strawberries-and-strawberry-jam-1536x1025.jpg 1536w, https:\/\/landercoll.com\/wp-content\/uploads\/2025\/01\/cottage-cheese-pancakes-with-sliced-strawberries-and-strawberry-jam-18x12.jpg 18w, https:\/\/landercoll.com\/wp-content\/uploads\/2025\/01\/cottage-cheese-pancakes-with-sliced-strawberries-and-strawberry-jam.jpg 2000w\" sizes=\"(max-width: 800px) 100vw, 800px\" \/>\t\t\t\t\t\t\t\t\t\t\t\t\t\t\t<\/div>\n\t\t\t\t<\/div>\n\t\t\t\t<div class=\"elementor-element elementor-element-d84fdec elementor-widget elementor-widget-image\" data-id=\"d84fdec\" data-element_type=\"widget\" data-settings=\"{&quot;ekit_we_effect_on&quot;:&quot;none&quot;}\" data-widget_type=\"image.default\">\n\t\t\t\t<div class=\"elementor-widget-container\">\n\t\t\t\t\t\t\t\t\t\t\t\t\t\t\t<img decoding=\"async\" width=\"800\" height=\"533\" src=\"https:\/\/landercoll.com\/wp-content\/uploads\/2025\/01\/concept-of-delicious-food-with-croissant-with-raspberry-jam-on-white-background-1024x682.jpg\" class=\"attachment-large size-large wp-image-3902\" alt=\"Concept de alimente delicioase cu croissant cu gem de zmeur\u0103 pe fundal alb\" srcset=\"https:\/\/landercoll.com\/wp-content\/uploads\/2025\/01\/concept-of-delicious-food-with-croissant-with-raspberry-jam-on-white-background-1024x682.jpg 1024w, https:\/\/landercoll.com\/wp-content\/uploads\/2025\/01\/concept-of-delicious-food-with-croissant-with-raspberry-jam-on-white-background-300x200.jpg 300w, https:\/\/landercoll.com\/wp-content\/uploads\/2025\/01\/concept-of-delicious-food-with-croissant-with-raspberry-jam-on-white-background-768x512.jpg 768w, https:\/\/landercoll.com\/wp-content\/uploads\/2025\/01\/concept-of-delicious-food-with-croissant-with-raspberry-jam-on-white-background-1536x1024.jpg 1536w, https:\/\/landercoll.com\/wp-content\/uploads\/2025\/01\/concept-of-delicious-food-with-croissant-with-raspberry-jam-on-white-background-18x12.jpg 18w, https:\/\/landercoll.com\/wp-content\/uploads\/2025\/01\/concept-of-delicious-food-with-croissant-with-raspberry-jam-on-white-background.jpg 2000w\" sizes=\"(max-width: 800px) 100vw, 800px\" \/>\t\t\t\t\t\t\t\t\t\t\t\t\t\t\t<\/div>\n\t\t\t\t<\/div>\n\t\t\t\t<div class=\"elementor-element elementor-element-7b26e7f elementor-widget elementor-widget-image\" data-id=\"7b26e7f\" data-element_type=\"widget\" data-settings=\"{&quot;ekit_we_effect_on&quot;:&quot;none&quot;}\" data-widget_type=\"image.default\">\n\t\t\t\t<div class=\"elementor-widget-container\">\n\t\t\t\t\t\t\t\t\t\t\t\t\t\t\t<img loading=\"lazy\" decoding=\"async\" width=\"800\" height=\"533\" src=\"https:\/\/landercoll.com\/wp-content\/uploads\/2025\/01\/jam-1-1-1024x682.jpg\" class=\"attachment-large size-large wp-image-3903\" alt=\"Jam.\" srcset=\"https:\/\/landercoll.com\/wp-content\/uploads\/2025\/01\/jam-1-1-1024x682.jpg 1024w, https:\/\/landercoll.com\/wp-content\/uploads\/2025\/01\/jam-1-1-300x200.jpg 300w, https:\/\/landercoll.com\/wp-content\/uploads\/2025\/01\/jam-1-1-768x512.jpg 768w, https:\/\/landercoll.com\/wp-content\/uploads\/2025\/01\/jam-1-1-1536x1024.jpg 1536w, https:\/\/landercoll.com\/wp-content\/uploads\/2025\/01\/jam-1-1-18x12.jpg 18w, https:\/\/landercoll.com\/wp-content\/uploads\/2025\/01\/jam-1-1.jpg 2000w\" sizes=\"(max-width: 800px) 100vw, 800px\" \/>\t\t\t\t\t\t\t\t\t\t\t\t\t\t\t<\/div>\n\t\t\t\t<\/div>\n\t\t\t\t\t<\/div>\n\t\t\t\t<\/div>\n\t\t\t\t\t<\/div>\n\t\t<\/div>\n\t\t\t\t\t<\/div>\n\t\t<\/section>\n\t\t\t\t<section class=\"elementor-section elementor-top-section elementor-element elementor-element-0251ee2 elementor-section-boxed elementor-section-height-default elementor-section-height-default\" data-id=\"0251ee2\" data-element_type=\"section\" data-settings=\"{&quot;background_background&quot;:&quot;classic&quot;,&quot;ekit_has_onepagescroll_dot&quot;:&quot;yes&quot;}\">\n\t\t\t\t\t\t<div class=\"elementor-container elementor-column-gap-no\">\n\t\t\t\t\t<div class=\"elementor-column elementor-col-100 elementor-top-column elementor-element elementor-element-aa013f7\" data-id=\"aa013f7\" data-element_type=\"column\">\n\t\t\t<div class=\"elementor-widget-wrap elementor-element-populated\">\n\t\t\t\t\t\t<section class=\"elementor-section elementor-inner-section elementor-element elementor-element-9c57fe6 elementor-section-content-bottom elementor-section-boxed elementor-section-height-default elementor-section-height-default\" data-id=\"9c57fe6\" data-element_type=\"section\" data-settings=\"{&quot;ekit_has_onepagescroll_dot&quot;:&quot;yes&quot;}\">\n\t\t\t\t\t\t<div class=\"elementor-container elementor-column-gap-default\">\n\t\t\t\t\t<div class=\"elementor-column elementor-col-100 elementor-inner-column elementor-element elementor-element-cfac59f\" data-id=\"cfac59f\" data-element_type=\"column\">\n\t\t\t<div class=\"elementor-widget-wrap elementor-element-populated\">\n\t\t\t\t\t\t<div class=\"elementor-element elementor-element-37ea68c elementor-invisible elementor-widget elementor-widget-heading\" data-id=\"37ea68c\" data-element_type=\"widget\" data-settings=\"{&quot;_animation&quot;:&quot;fadeInUp&quot;,&quot;ekit_we_effect_on&quot;:&quot;none&quot;}\" data-widget_type=\"heading.default\">\n\t\t\t\t<div class=\"elementor-widget-container\">\n\t\t\t\t\t<h3 class=\"elementor-heading-title elementor-size-default\">LANDERCOLL Produc\u0103tor chinez de eter de celuloz\u0103<\/h3>\t\t\t\t<\/div>\n\t\t\t\t<\/div>\n\t\t\t\t<div class=\"elementor-element elementor-element-e779603 elementor-widget elementor-widget-heading\" data-id=\"e779603\" data-element_type=\"widget\" data-settings=\"{&quot;ekit_we_effect_on&quot;:&quot;none&quot;}\" data-widget_type=\"heading.default\">\n\t\t\t\t<div class=\"elementor-widget-container\">\n\t\t\t\t\t<h2 class=\"elementor-heading-title elementor-size-default\">Rolurile principale ale HPMC \u00een gem<\/h2>\t\t\t\t<\/div>\n\t\t\t\t<\/div>\n\t\t\t\t\t<\/div>\n\t\t<\/div>\n\t\t\t\t\t<\/div>\n\t\t<\/section>\n\t\t\t\t<div class=\"elementor-element elementor-element-8d5ca6b elementor-widget-divider--view-line elementor-widget elementor-widget-divider\" data-id=\"8d5ca6b\" data-element_type=\"widget\" data-settings=\"{&quot;ekit_we_effect_on&quot;:&quot;none&quot;}\" data-widget_type=\"divider.default\">\n\t\t\t\t<div class=\"elementor-widget-container\">\n\t\t\t\t\t\t\t<div class=\"elementor-divider\">\n\t\t\t<span class=\"elementor-divider-separator\">\n\t\t\t\t\t\t<\/span>\n\t\t<\/div>\n\t\t\t\t\t\t<\/div>\n\t\t\t\t<\/div>\n\t\t\t\t\t<\/div>\n\t\t<\/div>\n\t\t\t\t\t<\/div>\n\t\t<\/section>\n\t\t<div class=\"elementor-element elementor-element-2188e51 e-grid e-con-boxed e-con e-parent\" data-id=\"2188e51\" data-element_type=\"container\" data-settings=\"{&quot;background_background&quot;:&quot;classic&quot;,&quot;ekit_has_onepagescroll_dot&quot;:&quot;yes&quot;}\">\n\t\t\t\t\t<div class=\"e-con-inner\">\n\t\t<div class=\"elementor-element elementor-element-72ef8bc e-con-full e-flex e-con e-child\" data-id=\"72ef8bc\" data-element_type=\"container\" data-settings=\"{&quot;ekit_has_onepagescroll_dot&quot;:&quot;yes&quot;}\">\n\t\t\t\t<div class=\"elementor-element elementor-element-672d2f4 elementor-position-left elementor-view-default elementor-mobile-position-top elementor-widget elementor-widget-icon-box\" data-id=\"672d2f4\" data-element_type=\"widget\" data-settings=\"{&quot;ekit_we_effect_on&quot;:&quot;none&quot;}\" data-widget_type=\"icon-box.default\">\n\t\t\t\t<div class=\"elementor-widget-container\">\n\t\t\t\t\t\t\t<div class=\"elementor-icon-box-wrapper\">\n\n\t\t\t\t\t\t<div class=\"elementor-icon-box-icon\">\n\t\t\t\t<span  class=\"elementor-icon\">\n\t\t\t\t<svg aria-hidden=\"true\" class=\"e-font-icon-svg e-fas-check-circle\" viewbox=\"0 0 512 512\" xmlns=\"http:\/\/www.w3.org\/2000\/svg\"><path d=\"M504 256c0 136.967-111.033 248-248 248S8 392.967 8 256 119.033 8 256 8s248 111.033 248 248zM227.314 387.314l184-184c6.248-6.248 6.248-16.379 0-22.627l-22.627-22.627c-6.248-6.249-16.379-6.249-22.628 0L216 308.118l-70.059-70.059c-6.248-6.248-16.379-6.248-22.628 0l-22.627 22.627c-6.248 6.248-6.248 16.379 0 22.627l104 104c6.249 6.249 16.379 6.249 22.628.001z\"><\/path><\/svg>\t\t\t\t<\/span>\n\t\t\t<\/div>\n\t\t\t\n\t\t\t\t\t\t<div class=\"elementor-icon-box-content\">\n\n\t\t\t\t\t\t\t\t\t<h3 class=\"elementor-icon-box-title\">\n\t\t\t\t\t\t<span  >\n\t\t\t\t\t\t\tAgent de \u00eengro\u0219are\t\t\t\t\t\t<\/span>\n\t\t\t\t\t<\/h3>\n\t\t\t\t\n\t\t\t\t\n\t\t\t<\/div>\n\t\t\t\n\t\t<\/div>\n\t\t\t\t\t\t<\/div>\n\t\t\t\t<\/div>\n\t\t\t\t<div class=\"elementor-element elementor-element-d009658 elementor-widget elementor-widget-text-editor\" data-id=\"d009658\" data-element_type=\"widget\" data-settings=\"{&quot;ekit_we_effect_on&quot;:&quot;none&quot;}\" data-widget_type=\"text-editor.default\">\n\t\t\t\t<div class=\"elementor-widget-container\">\n\t\t\t\t\t\t\t\t\t<p>Principala func\u021bie a HPMC este de a \u00eembun\u0103t\u0103\u021bi textura \u0219i v\u00e2scozitatea gemurilor \u0219i calit\u0103\u021bile senzoriale precum culoarea, aroma \u0219i gustul.<\/p>\t\t\t\t\t\t\t\t<\/div>\n\t\t\t\t<\/div>\n\t\t\t\t<div class=\"elementor-element elementor-element-56ca26b elementor-widget elementor-widget-button\" data-id=\"56ca26b\" data-element_type=\"widget\" data-settings=\"{&quot;ekit_we_effect_on&quot;:&quot;none&quot;}\" data-widget_type=\"button.default\">\n\t\t\t\t<div class=\"elementor-widget-container\">\n\t\t\t\t\t\t\t\t\t<div class=\"elementor-button-wrapper\">\n\t\t\t\t\t<a class=\"elementor-button elementor-button-link elementor-size-sm elementor-animation-skew\" href=\"#elementor-action%3Aaction%3Dpopup%3Aopen%26settings%3DeyJpZCI6IjgwNCIsInRvZ2dsZSI6ZmFsc2V9\">\n\t\t\t\t\t\t<span class=\"elementor-button-content-wrapper\">\n\t\t\t\t\t\t<span class=\"elementor-button-icon\">\n\t\t\t\t<i aria-hidden=\"true\" class=\"icon icon-arrow-right\"><\/i>\t\t\t<\/span>\n\t\t\t\t\t\t\t\t\t<span class=\"elementor-button-text\">Contacta\u021bi-ne<\/span>\n\t\t\t\t\t<\/span>\n\t\t\t\t\t<\/a>\n\t\t\t\t<\/div>\n\t\t\t\t\t\t\t\t<\/div>\n\t\t\t\t<\/div>\n\t\t\t\t<\/div>\n\t\t<div class=\"elementor-element elementor-element-f729e88 e-con-full e-flex e-con e-child\" data-id=\"f729e88\" data-element_type=\"container\" data-settings=\"{&quot;ekit_has_onepagescroll_dot&quot;:&quot;yes&quot;}\">\n\t\t\t\t<div class=\"elementor-element elementor-element-f075512 elementor-position-left elementor-view-default elementor-mobile-position-top elementor-widget elementor-widget-icon-box\" data-id=\"f075512\" data-element_type=\"widget\" data-settings=\"{&quot;ekit_we_effect_on&quot;:&quot;none&quot;}\" data-widget_type=\"icon-box.default\">\n\t\t\t\t<div class=\"elementor-widget-container\">\n\t\t\t\t\t\t\t<div class=\"elementor-icon-box-wrapper\">\n\n\t\t\t\t\t\t<div class=\"elementor-icon-box-icon\">\n\t\t\t\t<span  class=\"elementor-icon\">\n\t\t\t\t<svg aria-hidden=\"true\" class=\"e-font-icon-svg e-fas-check-circle\" viewbox=\"0 0 512 512\" xmlns=\"http:\/\/www.w3.org\/2000\/svg\"><path d=\"M504 256c0 136.967-111.033 248-248 248S8 392.967 8 256 119.033 8 256 8s248 111.033 248 248zM227.314 387.314l184-184c6.248-6.248 6.248-16.379 0-22.627l-22.627-22.627c-6.248-6.249-16.379-6.249-22.628 0L216 308.118l-70.059-70.059c-6.248-6.248-16.379-6.248-22.628 0l-22.627 22.627c-6.248 6.248-6.248 16.379 0 22.627l104 104c6.249 6.249 16.379 6.249 22.628.001z\"><\/path><\/svg>\t\t\t\t<\/span>\n\t\t\t<\/div>\n\t\t\t\n\t\t\t\t\t\t<div class=\"elementor-icon-box-content\">\n\n\t\t\t\t\t\t\t\t\t<h3 class=\"elementor-icon-box-title\">\n\t\t\t\t\t\t<span  >\n\t\t\t\t\t\t\t Stabilizator\t\t\t\t\t\t<\/span>\n\t\t\t\t\t<\/h3>\n\t\t\t\t\n\t\t\t\t\n\t\t\t<\/div>\n\t\t\t\n\t\t<\/div>\n\t\t\t\t\t\t<\/div>\n\t\t\t\t<\/div>\n\t\t\t\t<div class=\"elementor-element elementor-element-ab86895 elementor-widget elementor-widget-text-editor\" data-id=\"ab86895\" data-element_type=\"widget\" data-settings=\"{&quot;ekit_we_effect_on&quot;:&quot;none&quot;}\" data-widget_type=\"text-editor.default\">\n\t\t\t\t<div class=\"elementor-widget-container\">\n\t\t\t\t\t\t\t\t\t<p>HPMC \u00eempiedic\u0103 separarea pulpei de fructe \u0219i a siropului, asigur\u00e2nd o distribu\u021bie uniform\u0103 a ingredientelor, \u00een special pentru produsele depozitate pentru o perioad\u0103 lung\u0103 de timp.<\/p>\t\t\t\t\t\t\t\t<\/div>\n\t\t\t\t<\/div>\n\t\t\t\t<div class=\"elementor-element elementor-element-f5af4eb elementor-widget elementor-widget-button\" data-id=\"f5af4eb\" data-element_type=\"widget\" data-settings=\"{&quot;ekit_we_effect_on&quot;:&quot;none&quot;}\" data-widget_type=\"button.default\">\n\t\t\t\t<div class=\"elementor-widget-container\">\n\t\t\t\t\t\t\t\t\t<div class=\"elementor-button-wrapper\">\n\t\t\t\t\t<a class=\"elementor-button elementor-button-link elementor-size-sm elementor-animation-skew\" href=\"#elementor-action%3Aaction%3Dpopup%3Aopen%26settings%3DeyJpZCI6IjgwNCIsInRvZ2dsZSI6ZmFsc2V9\">\n\t\t\t\t\t\t<span class=\"elementor-button-content-wrapper\">\n\t\t\t\t\t\t<span class=\"elementor-button-icon\">\n\t\t\t\t<i aria-hidden=\"true\" class=\"icon icon-arrow-right\"><\/i>\t\t\t<\/span>\n\t\t\t\t\t\t\t\t\t<span class=\"elementor-button-text\">Contacta\u021bi-ne<\/span>\n\t\t\t\t\t<\/span>\n\t\t\t\t\t<\/a>\n\t\t\t\t<\/div>\n\t\t\t\t\t\t\t\t<\/div>\n\t\t\t\t<\/div>\n\t\t\t\t<\/div>\n\t\t<div class=\"elementor-element elementor-element-6122b79 e-con-full e-flex e-con e-child\" data-id=\"6122b79\" data-element_type=\"container\" data-settings=\"{&quot;ekit_has_onepagescroll_dot&quot;:&quot;yes&quot;}\">\n\t\t\t\t<div class=\"elementor-element elementor-element-4ed7f3c elementor-position-left elementor-view-default elementor-mobile-position-top elementor-widget elementor-widget-icon-box\" data-id=\"4ed7f3c\" data-element_type=\"widget\" data-settings=\"{&quot;ekit_we_effect_on&quot;:&quot;none&quot;}\" data-widget_type=\"icon-box.default\">\n\t\t\t\t<div class=\"elementor-widget-container\">\n\t\t\t\t\t\t\t<div class=\"elementor-icon-box-wrapper\">\n\n\t\t\t\t\t\t<div class=\"elementor-icon-box-icon\">\n\t\t\t\t<span  class=\"elementor-icon\">\n\t\t\t\t<svg aria-hidden=\"true\" class=\"e-font-icon-svg e-fas-check-circle\" viewbox=\"0 0 512 512\" xmlns=\"http:\/\/www.w3.org\/2000\/svg\"><path d=\"M504 256c0 136.967-111.033 248-248 248S8 392.967 8 256 119.033 8 256 8s248 111.033 248 248zM227.314 387.314l184-184c6.248-6.248 6.248-16.379 0-22.627l-22.627-22.627c-6.248-6.249-16.379-6.249-22.628 0L216 308.118l-70.059-70.059c-6.248-6.248-16.379-6.248-22.628 0l-22.627 22.627c-6.248 6.248-6.248 16.379 0 22.627l104 104c6.249 6.249 16.379 6.249 22.628.001z\"><\/path><\/svg>\t\t\t\t<\/span>\n\t\t\t<\/div>\n\t\t\t\n\t\t\t\t\t\t<div class=\"elementor-icon-box-content\">\n\n\t\t\t\t\t\t\t\t\t<h3 class=\"elementor-icon-box-title\">\n\t\t\t\t\t\t<span  >\n\t\t\t\t\t\t\tAgent de re\u021binere a umezelii\t\t\t\t\t\t<\/span>\n\t\t\t\t\t<\/h3>\n\t\t\t\t\n\t\t\t\t\n\t\t\t<\/div>\n\t\t\t\n\t\t<\/div>\n\t\t\t\t\t\t<\/div>\n\t\t\t\t<\/div>\n\t\t\t\t<div class=\"elementor-element elementor-element-fc89fff elementor-widget elementor-widget-text-editor\" data-id=\"fc89fff\" data-element_type=\"widget\" data-settings=\"{&quot;ekit_we_effect_on&quot;:&quot;none&quot;}\" data-widget_type=\"text-editor.default\">\n\t\t\t\t<div class=\"elementor-widget-container\">\n\t\t\t\t\t\t\t\t\tHPMC contribuie la re\u021binerea umidit\u0103\u021bii, \u00eempiedic\u00e2nd uscarea gemului \u0219i prelungindu-i durata de valabilitate.\t\t\t\t\t\t\t\t<\/div>\n\t\t\t\t<\/div>\n\t\t\t\t<div class=\"elementor-element elementor-element-6439758 elementor-widget elementor-widget-button\" data-id=\"6439758\" data-element_type=\"widget\" data-settings=\"{&quot;ekit_we_effect_on&quot;:&quot;none&quot;}\" data-widget_type=\"button.default\">\n\t\t\t\t<div class=\"elementor-widget-container\">\n\t\t\t\t\t\t\t\t\t<div class=\"elementor-button-wrapper\">\n\t\t\t\t\t<a class=\"elementor-button elementor-button-link elementor-size-sm elementor-animation-skew\" href=\"#elementor-action%3Aaction%3Dpopup%3Aopen%26settings%3DeyJpZCI6IjgwNCIsInRvZ2dsZSI6ZmFsc2V9\">\n\t\t\t\t\t\t<span class=\"elementor-button-content-wrapper\">\n\t\t\t\t\t\t<span class=\"elementor-button-icon\">\n\t\t\t\t<i aria-hidden=\"true\" class=\"icon icon-arrow-right\"><\/i>\t\t\t<\/span>\n\t\t\t\t\t\t\t\t\t<span class=\"elementor-button-text\">Contacta\u021bi-ne<\/span>\n\t\t\t\t\t<\/span>\n\t\t\t\t\t<\/a>\n\t\t\t\t<\/div>\n\t\t\t\t\t\t\t\t<\/div>\n\t\t\t\t<\/div>\n\t\t\t\t<\/div>\n\t\t\t\t\t<\/div>\n\t\t\t\t<\/div>\n\t\t\t\t<\/div>","protected":false},"excerpt":{"rendered":"<p>Produc\u0103tor de Eteri de Celuloz\u0103 Jam LANDERCOLL din China. Jam HidroxiPropil Methyl Celuloz\u0103 (HPMC) este un aditiv natural derivat din celuloz\u0103. Acest aditiv alimentar sigur \u0219i fiabil are o rezisten\u021b\u0103 excelent\u0103 la sare \u0219i acizi, r\u0103m\u00e2n\u00e2nd stabil \u00eentr-un interval larg de pH de la 3 la 11. HPMC este utilizat pe scar\u0103 larg\u0103 \u00een gemuri \u0219i alte condimente pentru a \u00eembun\u0103t\u0103\u021bi calitatea lor [\u2026]<\/p>","protected":false},"author":1,"featured_media":0,"parent":1911,"menu_order":0,"comment_status":"closed","ping_status":"closed","template":"elementor_header_footer","meta":{"footnotes":""},"class_list":["post-3841","page","type-page","status-publish","hentry"],"_links":{"self":[{"href":"https:\/\/landercoll.com\/ro\/wp-json\/wp\/v2\/pages\/3841","targetHints":{"allow":["GET"]}}],"collection":[{"href":"https:\/\/landercoll.com\/ro\/wp-json\/wp\/v2\/pages"}],"about":[{"href":"https:\/\/landercoll.com\/ro\/wp-json\/wp\/v2\/types\/page"}],"author":[{"embeddable":true,"href":"https:\/\/landercoll.com\/ro\/wp-json\/wp\/v2\/users\/1"}],"replies":[{"embeddable":true,"href":"https:\/\/landercoll.com\/ro\/wp-json\/wp\/v2\/comments?post=3841"}],"version-history":[{"count":17,"href":"https:\/\/landercoll.com\/ro\/wp-json\/wp\/v2\/pages\/3841\/revisions"}],"predecessor-version":[{"id":11042,"href":"https:\/\/landercoll.com\/ro\/wp-json\/wp\/v2\/pages\/3841\/revisions\/11042"}],"up":[{"embeddable":true,"href":"https:\/\/landercoll.com\/ro\/wp-json\/wp\/v2\/pages\/1911"}],"wp:attachment":[{"href":"https:\/\/landercoll.com\/ro\/wp-json\/wp\/v2\/media?parent=3841"}],"curies":[{"name":"wp","href":"https:\/\/api.w.org\/{rel}","templated":true}]}}