{"id":4156,"date":"2025-01-16T07:48:15","date_gmt":"2025-01-16T07:48:15","guid":{"rendered":"https:\/\/landercoll.com\/?page_id=4156"},"modified":"2025-08-30T03:06:49","modified_gmt":"2025-08-30T03:06:49","slug":"przejrzystosc-i-uczciwosc","status":"publish","type":"page","link":"https:\/\/landercoll.com\/pl\/zrownowazony-rozwoj\/przejrzystosc-i-uczciwosc\/","title":{"rendered":"Przejrzysto\u015b\u0107 i uczciwo\u015b\u0107"},"content":{"rendered":"<div data-elementor-type=\"wp-page\" data-elementor-id=\"4156\" class=\"elementor elementor-4156\" data-elementor-post-type=\"page\">\n\t\t\t\t\t\t<section class=\"elementor-section elementor-top-section elementor-element elementor-element-49ae848 elementor-section-boxed elementor-section-height-default elementor-section-height-default\" data-id=\"49ae848\" data-element_type=\"section\" data-e-type=\"section\" data-settings=\"{&quot;background_background&quot;:&quot;classic&quot;,&quot;ekit_has_onepagescroll_dot&quot;:&quot;yes&quot;}\">\n\t\t\t\t\t\t\t<div class=\"elementor-background-overlay\"><\/div>\n\t\t\t\t\t\t\t<div class=\"elementor-container elementor-column-gap-no\">\n\t\t\t\t\t<div class=\"elementor-column elementor-col-100 elementor-top-column elementor-element elementor-element-3c697a8\" data-id=\"3c697a8\" data-element_type=\"column\" data-e-type=\"column\">\n\t\t\t<div class=\"elementor-widget-wrap elementor-element-populated\">\n\t\t\t\t\t\t<div class=\"elementor-element elementor-element-0afca4f elementor-invisible elementor-widget elementor-widget-heading\" data-id=\"0afca4f\" data-element_type=\"widget\" data-e-type=\"widget\" data-settings=\"{&quot;_animation&quot;:&quot;zoomIn&quot;,&quot;ekit_we_effect_on&quot;:&quot;none&quot;}\" data-widget_type=\"heading.default\">\n\t\t\t\t<div class=\"elementor-widget-container\">\n\t\t\t\t\t<h1 class=\"elementor-heading-title elementor-size-default\">Przejrzysto\u015b\u0107 i uczciwo\u015b\u0107<\/h1>\t\t\t\t<\/div>\n\t\t\t\t<\/div>\n\t\t\t\t<div class=\"elementor-element elementor-element-540cb8c elementor-widget-divider--view-line_text elementor-widget-divider--element-align-center elementor-widget elementor-widget-divider\" data-id=\"540cb8c\" data-element_type=\"widget\" data-e-type=\"widget\" data-settings=\"{&quot;ekit_we_effect_on&quot;:&quot;none&quot;}\" data-widget_type=\"divider.default\">\n\t\t\t\t<div class=\"elementor-widget-container\">\n\t\t\t\t\t\t\t<div class=\"elementor-divider\">\n\t\t\t<span class=\"elementor-divider-separator\">\n\t\t\t\t\t\t\t<span class=\"elementor-divider__text elementor-divider__element\">\n\t\t\t\tWysokiej jako\u015bci HPMC, HEMC i HEC\t\t\t\t<\/span>\n\t\t\t\t\t\t<\/span>\n\t\t<\/div>\n\t\t\t\t\t\t<\/div>\n\t\t\t\t<\/div>\n\t\t\t\t\t<\/div>\n\t\t<\/div>\n\t\t\t\t\t<\/div>\n\t\t<\/section>\n\t\t<div class=\"elementor-element elementor-element-7fdd2c5 e-flex e-con-boxed e-con e-child\" data-id=\"7fdd2c5\" data-element_type=\"container\" data-e-type=\"container\" data-settings=\"{&quot;ekit_has_onepagescroll_dot&quot;:&quot;yes&quot;}\">\n\t\t\t\t\t<div class=\"e-con-inner\">\n\t\t<div class=\"elementor-element elementor-element-81ad4b6 e-con-full e-flex e-con e-child\" data-id=\"81ad4b6\" data-element_type=\"container\" data-e-type=\"container\" data-settings=\"{&quot;ekit_has_onepagescroll_dot&quot;:&quot;yes&quot;}\">\n\t\t\t\t<div class=\"elementor-element elementor-element-f159021 elementor-widget elementor-widget-image\" data-id=\"f159021\" data-element_type=\"widget\" data-e-type=\"widget\" data-settings=\"{&quot;ekit_we_effect_on&quot;:&quot;none&quot;}\" data-widget_type=\"image.default\">\n\t\t\t\t<div class=\"elementor-widget-container\">\n\t\t\t\t\t\t\t\t\t\t\t\t\t\t\t<img fetchpriority=\"high\" decoding=\"async\" width=\"800\" height=\"459\" src=\"https:\/\/landercoll.com\/wp-content\/uploads\/2025\/01\/Customer-group-photo-1024x587.jpg\" class=\"attachment-large size-large wp-image-4326\" alt=\"Zdj\u0119cie grupowe klienta\" srcset=\"https:\/\/landercoll.com\/wp-content\/uploads\/2025\/01\/Customer-group-photo-1024x587.jpg 1024w, https:\/\/landercoll.com\/wp-content\/uploads\/2025\/01\/Customer-group-photo-300x172.jpg 300w, https:\/\/landercoll.com\/wp-content\/uploads\/2025\/01\/Customer-group-photo-768x440.jpg 768w, https:\/\/landercoll.com\/wp-content\/uploads\/2025\/01\/Customer-group-photo-18x10.jpg 18w, https:\/\/landercoll.com\/wp-content\/uploads\/2025\/01\/Customer-group-photo.jpg 1153w\" sizes=\"(max-width: 800px) 100vw, 800px\" \/>\t\t\t\t\t\t\t\t\t\t\t\t\t\t\t<\/div>\n\t\t\t\t<\/div>\n\t\t\t\t<\/div>\n\t\t<div class=\"elementor-element elementor-element-97a3dee e-con-full e-flex e-con e-child\" data-id=\"97a3dee\" data-element_type=\"container\" data-e-type=\"container\" data-settings=\"{&quot;ekit_has_onepagescroll_dot&quot;:&quot;yes&quot;}\">\n\t\t\t\t<div class=\"elementor-element elementor-element-317d896 elementor-position-inline-start elementor-view-default elementor-mobile-position-block-start elementor-widget elementor-widget-icon-box\" data-id=\"317d896\" data-element_type=\"widget\" data-e-type=\"widget\" data-settings=\"{&quot;ekit_we_effect_on&quot;:&quot;none&quot;}\" data-widget_type=\"icon-box.default\">\n\t\t\t\t<div class=\"elementor-widget-container\">\n\t\t\t\t\t\t\t<div class=\"elementor-icon-box-wrapper\">\n\n\t\t\t\t\t\t<div class=\"elementor-icon-box-icon\">\n\t\t\t\t<span  class=\"elementor-icon\">\n\t\t\t\t<svg aria-hidden=\"true\" class=\"e-font-icon-svg e-fas-stream\" viewbox=\"0 0 512 512\" xmlns=\"http:\/\/www.w3.org\/2000\/svg\"><path d=\"M16 128h416c8.84 0 16-7.16 16-16V48c0-8.84-7.16-16-16-16H16C7.16 32 0 39.16 0 48v64c0 8.84 7.16 16 16 16zm480 80H80c-8.84 0-16 7.16-16 16v64c0 8.84 7.16 16 16 16h416c8.84 0 16-7.16 16-16v-64c0-8.84-7.16-16-16-16zm-64 176H16c-8.84 0-16 7.16-16 16v64c0 8.84 7.16 16 16 16h416c8.84 0 16-7.16 16-16v-64c0-8.84-7.16-16-16-16z\"><\/path><\/svg>\t\t\t\t<\/span>\n\t\t\t<\/div>\n\t\t\t\n\t\t\t\t\t\t<div class=\"elementor-icon-box-content\">\n\n\t\t\t\t\t\t\t\t\t<h2 class=\"elementor-icon-box-title\">\n\t\t\t\t\t\t<span  >\n\t\t\t\t\t\t\t Uczciwo\u015b\u0107 na ka\u017cdym kroku: Zdob\u0105d\u017a zaufanie klient\u00f3w\t\t\t\t\t\t<\/span>\n\t\t\t\t\t<\/h2>\n\t\t\t\t\n\t\t\t\t\n\t\t\t<\/div>\n\t\t\t\n\t\t<\/div>\n\t\t\t\t\t\t<\/div>\n\t\t\t\t<\/div>\n\t\t\t\t<div class=\"elementor-element elementor-element-343b752 elementor-widget elementor-widget-text-editor\" data-id=\"343b752\" data-element_type=\"widget\" data-e-type=\"widget\" data-settings=\"{&quot;ekit_we_effect_on&quot;:&quot;none&quot;}\" data-widget_type=\"text-editor.default\">\n\t\t\t\t<div class=\"elementor-widget-container\">\n\t\t\t\t\t\t\t\t\t<p>LANDERCOLL uwa\u017ca ukrywanie informacji przed klientami za podwa\u017canie zaufania. Dlatego zapewniamy ca\u0142kowit\u0105 przejrzysto\u015b\u0107 w ca\u0142ym procesie transakcji i upubliczniamy niezb\u0119dne szczeg\u00f3\u0142y, takie jak ceny, informacje o produktach z naszego TDS oraz praktyki w zakresie pracy i zr\u00f3wnowa\u017conego rozwoju.<\/p>\t\t\t\t\t\t\t\t<\/div>\n\t\t\t\t<\/div>\n\t\t\t\t<div class=\"elementor-element elementor-element-5d59d8b elementor-widget elementor-widget-button\" data-id=\"5d59d8b\" data-element_type=\"widget\" data-e-type=\"widget\" data-settings=\"{&quot;ekit_we_effect_on&quot;:&quot;none&quot;}\" data-widget_type=\"button.default\">\n\t\t\t\t<div class=\"elementor-widget-container\">\n\t\t\t\t\t\t\t\t\t<div class=\"elementor-button-wrapper\">\n\t\t\t\t\t<a class=\"elementor-button elementor-button-link elementor-size-sm elementor-animation-skew-forward\" href=\"#elementor-action%3Aaction%3Dpopup%3Aopen%26settings%3DeyJpZCI6IjgwNCIsInRvZ2dsZSI6ZmFsc2V9\">\n\t\t\t\t\t\t<span class=\"elementor-button-content-wrapper\">\n\t\t\t\t\t\t\t\t\t<span class=\"elementor-button-text\">Kontakt<\/span>\n\t\t\t\t\t<\/span>\n\t\t\t\t\t<\/a>\n\t\t\t\t<\/div>\n\t\t\t\t\t\t\t\t<\/div>\n\t\t\t\t<\/div>\n\t\t\t\t<\/div>\n\t\t\t\t\t<\/div>\n\t\t\t\t<\/div>\n\t\t<div class=\"elementor-element elementor-element-6c996d5 e-flex e-con-boxed e-con e-child\" data-id=\"6c996d5\" data-element_type=\"container\" data-e-type=\"container\" data-settings=\"{&quot;ekit_has_onepagescroll_dot&quot;:&quot;yes&quot;}\">\n\t\t\t\t\t<div class=\"e-con-inner\">\n\t\t<div class=\"elementor-element elementor-element-50f136a e-con-full e-flex e-con e-child\" data-id=\"50f136a\" data-element_type=\"container\" data-e-type=\"container\" data-settings=\"{&quot;ekit_has_onepagescroll_dot&quot;:&quot;yes&quot;}\">\n\t\t\t\t<div class=\"elementor-element elementor-element-d3a9b80 elementor-position-inline-start elementor-view-default elementor-mobile-position-block-start elementor-widget elementor-widget-icon-box\" data-id=\"d3a9b80\" data-element_type=\"widget\" data-e-type=\"widget\" data-settings=\"{&quot;ekit_we_effect_on&quot;:&quot;none&quot;}\" data-widget_type=\"icon-box.default\">\n\t\t\t\t<div class=\"elementor-widget-container\">\n\t\t\t\t\t\t\t<div class=\"elementor-icon-box-wrapper\">\n\n\t\t\t\t\t\t<div class=\"elementor-icon-box-icon\">\n\t\t\t\t<span  class=\"elementor-icon\">\n\t\t\t\t<svg aria-hidden=\"true\" class=\"e-font-icon-svg e-fas-stream\" viewbox=\"0 0 512 512\" xmlns=\"http:\/\/www.w3.org\/2000\/svg\"><path d=\"M16 128h416c8.84 0 16-7.16 16-16V48c0-8.84-7.16-16-16-16H16C7.16 32 0 39.16 0 48v64c0 8.84 7.16 16 16 16zm480 80H80c-8.84 0-16 7.16-16 16v64c0 8.84 7.16 16 16 16h416c8.84 0 16-7.16 16-16v-64c0-8.84-7.16-16-16-16zm-64 176H16c-8.84 0-16 7.16-16 16v64c0 8.84 7.16 16 16 16h416c8.84 0 16-7.16 16-16v-64c0-8.84-7.16-16-16-16z\"><\/path><\/svg>\t\t\t\t<\/span>\n\t\t\t<\/div>\n\t\t\t\n\t\t\t\t\t\t<div class=\"elementor-icon-box-content\">\n\n\t\t\t\t\t\t\t\t\t<h2 class=\"elementor-icon-box-title\">\n\t\t\t\t\t\t<span  >\n\t\t\t\t\t\t\t Kultywowanie zaufania: Przejrzyste miejsce pracy dla wszystkich\t\t\t\t\t\t<\/span>\n\t\t\t\t\t<\/h2>\n\t\t\t\t\n\t\t\t\t\n\t\t\t<\/div>\n\t\t\t\n\t\t<\/div>\n\t\t\t\t\t\t<\/div>\n\t\t\t\t<\/div>\n\t\t\t\t<div class=\"elementor-element elementor-element-f4b496e elementor-widget elementor-widget-text-editor\" data-id=\"f4b496e\" data-element_type=\"widget\" data-e-type=\"widget\" data-settings=\"{&quot;ekit_we_effect_on&quot;:&quot;none&quot;}\" data-widget_type=\"text-editor.default\">\n\t\t\t\t<div class=\"elementor-widget-container\">\n\t\t\t\t\t\t\t\t\tLANDERCOLL ma nadziej\u0119 da\u0107 silny znak zaufania, umo\u017cliwiaj\u0105c wszystkim pracownikom taki sam dost\u0119p do informacji. Wierzymy, \u017ce zapewniaj\u0105c r\u00f3wne szanse, mo\u017cemy umo\u017cliwi\u0107 naszemu zespo\u0142owi podejmowanie bardziej \u015bwiadomych i niezale\u017cnych decyzji. Przejrzysto\u015b\u0107 zmniejsza r\u00f3wnie\u017c powielanie pracy, a tym samym zwi\u0119ksza efektywno\u015b\u0107 naszej komunikacji wewn\u0119trznej.\t\t\t\t\t\t\t\t<\/div>\n\t\t\t\t<\/div>\n\t\t\t\t<div class=\"elementor-element elementor-element-c1955c4 elementor-widget elementor-widget-button\" data-id=\"c1955c4\" data-element_type=\"widget\" data-e-type=\"widget\" data-settings=\"{&quot;ekit_we_effect_on&quot;:&quot;none&quot;}\" data-widget_type=\"button.default\">\n\t\t\t\t<div class=\"elementor-widget-container\">\n\t\t\t\t\t\t\t\t\t<div class=\"elementor-button-wrapper\">\n\t\t\t\t\t<a class=\"elementor-button elementor-button-link elementor-size-sm elementor-animation-skew-forward\" href=\"#elementor-action%3Aaction%3Dpopup%3Aopen%26settings%3DeyJpZCI6IjgwNCIsInRvZ2dsZSI6ZmFsc2V9\">\n\t\t\t\t\t\t<span class=\"elementor-button-content-wrapper\">\n\t\t\t\t\t\t\t\t\t<span class=\"elementor-button-text\">Kontakt<\/span>\n\t\t\t\t\t<\/span>\n\t\t\t\t\t<\/a>\n\t\t\t\t<\/div>\n\t\t\t\t\t\t\t\t<\/div>\n\t\t\t\t<\/div>\n\t\t\t\t<\/div>\n\t\t<div class=\"elementor-element elementor-element-86c7f16 e-con-full e-flex e-con e-child\" data-id=\"86c7f16\" data-element_type=\"container\" data-e-type=\"container\" data-settings=\"{&quot;ekit_has_onepagescroll_dot&quot;:&quot;yes&quot;}\">\n\t\t\t\t<div class=\"elementor-element elementor-element-807326d elementor-widget elementor-widget-image\" data-id=\"807326d\" data-element_type=\"widget\" data-e-type=\"widget\" data-settings=\"{&quot;ekit_we_effect_on&quot;:&quot;none&quot;}\" data-widget_type=\"image.default\">\n\t\t\t\t<div class=\"elementor-widget-container\">\n\t\t\t\t\t\t\t\t\t\t\t\t\t\t\t<img loading=\"lazy\" decoding=\"async\" width=\"800\" height=\"533\" src=\"https:\/\/landercoll.com\/wp-content\/uploads\/2025\/01\/teamwork-and-unity-hands-join-together-as-unity-s-team-1024x682.jpg\" class=\"attachment-large size-large wp-image-4327\" alt=\"Praca zespo\u0142owa i jedno\u015b\u0107. R\u0119ce \u0142\u0105cz\u0105 si\u0119 jako zesp\u00f3\u0142 jedno\u015bci\" srcset=\"https:\/\/landercoll.com\/wp-content\/uploads\/2025\/01\/teamwork-and-unity-hands-join-together-as-unity-s-team-1024x682.jpg 1024w, https:\/\/landercoll.com\/wp-content\/uploads\/2025\/01\/teamwork-and-unity-hands-join-together-as-unity-s-team-300x200.jpg 300w, https:\/\/landercoll.com\/wp-content\/uploads\/2025\/01\/teamwork-and-unity-hands-join-together-as-unity-s-team-768x512.jpg 768w, https:\/\/landercoll.com\/wp-content\/uploads\/2025\/01\/teamwork-and-unity-hands-join-together-as-unity-s-team-1536x1024.jpg 1536w, https:\/\/landercoll.com\/wp-content\/uploads\/2025\/01\/teamwork-and-unity-hands-join-together-as-unity-s-team-18x12.jpg 18w, https:\/\/landercoll.com\/wp-content\/uploads\/2025\/01\/teamwork-and-unity-hands-join-together-as-unity-s-team.jpg 2000w\" sizes=\"(max-width: 800px) 100vw, 800px\" \/>\t\t\t\t\t\t\t\t\t\t\t\t\t\t\t<\/div>\n\t\t\t\t<\/div>\n\t\t\t\t<\/div>\n\t\t\t\t\t<\/div>\n\t\t\t\t<\/div>\n\t\t\t\t<\/div>","protected":false},"excerpt":{"rendered":"<p>Przejrzysto\u015b\u0107 i uczciwo\u015b\u0107 Wysokiej jako\u015bci HPMC, HEMC i HEC Uczciwo\u015b\u0107 na ka\u017cdym kroku: Zdobywanie zaufania w\u015br\u00f3d klient\u00f3w LANDERCOLL uwa\u017ca ukrywanie informacji przed klientami za podwa\u017canie zaufania. Dlatego tworzymy absolutn\u0105 przejrzysto\u015b\u0107 na ka\u017cdym etapie transakcji i ujawniamy niezb\u0119dne szczeg\u00f3\u0142y, takie jak ceny, informacje o produktach z naszego TDS oraz praktyki zwi\u0105zane z prac\u0105 i zr\u00f3wnowa\u017conym rozwojem. [\u2026]<\/p>","protected":false},"author":1,"featured_media":0,"parent":4158,"menu_order":0,"comment_status":"closed","ping_status":"closed","template":"elementor_header_footer","meta":{"footnotes":""},"class_list":["post-4156","page","type-page","status-publish","hentry"],"_links":{"self":[{"href":"https:\/\/landercoll.com\/pl\/wp-json\/wp\/v2\/pages\/4156","targetHints":{"allow":["GET"]}}],"collection":[{"href":"https:\/\/landercoll.com\/pl\/wp-json\/wp\/v2\/pages"}],"about":[{"href":"https:\/\/landercoll.com\/pl\/wp-json\/wp\/v2\/types\/page"}],"author":[{"embeddable":true,"href":"https:\/\/landercoll.com\/pl\/wp-json\/wp\/v2\/users\/1"}],"replies":[{"embeddable":true,"href":"https:\/\/landercoll.com\/pl\/wp-json\/wp\/v2\/comments?post=4156"}],"version-history":[{"count":17,"href":"https:\/\/landercoll.com\/pl\/wp-json\/wp\/v2\/pages\/4156\/revisions"}],"predecessor-version":[{"id":10858,"href":"https:\/\/landercoll.com\/pl\/wp-json\/wp\/v2\/pages\/4156\/revisions\/10858"}],"up":[{"embeddable":true,"href":"https:\/\/landercoll.com\/pl\/wp-json\/wp\/v2\/pages\/4158"}],"wp:attachment":[{"href":"https:\/\/landercoll.com\/pl\/wp-json\/wp\/v2\/media?parent=4156"}],"curies":[{"name":"wp","href":"https:\/\/api.w.org\/{rel}","templated":true}]}}