{"id":1884,"date":"2024-12-19T02:35:07","date_gmt":"2024-12-19T02:35:07","guid":{"rendered":"https:\/\/landercoll.com\/?page_id=1884"},"modified":"2025-08-29T05:54:33","modified_gmt":"2025-08-29T05:54:33","slug":"maling-belegg","status":"publish","type":"page","link":"https:\/\/landercoll.com\/nb\/soknad\/maling-belegg\/","title":{"rendered":"Maling og belegg"},"content":{"rendered":"<div data-elementor-type=\"wp-page\" data-elementor-id=\"1884\" class=\"elementor elementor-1884\" data-elementor-post-type=\"page\">\n\t\t\t\t\t\t<section class=\"elementor-section elementor-top-section elementor-element elementor-element-6646f846 elementor-section-boxed elementor-section-height-default elementor-section-height-default\" data-id=\"6646f846\" data-element_type=\"section\" data-e-type=\"section\" data-settings=\"{&quot;background_background&quot;:&quot;classic&quot;,&quot;ekit_has_onepagescroll_dot&quot;:&quot;yes&quot;}\">\n\t\t\t\t\t\t\t<div class=\"elementor-background-overlay\"><\/div>\n\t\t\t\t\t\t\t<div class=\"elementor-container elementor-column-gap-default\">\n\t\t\t\t\t<div class=\"elementor-column elementor-col-100 elementor-top-column elementor-element elementor-element-21d9d4d1\" data-id=\"21d9d4d1\" data-element_type=\"column\" data-e-type=\"column\">\n\t\t\t<div class=\"elementor-widget-wrap elementor-element-populated\">\n\t\t\t\t\t\t<div class=\"elementor-element elementor-element-4fd4ab57 elementor-headline--style-rotate elementor-widget elementor-widget-animated-headline\" data-id=\"4fd4ab57\" data-element_type=\"widget\" data-e-type=\"widget\" data-settings=\"{&quot;headline_style&quot;:&quot;rotate&quot;,&quot;animation_type&quot;:&quot;drop-in&quot;,&quot;rotating_text&quot;:&quot;Interior Paints\\nExterior Paints\\nSilicone resin paints\\n&quot;,&quot;loop&quot;:&quot;yes&quot;,&quot;rotate_iteration_delay&quot;:2500,&quot;ekit_we_effect_on&quot;:&quot;none&quot;}\" data-widget_type=\"animated-headline.default\">\n\t\t\t\t<div class=\"elementor-widget-container\">\n\t\t\t\t\t\t\t<h1 class=\"elementor-headline elementor-headline-animation-type-drop-in\">\n\t\t\t\t\t<span class=\"elementor-headline-plain-text elementor-headline-text-wrapper\">Markedene vi betjener<\/span>\n\t\t\t\t<span class=\"elementor-headline-dynamic-wrapper elementor-headline-text-wrapper\">\n\t\t\t\t\t<span class=\"elementor-headline-dynamic-text elementor-headline-text-active\">\n\t\t\t\tInnvendig maling\t\t\t<\/span>\n\t\t\t\t\t<span class=\"elementor-headline-dynamic-text\">\n\t\t\t\tUtvendig maling\t\t\t<\/span>\n\t\t\t\t\t<span class=\"elementor-headline-dynamic-text\">\n\t\t\t\tSilikonharpiksmaling\t\t\t<\/span>\n\t\t\t\t\t<span class=\"elementor-headline-dynamic-text\">\n\t\t\t\t\t\t\t<\/span>\n\t\t\t\t\t\t<\/span>\n\t\t\t\t<\/h1>\n\t\t\t\t\t\t<\/div>\n\t\t\t\t<\/div>\n\t\t\t\t<div class=\"elementor-element elementor-element-9e264c2 elementor-widget-divider--view-line elementor-widget elementor-widget-divider\" data-id=\"9e264c2\" data-element_type=\"widget\" data-e-type=\"widget\" data-settings=\"{&quot;ekit_we_effect_on&quot;:&quot;none&quot;}\" data-widget_type=\"divider.default\">\n\t\t\t\t<div class=\"elementor-widget-container\">\n\t\t\t\t\t\t\t<div class=\"elementor-divider\">\n\t\t\t<span class=\"elementor-divider-separator\">\n\t\t\t\t\t\t<\/span>\n\t\t<\/div>\n\t\t\t\t\t\t<\/div>\n\t\t\t\t<\/div>\n\t\t\t\t\t<\/div>\n\t\t<\/div>\n\t\t\t\t\t<\/div>\n\t\t<\/section>\n\t\t<div class=\"elementor-element elementor-element-815e22f e-flex e-con-boxed e-con e-parent\" data-id=\"815e22f\" data-element_type=\"container\" data-e-type=\"container\" data-settings=\"{&quot;ekit_has_onepagescroll_dot&quot;:&quot;yes&quot;}\">\n\t\t\t\t\t<div class=\"e-con-inner\">\n\t\t\t\t<div class=\"elementor-element elementor-element-596dde8 elementor-widget__width-initial elementor-widget elementor-widget-heading\" data-id=\"596dde8\" data-element_type=\"widget\" data-e-type=\"widget\" data-settings=\"{&quot;ekit_we_effect_on&quot;:&quot;none&quot;}\" data-widget_type=\"heading.default\">\n\t\t\t\t<div class=\"elementor-widget-container\">\n\t\t\t\t\t<h2 class=\"elementor-heading-title elementor-size-default\">Maling og belegg<\/h2>\t\t\t\t<\/div>\n\t\t\t\t<\/div>\n\t\t\t\t\t<\/div>\n\t\t\t\t<\/div>\n\t\t\t\t<section class=\"elementor-section elementor-top-section elementor-element elementor-element-a984d03 elementor-section-boxed elementor-section-height-default elementor-section-height-default\" data-id=\"a984d03\" data-element_type=\"section\" data-e-type=\"section\" data-settings=\"{&quot;ekit_has_onepagescroll_dot&quot;:&quot;yes&quot;}\">\n\t\t\t\t\t\t<div class=\"elementor-container elementor-column-gap-default\">\n\t\t\t\t\t<div class=\"elementor-column elementor-col-100 elementor-top-column elementor-element elementor-element-f7d5456\" data-id=\"f7d5456\" data-element_type=\"column\" data-e-type=\"column\">\n\t\t\t<div class=\"elementor-widget-wrap elementor-element-populated\">\n\t\t\t\t\t\t<section class=\"elementor-section elementor-inner-section elementor-element elementor-element-e22e237 elementor-section-content-middle elementor-section-boxed elementor-section-height-default elementor-section-height-default\" data-id=\"e22e237\" data-element_type=\"section\" data-e-type=\"section\" data-settings=\"{&quot;ekit_has_onepagescroll_dot&quot;:&quot;yes&quot;}\">\n\t\t\t\t\t\t<div class=\"elementor-container elementor-column-gap-no\">\n\t\t\t\t\t<div class=\"elementor-column elementor-col-33 elementor-inner-column elementor-element elementor-element-1427a00 elementor-invisible\" data-id=\"1427a00\" data-element_type=\"column\" data-e-type=\"column\" data-settings=\"{&quot;background_background&quot;:&quot;classic&quot;,&quot;animation&quot;:&quot;fadeIn&quot;}\">\n\t\t\t<div class=\"elementor-widget-wrap elementor-element-populated\">\n\t\t\t\t\t\t<div class=\"elementor-element elementor-element-6e84873 elementor-position-inline-start elementor-view-default elementor-mobile-position-block-start elementor-widget elementor-widget-icon-box\" data-id=\"6e84873\" data-element_type=\"widget\" data-e-type=\"widget\" data-settings=\"{&quot;ekit_we_effect_on&quot;:&quot;none&quot;}\" data-widget_type=\"icon-box.default\">\n\t\t\t\t<div class=\"elementor-widget-container\">\n\t\t\t\t\t\t\t<div class=\"elementor-icon-box-wrapper\">\n\n\t\t\t\t\t\t<div class=\"elementor-icon-box-icon\">\n\t\t\t\t<a href=\"https:\/\/landercoll.com\/nb\/soknad\/maling-belegg\/teksturert-malingsadditiv\/\" target=\"_blank\" class=\"elementor-icon elementor-animation-wobble-horizontal\" tabindex=\"-1\" aria-label=\"Teksturert maling\">\n\t\t\t\t<svg aria-hidden=\"true\" class=\"e-font-icon-svg e-fas-arrow-right\" viewbox=\"0 0 448 512\" xmlns=\"http:\/\/www.w3.org\/2000\/svg\"><path d=\"M190.5 66.9l22.2-22.2c9.4-9.4 24.6-9.4 33.9 0L441 239c9.4 9.4 9.4 24.6 0 33.9L246.6 467.3c-9.4 9.4-24.6 9.4-33.9 0l-22.2-22.2c-9.5-9.5-9.3-25 .4-34.3L311.4 296H24c-13.3 0-24-10.7-24-24v-32c0-13.3 10.7-24 24-24h287.4L190.9 101.2c-9.8-9.3-10-24.8-.4-34.3z\"><\/path><\/svg>\t\t\t\t<\/a>\n\t\t\t<\/div>\n\t\t\t\n\t\t\t\t\t\t<div class=\"elementor-icon-box-content\">\n\n\t\t\t\t\t\t\t\t\t<h3 class=\"elementor-icon-box-title\">\n\t\t\t\t\t\t<a href=\"https:\/\/landercoll.com\/nb\/soknad\/maling-belegg\/teksturert-malingsadditiv\/\" target=\"_blank\" >\n\t\t\t\t\t\t\tTeksturert maling\t\t\t\t\t\t<\/a>\n\t\t\t\t\t<\/h3>\n\t\t\t\t\n\t\t\t\t\n\t\t\t<\/div>\n\t\t\t\n\t\t<\/div>\n\t\t\t\t\t\t<\/div>\n\t\t\t\t<\/div>\n\t\t\t\t<div class=\"elementor-element elementor-element-ea1d672 elementor-widget-divider--view-line elementor-widget elementor-widget-divider\" data-id=\"ea1d672\" data-element_type=\"widget\" data-e-type=\"widget\" data-settings=\"{&quot;ekit_we_effect_on&quot;:&quot;none&quot;}\" data-widget_type=\"divider.default\">\n\t\t\t\t<div class=\"elementor-widget-container\">\n\t\t\t\t\t\t\t<div class=\"elementor-divider\">\n\t\t\t<span class=\"elementor-divider-separator\">\n\t\t\t\t\t\t<\/span>\n\t\t<\/div>\n\t\t\t\t\t\t<\/div>\n\t\t\t\t<\/div>\n\t\t\t\t<div class=\"elementor-element elementor-element-0ab6951 elementor-widget elementor-widget-text-editor\" data-id=\"0ab6951\" data-element_type=\"widget\" data-e-type=\"widget\" data-settings=\"{&quot;ekit_we_effect_on&quot;:&quot;none&quot;}\" data-widget_type=\"text-editor.default\">\n\t\t\t\t<div class=\"elementor-widget-container\">\n\t\t\t\t\t\t\t\t\t<p>Landercoll\u00ae Cellulose Ether forbedrer viskositeten slik at den t\u00e5ler tunge fyllstoffer som sand eller glimmer, og sikrer at malingen opprettholder sin struktur uten \u00e5 synke under p\u00e5f\u00f8ring. Celluloseeter forbedrer vedheft og holdbarhet, og gj\u00f8r strukturmalingen mer motstandsdyktig mot v\u00e6r og vind, noe som gj\u00f8r den uunnv\u00e6rlig for b\u00e5de innvendige og utvendige dekorative belegg.<\/p>\t\t\t\t\t\t\t\t<\/div>\n\t\t\t\t<\/div>\n\t\t\t\t<div class=\"elementor-element elementor-element-22527e5 elementor-align-left elementor-widget elementor-widget-elementskit-button\" data-id=\"22527e5\" data-element_type=\"widget\" data-e-type=\"widget\" data-settings=\"{&quot;ekit_we_effect_on&quot;:&quot;none&quot;}\" data-widget_type=\"elementskit-button.default\">\n\t\t\t\t<div class=\"elementor-widget-container\">\n\t\t\t\t\t<div class=\"ekit-wid-con\" >\t\t<div class=\"ekit-btn-wraper\">\n\t\t\t\t\t\t\t<a href=\"https:\/\/landercoll.com\/nb\/soknad\/maling-belegg\/teksturert-malingsadditiv\/\" target=\"_blank\" class=\"elementskit-btn  whitespace--normal\" id=\"\">\n\t\t\t\t\tSe mer<i class=\"fasicon icon-arrow-right\"><\/i>\t\t\t\t<\/a>\n\t\t\t\t\t<\/div>\n        <\/div>\t\t\t\t<\/div>\n\t\t\t\t<\/div>\n\t\t\t\t<div class=\"elementor-element elementor-element-f32afe7 elementor-widget elementor-widget-image\" data-id=\"f32afe7\" data-element_type=\"widget\" data-e-type=\"widget\" data-settings=\"{&quot;ekit_we_effect_on&quot;:&quot;none&quot;}\" data-widget_type=\"image.default\">\n\t\t\t\t<div class=\"elementor-widget-container\">\n\t\t\t\t\t\t\t\t\t\t\t\t\t\t\t<img fetchpriority=\"high\" decoding=\"async\" width=\"800\" height=\"533\" src=\"https:\/\/landercoll.com\/wp-content\/uploads\/2024\/12\/woman-painting-interior-wall-with-paint-roller-1024x682.jpg\" class=\"attachment-large size-large wp-image-1836\" alt=\"Kvinne maler innvendig vegg med malerrulle\" srcset=\"https:\/\/landercoll.com\/wp-content\/uploads\/2024\/12\/woman-painting-interior-wall-with-paint-roller-1024x682.jpg 1024w, https:\/\/landercoll.com\/wp-content\/uploads\/2024\/12\/woman-painting-interior-wall-with-paint-roller-300x200.jpg 300w, https:\/\/landercoll.com\/wp-content\/uploads\/2024\/12\/woman-painting-interior-wall-with-paint-roller-768x512.jpg 768w, https:\/\/landercoll.com\/wp-content\/uploads\/2024\/12\/woman-painting-interior-wall-with-paint-roller-1536x1024.jpg 1536w, https:\/\/landercoll.com\/wp-content\/uploads\/2024\/12\/woman-painting-interior-wall-with-paint-roller-18x12.jpg 18w, https:\/\/landercoll.com\/wp-content\/uploads\/2024\/12\/woman-painting-interior-wall-with-paint-roller.jpg 2000w\" sizes=\"(max-width: 800px) 100vw, 800px\" \/>\t\t\t\t\t\t\t\t\t\t\t\t\t\t\t<\/div>\n\t\t\t\t<\/div>\n\t\t\t\t\t<\/div>\n\t\t<\/div>\n\t\t\t\t<div class=\"elementor-column elementor-col-33 elementor-inner-column elementor-element elementor-element-dc47007 elementor-invisible\" data-id=\"dc47007\" data-element_type=\"column\" data-e-type=\"column\" data-settings=\"{&quot;background_background&quot;:&quot;classic&quot;,&quot;animation&quot;:&quot;fadeIn&quot;}\">\n\t\t\t<div class=\"elementor-widget-wrap elementor-element-populated\">\n\t\t\t\t\t\t<div class=\"elementor-element elementor-element-3d93e1d elementor-position-inline-start elementor-view-default elementor-mobile-position-block-start elementor-widget elementor-widget-icon-box\" data-id=\"3d93e1d\" data-element_type=\"widget\" data-e-type=\"widget\" data-settings=\"{&quot;ekit_we_effect_on&quot;:&quot;none&quot;}\" data-widget_type=\"icon-box.default\">\n\t\t\t\t<div class=\"elementor-widget-container\">\n\t\t\t\t\t\t\t<div class=\"elementor-icon-box-wrapper\">\n\n\t\t\t\t\t\t<div class=\"elementor-icon-box-icon\">\n\t\t\t\t<a href=\"https:\/\/landercoll.com\/nb\/soknad\/maling-belegg\/emulsjonspolymerisasjon\/\" target=\"_blank\" class=\"elementor-icon elementor-animation-wobble-horizontal\" tabindex=\"-1\" aria-label=\"Emulsjonspolymerisering\">\n\t\t\t\t<svg aria-hidden=\"true\" class=\"e-font-icon-svg e-fas-arrow-right\" viewbox=\"0 0 448 512\" xmlns=\"http:\/\/www.w3.org\/2000\/svg\"><path d=\"M190.5 66.9l22.2-22.2c9.4-9.4 24.6-9.4 33.9 0L441 239c9.4 9.4 9.4 24.6 0 33.9L246.6 467.3c-9.4 9.4-24.6 9.4-33.9 0l-22.2-22.2c-9.5-9.5-9.3-25 .4-34.3L311.4 296H24c-13.3 0-24-10.7-24-24v-32c0-13.3 10.7-24 24-24h287.4L190.9 101.2c-9.8-9.3-10-24.8-.4-34.3z\"><\/path><\/svg>\t\t\t\t<\/a>\n\t\t\t<\/div>\n\t\t\t\n\t\t\t\t\t\t<div class=\"elementor-icon-box-content\">\n\n\t\t\t\t\t\t\t\t\t<h3 class=\"elementor-icon-box-title\">\n\t\t\t\t\t\t<a href=\"https:\/\/landercoll.com\/nb\/soknad\/maling-belegg\/emulsjonspolymerisasjon\/\" target=\"_blank\" >\n\t\t\t\t\t\t\tEmulsjonspolymerisering\t\t\t\t\t\t<\/a>\n\t\t\t\t\t<\/h3>\n\t\t\t\t\n\t\t\t\t\n\t\t\t<\/div>\n\t\t\t\n\t\t<\/div>\n\t\t\t\t\t\t<\/div>\n\t\t\t\t<\/div>\n\t\t\t\t<div class=\"elementor-element elementor-element-e811e21 elementor-widget-divider--view-line elementor-widget elementor-widget-divider\" data-id=\"e811e21\" data-element_type=\"widget\" data-e-type=\"widget\" data-settings=\"{&quot;ekit_we_effect_on&quot;:&quot;none&quot;}\" data-widget_type=\"divider.default\">\n\t\t\t\t<div class=\"elementor-widget-container\">\n\t\t\t\t\t\t\t<div class=\"elementor-divider\">\n\t\t\t<span class=\"elementor-divider-separator\">\n\t\t\t\t\t\t<\/span>\n\t\t<\/div>\n\t\t\t\t\t\t<\/div>\n\t\t\t\t<\/div>\n\t\t\t\t<div class=\"elementor-element elementor-element-f6c9364 elementor-widget elementor-widget-text-editor\" data-id=\"f6c9364\" data-element_type=\"widget\" data-e-type=\"widget\" data-settings=\"{&quot;ekit_we_effect_on&quot;:&quot;none&quot;}\" data-widget_type=\"text-editor.default\">\n\t\t\t\t<div class=\"elementor-widget-container\">\n\t\t\t\t\t\t\t\t\t<p>Landercoll\u00ae celluloseeter bidrar til \u00e5 kontrollere viskositeten, forbedre fordelingen av monomerer og stabilisere emulsjonssystemet, noe som forbedrer polymeriseringsprosessen. Celluloseeter bidrar ogs\u00e5 til bedre filmdannelse, vannretensjon og mekaniske egenskaper til den resulterende polymerlateksen.<\/p>\t\t\t\t\t\t\t\t<\/div>\n\t\t\t\t<\/div>\n\t\t\t\t<div class=\"elementor-element elementor-element-53c8c52 elementor-align-left elementor-widget elementor-widget-elementskit-button\" data-id=\"53c8c52\" data-element_type=\"widget\" data-e-type=\"widget\" data-settings=\"{&quot;ekit_we_effect_on&quot;:&quot;none&quot;}\" data-widget_type=\"elementskit-button.default\">\n\t\t\t\t<div class=\"elementor-widget-container\">\n\t\t\t\t\t<div class=\"ekit-wid-con\" >\t\t<div class=\"ekit-btn-wraper\">\n\t\t\t\t\t\t\t<a href=\"https:\/\/landercoll.com\/nb\/soknad\/maling-belegg\/emulsjonspolymerisasjon\/\" target=\"_blank\" class=\"elementskit-btn  whitespace--normal\" id=\"\">\n\t\t\t\t\tSe mer<i class=\"fasicon icon-arrow-right\"><\/i>\t\t\t\t<\/a>\n\t\t\t\t\t<\/div>\n        <\/div>\t\t\t\t<\/div>\n\t\t\t\t<\/div>\n\t\t\t\t<div class=\"elementor-element elementor-element-4a96c7f elementor-widget elementor-widget-image\" data-id=\"4a96c7f\" data-element_type=\"widget\" data-e-type=\"widget\" data-settings=\"{&quot;ekit_we_effect_on&quot;:&quot;none&quot;}\" data-widget_type=\"image.default\">\n\t\t\t\t<div class=\"elementor-widget-container\">\n\t\t\t\t\t\t\t\t\t\t\t\t\t\t\t<img loading=\"lazy\" decoding=\"async\" width=\"800\" height=\"450\" src=\"https:\/\/landercoll.com\/wp-content\/uploads\/2025\/01\/landu-Emulsion-vs-Suspension-Polymerization-1024x576.jpg\" class=\"attachment-large size-large wp-image-3550\" alt=\"landu-emulsjon-vs-suspensjon-polymerisering\" srcset=\"https:\/\/landercoll.com\/wp-content\/uploads\/2025\/01\/landu-Emulsion-vs-Suspension-Polymerization-1024x576.jpg 1024w, https:\/\/landercoll.com\/wp-content\/uploads\/2025\/01\/landu-Emulsion-vs-Suspension-Polymerization-300x169.jpg 300w, https:\/\/landercoll.com\/wp-content\/uploads\/2025\/01\/landu-Emulsion-vs-Suspension-Polymerization-768x432.jpg 768w, https:\/\/landercoll.com\/wp-content\/uploads\/2025\/01\/landu-Emulsion-vs-Suspension-Polymerization-18x10.jpg 18w, https:\/\/landercoll.com\/wp-content\/uploads\/2025\/01\/landu-Emulsion-vs-Suspension-Polymerization.jpg 1280w\" sizes=\"(max-width: 800px) 100vw, 800px\" \/>\t\t\t\t\t\t\t\t\t\t\t\t\t\t\t<\/div>\n\t\t\t\t<\/div>\n\t\t\t\t\t<\/div>\n\t\t<\/div>\n\t\t\t\t<div class=\"elementor-column elementor-col-33 elementor-inner-column elementor-element elementor-element-700b10d elementor-invisible\" data-id=\"700b10d\" data-element_type=\"column\" data-e-type=\"column\" data-settings=\"{&quot;background_background&quot;:&quot;classic&quot;,&quot;animation&quot;:&quot;fadeIn&quot;}\">\n\t\t\t<div class=\"elementor-widget-wrap elementor-element-populated\">\n\t\t\t\t\t\t<div class=\"elementor-element elementor-element-e8fd2ad elementor-position-inline-start elementor-view-default elementor-mobile-position-block-start elementor-widget elementor-widget-icon-box\" data-id=\"e8fd2ad\" data-element_type=\"widget\" data-e-type=\"widget\" data-settings=\"{&quot;ekit_we_effect_on&quot;:&quot;none&quot;}\" data-widget_type=\"icon-box.default\">\n\t\t\t\t<div class=\"elementor-widget-container\">\n\t\t\t\t\t\t\t<div class=\"elementor-icon-box-wrapper\">\n\n\t\t\t\t\t\t<div class=\"elementor-icon-box-icon\">\n\t\t\t\t<a href=\"https:\/\/landercoll.com\/nb\/soknad\/maling-belegg\/emulsjonsmaling\/\" target=\"_blank\" class=\"elementor-icon elementor-animation-wobble-horizontal\" tabindex=\"-1\" aria-label=\"Emulsjonsmaling\">\n\t\t\t\t<svg aria-hidden=\"true\" class=\"e-font-icon-svg e-fas-arrow-right\" viewbox=\"0 0 448 512\" xmlns=\"http:\/\/www.w3.org\/2000\/svg\"><path d=\"M190.5 66.9l22.2-22.2c9.4-9.4 24.6-9.4 33.9 0L441 239c9.4 9.4 9.4 24.6 0 33.9L246.6 467.3c-9.4 9.4-24.6 9.4-33.9 0l-22.2-22.2c-9.5-9.5-9.3-25 .4-34.3L311.4 296H24c-13.3 0-24-10.7-24-24v-32c0-13.3 10.7-24 24-24h287.4L190.9 101.2c-9.8-9.3-10-24.8-.4-34.3z\"><\/path><\/svg>\t\t\t\t<\/a>\n\t\t\t<\/div>\n\t\t\t\n\t\t\t\t\t\t<div class=\"elementor-icon-box-content\">\n\n\t\t\t\t\t\t\t\t\t<h3 class=\"elementor-icon-box-title\">\n\t\t\t\t\t\t<a href=\"https:\/\/landercoll.com\/nb\/soknad\/maling-belegg\/emulsjonsmaling\/\" target=\"_blank\" >\n\t\t\t\t\t\t\tEmulsjonsmaling\t\t\t\t\t\t<\/a>\n\t\t\t\t\t<\/h3>\n\t\t\t\t\n\t\t\t\t\n\t\t\t<\/div>\n\t\t\t\n\t\t<\/div>\n\t\t\t\t\t\t<\/div>\n\t\t\t\t<\/div>\n\t\t\t\t<div class=\"elementor-element elementor-element-7f7e87c elementor-widget-divider--view-line elementor-widget elementor-widget-divider\" data-id=\"7f7e87c\" data-element_type=\"widget\" data-e-type=\"widget\" data-settings=\"{&quot;ekit_we_effect_on&quot;:&quot;none&quot;}\" data-widget_type=\"divider.default\">\n\t\t\t\t<div class=\"elementor-widget-container\">\n\t\t\t\t\t\t\t<div class=\"elementor-divider\">\n\t\t\t<span class=\"elementor-divider-separator\">\n\t\t\t\t\t\t<\/span>\n\t\t<\/div>\n\t\t\t\t\t\t<\/div>\n\t\t\t\t<\/div>\n\t\t\t\t<div class=\"elementor-element elementor-element-7f7dfbd elementor-widget elementor-widget-text-editor\" data-id=\"7f7dfbd\" data-element_type=\"widget\" data-e-type=\"widget\" data-settings=\"{&quot;ekit_we_effect_on&quot;:&quot;none&quot;}\" data-widget_type=\"text-editor.default\">\n\t\t\t\t<div class=\"elementor-widget-container\">\n\t\t\t\t\t\t\t\t\t<p>Landercoll\u00ae celluloseeters\u00a0<strong>vannretensjon<\/strong> Celluloseeter reduserer t\u00f8rketiden og forbedrer arbeidsegenskapene - spesielt ved p\u00e5f\u00f8ring med pensel eller rulle - samtidig som penselmerker og overlappingslinjer reduseres. Som et beskyttende kolloid stabiliserer celluloseeter emulsjonssystemet, forhindrer koagulering og forbedrer filmdannelsen for jevnere overflater.<\/p>\t\t\t\t\t\t\t\t<\/div>\n\t\t\t\t<\/div>\n\t\t\t\t<div class=\"elementor-element elementor-element-60e43c1 elementor-align-left elementor-widget elementor-widget-elementskit-button\" data-id=\"60e43c1\" data-element_type=\"widget\" data-e-type=\"widget\" data-settings=\"{&quot;ekit_we_effect_on&quot;:&quot;none&quot;}\" data-widget_type=\"elementskit-button.default\">\n\t\t\t\t<div class=\"elementor-widget-container\">\n\t\t\t\t\t<div class=\"ekit-wid-con\" >\t\t<div class=\"ekit-btn-wraper\">\n\t\t\t\t\t\t\t<a href=\"https:\/\/landercoll.com\/nb\/soknad\/maling-belegg\/emulsjonsmaling\/\" target=\"_blank\" class=\"elementskit-btn  whitespace--normal\" id=\"\">\n\t\t\t\t\tSe mer<i class=\"fasicon icon-arrow-right\"><\/i>\t\t\t\t<\/a>\n\t\t\t\t\t<\/div>\n        <\/div>\t\t\t\t<\/div>\n\t\t\t\t<\/div>\n\t\t\t\t<div class=\"elementor-element elementor-element-467d3b0 elementor-widget elementor-widget-image\" data-id=\"467d3b0\" data-element_type=\"widget\" data-e-type=\"widget\" data-settings=\"{&quot;ekit_we_effect_on&quot;:&quot;none&quot;}\" data-widget_type=\"image.default\">\n\t\t\t\t<div class=\"elementor-widget-container\">\n\t\t\t\t\t\t\t\t\t\t\t\t\t\t\t<img loading=\"lazy\" decoding=\"async\" width=\"800\" height=\"533\" src=\"https:\/\/landercoll.com\/wp-content\/uploads\/2024\/12\/skilled-worker-mixes-epoxy-resin-paint-1024x682.jpg\" class=\"attachment-large size-large wp-image-1839\" alt=\"Fagarbeider blander epoksyharpiksmaling\" srcset=\"https:\/\/landercoll.com\/wp-content\/uploads\/2024\/12\/skilled-worker-mixes-epoxy-resin-paint-1024x682.jpg 1024w, https:\/\/landercoll.com\/wp-content\/uploads\/2024\/12\/skilled-worker-mixes-epoxy-resin-paint-300x200.jpg 300w, https:\/\/landercoll.com\/wp-content\/uploads\/2024\/12\/skilled-worker-mixes-epoxy-resin-paint-768x512.jpg 768w, https:\/\/landercoll.com\/wp-content\/uploads\/2024\/12\/skilled-worker-mixes-epoxy-resin-paint-1536x1024.jpg 1536w, https:\/\/landercoll.com\/wp-content\/uploads\/2024\/12\/skilled-worker-mixes-epoxy-resin-paint-18x12.jpg 18w, https:\/\/landercoll.com\/wp-content\/uploads\/2024\/12\/skilled-worker-mixes-epoxy-resin-paint.jpg 2000w\" sizes=\"(max-width: 800px) 100vw, 800px\" \/>\t\t\t\t\t\t\t\t\t\t\t\t\t\t\t<\/div>\n\t\t\t\t<\/div>\n\t\t\t\t\t<\/div>\n\t\t<\/div>\n\t\t\t\t\t<\/div>\n\t\t<\/section>\n\t\t\t\t\t<\/div>\n\t\t<\/div>\n\t\t\t\t\t<\/div>\n\t\t<\/section>\n\t\t\t\t<\/div>","protected":false},"excerpt":{"rendered":"<p>Markedene vi betjener Innend\u00f8rs malinger Utend\u00f8rs malinger Silikonharpiksbaserte malinger Malinger og belegg Strukturert maling Landercoll\u00ae celluloseether forbedrer viskositeten for \u00e5 st\u00f8tte tyngre fyllstoffer som sand eller mica, og sikrer at malingen opprettholder sin strukturerte overflate uten \u00e5 sige under p\u00e5f\u00f8ring. Ved \u00e5 forbedre vedheft og holdbarhet gj\u00f8r celluloseether strukturert maling mer motstandsdyktig mot v\u00e6rp\u00e5virkning, noe som gj\u00f8r det viktig for b\u00e5de [\u2026]<\/p>","protected":false},"author":1,"featured_media":0,"parent":437,"menu_order":0,"comment_status":"closed","ping_status":"closed","template":"elementor_header_footer","meta":{"footnotes":""},"class_list":["post-1884","page","type-page","status-publish","hentry"],"_links":{"self":[{"href":"https:\/\/landercoll.com\/nb\/wp-json\/wp\/v2\/pages\/1884","targetHints":{"allow":["GET"]}}],"collection":[{"href":"https:\/\/landercoll.com\/nb\/wp-json\/wp\/v2\/pages"}],"about":[{"href":"https:\/\/landercoll.com\/nb\/wp-json\/wp\/v2\/types\/page"}],"author":[{"embeddable":true,"href":"https:\/\/landercoll.com\/nb\/wp-json\/wp\/v2\/users\/1"}],"replies":[{"embeddable":true,"href":"https:\/\/landercoll.com\/nb\/wp-json\/wp\/v2\/comments?post=1884"}],"version-history":[{"count":26,"href":"https:\/\/landercoll.com\/nb\/wp-json\/wp\/v2\/pages\/1884\/revisions"}],"predecessor-version":[{"id":10693,"href":"https:\/\/landercoll.com\/nb\/wp-json\/wp\/v2\/pages\/1884\/revisions\/10693"}],"up":[{"embeddable":true,"href":"https:\/\/landercoll.com\/nb\/wp-json\/wp\/v2\/pages\/437"}],"wp:attachment":[{"href":"https:\/\/landercoll.com\/nb\/wp-json\/wp\/v2\/media?parent=1884"}],"curies":[{"name":"wp","href":"https:\/\/api.w.org\/{rel}","templated":true}]}}