{"id":9318,"date":"2025-05-07T02:45:50","date_gmt":"2025-05-07T02:45:50","guid":{"rendered":"https:\/\/landercoll.com\/?page_id=9318"},"modified":"2025-09-02T03:01:19","modified_gmt":"2025-09-02T03:01:19","slug":"aciu","status":"publish","type":"page","link":"https:\/\/landercoll.com\/lt\/aciu\/","title":{"rendered":"a\u010di\u016b"},"content":{"rendered":"<div data-elementor-type=\"wp-page\" data-elementor-id=\"9318\" class=\"elementor elementor-9318\" data-elementor-post-type=\"page\">\n\t\t\t\t\t\t<section class=\"elementor-section elementor-top-section elementor-element elementor-element-9243a8d elementor-section-height-min-height elementor-section-boxed elementor-section-height-default elementor-section-items-middle\" data-id=\"9243a8d\" data-element_type=\"section\" data-e-type=\"section\" data-settings=\"{&quot;background_background&quot;:&quot;classic&quot;,&quot;ekit_has_onepagescroll_dot&quot;:&quot;yes&quot;}\">\n\t\t\t\t\t\t\t<div class=\"elementor-background-overlay\"><\/div>\n\t\t\t\t\t\t\t<div class=\"elementor-container elementor-column-gap-default\">\n\t\t\t\t\t<div class=\"elementor-column elementor-col-100 elementor-top-column elementor-element elementor-element-8722155\" data-id=\"8722155\" data-element_type=\"column\" data-e-type=\"column\">\n\t\t\t<div class=\"elementor-widget-wrap elementor-element-populated\">\n\t\t\t\t\t\t<div class=\"elementor-element elementor-element-37230c5 elementor-widget elementor-widget-heading\" data-id=\"37230c5\" data-element_type=\"widget\" data-e-type=\"widget\" data-settings=\"{&quot;ekit_we_effect_on&quot;:&quot;none&quot;}\" data-widget_type=\"heading.default\">\n\t\t\t\t<div class=\"elementor-widget-container\">\n\t\t\t\t\t<h1 class=\"elementor-heading-title elementor-size-default\">D\u0117kojame u\u017e \u017einut\u0119<\/h1>\t\t\t\t<\/div>\n\t\t\t\t<\/div>\n\t\t\t\t<div class=\"elementor-element elementor-element-aa339bd elementor-widget__width-initial elementor-widget elementor-widget-text-editor\" data-id=\"aa339bd\" data-element_type=\"widget\" data-e-type=\"widget\" data-settings=\"{&quot;ekit_we_effect_on&quot;:&quot;none&quot;}\" data-widget_type=\"text-editor.default\">\n\t\t\t\t<div class=\"elementor-widget-container\">\n\t\t\t\t\t\t\t\t\t<p>Gavome j\u016bs\u0173 el. lai\u0161k\u0105 ir pra\u0161ym\u0105. M\u016bs\u0173 komanda netrukus su jumis susisieks. A\u010di\u016b u\u017e pasitik\u0117jim\u0105.<\/p>\t\t\t\t\t\t\t\t<\/div>\n\t\t\t\t<\/div>\n\t\t\t\t<div class=\"elementor-element elementor-element-57b966e elementor-align-center elementor-widget elementor-widget-button\" data-id=\"57b966e\" data-element_type=\"widget\" data-e-type=\"widget\" data-settings=\"{&quot;ekit_we_effect_on&quot;:&quot;none&quot;}\" data-widget_type=\"button.default\">\n\t\t\t\t<div class=\"elementor-widget-container\">\n\t\t\t\t\t\t\t\t\t<div class=\"elementor-button-wrapper\">\n\t\t\t\t\t<a class=\"elementor-button elementor-button-link elementor-size-sm\" href=\"http:\/\/landercoll.com\/lt\/\">\n\t\t\t\t\t\t<span class=\"elementor-button-content-wrapper\">\n\t\t\t\t\t\t\t\t\t<span class=\"elementor-button-text\">Gr\u012f\u017eti \u012f Prad\u017ei\u0105<\/span>\n\t\t\t\t\t<\/span>\n\t\t\t\t\t<\/a>\n\t\t\t\t<\/div>\n\t\t\t\t\t\t\t\t<\/div>\n\t\t\t\t<\/div>\n\t\t\t\t\t<\/div>\n\t\t<\/div>\n\t\t\t\t\t<\/div>\n\t\t<\/section>\n\t\t\t\t<\/div>","protected":false},"excerpt":{"rendered":"<p>A\u010di\u016b u\u017e j\u016bs\u0173 \u017einut\u0119. Mes gavome j\u016bs\u0173 el. lai\u0161k\u0105 ir u\u017eklaus\u0105. M\u016bs\u0173 komanda su jumis susisieks netrukus. D\u0117kojame u\u017e j\u016bs\u0173 pasitik\u0117jim\u0105. Gr\u012f\u017eti \u012f Prad\u017eia<\/p>","protected":false},"author":1,"featured_media":0,"parent":0,"menu_order":0,"comment_status":"closed","ping_status":"closed","template":"elementor_header_footer","meta":{"footnotes":""},"class_list":["post-9318","page","type-page","status-publish","hentry"],"_links":{"self":[{"href":"https:\/\/landercoll.com\/lt\/wp-json\/wp\/v2\/pages\/9318","targetHints":{"allow":["GET"]}}],"collection":[{"href":"https:\/\/landercoll.com\/lt\/wp-json\/wp\/v2\/pages"}],"about":[{"href":"https:\/\/landercoll.com\/lt\/wp-json\/wp\/v2\/types\/page"}],"author":[{"embeddable":true,"href":"https:\/\/landercoll.com\/lt\/wp-json\/wp\/v2\/users\/1"}],"replies":[{"embeddable":true,"href":"https:\/\/landercoll.com\/lt\/wp-json\/wp\/v2\/comments?post=9318"}],"version-history":[{"count":29,"href":"https:\/\/landercoll.com\/lt\/wp-json\/wp\/v2\/pages\/9318\/revisions"}],"predecessor-version":[{"id":11037,"href":"https:\/\/landercoll.com\/lt\/wp-json\/wp\/v2\/pages\/9318\/revisions\/11037"}],"wp:attachment":[{"href":"https:\/\/landercoll.com\/lt\/wp-json\/wp\/v2\/media?parent=9318"}],"curies":[{"name":"wp","href":"https:\/\/api.w.org\/{rel}","templated":true}]}}