{"id":3836,"date":"2025-01-11T08:09:38","date_gmt":"2025-01-11T08:09:38","guid":{"rendered":"https:\/\/landercoll.com\/?page_id=3836"},"modified":"2025-08-29T08:40:56","modified_gmt":"2025-08-29T08:40:56","slug":"pagalbines-farmacines-medziagos","status":"publish","type":"page","link":"https:\/\/landercoll.com\/lt\/paraiska\/farmacijos-produktai\/pagalbines-farmacines-medziagos\/","title":{"rendered":"pagalbin\u0117s farmacin\u0117s med\u017eiagos"},"content":{"rendered":"<div data-elementor-type=\"wp-page\" data-elementor-id=\"3836\" class=\"elementor elementor-3836\" data-elementor-post-type=\"page\">\n\t\t\t\t\t\t<section class=\"elementor-section elementor-top-section elementor-element elementor-element-48a3887f elementor-section-boxed elementor-section-height-default elementor-section-height-default\" data-id=\"48a3887f\" data-element_type=\"section\" data-e-type=\"section\" data-settings=\"{&quot;background_background&quot;:&quot;classic&quot;,&quot;ekit_has_onepagescroll_dot&quot;:&quot;yes&quot;}\">\n\t\t\t\t\t\t\t<div class=\"elementor-background-overlay\"><\/div>\n\t\t\t\t\t\t\t<div class=\"elementor-container elementor-column-gap-default\">\n\t\t\t\t\t<div class=\"elementor-column elementor-col-100 elementor-top-column elementor-element elementor-element-13ef2334\" data-id=\"13ef2334\" data-element_type=\"column\" data-e-type=\"column\">\n\t\t\t<div class=\"elementor-widget-wrap elementor-element-populated\">\n\t\t\t\t\t\t<section class=\"elementor-section elementor-inner-section elementor-element elementor-element-343150a7 elementor-section-boxed elementor-section-height-default elementor-section-height-default\" data-id=\"343150a7\" data-element_type=\"section\" data-e-type=\"section\" data-settings=\"{&quot;ekit_has_onepagescroll_dot&quot;:&quot;yes&quot;}\">\n\t\t\t\t\t\t<div class=\"elementor-container elementor-column-gap-default\">\n\t\t\t\t\t<div class=\"elementor-column elementor-col-100 elementor-inner-column elementor-element elementor-element-52444c44\" data-id=\"52444c44\" data-element_type=\"column\" data-e-type=\"column\">\n\t\t\t<div class=\"elementor-widget-wrap elementor-element-populated\">\n\t\t\t\t\t\t<div class=\"elementor-element elementor-element-3d393345 elementor-widget elementor-widget-heading\" data-id=\"3d393345\" data-element_type=\"widget\" data-e-type=\"widget\" data-settings=\"{&quot;ekit_we_effect_on&quot;:&quot;none&quot;}\" data-widget_type=\"heading.default\">\n\t\t\t\t<div class=\"elementor-widget-container\">\n\t\t\t\t\t<h1 class=\"elementor-heading-title elementor-size-default\">Pagalbin\u0117s med\u017eiagos<\/h1>\t\t\t\t<\/div>\n\t\t\t\t<\/div>\n\t\t\t\t\t<\/div>\n\t\t<\/div>\n\t\t\t\t\t<\/div>\n\t\t<\/section>\n\t\t\t\t\t<\/div>\n\t\t<\/div>\n\t\t\t\t\t<\/div>\n\t\t<\/section>\n\t\t\t\t<section class=\"elementor-section elementor-top-section elementor-element elementor-element-4796df5d elementor-section-boxed elementor-section-height-default elementor-section-height-default\" data-id=\"4796df5d\" data-element_type=\"section\" data-e-type=\"section\" data-settings=\"{&quot;ekit_has_onepagescroll_dot&quot;:&quot;yes&quot;}\">\n\t\t\t\t\t\t<div class=\"elementor-container elementor-column-gap-default\">\n\t\t\t\t\t<div class=\"elementor-column elementor-col-50 elementor-top-column elementor-element elementor-element-4ec135c9\" data-id=\"4ec135c9\" data-element_type=\"column\" data-e-type=\"column\">\n\t\t\t<div class=\"elementor-widget-wrap elementor-element-populated\">\n\t\t\t\t\t\t<div class=\"elementor-element elementor-element-0b08d60 elementor-widget elementor-widget-image\" data-id=\"0b08d60\" data-element_type=\"widget\" data-e-type=\"widget\" data-settings=\"{&quot;ekit_we_effect_on&quot;:&quot;none&quot;}\" data-widget_type=\"image.default\">\n\t\t\t\t<div class=\"elementor-widget-container\">\n\t\t\t\t\t\t\t\t\t\t\t\t\t\t\t<img fetchpriority=\"high\" decoding=\"async\" width=\"800\" height=\"533\" src=\"https:\/\/landercoll.com\/wp-content\/uploads\/2025\/01\/capsule-pills-background-1024x682.jpg\" class=\"attachment-large size-large wp-image-3867\" alt=\"Kapsulini\u0173 table\u010di\u0173 fonas\" srcset=\"https:\/\/landercoll.com\/wp-content\/uploads\/2025\/01\/capsule-pills-background-1024x682.jpg 1024w, https:\/\/landercoll.com\/wp-content\/uploads\/2025\/01\/capsule-pills-background-300x200.jpg 300w, https:\/\/landercoll.com\/wp-content\/uploads\/2025\/01\/capsule-pills-background-768x512.jpg 768w, https:\/\/landercoll.com\/wp-content\/uploads\/2025\/01\/capsule-pills-background-1536x1024.jpg 1536w, https:\/\/landercoll.com\/wp-content\/uploads\/2025\/01\/capsule-pills-background-18x12.jpg 18w, https:\/\/landercoll.com\/wp-content\/uploads\/2025\/01\/capsule-pills-background.jpg 2000w\" sizes=\"(max-width: 800px) 100vw, 800px\" \/>\t\t\t\t\t\t\t\t\t\t\t\t\t\t\t<\/div>\n\t\t\t\t<\/div>\n\t\t\t\t\t<\/div>\n\t\t<\/div>\n\t\t\t\t<div class=\"elementor-column elementor-col-50 elementor-top-column elementor-element elementor-element-266c95be\" data-id=\"266c95be\" data-element_type=\"column\" data-e-type=\"column\">\n\t\t\t<div class=\"elementor-widget-wrap elementor-element-populated\">\n\t\t\t\t\t\t<div class=\"elementor-element elementor-element-62b18ac elementor-invisible elementor-widget elementor-widget-heading\" data-id=\"62b18ac\" data-element_type=\"widget\" data-e-type=\"widget\" data-settings=\"{&quot;_animation&quot;:&quot;fadeInUp&quot;,&quot;ekit_we_effect_on&quot;:&quot;none&quot;}\" data-widget_type=\"heading.default\">\n\t\t\t\t<div class=\"elementor-widget-container\">\n\t\t\t\t\t<h2 class=\"elementor-heading-title elementor-size-default\">LANDERCOLL Kinijos celiulioz\u0117s eterio gamintojas<\/h2>\t\t\t\t<\/div>\n\t\t\t\t<\/div>\n\t\t\t\t<div class=\"elementor-element elementor-element-3ed6536a elementor-invisible elementor-widget elementor-widget-heading\" data-id=\"3ed6536a\" data-element_type=\"widget\" data-e-type=\"widget\" data-settings=\"{&quot;_animation&quot;:&quot;fadeInUp&quot;,&quot;_animation_delay&quot;:200,&quot;ekit_we_effect_on&quot;:&quot;none&quot;}\" data-widget_type=\"heading.default\">\n\t\t\t\t<div class=\"elementor-widget-container\">\n\t\t\t\t\t<h2 class=\"elementor-heading-title elementor-size-default\">Pagalbin\u0117s med\u017eiagos<\/h2>\t\t\t\t<\/div>\n\t\t\t\t<\/div>\n\t\t\t\t<div class=\"elementor-element elementor-element-80fabd3 elementor-widget elementor-widget-text-editor\" data-id=\"80fabd3\" data-element_type=\"widget\" data-e-type=\"widget\" data-settings=\"{&quot;ekit_we_effect_on&quot;:&quot;none&quot;}\" data-widget_type=\"text-editor.default\">\n\t\t\t\t<div class=\"elementor-widget-container\">\n\t\t\t\t\t\t\t\t\t<p><span style=\"color: #808080;\"><a style=\"color: #808080;\" href=\"https:\/\/landercoll.com\/lt\/celiuliozes-eteris\/hidroksipropilmetilceliulioze-hpmc\/\" target=\"_blank\" rel=\"noopener\">Hidroksipropilmetilceliulioz\u0117 (HPMC)<\/a>i\u0161 nat\u016bralios celiulioz\u0117s gaunama farmacin\u0117 pagalbin\u0117 med\u017eiaga gali b\u016bti pla\u010diai naudojama geriam\u0173j\u0173 ilgai i\u0161siskirian\u010di\u0173 vaist\u0173 matric\u0173 sistemose. Ji yra metaboli\u0161kai inerti\u0161ka, t. y. \u017emogaus organizmas jos neabsorbuoja ir nesintetina. Daugyb\u0117 tyrim\u0173 rodo, kad HPMC yra saugus naudoti \u017emon\u0117ms.<\/span><\/p>\t\t\t\t\t\t\t\t<\/div>\n\t\t\t\t<\/div>\n\t\t\t\t<div class=\"elementor-element elementor-element-636a657a elementor-widget elementor-widget-button\" data-id=\"636a657a\" data-element_type=\"widget\" data-e-type=\"widget\" data-settings=\"{&quot;ekit_we_effect_on&quot;:&quot;none&quot;}\" data-widget_type=\"button.default\">\n\t\t\t\t<div class=\"elementor-widget-container\">\n\t\t\t\t\t\t\t\t\t<div class=\"elementor-button-wrapper\">\n\t\t\t\t\t<a class=\"elementor-button elementor-button-link elementor-size-sm elementor-animation-skew\" href=\"#elementor-action%3Aaction%3Dpopup%3Aopen%26settings%3DeyJpZCI6IjgwNCIsInRvZ2dsZSI6ZmFsc2V9\">\n\t\t\t\t\t\t<span class=\"elementor-button-content-wrapper\">\n\t\t\t\t\t\t<span class=\"elementor-button-icon\">\n\t\t\t\t<i aria-hidden=\"true\" class=\"icon icon-arrow-right\"><\/i>\t\t\t<\/span>\n\t\t\t\t\t\t\t\t\t<span class=\"elementor-button-text\">Si\u0173sti u\u017eklaus\u0105<\/span>\n\t\t\t\t\t<\/span>\n\t\t\t\t\t<\/a>\n\t\t\t\t<\/div>\n\t\t\t\t\t\t\t\t<\/div>\n\t\t\t\t<\/div>\n\t\t\t\t\t<\/div>\n\t\t<\/div>\n\t\t\t\t\t<\/div>\n\t\t<\/section>\n\t\t\t\t<section class=\"elementor-section elementor-top-section elementor-element elementor-element-b3f3e91 elementor-section-boxed elementor-section-height-default elementor-section-height-default\" data-id=\"b3f3e91\" data-element_type=\"section\" data-e-type=\"section\" data-settings=\"{&quot;background_background&quot;:&quot;classic&quot;,&quot;ekit_has_onepagescroll_dot&quot;:&quot;yes&quot;}\">\n\t\t\t\t\t\t<div class=\"elementor-container elementor-column-gap-no\">\n\t\t\t\t\t<div class=\"elementor-column elementor-col-100 elementor-top-column elementor-element elementor-element-7e80b24\" data-id=\"7e80b24\" data-element_type=\"column\" data-e-type=\"column\">\n\t\t\t<div class=\"elementor-widget-wrap elementor-element-populated\">\n\t\t\t\t\t\t<section class=\"elementor-section elementor-inner-section elementor-element elementor-element-1250a1b elementor-section-content-bottom elementor-section-boxed elementor-section-height-default elementor-section-height-default\" data-id=\"1250a1b\" data-element_type=\"section\" data-e-type=\"section\" data-settings=\"{&quot;ekit_has_onepagescroll_dot&quot;:&quot;yes&quot;}\">\n\t\t\t\t\t\t<div class=\"elementor-container elementor-column-gap-default\">\n\t\t\t\t\t<div class=\"elementor-column elementor-col-100 elementor-inner-column elementor-element elementor-element-9aa441e\" data-id=\"9aa441e\" data-element_type=\"column\" data-e-type=\"column\">\n\t\t\t<div class=\"elementor-widget-wrap elementor-element-populated\">\n\t\t\t\t\t\t<div class=\"elementor-element elementor-element-41ab579 elementor-invisible elementor-widget elementor-widget-heading\" data-id=\"41ab579\" data-element_type=\"widget\" data-e-type=\"widget\" data-settings=\"{&quot;_animation&quot;:&quot;fadeInUp&quot;,&quot;ekit_we_effect_on&quot;:&quot;none&quot;}\" data-widget_type=\"heading.default\">\n\t\t\t\t<div class=\"elementor-widget-container\">\n\t\t\t\t\t<h3 class=\"elementor-heading-title elementor-size-default\">LANDERCOLL Kinijos celiulioz\u0117s eterio gamintojas<\/h3>\t\t\t\t<\/div>\n\t\t\t\t<\/div>\n\t\t\t\t<div class=\"elementor-element elementor-element-9045fc9 elementor-widget elementor-widget-heading\" data-id=\"9045fc9\" data-element_type=\"widget\" data-e-type=\"widget\" data-settings=\"{&quot;ekit_we_effect_on&quot;:&quot;none&quot;}\" data-widget_type=\"heading.default\">\n\t\t\t\t<div class=\"elementor-widget-container\">\n\t\t\t\t\t<h2 class=\"elementor-heading-title elementor-size-default\">Kod\u0117l verta rinktis HPMC (hidroksipropilmetilceliulioz\u0119) kaip pagalbines med\u017eiagas farmacijoje<\/h2>\t\t\t\t<\/div>\n\t\t\t\t<\/div>\n\t\t\t\t\t<\/div>\n\t\t<\/div>\n\t\t\t\t\t<\/div>\n\t\t<\/section>\n\t\t\t\t<div class=\"elementor-element elementor-element-699a3d7 elementor-widget-divider--view-line elementor-widget elementor-widget-divider\" data-id=\"699a3d7\" data-element_type=\"widget\" data-e-type=\"widget\" data-settings=\"{&quot;ekit_we_effect_on&quot;:&quot;none&quot;}\" data-widget_type=\"divider.default\">\n\t\t\t\t<div class=\"elementor-widget-container\">\n\t\t\t\t\t\t\t<div class=\"elementor-divider\">\n\t\t\t<span class=\"elementor-divider-separator\">\n\t\t\t\t\t\t<\/span>\n\t\t<\/div>\n\t\t\t\t\t\t<\/div>\n\t\t\t\t<\/div>\n\t\t\t\t\t<\/div>\n\t\t<\/div>\n\t\t\t\t\t<\/div>\n\t\t<\/section>\n\t\t<div class=\"elementor-element elementor-element-89d73b0 e-flex e-con-boxed e-con e-parent\" data-id=\"89d73b0\" data-element_type=\"container\" data-e-type=\"container\" data-settings=\"{&quot;ekit_has_onepagescroll_dot&quot;:&quot;yes&quot;}\">\n\t\t\t\t\t<div class=\"e-con-inner\">\n\t\t<div class=\"elementor-element elementor-element-fb3f40a e-con-full e-flex e-con e-child\" data-id=\"fb3f40a\" data-element_type=\"container\" data-e-type=\"container\" data-settings=\"{&quot;ekit_has_onepagescroll_dot&quot;:&quot;yes&quot;}\">\n\t\t<div class=\"elementor-element elementor-element-0c75493 e-con-full e-flex e-con e-child\" data-id=\"0c75493\" data-element_type=\"container\" data-e-type=\"container\" data-settings=\"{&quot;ekit_has_onepagescroll_dot&quot;:&quot;yes&quot;}\">\n\t\t\t\t<div class=\"elementor-element elementor-element-f90dba7 elementor-position-inline-start elementor-view-default elementor-mobile-position-block-start elementor-widget elementor-widget-icon-box\" data-id=\"f90dba7\" data-element_type=\"widget\" data-e-type=\"widget\" data-settings=\"{&quot;ekit_we_effect_on&quot;:&quot;none&quot;}\" data-widget_type=\"icon-box.default\">\n\t\t\t\t<div class=\"elementor-widget-container\">\n\t\t\t\t\t\t\t<div class=\"elementor-icon-box-wrapper\">\n\n\t\t\t\t\t\t<div class=\"elementor-icon-box-icon\">\n\t\t\t\t<span  class=\"elementor-icon\">\n\t\t\t\t<svg aria-hidden=\"true\" class=\"e-font-icon-svg e-fas-check-circle\" viewbox=\"0 0 512 512\" xmlns=\"http:\/\/www.w3.org\/2000\/svg\"><path d=\"M504 256c0 136.967-111.033 248-248 248S8 392.967 8 256 119.033 8 256 8s248 111.033 248 248zM227.314 387.314l184-184c6.248-6.248 6.248-16.379 0-22.627l-22.627-22.627c-6.248-6.249-16.379-6.249-22.628 0L216 308.118l-70.059-70.059c-6.248-6.248-16.379-6.248-22.628 0l-22.627 22.627c-6.248 6.248-6.248 16.379 0 22.627l104 104c6.249 6.249 16.379 6.249 22.628.001z\"><\/path><\/svg>\t\t\t\t<\/span>\n\t\t\t<\/div>\n\t\t\t\n\t\t\t\t\t\t<div class=\"elementor-icon-box-content\">\n\n\t\t\t\t\t\t\t\t\t<h3 class=\"elementor-icon-box-title\">\n\t\t\t\t\t\t<span  >\n\t\t\t\t\t\t\t Vaist\u0173 pristatymas per burn\u0105 ir burnos ertm\u0119\t\t\t\t\t\t<\/span>\n\t\t\t\t\t<\/h3>\n\t\t\t\t\n\t\t\t\t\n\t\t\t<\/div>\n\t\t\t\n\t\t<\/div>\n\t\t\t\t\t\t<\/div>\n\t\t\t\t<\/div>\n\t\t\t\t<div class=\"elementor-element elementor-element-5cd23d5 elementor-widget elementor-widget-text-editor\" data-id=\"5cd23d5\" data-element_type=\"widget\" data-e-type=\"widget\" data-settings=\"{&quot;ekit_we_effect_on&quot;:&quot;none&quot;}\" data-widget_type=\"text-editor.default\">\n\t\t\t\t<div class=\"elementor-widget-container\">\n\t\t\t\t\t\t\t\t\t<ul class=\"mm-editor-clipboard\" data-type=\"outline\" data-json=\"%7B%22type%22%3A%22nodes%22%2C%22data%22%3A%5B%7B%22id%22%3A%22Sn4baSsT8G%22%2C%22modified%22%3A1735872136661%2C%22text%22%3A%22%3Cspan%3EHPMC%20can%20form%20a%20fast%20and%20uniform%20gel%20to%20protect%20the%20matrices%20from%20disintegration.%20This%20gel%20layer%20can%20also%20control%20the%20drug%20release.%3C%2Fspan%3E%22%2C%22children%22%3A%5B%5D%7D%2C%7B%22id%22%3A%228uiTVM9xdJ%22%2C%22modified%22%3A1735872527767%2C%22text%22%3A%22%3Cspan%3EHPMC%20enhances%20the%20adhesion%20to%20the%20mucosal%20linings%20of%20the%20oral%20cavity%2C%20allowing%20for%20prolonged%20contact%20time.%3C%2Fspan%3E%22%2C%22children%22%3A%5B%5D%7D%5D%7D\"><li><span class=\"content mubu-node\">HPMC gali greitai ir tolygiai suformuoti gel\u012f, apsaugant\u012f matricas nuo suirimo. \u0160is gelio sluoksnis taip pat gali kontroliuoti vaisto i\u0161siskyrim\u0105.<\/span><\/li><li><span class=\"content mubu-node\">HPMC padidina sukibim\u0105 su burnos ertm\u0117s gleivine, tod\u0117l galima ilgiau palaikyti s\u0105lyt\u012f su ja.<\/span><\/li><\/ul>\t\t\t\t\t\t\t\t<\/div>\n\t\t\t\t<\/div>\n\t\t\t\t<div class=\"elementor-element elementor-element-9362440 elementor-widget elementor-widget-button\" data-id=\"9362440\" data-element_type=\"widget\" data-e-type=\"widget\" data-settings=\"{&quot;ekit_we_effect_on&quot;:&quot;none&quot;}\" data-widget_type=\"button.default\">\n\t\t\t\t<div class=\"elementor-widget-container\">\n\t\t\t\t\t\t\t\t\t<div class=\"elementor-button-wrapper\">\n\t\t\t\t\t<a class=\"elementor-button elementor-button-link elementor-size-sm elementor-animation-skew\" href=\"#elementor-action%3Aaction%3Dpopup%3Aopen%26settings%3DeyJpZCI6IjgwNCIsInRvZ2dsZSI6ZmFsc2V9\">\n\t\t\t\t\t\t<span class=\"elementor-button-content-wrapper\">\n\t\t\t\t\t\t<span class=\"elementor-button-icon\">\n\t\t\t\t<i aria-hidden=\"true\" class=\"icon icon-arrow-right\"><\/i>\t\t\t<\/span>\n\t\t\t\t\t\t\t\t\t<span class=\"elementor-button-text\">Si\u0173sti u\u017eklaus\u0105<\/span>\n\t\t\t\t\t<\/span>\n\t\t\t\t\t<\/a>\n\t\t\t\t<\/div>\n\t\t\t\t\t\t\t\t<\/div>\n\t\t\t\t<\/div>\n\t\t\t\t<\/div>\n\t\t<div class=\"elementor-element elementor-element-47dd039 e-con-full e-flex e-con e-child\" data-id=\"47dd039\" data-element_type=\"container\" data-e-type=\"container\" data-settings=\"{&quot;ekit_has_onepagescroll_dot&quot;:&quot;yes&quot;}\">\n\t\t\t\t<div class=\"elementor-element elementor-element-1afd068 elementor-position-inline-start elementor-view-default elementor-mobile-position-block-start elementor-widget elementor-widget-icon-box\" data-id=\"1afd068\" data-element_type=\"widget\" data-e-type=\"widget\" data-settings=\"{&quot;ekit_we_effect_on&quot;:&quot;none&quot;}\" data-widget_type=\"icon-box.default\">\n\t\t\t\t<div class=\"elementor-widget-container\">\n\t\t\t\t\t\t\t<div class=\"elementor-icon-box-wrapper\">\n\n\t\t\t\t\t\t<div class=\"elementor-icon-box-icon\">\n\t\t\t\t<span  class=\"elementor-icon\">\n\t\t\t\t<svg aria-hidden=\"true\" class=\"e-font-icon-svg e-fas-check-circle\" viewbox=\"0 0 512 512\" xmlns=\"http:\/\/www.w3.org\/2000\/svg\"><path d=\"M504 256c0 136.967-111.033 248-248 248S8 392.967 8 256 119.033 8 256 8s248 111.033 248 248zM227.314 387.314l184-184c6.248-6.248 6.248-16.379 0-22.627l-22.627-22.627c-6.248-6.249-16.379-6.249-22.628 0L216 308.118l-70.059-70.059c-6.248-6.248-16.379-6.248-22.628 0l-22.627 22.627c-6.248 6.248-6.248 16.379 0 22.627l104 104c6.249 6.249 16.379 6.249 22.628.001z\"><\/path><\/svg>\t\t\t\t<\/span>\n\t\t\t<\/div>\n\t\t\t\n\t\t\t\t\t\t<div class=\"elementor-icon-box-content\">\n\n\t\t\t\t\t\t\t\t\t<h3 class=\"elementor-icon-box-title\">\n\t\t\t\t\t\t<span  >\n\t\t\t\t\t\t\tMatrix tablet\u0117s ir kapsul\u0117s\t\t\t\t\t\t<\/span>\n\t\t\t\t\t<\/h3>\n\t\t\t\t\n\t\t\t\t\n\t\t\t<\/div>\n\t\t\t\n\t\t<\/div>\n\t\t\t\t\t\t<\/div>\n\t\t\t\t<\/div>\n\t\t\t\t<div class=\"elementor-element elementor-element-bf3547c elementor-widget elementor-widget-text-editor\" data-id=\"bf3547c\" data-element_type=\"widget\" data-e-type=\"widget\" data-settings=\"{&quot;ekit_we_effect_on&quot;:&quot;none&quot;}\" data-widget_type=\"text-editor.default\">\n\t\t\t\t<div class=\"elementor-widget-container\">\n\t\t\t\t\t\t\t\t\t<ul class=\"mm-editor-clipboard\" data-type=\"outline\" data-json=\"%7B%22type%22%3A%22nodes%22%2C%22data%22%3A%5B%7B%22id%22%3A%2229l7KP9ypP%22%2C%22modified%22%3A1735872286131%2C%22text%22%3A%22%3Cspan%3EAs%20a%20binder%2C%20HPMC%20enhances%20the%20mechanical%20strength%20and%20integrity%20of%20tablets%2C%20ensuring%20they%20maintain%20their%20shape.%3C%2Fspan%3E%22%2C%22children%22%3A%5B%5D%7D%2C%7B%22id%22%3A%22C4hitOAE88%22%2C%22modified%22%3A1735872327961%2C%22text%22%3A%22%3Cspan%3EAs%20a%20controlled-release%20agent%2C%20it%20hydrates%20and%20form%20a%20gel%20like%20barrier%20to%20regulates%20the%20release%20of%20active%20pharmaceutical%20ingredients.%3C%2Fspan%3E%22%2C%22children%22%3A%5B%5D%7D%2C%7B%22id%22%3A%22h2oyrXjzhi%22%2C%22modified%22%3A1735872377414%2C%22text%22%3A%22%3Cspan%3EHPMC%20can%20also%20be%20used%20in%20film%20coatings%20for%20capsules%2C%20providing%20a%20smooth%20finish%20to%20help%20patients%20swallow.%3C%2Fspan%3E%22%2C%22children%22%3A%5B%5D%7D%5D%7D\"><li><span class=\"content mubu-node\">HPMC, kaip ri\u0161amoji med\u017eiaga, padidina table\u010di\u0173 mechanin\u012f stiprum\u0105 ir vientisum\u0105, tod\u0117l jos i\u0161laiko savo form\u0105.<\/span><\/li><li><span class=\"content mubu-node\">Kaip kontroliuojamo atpalaidavimo priemon\u0117, jis dr\u0117kina ir sudaro \u012f gel\u012f pana\u0161\u0173 barjer\u0105, reguliuojant\u012f veikli\u0173j\u0173 farmacini\u0173 med\u017eiag\u0173 atpalaidavim\u0105.<\/span><\/li><li><span class=\"content mubu-node\">HPMC taip pat gali b\u016bti naudojamas kapsuli\u0173 pl\u0117vel\u0117s apvalkale, kad pacientams b\u016bt\u0173 lengviau nuryti.<\/span><\/li><\/ul>\t\t\t\t\t\t\t\t<\/div>\n\t\t\t\t<\/div>\n\t\t\t\t<div class=\"elementor-element elementor-element-7dffc7a elementor-widget elementor-widget-button\" data-id=\"7dffc7a\" data-element_type=\"widget\" data-e-type=\"widget\" data-settings=\"{&quot;ekit_we_effect_on&quot;:&quot;none&quot;}\" data-widget_type=\"button.default\">\n\t\t\t\t<div class=\"elementor-widget-container\">\n\t\t\t\t\t\t\t\t\t<div class=\"elementor-button-wrapper\">\n\t\t\t\t\t<a class=\"elementor-button elementor-button-link elementor-size-sm elementor-animation-skew\" href=\"#elementor-action%3Aaction%3Dpopup%3Aopen%26settings%3DeyJpZCI6IjgwNCIsInRvZ2dsZSI6ZmFsc2V9\">\n\t\t\t\t\t\t<span class=\"elementor-button-content-wrapper\">\n\t\t\t\t\t\t<span class=\"elementor-button-icon\">\n\t\t\t\t<i aria-hidden=\"true\" class=\"icon icon-arrow-right\"><\/i>\t\t\t<\/span>\n\t\t\t\t\t\t\t\t\t<span class=\"elementor-button-text\">Si\u0173sti u\u017eklaus\u0105<\/span>\n\t\t\t\t\t<\/span>\n\t\t\t\t\t<\/a>\n\t\t\t\t<\/div>\n\t\t\t\t\t\t\t\t<\/div>\n\t\t\t\t<\/div>\n\t\t\t\t<\/div>\n\t\t\t\t<\/div>\n\t\t<div class=\"elementor-element elementor-element-255f963 e-con-full e-flex e-con e-child\" data-id=\"255f963\" data-element_type=\"container\" data-e-type=\"container\" data-settings=\"{&quot;background_background&quot;:&quot;classic&quot;,&quot;ekit_has_onepagescroll_dot&quot;:&quot;yes&quot;}\">\n\t\t\t\t<\/div>\n\t\t\t\t\t<\/div>\n\t\t\t\t<\/div>\n\t\t\t\t<\/div>","protected":false},"excerpt":{"rendered":"<p>Pagalbin\u0117s med\u017eiagos farmacijoje LANDERCOLL Kinijos celiulioz\u0117s eterio gamintojas Pagalbin\u0117s med\u017eiagos farmacijoje Hidroksipropilmetilceliulioz\u0117 (HPMC), gaunama i\u0161 nat\u016bralios celiulioz\u0117s, gali b\u016bti farmacin\u0117 pagalbin\u0117 med\u017eiaga, pla\u010diai naudojama geriamose ilgalaikio vaist\u0173 atpalaidavimo matric\u0173 sistemose. Ji yra metaboli\u0161kai inerti\u0161ka, t. y. \u017emogaus organizmas jos neabsorbuoja ir nesintetina. Daugyb\u0117 tyrim\u0173 rodo, kad HPMC yra [...]<\/p>","protected":false},"author":1,"featured_media":0,"parent":1903,"menu_order":0,"comment_status":"closed","ping_status":"closed","template":"elementor_header_footer","meta":{"footnotes":""},"class_list":["post-3836","page","type-page","status-publish","hentry"],"_links":{"self":[{"href":"https:\/\/landercoll.com\/lt\/wp-json\/wp\/v2\/pages\/3836","targetHints":{"allow":["GET"]}}],"collection":[{"href":"https:\/\/landercoll.com\/lt\/wp-json\/wp\/v2\/pages"}],"about":[{"href":"https:\/\/landercoll.com\/lt\/wp-json\/wp\/v2\/types\/page"}],"author":[{"embeddable":true,"href":"https:\/\/landercoll.com\/lt\/wp-json\/wp\/v2\/users\/1"}],"replies":[{"embeddable":true,"href":"https:\/\/landercoll.com\/lt\/wp-json\/wp\/v2\/comments?post=3836"}],"version-history":[{"count":14,"href":"https:\/\/landercoll.com\/lt\/wp-json\/wp\/v2\/pages\/3836\/revisions"}],"predecessor-version":[{"id":10782,"href":"https:\/\/landercoll.com\/lt\/wp-json\/wp\/v2\/pages\/3836\/revisions\/10782"}],"up":[{"embeddable":true,"href":"https:\/\/landercoll.com\/lt\/wp-json\/wp\/v2\/pages\/1903"}],"wp:attachment":[{"href":"https:\/\/landercoll.com\/lt\/wp-json\/wp\/v2\/media?parent=3836"}],"curies":[{"name":"wp","href":"https:\/\/api.w.org\/{rel}","templated":true}]}}