{"id":4157,"date":"2025-01-16T08:29:40","date_gmt":"2025-01-16T08:29:40","guid":{"rendered":"https:\/\/landercoll.com\/?page_id=4157"},"modified":"2025-08-30T03:12:49","modified_gmt":"2025-08-30T03:12:49","slug":"a-tisztesseges-munka-megvalositasa","status":"publish","type":"page","link":"https:\/\/landercoll.com\/hu\/fenntarthatosag-fejlesztese\/a-tisztesseges-munka-megvalositasa\/","title":{"rendered":"A tisztess\u00e9ges munka megval\u00f3s\u00edt\u00e1sa"},"content":{"rendered":"<div data-elementor-type=\"wp-page\" data-elementor-id=\"4157\" class=\"elementor elementor-4157\" data-elementor-post-type=\"page\">\n\t\t\t\t\t\t<section class=\"elementor-section elementor-top-section elementor-element elementor-element-e2cd0da elementor-section-boxed elementor-section-height-default elementor-section-height-default\" data-id=\"e2cd0da\" data-element_type=\"section\" data-e-type=\"section\" data-settings=\"{&quot;background_background&quot;:&quot;classic&quot;,&quot;ekit_has_onepagescroll_dot&quot;:&quot;yes&quot;}\">\n\t\t\t\t\t\t\t<div class=\"elementor-background-overlay\"><\/div>\n\t\t\t\t\t\t\t<div class=\"elementor-container elementor-column-gap-no\">\n\t\t\t\t\t<div class=\"elementor-column elementor-col-100 elementor-top-column elementor-element elementor-element-f6291b2\" data-id=\"f6291b2\" data-element_type=\"column\" data-e-type=\"column\">\n\t\t\t<div class=\"elementor-widget-wrap elementor-element-populated\">\n\t\t\t\t\t\t<div class=\"elementor-element elementor-element-26bfb46 elementor-invisible elementor-widget elementor-widget-heading\" data-id=\"26bfb46\" data-element_type=\"widget\" data-e-type=\"widget\" data-settings=\"{&quot;_animation&quot;:&quot;zoomIn&quot;,&quot;ekit_we_effect_on&quot;:&quot;none&quot;}\" data-widget_type=\"heading.default\">\n\t\t\t\t<div class=\"elementor-widget-container\">\n\t\t\t\t\t<h1 class=\"elementor-heading-title elementor-size-default\">A tisztess\u00e9ges munka megval\u00f3s\u00edt\u00e1sa<\/h1>\t\t\t\t<\/div>\n\t\t\t\t<\/div>\n\t\t\t\t<div class=\"elementor-element elementor-element-da8c259 elementor-widget__width-initial elementor-widget elementor-widget-text-editor\" data-id=\"da8c259\" data-element_type=\"widget\" data-e-type=\"widget\" data-settings=\"{&quot;ekit_we_effect_on&quot;:&quot;none&quot;}\" data-widget_type=\"text-editor.default\">\n\t\t\t\t<div class=\"elementor-widget-container\">\n\t\t\t\t\t\t\t\t\t<p>A LANDERCOLL az \u00fczleti tev\u00e9kenys\u00e9g minden ter\u00fclet\u00e9n k\u00f6veti az ENSZ Glob\u00e1lis Meg\u00e1llapod\u00e1s munka\u00fcgyi alapelveit, hogy tisztess\u00e9ges munk\u00e1t biztos\u00edtson \u00e9s t\u00e1mogasson minden munkav\u00e1llal\u00f3 sz\u00e1m\u00e1ra.<\/p>\t\t\t\t\t\t\t\t<\/div>\n\t\t\t\t<\/div>\n\t\t\t\t\t<\/div>\n\t\t<\/div>\n\t\t\t\t\t<\/div>\n\t\t<\/section>\n\t\t\t\t<section class=\"elementor-section elementor-top-section elementor-element elementor-element-2952f82 elementor-section-boxed elementor-section-height-default elementor-section-height-default\" data-id=\"2952f82\" data-element_type=\"section\" data-e-type=\"section\" data-settings=\"{&quot;ekit_has_onepagescroll_dot&quot;:&quot;yes&quot;}\">\n\t\t\t\t\t\t<div class=\"elementor-container elementor-column-gap-default\">\n\t\t\t\t\t<div class=\"elementor-column elementor-col-50 elementor-top-column elementor-element elementor-element-116c60d\" data-id=\"116c60d\" data-element_type=\"column\" data-e-type=\"column\">\n\t\t\t<div class=\"elementor-widget-wrap elementor-element-populated\">\n\t\t\t\t\t\t<div class=\"elementor-element elementor-element-c316c1f elementor-invisible elementor-widget elementor-widget-heading\" data-id=\"c316c1f\" data-element_type=\"widget\" data-e-type=\"widget\" data-settings=\"{&quot;_animation&quot;:&quot;fadeInUp&quot;,&quot;ekit_we_effect_on&quot;:&quot;none&quot;}\" data-widget_type=\"heading.default\">\n\t\t\t\t<div class=\"elementor-widget-container\">\n\t\t\t\t\t<h3 class=\"elementor-heading-title elementor-size-default\">LANDERCOLL k\u00ednai cellul\u00f3z\u00e9ter gy\u00e1rt\u00f3ja<\/h3>\t\t\t\t<\/div>\n\t\t\t\t<\/div>\n\t\t\t\t<div class=\"elementor-element elementor-element-475ea72 elementor-invisible elementor-widget elementor-widget-heading\" data-id=\"475ea72\" data-element_type=\"widget\" data-e-type=\"widget\" data-settings=\"{&quot;_animation&quot;:&quot;fadeInUp&quot;,&quot;_animation_delay&quot;:200,&quot;ekit_we_effect_on&quot;:&quot;none&quot;}\" data-widget_type=\"heading.default\">\n\t\t\t\t<div class=\"elementor-widget-container\">\n\t\t\t\t\t<h2 class=\"elementor-heading-title elementor-size-default\">\u00c1tfog\u00f3 munkahelyi biztons\u00e1g a LANDERCOLL-n\u00e1l<\/h2>\t\t\t\t<\/div>\n\t\t\t\t<\/div>\n\t\t\t\t<div class=\"elementor-element elementor-element-b777e06 elementor-widget elementor-widget-text-editor\" data-id=\"b777e06\" data-element_type=\"widget\" data-e-type=\"widget\" data-settings=\"{&quot;ekit_we_effect_on&quot;:&quot;none&quot;}\" data-widget_type=\"text-editor.default\">\n\t\t\t\t<div class=\"elementor-widget-container\">\n\t\t\t\t\t\t\t\t\tA LANDERCOLL nagy befektet\u00e9st tett a munkav\u00e1llal\u00f3k, valamint az \u00f6sszes eszk\u00f6z, adat \u00e9s h\u00e1l\u00f3zat folyamatos v\u00e9delm\u00e9be. A fizikai biztons\u00e1g jav\u00edt\u00e1s\u00e1n t\u00fal a LANDERCOLL fontosnak tartja a korszer\u0171bb, az eg\u00e9szs\u00e9get \u00e9s a j\u00f3l\u00e9tet szolg\u00e1l\u00f3 munkahelyek kialak\u00edt\u00e1s\u00e1t is.  Nemcsak az \u00e1ruk \u00e9s az anyagok vannak felszerelve, hanem a LANDERCOLL biztos\u00edtja a dolgoz\u00f3ink sz\u00e1m\u00e1ra a hozz\u00e1f\u00e9r\u00e9st minden olyan digit\u00e1lis eszk\u00f6zh\u00f6z, amely a gy\u00e1rt\u00f3sor hat\u00e9kony ir\u00e1ny\u00edt\u00e1s\u00e1hoz sz\u00fcks\u00e9ges, p\u00e9ld\u00e1ul a logisztikai inform\u00e1ci\u00f3khoz, ami mindek\u00f6zben a v\u00e1s\u00e1rl\u00f3i \u00e9lm\u00e9nyt is szolg\u00e1lja.\t\t\t\t\t\t\t\t<\/div>\n\t\t\t\t<\/div>\n\t\t\t\t<div class=\"elementor-element elementor-element-2194b5a elementor-widget elementor-widget-button\" data-id=\"2194b5a\" data-element_type=\"widget\" data-e-type=\"widget\" data-settings=\"{&quot;ekit_we_effect_on&quot;:&quot;none&quot;}\" data-widget_type=\"button.default\">\n\t\t\t\t<div class=\"elementor-widget-container\">\n\t\t\t\t\t\t\t\t\t<div class=\"elementor-button-wrapper\">\n\t\t\t\t\t<a class=\"elementor-button elementor-button-link elementor-size-sm elementor-animation-skew\" href=\"#elementor-action%3Aaction%3Dpopup%3Aopen%26settings%3DeyJpZCI6IjgwNCIsInRvZ2dsZSI6ZmFsc2V9\">\n\t\t\t\t\t\t<span class=\"elementor-button-content-wrapper\">\n\t\t\t\t\t\t<span class=\"elementor-button-icon\">\n\t\t\t\t<i aria-hidden=\"true\" class=\"icon icon-arrow-right\"><\/i>\t\t\t<\/span>\n\t\t\t\t\t\t\t\t\t<span class=\"elementor-button-text\">Kapcsolatfelv\u00e9tel<\/span>\n\t\t\t\t\t<\/span>\n\t\t\t\t\t<\/a>\n\t\t\t\t<\/div>\n\t\t\t\t\t\t\t\t<\/div>\n\t\t\t\t<\/div>\n\t\t\t\t\t<\/div>\n\t\t<\/div>\n\t\t\t\t<div class=\"elementor-column elementor-col-50 elementor-top-column elementor-element elementor-element-23a8296\" data-id=\"23a8296\" data-element_type=\"column\" data-e-type=\"column\">\n\t\t\t<div class=\"elementor-widget-wrap elementor-element-populated\">\n\t\t\t\t<div class=\"elementor-element elementor-element-1239922 e-flex e-con-boxed e-con e-parent\" data-id=\"1239922\" data-element_type=\"container\" data-e-type=\"container\" data-settings=\"{&quot;background_background&quot;:&quot;classic&quot;,&quot;ekit_has_onepagescroll_dot&quot;:&quot;yes&quot;}\">\n\t\t\t\t\t<div class=\"e-con-inner\">\n\t\t<div class=\"elementor-element elementor-element-1c17885 e-con-full e-flex e-con e-child\" data-id=\"1c17885\" data-element_type=\"container\" data-e-type=\"container\" data-settings=\"{&quot;background_background&quot;:&quot;classic&quot;,&quot;ekit_has_onepagescroll_dot&quot;:&quot;yes&quot;}\">\n\t\t\t\t<\/div>\n\t\t\t\t\t<\/div>\n\t\t\t\t<\/div>\n\t\t\t\t\t<\/div>\n\t\t<\/div>\n\t\t\t\t\t<\/div>\n\t\t<\/section>\n\t\t\t\t<section class=\"elementor-section elementor-top-section elementor-element elementor-element-bfa6954 elementor-section-boxed elementor-section-height-default elementor-section-height-default\" data-id=\"bfa6954\" data-element_type=\"section\" data-e-type=\"section\" data-settings=\"{&quot;ekit_has_onepagescroll_dot&quot;:&quot;yes&quot;}\">\n\t\t\t\t\t\t<div class=\"elementor-container elementor-column-gap-default\">\n\t\t\t\t\t<div class=\"elementor-column elementor-col-50 elementor-top-column elementor-element elementor-element-e093951\" data-id=\"e093951\" data-element_type=\"column\" data-e-type=\"column\">\n\t\t\t<div class=\"elementor-widget-wrap elementor-element-populated\">\n\t\t\t\t\t\t<div class=\"elementor-element elementor-element-ae3fd9c elementor-widget elementor-widget-image\" data-id=\"ae3fd9c\" data-element_type=\"widget\" data-e-type=\"widget\" data-settings=\"{&quot;ekit_we_effect_on&quot;:&quot;none&quot;}\" data-widget_type=\"image.default\">\n\t\t\t\t<div class=\"elementor-widget-container\">\n\t\t\t\t\t\t\t\t\t\t\t\t\t\t\t<img fetchpriority=\"high\" decoding=\"async\" width=\"800\" height=\"533\" src=\"https:\/\/landercoll.com\/wp-content\/uploads\/2025\/01\/economical-research-1024x682.jpg\" class=\"attachment-large size-large wp-image-4366\" alt=\"K\u00f6zgazdas\u00e1gi kutat\u00e1s\" srcset=\"https:\/\/landercoll.com\/wp-content\/uploads\/2025\/01\/economical-research-1024x682.jpg 1024w, https:\/\/landercoll.com\/wp-content\/uploads\/2025\/01\/economical-research-300x200.jpg 300w, https:\/\/landercoll.com\/wp-content\/uploads\/2025\/01\/economical-research-768x512.jpg 768w, https:\/\/landercoll.com\/wp-content\/uploads\/2025\/01\/economical-research-1536x1024.jpg 1536w, https:\/\/landercoll.com\/wp-content\/uploads\/2025\/01\/economical-research-18x12.jpg 18w, https:\/\/landercoll.com\/wp-content\/uploads\/2025\/01\/economical-research.jpg 2000w\" sizes=\"(max-width: 800px) 100vw, 800px\" \/>\t\t\t\t\t\t\t\t\t\t\t\t\t\t\t<\/div>\n\t\t\t\t<\/div>\n\t\t\t\t\t<\/div>\n\t\t<\/div>\n\t\t\t\t<div class=\"elementor-column elementor-col-50 elementor-top-column elementor-element elementor-element-97a894e\" data-id=\"97a894e\" data-element_type=\"column\" data-e-type=\"column\">\n\t\t\t<div class=\"elementor-widget-wrap elementor-element-populated\">\n\t\t\t\t\t\t<div class=\"elementor-element elementor-element-0a94f44 elementor-invisible elementor-widget elementor-widget-heading\" data-id=\"0a94f44\" data-element_type=\"widget\" data-e-type=\"widget\" data-settings=\"{&quot;_animation&quot;:&quot;fadeInUp&quot;,&quot;ekit_we_effect_on&quot;:&quot;none&quot;}\" data-widget_type=\"heading.default\">\n\t\t\t\t<div class=\"elementor-widget-container\">\n\t\t\t\t\t<h3 class=\"elementor-heading-title elementor-size-default\">LANDERCOLL k\u00ednai cellul\u00f3z\u00e9ter gy\u00e1rt\u00f3ja<\/h3>\t\t\t\t<\/div>\n\t\t\t\t<\/div>\n\t\t\t\t<div class=\"elementor-element elementor-element-8313a63 elementor-invisible elementor-widget elementor-widget-heading\" data-id=\"8313a63\" data-element_type=\"widget\" data-e-type=\"widget\" data-settings=\"{&quot;_animation&quot;:&quot;fadeInUp&quot;,&quot;_animation_delay&quot;:200,&quot;ekit_we_effect_on&quot;:&quot;none&quot;}\" data-widget_type=\"heading.default\">\n\t\t\t\t<div class=\"elementor-widget-container\">\n\t\t\t\t\t<h2 class=\"elementor-heading-title elementor-size-default\">Szoci\u00e1lis v\u00e9delem: Munkav\u00e1llal\u00f3ink meger\u0151s\u00edt\u00e9se<\/h2>\t\t\t\t<\/div>\n\t\t\t\t<\/div>\n\t\t\t\t<div class=\"elementor-element elementor-element-064c2d1 elementor-widget elementor-widget-text-editor\" data-id=\"064c2d1\" data-element_type=\"widget\" data-e-type=\"widget\" data-settings=\"{&quot;ekit_we_effect_on&quot;:&quot;none&quot;}\" data-widget_type=\"text-editor.default\">\n\t\t\t\t<div class=\"elementor-widget-container\">\n\t\t\t\t\t\t\t\t\t<p>A LANDERCOLL a t\u00e1rsadalombiztos\u00edt\u00e1st\u00f3l a meg\u00e9lhet\u00e9s diverzifik\u00e1l\u00e1s\u00e1ig mindig megtal\u00e1lja a m\u00f3dj\u00e1t annak, hogy megv\u00e9dje az embereket a gazdas\u00e1gi sokkokt\u00f3l, valamint hogy ellen\u00e1ll\u00f3 k\u00e9pess\u00e9get \u00e9s hum\u00e1n t\u0151k\u00e9t \u00e9p\u00edtsen, hogy a legt\u00f6bbet hozhass\u00e1k ki a holnapb\u00f3l. Gazdas\u00e1gi integr\u00e1ci\u00f3s programjainkkal el\u00e9rj\u00fck azt a c\u00e9lt, hogy munkat\u00e1rsaink \u00e9rt\u00e9kes k\u00e9szs\u00e9geket fejlesszenek \u00e9s megtakar\u00edt\u00e1sokat tegyenek, hogy gazdas\u00e1gilag \u00f6nell\u00e1t\u00f3v\u00e1 v\u00e1ljanak.<\/p>\t\t\t\t\t\t\t\t<\/div>\n\t\t\t\t<\/div>\n\t\t\t\t<div class=\"elementor-element elementor-element-ac9a59d elementor-widget elementor-widget-button\" data-id=\"ac9a59d\" data-element_type=\"widget\" data-e-type=\"widget\" data-settings=\"{&quot;ekit_we_effect_on&quot;:&quot;none&quot;}\" data-widget_type=\"button.default\">\n\t\t\t\t<div class=\"elementor-widget-container\">\n\t\t\t\t\t\t\t\t\t<div class=\"elementor-button-wrapper\">\n\t\t\t\t\t<a class=\"elementor-button elementor-button-link elementor-size-sm elementor-animation-skew\" href=\"#elementor-action%3Aaction%3Dpopup%3Aopen%26settings%3DeyJpZCI6IjgwNCIsInRvZ2dsZSI6ZmFsc2V9\">\n\t\t\t\t\t\t<span class=\"elementor-button-content-wrapper\">\n\t\t\t\t\t\t<span class=\"elementor-button-icon\">\n\t\t\t\t<i aria-hidden=\"true\" class=\"icon icon-arrow-right\"><\/i>\t\t\t<\/span>\n\t\t\t\t\t\t\t\t\t<span class=\"elementor-button-text\">Kapcsolatfelv\u00e9tel<\/span>\n\t\t\t\t\t<\/span>\n\t\t\t\t\t<\/a>\n\t\t\t\t<\/div>\n\t\t\t\t\t\t\t\t<\/div>\n\t\t\t\t<\/div>\n\t\t\t\t\t<\/div>\n\t\t<\/div>\n\t\t\t\t\t<\/div>\n\t\t<\/section>\n\t\t\t\t<section class=\"elementor-section elementor-top-section elementor-element elementor-element-6f70678 elementor-section-boxed elementor-section-height-default elementor-section-height-default\" data-id=\"6f70678\" data-element_type=\"section\" data-e-type=\"section\" data-settings=\"{&quot;ekit_has_onepagescroll_dot&quot;:&quot;yes&quot;}\">\n\t\t\t\t\t\t<div class=\"elementor-container elementor-column-gap-default\">\n\t\t\t\t\t<div class=\"elementor-column elementor-col-50 elementor-top-column elementor-element elementor-element-f5b056d\" data-id=\"f5b056d\" data-element_type=\"column\" data-e-type=\"column\">\n\t\t\t<div class=\"elementor-widget-wrap elementor-element-populated\">\n\t\t\t\t\t\t<div class=\"elementor-element elementor-element-1bded70 elementor-invisible elementor-widget elementor-widget-heading\" data-id=\"1bded70\" data-element_type=\"widget\" data-e-type=\"widget\" data-settings=\"{&quot;_animation&quot;:&quot;fadeInUp&quot;,&quot;ekit_we_effect_on&quot;:&quot;none&quot;}\" data-widget_type=\"heading.default\">\n\t\t\t\t<div class=\"elementor-widget-container\">\n\t\t\t\t\t<h3 class=\"elementor-heading-title elementor-size-default\">LANDERCOLL k\u00ednai cellul\u00f3z\u00e9ter gy\u00e1rt\u00f3ja<\/h3>\t\t\t\t<\/div>\n\t\t\t\t<\/div>\n\t\t\t\t<div class=\"elementor-element elementor-element-bb55dea elementor-invisible elementor-widget elementor-widget-heading\" data-id=\"bb55dea\" data-element_type=\"widget\" data-e-type=\"widget\" data-settings=\"{&quot;_animation&quot;:&quot;fadeInUp&quot;,&quot;_animation_delay&quot;:200,&quot;ekit_we_effect_on&quot;:&quot;none&quot;}\" data-widget_type=\"heading.default\">\n\t\t\t\t<div class=\"elementor-widget-container\">\n\t\t\t\t\t<h2 class=\"elementor-heading-title elementor-size-default\">Eg\u00e9szs\u00e9g\u00fcgyi \u00e9s biztons\u00e1gi gyakorlatok: A munkav\u00e1llal\u00f3k biztons\u00e1gban tart\u00e1sa<\/h2>\t\t\t\t<\/div>\n\t\t\t\t<\/div>\n\t\t\t\t<div class=\"elementor-element elementor-element-6aeed19 elementor-widget elementor-widget-text-editor\" data-id=\"6aeed19\" data-element_type=\"widget\" data-e-type=\"widget\" data-settings=\"{&quot;ekit_we_effect_on&quot;:&quot;none&quot;}\" data-widget_type=\"text-editor.default\">\n\t\t\t\t<div class=\"elementor-widget-container\">\n\t\t\t\t\t\t\t\t\t<p>A biztons\u00e1gi \u00e9s eg\u00e9szs\u00e9gv\u00e9delmi programok f\u0151 c\u00e9lja a munkav\u00e1llal\u00f3k s\u00e9r\u00fcl\u00e9seinek, megbeteged\u00e9seinek \u00e9s hal\u00e1leseteinek megel\u0151z\u00e9se. A vesz\u00e9lyek megtal\u00e1l\u00e1sa \u00e9s kijav\u00edt\u00e1sa, miel\u0151tt azok s\u00e9r\u00fcl\u00e9st okozn\u00e1nak, bev\u00e1lt, ez\u00e9rt a LANDERCOLL ezeket a gyakorlatokat alkalmazza:<\/p>\t\t\t\t\t\t\t\t<\/div>\n\t\t\t\t<\/div>\n\t\t\t\t<div class=\"elementor-element elementor-element-86ba5a1 elementor-icon-list--layout-traditional elementor-list-item-link-full_width elementor-widget elementor-widget-icon-list\" data-id=\"86ba5a1\" data-element_type=\"widget\" data-e-type=\"widget\" data-settings=\"{&quot;ekit_we_effect_on&quot;:&quot;none&quot;}\" data-widget_type=\"icon-list.default\">\n\t\t\t\t<div class=\"elementor-widget-container\">\n\t\t\t\t\t\t\t<ul class=\"elementor-icon-list-items\">\n\t\t\t\t\t\t\t<li class=\"elementor-icon-list-item\">\n\t\t\t\t\t\t\t\t\t\t\t<span class=\"elementor-icon-list-icon\">\n\t\t\t\t\t\t\t<svg aria-hidden=\"true\" class=\"e-font-icon-svg e-fas-check\" viewbox=\"0 0 512 512\" xmlns=\"http:\/\/www.w3.org\/2000\/svg\"><path d=\"M173.898 439.404l-166.4-166.4c-9.997-9.997-9.997-26.206 0-36.204l36.203-36.204c9.997-9.998 26.207-9.998 36.204 0L192 312.69 432.095 72.596c9.997-9.997 26.207-9.997 36.204 0l36.203 36.204c9.997 9.997 9.997 26.206 0 36.204l-294.4 294.401c-9.998 9.997-26.207 9.997-36.204-.001z\"><\/path><\/svg>\t\t\t\t\t\t<\/span>\n\t\t\t\t\t\t\t\t\t\t<span class=\"elementor-icon-list-text\"> Az ipar\u00e1gi el\u0151\u00edr\u00e1sok szigor\u00fa betart\u00e1sa<\/span>\n\t\t\t\t\t\t\t\t\t<\/li>\n\t\t\t\t\t\t\t\t<li class=\"elementor-icon-list-item\">\n\t\t\t\t\t\t\t\t\t\t\t<span class=\"elementor-icon-list-icon\">\n\t\t\t\t\t\t\t<svg aria-hidden=\"true\" class=\"e-font-icon-svg e-fas-check\" viewbox=\"0 0 512 512\" xmlns=\"http:\/\/www.w3.org\/2000\/svg\"><path d=\"M173.898 439.404l-166.4-166.4c-9.997-9.997-9.997-26.206 0-36.204l36.203-36.204c9.997-9.998 26.207-9.998 36.204 0L192 312.69 432.095 72.596c9.997-9.997 26.207-9.997 36.204 0l36.203 36.204c9.997 9.997 9.997 26.206 0 36.204l-294.4 294.401c-9.998 9.997-26.207 9.997-36.204-.001z\"><\/path><\/svg>\t\t\t\t\t\t<\/span>\n\t\t\t\t\t\t\t\t\t\t<span class=\"elementor-icon-list-text\">Folyamatos biztons\u00e1gi k\u00e9pz\u00e9s \u00e9s oktat\u00e1s a munkav\u00e1llal\u00f3k sz\u00e1m\u00e1ra<\/span>\n\t\t\t\t\t\t\t\t\t<\/li>\n\t\t\t\t\t\t\t\t<li class=\"elementor-icon-list-item\">\n\t\t\t\t\t\t\t\t\t\t\t<span class=\"elementor-icon-list-icon\">\n\t\t\t\t\t\t\t<svg aria-hidden=\"true\" class=\"e-font-icon-svg e-fas-check\" viewbox=\"0 0 512 512\" xmlns=\"http:\/\/www.w3.org\/2000\/svg\"><path d=\"M173.898 439.404l-166.4-166.4c-9.997-9.997-9.997-26.206 0-36.204l36.203-36.204c9.997-9.998 26.207-9.998 36.204 0L192 312.69 432.095 72.596c9.997-9.997 26.207-9.997 36.204 0l36.203 36.204c9.997 9.997 9.997 26.206 0 36.204l-294.4 294.401c-9.998 9.997-26.207 9.997-36.204-.001z\"><\/path><\/svg>\t\t\t\t\t\t<\/span>\n\t\t\t\t\t\t\t\t\t\t<span class=\"elementor-icon-list-text\">Rendszeres biztons\u00e1gi ellen\u0151rz\u00e9sek \u00e9s vesz\u00e9ly\u00e9rt\u00e9kel\u00e9sek a kock\u00e1zatok minimaliz\u00e1l\u00e1sa \u00e9rdek\u00e9ben<\/span>\n\t\t\t\t\t\t\t\t\t<\/li>\n\t\t\t\t\t\t<\/ul>\n\t\t\t\t\t\t<\/div>\n\t\t\t\t<\/div>\n\t\t\t\t<div class=\"elementor-element elementor-element-0bfd23b elementor-widget elementor-widget-button\" data-id=\"0bfd23b\" data-element_type=\"widget\" data-e-type=\"widget\" data-settings=\"{&quot;ekit_we_effect_on&quot;:&quot;none&quot;}\" data-widget_type=\"button.default\">\n\t\t\t\t<div class=\"elementor-widget-container\">\n\t\t\t\t\t\t\t\t\t<div class=\"elementor-button-wrapper\">\n\t\t\t\t\t<a class=\"elementor-button elementor-button-link elementor-size-sm elementor-animation-skew\" href=\"#elementor-action%3Aaction%3Dpopup%3Aopen%26settings%3DeyJpZCI6IjgwNCIsInRvZ2dsZSI6ZmFsc2V9\">\n\t\t\t\t\t\t<span class=\"elementor-button-content-wrapper\">\n\t\t\t\t\t\t<span class=\"elementor-button-icon\">\n\t\t\t\t<i aria-hidden=\"true\" class=\"icon icon-arrow-right\"><\/i>\t\t\t<\/span>\n\t\t\t\t\t\t\t\t\t<span class=\"elementor-button-text\">Kapcsolatfelv\u00e9tel<\/span>\n\t\t\t\t\t<\/span>\n\t\t\t\t\t<\/a>\n\t\t\t\t<\/div>\n\t\t\t\t\t\t\t\t<\/div>\n\t\t\t\t<\/div>\n\t\t\t\t\t<\/div>\n\t\t<\/div>\n\t\t\t\t<div class=\"elementor-column elementor-col-50 elementor-top-column elementor-element elementor-element-69a7401\" data-id=\"69a7401\" data-element_type=\"column\" data-e-type=\"column\">\n\t\t\t<div class=\"elementor-widget-wrap elementor-element-populated\">\n\t\t\t\t\t\t<div class=\"elementor-element elementor-element-3b4a8d8 elementor-widget elementor-widget-image\" data-id=\"3b4a8d8\" data-element_type=\"widget\" data-e-type=\"widget\" data-settings=\"{&quot;ekit_we_effect_on&quot;:&quot;none&quot;}\" data-widget_type=\"image.default\">\n\t\t\t\t<div class=\"elementor-widget-container\">\n\t\t\t\t\t\t\t\t\t\t\t\t\t\t\t<img loading=\"lazy\" decoding=\"async\" width=\"800\" height=\"533\" src=\"https:\/\/landercoll.com\/wp-content\/uploads\/2025\/01\/technician-or-engineer-with-protective-mask-and-helmet-standing-in-industrial-factory-1024x682.jpg\" class=\"attachment-large size-large wp-image-4367\" alt=\"Technikus vagy m\u00e9rn\u00f6k v\u00e9d\u0151maszkkal \u00e9s sisakkal ipari \u00fczemben \u00e1llva\" srcset=\"https:\/\/landercoll.com\/wp-content\/uploads\/2025\/01\/technician-or-engineer-with-protective-mask-and-helmet-standing-in-industrial-factory-1024x682.jpg 1024w, https:\/\/landercoll.com\/wp-content\/uploads\/2025\/01\/technician-or-engineer-with-protective-mask-and-helmet-standing-in-industrial-factory-300x200.jpg 300w, https:\/\/landercoll.com\/wp-content\/uploads\/2025\/01\/technician-or-engineer-with-protective-mask-and-helmet-standing-in-industrial-factory-768x512.jpg 768w, https:\/\/landercoll.com\/wp-content\/uploads\/2025\/01\/technician-or-engineer-with-protective-mask-and-helmet-standing-in-industrial-factory-1536x1024.jpg 1536w, https:\/\/landercoll.com\/wp-content\/uploads\/2025\/01\/technician-or-engineer-with-protective-mask-and-helmet-standing-in-industrial-factory-18x12.jpg 18w, https:\/\/landercoll.com\/wp-content\/uploads\/2025\/01\/technician-or-engineer-with-protective-mask-and-helmet-standing-in-industrial-factory.jpg 2000w\" sizes=\"(max-width: 800px) 100vw, 800px\" \/>\t\t\t\t\t\t\t\t\t\t\t\t\t\t\t<\/div>\n\t\t\t\t<\/div>\n\t\t\t\t\t<\/div>\n\t\t<\/div>\n\t\t\t\t\t<\/div>\n\t\t<\/section>\n\t\t<div class=\"elementor-element elementor-element-566da5b e-flex e-con-boxed e-con e-parent\" data-id=\"566da5b\" data-element_type=\"container\" data-e-type=\"container\" data-settings=\"{&quot;ekit_has_onepagescroll_dot&quot;:&quot;yes&quot;}\">\n\t\t\t\t\t<div class=\"e-con-inner\">\n\t\t\t\t<div class=\"elementor-element elementor-element-8281f26 elementor-widget elementor-widget-spacer\" data-id=\"8281f26\" data-element_type=\"widget\" data-e-type=\"widget\" data-settings=\"{&quot;ekit_we_effect_on&quot;:&quot;none&quot;}\" data-widget_type=\"spacer.default\">\n\t\t\t\t<div class=\"elementor-widget-container\">\n\t\t\t\t\t\t\t<div class=\"elementor-spacer\">\n\t\t\t<div class=\"elementor-spacer-inner\"><\/div>\n\t\t<\/div>\n\t\t\t\t\t\t<\/div>\n\t\t\t\t<\/div>\n\t\t\t\t\t<\/div>\n\t\t\t\t<\/div>\n\t\t\t\t<\/div>","protected":false},"excerpt":{"rendered":"<p>A M\u00e9lt\u00e1nyos Munka Megval\u00f3s\u00edt\u00e1sa LANDERCOLL az ENSZ Glob\u00e1lis Meg\u00e1llapod\u00e1s Munka\u00fcgyi Elveit k\u00f6veti minden \u00fczleti tev\u00e9kenys\u00e9g\u00e9ben, hogy biztos\u00edtsa \u00e9s el\u0151seg\u00edtse minden munkav\u00e1llal\u00f3 sz\u00e1m\u00e1ra a m\u00e9lt\u00e1nyos munk\u00e1t. LANDERCOLL K\u00ednai Cellul\u00f3z-\u00e9szter Gy\u00e1rt\u00f3 \u00c1tfog\u00f3 Munkahelyi Biztons\u00e1g a LANDERCOLL-n\u00e1l A LANDERCOLL nagy beruh\u00e1z\u00e1st tett a munkav\u00e1llal\u00f3k folyamatos v\u00e9delm\u00e9be, valamint az \u00f6sszes vagyont\u00e1rgy, adat \u00e9s h\u00e1l\u00f3zat v\u00e9delm\u00e9be. A munkav\u00e1llal\u00f3k v\u00e9delm\u00e9nek jav\u00edt\u00e1sa mellett [\u2026]<\/p>","protected":false},"author":1,"featured_media":0,"parent":4158,"menu_order":0,"comment_status":"closed","ping_status":"closed","template":"elementor_header_footer","meta":{"footnotes":""},"class_list":["post-4157","page","type-page","status-publish","hentry"],"_links":{"self":[{"href":"https:\/\/landercoll.com\/hu\/wp-json\/wp\/v2\/pages\/4157","targetHints":{"allow":["GET"]}}],"collection":[{"href":"https:\/\/landercoll.com\/hu\/wp-json\/wp\/v2\/pages"}],"about":[{"href":"https:\/\/landercoll.com\/hu\/wp-json\/wp\/v2\/types\/page"}],"author":[{"embeddable":true,"href":"https:\/\/landercoll.com\/hu\/wp-json\/wp\/v2\/users\/1"}],"replies":[{"embeddable":true,"href":"https:\/\/landercoll.com\/hu\/wp-json\/wp\/v2\/comments?post=4157"}],"version-history":[{"count":35,"href":"https:\/\/landercoll.com\/hu\/wp-json\/wp\/v2\/pages\/4157\/revisions"}],"predecessor-version":[{"id":10862,"href":"https:\/\/landercoll.com\/hu\/wp-json\/wp\/v2\/pages\/4157\/revisions\/10862"}],"up":[{"embeddable":true,"href":"https:\/\/landercoll.com\/hu\/wp-json\/wp\/v2\/pages\/4158"}],"wp:attachment":[{"href":"https:\/\/landercoll.com\/hu\/wp-json\/wp\/v2\/media?parent=4157"}],"curies":[{"name":"wp","href":"https:\/\/api.w.org\/{rel}","templated":true}]}}