{"id":1892,"date":"2024-12-19T02:37:41","date_gmt":"2024-12-19T02:37:41","guid":{"rendered":"https:\/\/landercoll.com\/?page_id=1892"},"modified":"2025-08-29T05:58:03","modified_gmt":"2025-08-29T05:58:03","slug":"szemelyes-otthoni-apolas","status":"publish","type":"page","link":"https:\/\/landercoll.com\/hu\/alkalmazas\/szemelyes-otthoni-apolas\/","title":{"rendered":"Szem\u00e9lyes \u00e9s otthoni \u00e1pol\u00e1s"},"content":{"rendered":"<div data-elementor-type=\"wp-page\" data-elementor-id=\"1892\" class=\"elementor elementor-1892\" data-elementor-post-type=\"page\">\n\t\t\t\t\t\t<section class=\"elementor-section elementor-top-section elementor-element elementor-element-6646f846 elementor-section-boxed elementor-section-height-default elementor-section-height-default\" data-id=\"6646f846\" data-element_type=\"section\" data-e-type=\"section\" data-settings=\"{&quot;background_background&quot;:&quot;classic&quot;,&quot;ekit_has_onepagescroll_dot&quot;:&quot;yes&quot;}\">\n\t\t\t\t\t\t\t<div class=\"elementor-background-overlay\"><\/div>\n\t\t\t\t\t\t\t<div class=\"elementor-container elementor-column-gap-default\">\n\t\t\t\t\t<div class=\"elementor-column elementor-col-100 elementor-top-column elementor-element elementor-element-21d9d4d1\" data-id=\"21d9d4d1\" data-element_type=\"column\" data-e-type=\"column\">\n\t\t\t<div class=\"elementor-widget-wrap elementor-element-populated\">\n\t\t\t\t\t\t<div class=\"elementor-element elementor-element-4fd4ab57 elementor-headline--style-rotate elementor-widget elementor-widget-animated-headline\" data-id=\"4fd4ab57\" data-element_type=\"widget\" data-e-type=\"widget\" data-settings=\"{&quot;headline_style&quot;:&quot;rotate&quot;,&quot;animation_type&quot;:&quot;drop-in&quot;,&quot;rotating_text&quot;:&quot;Home Care \\nPersonal Care\\n&quot;,&quot;loop&quot;:&quot;yes&quot;,&quot;rotate_iteration_delay&quot;:2500,&quot;ekit_we_effect_on&quot;:&quot;none&quot;}\" data-widget_type=\"animated-headline.default\">\n\t\t\t\t<div class=\"elementor-widget-container\">\n\t\t\t\t\t\t\t<h1 class=\"elementor-headline elementor-headline-animation-type-drop-in\">\n\t\t\t\t\t<span class=\"elementor-headline-plain-text elementor-headline-text-wrapper\">Az \u00e1ltalunk kiszolg\u00e1lt piacok<\/span>\n\t\t\t\t<span class=\"elementor-headline-dynamic-wrapper elementor-headline-text-wrapper\">\n\t\t\t\t\t<span class=\"elementor-headline-dynamic-text elementor-headline-text-active\">\n\t\t\t\tOtthoni ell\u00e1t\u00e1s&nbsp;\t\t\t<\/span>\n\t\t\t\t\t<span class=\"elementor-headline-dynamic-text\">\n\t\t\t\tSzem\u00e9lyi \u00e1pol\u00e1s\t\t\t<\/span>\n\t\t\t\t\t<span class=\"elementor-headline-dynamic-text\">\n\t\t\t\t\t\t\t<\/span>\n\t\t\t\t\t\t<\/span>\n\t\t\t\t<\/h1>\n\t\t\t\t\t\t<\/div>\n\t\t\t\t<\/div>\n\t\t\t\t<div class=\"elementor-element elementor-element-9e264c2 elementor-widget-divider--view-line elementor-widget elementor-widget-divider\" data-id=\"9e264c2\" data-element_type=\"widget\" data-e-type=\"widget\" data-settings=\"{&quot;ekit_we_effect_on&quot;:&quot;none&quot;}\" data-widget_type=\"divider.default\">\n\t\t\t\t<div class=\"elementor-widget-container\">\n\t\t\t\t\t\t\t<div class=\"elementor-divider\">\n\t\t\t<span class=\"elementor-divider-separator\">\n\t\t\t\t\t\t<\/span>\n\t\t<\/div>\n\t\t\t\t\t\t<\/div>\n\t\t\t\t<\/div>\n\t\t\t\t\t<\/div>\n\t\t<\/div>\n\t\t\t\t\t<\/div>\n\t\t<\/section>\n\t\t<div class=\"elementor-element elementor-element-5d29dc3 e-flex e-con-boxed e-con e-parent\" data-id=\"5d29dc3\" data-element_type=\"container\" data-e-type=\"container\" data-settings=\"{&quot;ekit_has_onepagescroll_dot&quot;:&quot;yes&quot;}\">\n\t\t\t\t\t<div class=\"e-con-inner\">\n\t\t\t\t<div class=\"elementor-element elementor-element-a869ebf elementor-widget__width-initial elementor-widget elementor-widget-heading\" data-id=\"a869ebf\" data-element_type=\"widget\" data-e-type=\"widget\" data-settings=\"{&quot;ekit_we_effect_on&quot;:&quot;none&quot;}\" data-widget_type=\"heading.default\">\n\t\t\t\t<div class=\"elementor-widget-container\">\n\t\t\t\t\t<h2 class=\"elementor-heading-title elementor-size-default\">Szem\u00e9lyes \u00e9s otthoni \u00e1pol\u00e1s\n<\/h2>\t\t\t\t<\/div>\n\t\t\t\t<\/div>\n\t\t\t\t\t<\/div>\n\t\t\t\t<\/div>\n\t\t\t\t<section class=\"elementor-section elementor-top-section elementor-element elementor-element-3a7d651 elementor-section-boxed elementor-section-height-default elementor-section-height-default\" data-id=\"3a7d651\" data-element_type=\"section\" data-e-type=\"section\" data-settings=\"{&quot;ekit_has_onepagescroll_dot&quot;:&quot;yes&quot;}\">\n\t\t\t\t\t\t<div class=\"elementor-container elementor-column-gap-default\">\n\t\t\t\t\t<div class=\"elementor-column elementor-col-100 elementor-top-column elementor-element elementor-element-13fba86\" data-id=\"13fba86\" data-element_type=\"column\" data-e-type=\"column\">\n\t\t\t<div class=\"elementor-widget-wrap elementor-element-populated\">\n\t\t\t\t\t\t<section class=\"elementor-section elementor-inner-section elementor-element elementor-element-2d14ca0 elementor-section-content-middle elementor-section-boxed elementor-section-height-default elementor-section-height-default\" data-id=\"2d14ca0\" data-element_type=\"section\" data-e-type=\"section\" data-settings=\"{&quot;ekit_has_onepagescroll_dot&quot;:&quot;yes&quot;}\">\n\t\t\t\t\t\t<div class=\"elementor-container elementor-column-gap-no\">\n\t\t\t\t\t<div class=\"elementor-column elementor-col-33 elementor-inner-column elementor-element elementor-element-e36d47b elementor-invisible\" data-id=\"e36d47b\" data-element_type=\"column\" data-e-type=\"column\" data-settings=\"{&quot;background_background&quot;:&quot;classic&quot;,&quot;animation&quot;:&quot;fadeIn&quot;}\">\n\t\t\t<div class=\"elementor-widget-wrap elementor-element-populated\">\n\t\t\t\t\t\t<div class=\"elementor-element elementor-element-a2d9c6d elementor-position-inline-start elementor-view-default elementor-mobile-position-block-start elementor-widget elementor-widget-icon-box\" data-id=\"a2d9c6d\" data-element_type=\"widget\" data-e-type=\"widget\" data-settings=\"{&quot;ekit_we_effect_on&quot;:&quot;none&quot;}\" data-widget_type=\"icon-box.default\">\n\t\t\t\t<div class=\"elementor-widget-container\">\n\t\t\t\t\t\t\t<div class=\"elementor-icon-box-wrapper\">\n\n\t\t\t\t\t\t<div class=\"elementor-icon-box-icon\">\n\t\t\t\t<a href=\"https:\/\/landercoll.com\/hu\/alkalmazas\/szemelyes-otthoni-apolas\/haztartasi-tisztitoszer\/\" target=\"_blank\" class=\"elementor-icon elementor-animation-wobble-horizontal\" tabindex=\"-1\" aria-label=\"Otthon\u00e1pol\u00f3 mos\u00f3szer\">\n\t\t\t\t<svg aria-hidden=\"true\" class=\"e-font-icon-svg e-fas-arrow-right\" viewbox=\"0 0 448 512\" xmlns=\"http:\/\/www.w3.org\/2000\/svg\"><path d=\"M190.5 66.9l22.2-22.2c9.4-9.4 24.6-9.4 33.9 0L441 239c9.4 9.4 9.4 24.6 0 33.9L246.6 467.3c-9.4 9.4-24.6 9.4-33.9 0l-22.2-22.2c-9.5-9.5-9.3-25 .4-34.3L311.4 296H24c-13.3 0-24-10.7-24-24v-32c0-13.3 10.7-24 24-24h287.4L190.9 101.2c-9.8-9.3-10-24.8-.4-34.3z\"><\/path><\/svg>\t\t\t\t<\/a>\n\t\t\t<\/div>\n\t\t\t\n\t\t\t\t\t\t<div class=\"elementor-icon-box-content\">\n\n\t\t\t\t\t\t\t\t\t<h3 class=\"elementor-icon-box-title\">\n\t\t\t\t\t\t<a href=\"https:\/\/landercoll.com\/hu\/alkalmazas\/szemelyes-otthoni-apolas\/haztartasi-tisztitoszer\/\" target=\"_blank\" >\n\t\t\t\t\t\t\tOtthon\u00e1pol\u00f3 mos\u00f3szer\t\t\t\t\t\t<\/a>\n\t\t\t\t\t<\/h3>\n\t\t\t\t\n\t\t\t\t\n\t\t\t<\/div>\n\t\t\t\n\t\t<\/div>\n\t\t\t\t\t\t<\/div>\n\t\t\t\t<\/div>\n\t\t\t\t<div class=\"elementor-element elementor-element-96912ba elementor-widget-divider--view-line elementor-widget elementor-widget-divider\" data-id=\"96912ba\" data-element_type=\"widget\" data-e-type=\"widget\" data-settings=\"{&quot;ekit_we_effect_on&quot;:&quot;none&quot;}\" data-widget_type=\"divider.default\">\n\t\t\t\t<div class=\"elementor-widget-container\">\n\t\t\t\t\t\t\t<div class=\"elementor-divider\">\n\t\t\t<span class=\"elementor-divider-separator\">\n\t\t\t\t\t\t<\/span>\n\t\t<\/div>\n\t\t\t\t\t\t<\/div>\n\t\t\t\t<\/div>\n\t\t\t\t<div class=\"elementor-element elementor-element-c78269e elementor-widget elementor-widget-text-editor\" data-id=\"c78269e\" data-element_type=\"widget\" data-e-type=\"widget\" data-settings=\"{&quot;ekit_we_effect_on&quot;:&quot;none&quot;}\" data-widget_type=\"text-editor.default\">\n\t\t\t\t<div class=\"elementor-widget-container\">\n\t\t\t\t\t\t\t\t\t<p>A cellul\u00f3z-\u00e9ter multifunkcion\u00e1lis adal\u00e9kanyagk\u00e9nt jav\u00edtja az otthoni \u00e1pol\u00f3szer-formul\u00e1kat, \u00e9s ny\u00edr\u00f3h\u00edg\u00edt\u00f3 viszkozit\u00e1st (500-50 000 mPa-s) biztos\u00edt az optim\u00e1lis \u00f6nthet\u0151s\u00e9g \u00e9rdek\u00e9ben, mik\u00f6zben megakad\u00e1lyozza a t\u00f6lt\u0151anyag le\u00fcleped\u00e9s\u00e9t. \u00dajrafoltosod\u00e1sg\u00e1tl\u00f3 tulajdons\u00e1gai 25%+ -al cs\u00f6kkentik a text\u00edli\u00e1k \u00fajrafoltosod\u00e1s\u00e1t a mos\u00f3szerekben, hidegvizes oldhat\u00f3s\u00e1ga pedig egyenletes teljes\u00edtm\u00e9nyt biztos\u00edt a k\u00f6rnyezetbar\u00e1t, alacsony h\u0151m\u00e9rs\u00e9klet\u0171 mos\u00e1sokban.<\/p>\t\t\t\t\t\t\t\t<\/div>\n\t\t\t\t<\/div>\n\t\t\t\t<div class=\"elementor-element elementor-element-cebd710 elementor-align-left elementor-widget elementor-widget-elementskit-button\" data-id=\"cebd710\" data-element_type=\"widget\" data-e-type=\"widget\" data-settings=\"{&quot;ekit_we_effect_on&quot;:&quot;none&quot;}\" data-widget_type=\"elementskit-button.default\">\n\t\t\t\t<div class=\"elementor-widget-container\">\n\t\t\t\t\t<div class=\"ekit-wid-con\" >\t\t<div class=\"ekit-btn-wraper\">\n\t\t\t\t\t\t\t<a href=\"https:\/\/landercoll.com\/hu\/alkalmazas\/szemelyes-otthoni-apolas\/haztartasi-tisztitoszer\/\" target=\"_blank\" class=\"elementskit-btn  whitespace--normal\" id=\"\">\n\t\t\t\t\tB\u0151vebben<i class=\"fasicon icon-arrow-right\"><\/i>\t\t\t\t<\/a>\n\t\t\t\t\t<\/div>\n        <\/div>\t\t\t\t<\/div>\n\t\t\t\t<\/div>\n\t\t\t\t<div class=\"elementor-element elementor-element-1731465 elementor-widget elementor-widget-image\" data-id=\"1731465\" data-element_type=\"widget\" data-e-type=\"widget\" data-settings=\"{&quot;ekit_we_effect_on&quot;:&quot;none&quot;}\" data-widget_type=\"image.default\">\n\t\t\t\t<div class=\"elementor-widget-container\">\n\t\t\t\t\t\t\t\t\t\t\t\t\t\t\t<img fetchpriority=\"high\" decoding=\"async\" width=\"800\" height=\"533\" src=\"https:\/\/landercoll.com\/wp-content\/uploads\/2024\/12\/close-up-of-female-hands-pouring-liquid-laundry-detergent-1024x682.jpg\" class=\"attachment-large size-large wp-image-1851\" alt=\"K\u00f6zelk\u00e9p n\u0151i kezek foly\u00e9kony mos\u00f3szert \u00f6ntve\" srcset=\"https:\/\/landercoll.com\/wp-content\/uploads\/2024\/12\/close-up-of-female-hands-pouring-liquid-laundry-detergent-1024x682.jpg 1024w, https:\/\/landercoll.com\/wp-content\/uploads\/2024\/12\/close-up-of-female-hands-pouring-liquid-laundry-detergent-300x200.jpg 300w, https:\/\/landercoll.com\/wp-content\/uploads\/2024\/12\/close-up-of-female-hands-pouring-liquid-laundry-detergent-768x512.jpg 768w, https:\/\/landercoll.com\/wp-content\/uploads\/2024\/12\/close-up-of-female-hands-pouring-liquid-laundry-detergent-1536x1024.jpg 1536w, https:\/\/landercoll.com\/wp-content\/uploads\/2024\/12\/close-up-of-female-hands-pouring-liquid-laundry-detergent-18x12.jpg 18w, https:\/\/landercoll.com\/wp-content\/uploads\/2024\/12\/close-up-of-female-hands-pouring-liquid-laundry-detergent.jpg 2000w\" sizes=\"(max-width: 800px) 100vw, 800px\" \/>\t\t\t\t\t\t\t\t\t\t\t\t\t\t\t<\/div>\n\t\t\t\t<\/div>\n\t\t\t\t\t<\/div>\n\t\t<\/div>\n\t\t\t\t<div class=\"elementor-column elementor-col-33 elementor-inner-column elementor-element elementor-element-d1028f0 elementor-invisible\" data-id=\"d1028f0\" data-element_type=\"column\" data-e-type=\"column\" data-settings=\"{&quot;background_background&quot;:&quot;classic&quot;,&quot;animation&quot;:&quot;fadeIn&quot;}\">\n\t\t\t<div class=\"elementor-widget-wrap elementor-element-populated\">\n\t\t\t\t\t\t<div class=\"elementor-element elementor-element-ef25e3f elementor-position-inline-start elementor-view-default elementor-mobile-position-block-start elementor-widget elementor-widget-icon-box\" data-id=\"ef25e3f\" data-element_type=\"widget\" data-e-type=\"widget\" data-settings=\"{&quot;ekit_we_effect_on&quot;:&quot;none&quot;}\" data-widget_type=\"icon-box.default\">\n\t\t\t\t<div class=\"elementor-widget-container\">\n\t\t\t\t\t\t\t<div class=\"elementor-icon-box-wrapper\">\n\n\t\t\t\t\t\t<div class=\"elementor-icon-box-icon\">\n\t\t\t\t<a href=\"https:\/\/landercoll.com\/hu\/alkalmazas\/szemelyes-otthoni-apolas\/szemelyi-tisztitoszer\/\" target=\"_blank\" class=\"elementor-icon elementor-animation-wobble-horizontal\" tabindex=\"-1\" aria-label=\"Szem\u00e9lyi tiszt\u00edt\u00f3szer\">\n\t\t\t\t<svg aria-hidden=\"true\" class=\"e-font-icon-svg e-fas-arrow-right\" viewbox=\"0 0 448 512\" xmlns=\"http:\/\/www.w3.org\/2000\/svg\"><path d=\"M190.5 66.9l22.2-22.2c9.4-9.4 24.6-9.4 33.9 0L441 239c9.4 9.4 9.4 24.6 0 33.9L246.6 467.3c-9.4 9.4-24.6 9.4-33.9 0l-22.2-22.2c-9.5-9.5-9.3-25 .4-34.3L311.4 296H24c-13.3 0-24-10.7-24-24v-32c0-13.3 10.7-24 24-24h287.4L190.9 101.2c-9.8-9.3-10-24.8-.4-34.3z\"><\/path><\/svg>\t\t\t\t<\/a>\n\t\t\t<\/div>\n\t\t\t\n\t\t\t\t\t\t<div class=\"elementor-icon-box-content\">\n\n\t\t\t\t\t\t\t\t\t<h3 class=\"elementor-icon-box-title\">\n\t\t\t\t\t\t<a href=\"https:\/\/landercoll.com\/hu\/alkalmazas\/szemelyes-otthoni-apolas\/szemelyi-tisztitoszer\/\" target=\"_blank\" >\n\t\t\t\t\t\t\tSzem\u00e9lyi tiszt\u00edt\u00f3szer\t\t\t\t\t\t<\/a>\n\t\t\t\t\t<\/h3>\n\t\t\t\t\n\t\t\t\t\n\t\t\t<\/div>\n\t\t\t\n\t\t<\/div>\n\t\t\t\t\t\t<\/div>\n\t\t\t\t<\/div>\n\t\t\t\t<div class=\"elementor-element elementor-element-470652f elementor-widget-divider--view-line elementor-widget elementor-widget-divider\" data-id=\"470652f\" data-element_type=\"widget\" data-e-type=\"widget\" data-settings=\"{&quot;ekit_we_effect_on&quot;:&quot;none&quot;}\" data-widget_type=\"divider.default\">\n\t\t\t\t<div class=\"elementor-widget-container\">\n\t\t\t\t\t\t\t<div class=\"elementor-divider\">\n\t\t\t<span class=\"elementor-divider-separator\">\n\t\t\t\t\t\t<\/span>\n\t\t<\/div>\n\t\t\t\t\t\t<\/div>\n\t\t\t\t<\/div>\n\t\t\t\t<div class=\"elementor-element elementor-element-843bc05 elementor-widget elementor-widget-text-editor\" data-id=\"843bc05\" data-element_type=\"widget\" data-e-type=\"widget\" data-settings=\"{&quot;ekit_we_effect_on&quot;:&quot;none&quot;}\" data-widget_type=\"text-editor.default\">\n\t\t\t\t<div class=\"elementor-widget-container\">\n\t\t\t\t\t\t\t\t\t<p>A cellul\u00f3z-\u00e9ter k\u00edm\u00e9letes, n\u00f6v\u00e9nyi eredet\u0171 reol\u00f3giam\u00f3dos\u00edt\u00f3k\u00e9nt szolg\u00e1l a test\u00e1pol\u00e1si k\u00e9sz\u00edtm\u00e9nyekben, szulf\u00e1tmentes s\u0171r\u00edt\u00e9st (5 000-30 000 mPa-s) biztos\u00edt samponok \u00e9s test\u00e1pol\u00f3k sz\u00e1m\u00e1ra. pH-stabil (3-9) \u00e9s s\u00f3t\u0171r\u0151 tulajdons\u00e1gai kr\u00e9mes text\u00far\u00e1t biztos\u00edtanak az \u00e9rz\u00e9keny b\u0151rre hat\u00f3 term\u00e9kekben, m\u00edg a hidegfeldolgoz\u00e1si kompatibilit\u00e1s cs\u00f6kkenti az energiafogyaszt\u00e1st.<\/p>\t\t\t\t\t\t\t\t<\/div>\n\t\t\t\t<\/div>\n\t\t\t\t<div class=\"elementor-element elementor-element-05a1a17 elementor-align-left elementor-widget elementor-widget-elementskit-button\" data-id=\"05a1a17\" data-element_type=\"widget\" data-e-type=\"widget\" data-settings=\"{&quot;ekit_we_effect_on&quot;:&quot;none&quot;}\" data-widget_type=\"elementskit-button.default\">\n\t\t\t\t<div class=\"elementor-widget-container\">\n\t\t\t\t\t<div class=\"ekit-wid-con\" >\t\t<div class=\"ekit-btn-wraper\">\n\t\t\t\t\t\t\t<a href=\"https:\/\/landercoll.com\/hu\/alkalmazas\/szemelyes-otthoni-apolas\/szemelyi-tisztitoszer\/\" target=\"_blank\" class=\"elementskit-btn  whitespace--normal\" id=\"\">\n\t\t\t\t\tB\u0151vebben<i class=\"fasicon icon-arrow-right\"><\/i>\t\t\t\t<\/a>\n\t\t\t\t\t<\/div>\n        <\/div>\t\t\t\t<\/div>\n\t\t\t\t<\/div>\n\t\t\t\t<div class=\"elementor-element elementor-element-c0eb72b elementor-widget elementor-widget-image\" data-id=\"c0eb72b\" data-element_type=\"widget\" data-e-type=\"widget\" data-settings=\"{&quot;ekit_we_effect_on&quot;:&quot;none&quot;}\" data-widget_type=\"image.default\">\n\t\t\t\t<div class=\"elementor-widget-container\">\n\t\t\t\t\t\t\t\t\t\t\t\t\t\t\t<img loading=\"lazy\" decoding=\"async\" width=\"800\" height=\"533\" src=\"https:\/\/landercoll.com\/wp-content\/uploads\/2024\/12\/close-up-of-personal-accesories-and-face-care-cosmetics-natural-organic-oils-for-beauty-1024x682.jpg\" class=\"attachment-large size-large wp-image-1845\" alt=\"k\u00f6zelk\u00e9p a szem\u00e9lyes kieg\u00e9sz\u00edt\u0151kr\u0151l \u00e9s az arc\u00e1pol\u00f3 kozmetikumokr\u00f3l. Term\u00e9szetes organikus olajok a sz\u00e9ps\u00e9g\u00e9rt\" srcset=\"https:\/\/landercoll.com\/wp-content\/uploads\/2024\/12\/close-up-of-personal-accesories-and-face-care-cosmetics-natural-organic-oils-for-beauty-1024x682.jpg 1024w, https:\/\/landercoll.com\/wp-content\/uploads\/2024\/12\/close-up-of-personal-accesories-and-face-care-cosmetics-natural-organic-oils-for-beauty-300x200.jpg 300w, https:\/\/landercoll.com\/wp-content\/uploads\/2024\/12\/close-up-of-personal-accesories-and-face-care-cosmetics-natural-organic-oils-for-beauty-768x512.jpg 768w, https:\/\/landercoll.com\/wp-content\/uploads\/2024\/12\/close-up-of-personal-accesories-and-face-care-cosmetics-natural-organic-oils-for-beauty-1536x1024.jpg 1536w, https:\/\/landercoll.com\/wp-content\/uploads\/2024\/12\/close-up-of-personal-accesories-and-face-care-cosmetics-natural-organic-oils-for-beauty-18x12.jpg 18w, https:\/\/landercoll.com\/wp-content\/uploads\/2024\/12\/close-up-of-personal-accesories-and-face-care-cosmetics-natural-organic-oils-for-beauty.jpg 2000w\" sizes=\"(max-width: 800px) 100vw, 800px\" \/>\t\t\t\t\t\t\t\t\t\t\t\t\t\t\t<\/div>\n\t\t\t\t<\/div>\n\t\t\t\t\t<\/div>\n\t\t<\/div>\n\t\t\t\t<div class=\"elementor-column elementor-col-33 elementor-inner-column elementor-element elementor-element-c75b3d6 elementor-invisible\" data-id=\"c75b3d6\" data-element_type=\"column\" data-e-type=\"column\" data-settings=\"{&quot;background_background&quot;:&quot;classic&quot;,&quot;animation&quot;:&quot;fadeIn&quot;}\">\n\t\t\t<div class=\"elementor-widget-wrap\">\n\t\t\t\t\t\t\t<\/div>\n\t\t<\/div>\n\t\t\t\t\t<\/div>\n\t\t<\/section>\n\t\t\t\t\t<\/div>\n\t\t<\/div>\n\t\t\t\t\t<\/div>\n\t\t<\/section>\n\t\t\t\t<\/div>","protected":false},"excerpt":{"rendered":"<p>A piacokat, amelyeket kiszolg\u00e1lunk Otthoni \u00e1pol\u00e1s Szem\u00e9lyes \u00e1pol\u00e1s Szem\u00e9lyes \u00e9s otthoni \u00e1pol\u00e1s Otthoni \u00e1pol\u00f3szer Cellul\u00f3z-\u00e9ter multifunkcion\u00e1lis adal\u00e9kanyagk\u00e9nt fokozza az otthoni \u00e1pol\u00e1si formul\u00e1kat, shear-thinning viszkozit\u00e1st (500\u201350 000 mPa\u00b7s) biztos\u00edtva az optim\u00e1lis \u00f6nt\u00e9si k\u00e9pess\u00e9get, mik\u00f6zben megakad\u00e1lyozza a t\u00f6lt\u0151anyag \u00fcleped\u00e9s\u00e9t. Az anti-red\u00e9p\u00f3zi\u00f3s tulajdons\u00e1gai cs\u00f6kkentik a textil \u00fajra szennyez\u0151d\u00e9s\u00e9t 25%+ a mos\u00f3szerekben, \u00e9s a hideg v\u00edzben old\u00f3d\u00f3 k\u00e9pess\u00e9g biztos\u00edtja a k\u00f6vetkezetes teljes\u00edtm\u00e9nyt k\u00f6rnyezetbar\u00e1t, alacsony h\u0151m\u00e9rs\u00e9klet\u0171 [\u2026]<\/p>","protected":false},"author":1,"featured_media":0,"parent":437,"menu_order":0,"comment_status":"closed","ping_status":"closed","template":"elementor_header_footer","meta":{"footnotes":""},"class_list":["post-1892","page","type-page","status-publish","hentry"],"_links":{"self":[{"href":"https:\/\/landercoll.com\/hu\/wp-json\/wp\/v2\/pages\/1892","targetHints":{"allow":["GET"]}}],"collection":[{"href":"https:\/\/landercoll.com\/hu\/wp-json\/wp\/v2\/pages"}],"about":[{"href":"https:\/\/landercoll.com\/hu\/wp-json\/wp\/v2\/types\/page"}],"author":[{"embeddable":true,"href":"https:\/\/landercoll.com\/hu\/wp-json\/wp\/v2\/users\/1"}],"replies":[{"embeddable":true,"href":"https:\/\/landercoll.com\/hu\/wp-json\/wp\/v2\/comments?post=1892"}],"version-history":[{"count":20,"href":"https:\/\/landercoll.com\/hu\/wp-json\/wp\/v2\/pages\/1892\/revisions"}],"predecessor-version":[{"id":10699,"href":"https:\/\/landercoll.com\/hu\/wp-json\/wp\/v2\/pages\/1892\/revisions\/10699"}],"up":[{"embeddable":true,"href":"https:\/\/landercoll.com\/hu\/wp-json\/wp\/v2\/pages\/437"}],"wp:attachment":[{"href":"https:\/\/landercoll.com\/hu\/wp-json\/wp\/v2\/media?parent=1892"}],"curies":[{"name":"wp","href":"https:\/\/api.w.org\/{rel}","templated":true}]}}