{"id":4159,"date":"2025-01-16T09:14:33","date_gmt":"2025-01-16T09:14:33","guid":{"rendered":"https:\/\/landercoll.com\/?page_id=4159"},"modified":"2025-08-30T03:32:29","modified_gmt":"2025-08-30T03:32:29","slug":"respecter-la-dignite-et-legalite-de-tous-les-etres-humains","status":"publish","type":"page","link":"https:\/\/landercoll.com\/fr\/developpement-durable\/respecter-la-dignite-et-legalite-de-tous-les-etres-humains\/","title":{"rendered":"Respecter la dignit\u00e9 et l'\u00e9galit\u00e9 de tous les \u00eatres humains"},"content":{"rendered":"<div data-elementor-type=\"wp-page\" data-elementor-id=\"4159\" class=\"elementor elementor-4159\" data-elementor-post-type=\"page\">\n\t\t\t\t\t\t<section class=\"elementor-section elementor-top-section elementor-element elementor-element-3c1395b elementor-section-boxed elementor-section-height-default elementor-section-height-default\" data-id=\"3c1395b\" data-element_type=\"section\" data-settings=\"{&quot;background_background&quot;:&quot;classic&quot;,&quot;ekit_has_onepagescroll_dot&quot;:&quot;yes&quot;}\">\n\t\t\t\t\t\t\t<div class=\"elementor-background-overlay\"><\/div>\n\t\t\t\t\t\t\t<div class=\"elementor-container elementor-column-gap-no\">\n\t\t\t\t\t<div class=\"elementor-column elementor-col-100 elementor-top-column elementor-element elementor-element-2a1f8f0\" data-id=\"2a1f8f0\" data-element_type=\"column\">\n\t\t\t<div class=\"elementor-widget-wrap elementor-element-populated\">\n\t\t\t\t\t\t<div class=\"elementor-element elementor-element-01c20e2 elementor-invisible elementor-widget elementor-widget-heading\" data-id=\"01c20e2\" data-element_type=\"widget\" data-settings=\"{&quot;_animation&quot;:&quot;zoomIn&quot;,&quot;ekit_we_effect_on&quot;:&quot;none&quot;}\" data-widget_type=\"heading.default\">\n\t\t\t\t<div class=\"elementor-widget-container\">\n\t\t\t\t\t<h1 class=\"elementor-heading-title elementor-size-default\">Respecter la dignit\u00e9 et l'\u00e9galit\u00e9 de tous les \u00eatres humains<\/h1>\t\t\t\t<\/div>\n\t\t\t\t<\/div>\n\t\t\t\t<div class=\"elementor-element elementor-element-361cca3 elementor-widget-divider--view-line_text elementor-widget-divider--element-align-center elementor-widget elementor-widget-divider\" data-id=\"361cca3\" data-element_type=\"widget\" data-settings=\"{&quot;ekit_we_effect_on&quot;:&quot;none&quot;}\" data-widget_type=\"divider.default\">\n\t\t\t\t<div class=\"elementor-widget-container\">\n\t\t\t\t\t\t\t<div class=\"elementor-divider\">\n\t\t\t<span class=\"elementor-divider-separator\">\n\t\t\t\t\t\t\t<span class=\"elementor-divider__text elementor-divider__element\">\n\t\t\t\tHPMC, HEMC et HEC de haute qualit\u00e9\t\t\t\t<\/span>\n\t\t\t\t\t\t<\/span>\n\t\t<\/div>\n\t\t\t\t\t\t<\/div>\n\t\t\t\t<\/div>\n\t\t\t\t\t<\/div>\n\t\t<\/div>\n\t\t\t\t\t<\/div>\n\t\t<\/section>\n\t\t<div class=\"elementor-element elementor-element-509cfa4 e-flex e-con-boxed e-con e-parent\" data-id=\"509cfa4\" data-element_type=\"container\" data-settings=\"{&quot;ekit_has_onepagescroll_dot&quot;:&quot;yes&quot;}\">\n\t\t\t\t\t<div class=\"e-con-inner\">\n\t\t\t\t<div class=\"elementor-element elementor-element-ade3212 elementor-invisible elementor-widget elementor-widget-heading\" data-id=\"ade3212\" data-element_type=\"widget\" data-settings=\"{&quot;_animation&quot;:&quot;fadeInUp&quot;,&quot;ekit_we_effect_on&quot;:&quot;none&quot;}\" data-widget_type=\"heading.default\">\n\t\t\t\t<div class=\"elementor-widget-container\">\n\t\t\t\t\t<h3 class=\"elementor-heading-title elementor-size-default\">LANDERCOLL se fait le champion des droits de l'homme et de la dignit\u00e9 pour tous<\/h3>\t\t\t\t<\/div>\n\t\t\t\t<\/div>\n\t\t\t\t<div class=\"elementor-element elementor-element-b7543d9 elementor-invisible elementor-widget elementor-widget-heading\" data-id=\"b7543d9\" data-element_type=\"widget\" data-settings=\"{&quot;_animation&quot;:&quot;fadeInUp&quot;,&quot;_animation_delay&quot;:200,&quot;ekit_we_effect_on&quot;:&quot;none&quot;}\" data-widget_type=\"heading.default\">\n\t\t\t\t<div class=\"elementor-widget-container\">\n\t\t\t\t\t<h2 class=\"elementor-heading-title elementor-size-default\">LANDERCOLL Favoriser l'\u00e9quit\u00e9 par l'autonomisation des employ\u00e9s<\/h2>\t\t\t\t<\/div>\n\t\t\t\t<\/div>\n\t\t\t\t<div class=\"elementor-element elementor-element-937a451 elementor-widget__width-initial elementor-widget elementor-widget-text-editor\" data-id=\"937a451\" data-element_type=\"widget\" data-settings=\"{&quot;ekit_we_effect_on&quot;:&quot;none&quot;}\" data-widget_type=\"text-editor.default\">\n\t\t\t\t<div class=\"elementor-widget-container\">\n\t\t\t\t\t\t\t\t\t<p>LANDERCOLL est un fervent d\u00e9fenseur de l'id\u00e9al des droits de l'homme selon lequel les personnes ont le droit d'\u00eatre trait\u00e9es avec dignit\u00e9, quels que soient leur nationalit\u00e9, leur lieu de r\u00e9sidence, leur sexe, leur origine nationale ou ethnique, leur couleur, leur langue ou tout autre statut. Nous entretenons des relations positives avec nos employ\u00e9s afin de cr\u00e9er une soci\u00e9t\u00e9 plus \u00e9quitable et plus durable.<\/p>\t\t\t\t\t\t\t\t<\/div>\n\t\t\t\t<\/div>\n\t\t\t\t\t<\/div>\n\t\t\t\t<\/div>\n\t\t\t\t<section class=\"elementor-section elementor-top-section elementor-element elementor-element-8827782 elementor-section-boxed elementor-section-height-default elementor-section-height-default\" data-id=\"8827782\" data-element_type=\"section\" data-settings=\"{&quot;background_background&quot;:&quot;classic&quot;,&quot;ekit_has_onepagescroll_dot&quot;:&quot;yes&quot;}\">\n\t\t\t\t\t\t<div class=\"elementor-container elementor-column-gap-default\">\n\t\t\t\t\t<div class=\"elementor-column elementor-col-50 elementor-top-column elementor-element elementor-element-75bb8c7\" data-id=\"75bb8c7\" data-element_type=\"column\">\n\t\t\t<div class=\"elementor-widget-wrap elementor-element-populated\">\n\t\t\t\t\t\t<div class=\"elementor-element elementor-element-7cee859 elementor-invisible elementor-widget elementor-widget-heading\" data-id=\"7cee859\" data-element_type=\"widget\" data-settings=\"{&quot;_animation&quot;:&quot;fadeInUp&quot;,&quot;_animation_delay&quot;:200,&quot;ekit_we_effect_on&quot;:&quot;none&quot;}\" data-widget_type=\"heading.default\">\n\t\t\t\t<div class=\"elementor-widget-container\">\n\t\t\t\t\t<h3 class=\"elementor-heading-title elementor-size-default\">\n\u00c9galit\u00e9 entre les hommes et les femmes<\/h3>\t\t\t\t<\/div>\n\t\t\t\t<\/div>\n\t\t\t\t<div class=\"elementor-element elementor-element-ef99a6a elementor-widget elementor-widget-text-editor\" data-id=\"ef99a6a\" data-element_type=\"widget\" data-settings=\"{&quot;ekit_we_effect_on&quot;:&quot;none&quot;}\" data-widget_type=\"text-editor.default\">\n\t\t\t\t<div class=\"elementor-widget-container\">\n\t\t\t\t\t\t\t\t\t<p>En tant que droit humain fondamental, l'\u00e9galit\u00e9 entre les hommes et les femmes consiste \u00e0 parvenir \u00e0 l'\u00e9galit\u00e9 en termes d'autonomisation et de participation \u00e9conomiques des femmes. Chez LANDERCOLL, nous veillons \u00e0 ce que les femmes re\u00e7oivent un salaire \u00e9gal pour un travail \u00e9gal et \u00e0 ce qu'elles ne soient jamais la cible d'abus physiques et sexuels. Ce principe contribue \u00e0 d\u00e9velopper la croissance \u00e9conomique, \u00e0 promouvoir le d\u00e9veloppement social et \u00e0 cr\u00e9er des soci\u00e9t\u00e9s plus stables et plus justes.<\/p>\t\t\t\t\t\t\t\t<\/div>\n\t\t\t\t<\/div>\n\t\t\t\t<div class=\"elementor-element elementor-element-0c4b1d3 elementor-widget elementor-widget-button\" data-id=\"0c4b1d3\" data-element_type=\"widget\" data-settings=\"{&quot;ekit_we_effect_on&quot;:&quot;none&quot;}\" data-widget_type=\"button.default\">\n\t\t\t\t<div class=\"elementor-widget-container\">\n\t\t\t\t\t\t\t\t\t<div class=\"elementor-button-wrapper\">\n\t\t\t\t\t<a class=\"elementor-button elementor-button-link elementor-size-sm elementor-animation-skew\" href=\"#elementor-action%3Aaction%3Dpopup%3Aopen%26settings%3DeyJpZCI6IjgwNCIsInRvZ2dsZSI6ZmFsc2V9\">\n\t\t\t\t\t\t<span class=\"elementor-button-content-wrapper\">\n\t\t\t\t\t\t<span class=\"elementor-button-icon\">\n\t\t\t\t<i aria-hidden=\"true\" class=\"icon icon-arrow-right\"><\/i>\t\t\t<\/span>\n\t\t\t\t\t\t\t\t\t<span class=\"elementor-button-text\">Nous contacter<\/span>\n\t\t\t\t\t<\/span>\n\t\t\t\t\t<\/a>\n\t\t\t\t<\/div>\n\t\t\t\t\t\t\t\t<\/div>\n\t\t\t\t<\/div>\n\t\t\t\t\t<\/div>\n\t\t<\/div>\n\t\t\t\t<div class=\"elementor-column elementor-col-50 elementor-top-column elementor-element elementor-element-03dabfc\" data-id=\"03dabfc\" data-element_type=\"column\">\n\t\t\t<div class=\"elementor-widget-wrap elementor-element-populated\">\n\t\t\t\t<div class=\"elementor-element elementor-element-4318912 e-flex e-con-boxed e-con e-parent\" data-id=\"4318912\" data-element_type=\"container\" data-settings=\"{&quot;ekit_has_onepagescroll_dot&quot;:&quot;yes&quot;}\">\n\t\t\t\t\t<div class=\"e-con-inner\">\n\t\t\t\t<div class=\"elementor-element elementor-element-3591dd1 elementor-widget elementor-widget-image\" data-id=\"3591dd1\" data-element_type=\"widget\" data-settings=\"{&quot;ekit_we_effect_on&quot;:&quot;none&quot;}\" data-widget_type=\"image.default\">\n\t\t\t\t<div class=\"elementor-widget-container\">\n\t\t\t\t\t\t\t\t\t\t\t\t\t\t\t<img fetchpriority=\"high\" decoding=\"async\" width=\"800\" height=\"534\" src=\"https:\/\/landercoll.com\/wp-content\/uploads\/2025\/01\/landu-lab1-1024x683.jpg\" class=\"attachment-large size-large wp-image-4380\" alt=\"landu-lab1\" srcset=\"https:\/\/landercoll.com\/wp-content\/uploads\/2025\/01\/landu-lab1-1024x683.jpg 1024w, https:\/\/landercoll.com\/wp-content\/uploads\/2025\/01\/landu-lab1-300x200.jpg 300w, https:\/\/landercoll.com\/wp-content\/uploads\/2025\/01\/landu-lab1-768x512.jpg 768w, https:\/\/landercoll.com\/wp-content\/uploads\/2025\/01\/landu-lab1-1536x1024.jpg 1536w, https:\/\/landercoll.com\/wp-content\/uploads\/2025\/01\/landu-lab1-18x12.jpg 18w, https:\/\/landercoll.com\/wp-content\/uploads\/2025\/01\/landu-lab1.jpg 1920w\" sizes=\"(max-width: 800px) 100vw, 800px\" \/>\t\t\t\t\t\t\t\t\t\t\t\t\t\t\t<\/div>\n\t\t\t\t<\/div>\n\t\t\t\t<div class=\"elementor-element elementor-element-c2f8d97 elementor-widget elementor-widget-image\" data-id=\"c2f8d97\" data-element_type=\"widget\" data-settings=\"{&quot;ekit_we_effect_on&quot;:&quot;none&quot;}\" data-widget_type=\"image.default\">\n\t\t\t\t<div class=\"elementor-widget-container\">\n\t\t\t\t\t\t\t\t\t\t\t\t\t\t\t<img decoding=\"async\" width=\"800\" height=\"534\" src=\"https:\/\/landercoll.com\/wp-content\/uploads\/2025\/01\/landu-lab3-1024x683.jpg\" class=\"attachment-large size-large wp-image-4382\" alt=\"landu-lab3\" srcset=\"https:\/\/landercoll.com\/wp-content\/uploads\/2025\/01\/landu-lab3-1024x683.jpg 1024w, https:\/\/landercoll.com\/wp-content\/uploads\/2025\/01\/landu-lab3-300x200.jpg 300w, https:\/\/landercoll.com\/wp-content\/uploads\/2025\/01\/landu-lab3-768x512.jpg 768w, https:\/\/landercoll.com\/wp-content\/uploads\/2025\/01\/landu-lab3-1536x1024.jpg 1536w, https:\/\/landercoll.com\/wp-content\/uploads\/2025\/01\/landu-lab3-18x12.jpg 18w, https:\/\/landercoll.com\/wp-content\/uploads\/2025\/01\/landu-lab3.jpg 1920w\" sizes=\"(max-width: 800px) 100vw, 800px\" \/>\t\t\t\t\t\t\t\t\t\t\t\t\t\t\t<\/div>\n\t\t\t\t<\/div>\n\t\t\t\t\t<\/div>\n\t\t\t\t<\/div>\n\t\t\t\t\t<\/div>\n\t\t<\/div>\n\t\t\t\t\t<\/div>\n\t\t<\/section>\n\t\t\t\t<section class=\"elementor-section elementor-top-section elementor-element elementor-element-2d4824a elementor-section-boxed elementor-section-height-default elementor-section-height-default\" data-id=\"2d4824a\" data-element_type=\"section\" data-settings=\"{&quot;ekit_has_onepagescroll_dot&quot;:&quot;yes&quot;}\">\n\t\t\t\t\t\t<div class=\"elementor-container elementor-column-gap-default\">\n\t\t\t\t\t<div class=\"elementor-column elementor-col-50 elementor-top-column elementor-element elementor-element-7446acf\" data-id=\"7446acf\" data-element_type=\"column\">\n\t\t\t<div class=\"elementor-widget-wrap elementor-element-populated\">\n\t\t\t\t\t\t<div class=\"elementor-element elementor-element-01da582 elementor-widget elementor-widget-image\" data-id=\"01da582\" data-element_type=\"widget\" data-settings=\"{&quot;ekit_we_effect_on&quot;:&quot;none&quot;}\" data-widget_type=\"image.default\">\n\t\t\t\t<div class=\"elementor-widget-container\">\n\t\t\t\t\t\t\t\t\t\t\t\t\t\t\t<img decoding=\"async\" width=\"800\" height=\"534\" src=\"https:\/\/landercoll.com\/wp-content\/uploads\/2025\/02\/landercoll-innovative-spirit-1024x683.jpg\" class=\"attachment-large size-large wp-image-6187\" alt=\"esprit novateur de landercoll\" srcset=\"https:\/\/landercoll.com\/wp-content\/uploads\/2025\/02\/landercoll-innovative-spirit-1024x683.jpg 1024w, https:\/\/landercoll.com\/wp-content\/uploads\/2025\/02\/landercoll-innovative-spirit-300x200.jpg 300w, https:\/\/landercoll.com\/wp-content\/uploads\/2025\/02\/landercoll-innovative-spirit-768x512.jpg 768w, https:\/\/landercoll.com\/wp-content\/uploads\/2025\/02\/landercoll-innovative-spirit-1536x1024.jpg 1536w, https:\/\/landercoll.com\/wp-content\/uploads\/2025\/02\/landercoll-innovative-spirit-18x12.jpg 18w, https:\/\/landercoll.com\/wp-content\/uploads\/2025\/02\/landercoll-innovative-spirit.jpg 1920w\" sizes=\"(max-width: 800px) 100vw, 800px\" \/>\t\t\t\t\t\t\t\t\t\t\t\t\t\t\t<\/div>\n\t\t\t\t<\/div>\n\t\t\t\t\t<\/div>\n\t\t<\/div>\n\t\t\t\t<div class=\"elementor-column elementor-col-50 elementor-top-column elementor-element elementor-element-d39dee8\" data-id=\"d39dee8\" data-element_type=\"column\">\n\t\t\t<div class=\"elementor-widget-wrap elementor-element-populated\">\n\t\t\t\t\t\t<div class=\"elementor-element elementor-element-a8b07a9 elementor-invisible elementor-widget elementor-widget-heading\" data-id=\"a8b07a9\" data-element_type=\"widget\" data-settings=\"{&quot;_animation&quot;:&quot;fadeInUp&quot;,&quot;_animation_delay&quot;:200,&quot;ekit_we_effect_on&quot;:&quot;none&quot;}\" data-widget_type=\"heading.default\">\n\t\t\t\t<div class=\"elementor-widget-container\">\n\t\t\t\t\t<h3 class=\"elementor-heading-title elementor-size-default\">\u00c9ducation et formation<\/h3>\t\t\t\t<\/div>\n\t\t\t\t<\/div>\n\t\t\t\t<div class=\"elementor-element elementor-element-9f8f2a0 elementor-widget elementor-widget-text-editor\" data-id=\"9f8f2a0\" data-element_type=\"widget\" data-settings=\"{&quot;ekit_we_effect_on&quot;:&quot;none&quot;}\" data-widget_type=\"text-editor.default\">\n\t\t\t\t<div class=\"elementor-widget-container\">\n\t\t\t\t\t\t\t\t\t<p>LANDERCOLL s'engage \u00e0 fournir \u00e0 son personnel les connaissances, les comp\u00e9tences et la compr\u00e9hension n\u00e9cessaires pour modeler ses comportements, en lui donnant les moyens de contribuer \u00e0 l'\u00e9tablissement et \u00e0 la protection d'une culture universelle des droits de l'homme. Nous pensons que cela pourrait sensibiliser notre personnel \u00e0 prendre soin les uns des autres et \u00e0 croire en la justice sociale et l'\u00e9galit\u00e9.<\/p>\t\t\t\t\t\t\t\t<\/div>\n\t\t\t\t<\/div>\n\t\t\t\t<div class=\"elementor-element elementor-element-9192df4 elementor-widget elementor-widget-button\" data-id=\"9192df4\" data-element_type=\"widget\" data-settings=\"{&quot;ekit_we_effect_on&quot;:&quot;none&quot;}\" data-widget_type=\"button.default\">\n\t\t\t\t<div class=\"elementor-widget-container\">\n\t\t\t\t\t\t\t\t\t<div class=\"elementor-button-wrapper\">\n\t\t\t\t\t<a class=\"elementor-button elementor-button-link elementor-size-sm elementor-animation-skew\" href=\"#elementor-action%3Aaction%3Dpopup%3Aopen%26settings%3DeyJpZCI6IjgwNCIsInRvZ2dsZSI6ZmFsc2V9\">\n\t\t\t\t\t\t<span class=\"elementor-button-content-wrapper\">\n\t\t\t\t\t\t<span class=\"elementor-button-icon\">\n\t\t\t\t<i aria-hidden=\"true\" class=\"icon icon-arrow-right\"><\/i>\t\t\t<\/span>\n\t\t\t\t\t\t\t\t\t<span class=\"elementor-button-text\">Nous contacter<\/span>\n\t\t\t\t\t<\/span>\n\t\t\t\t\t<\/a>\n\t\t\t\t<\/div>\n\t\t\t\t\t\t\t\t<\/div>\n\t\t\t\t<\/div>\n\t\t\t\t\t<\/div>\n\t\t<\/div>\n\t\t\t\t\t<\/div>\n\t\t<\/section>\n\t\t\t\t<section class=\"elementor-section elementor-top-section elementor-element elementor-element-a88e675 elementor-section-boxed elementor-section-height-default elementor-section-height-default\" data-id=\"a88e675\" data-element_type=\"section\" data-settings=\"{&quot;ekit_has_onepagescroll_dot&quot;:&quot;yes&quot;}\">\n\t\t\t\t\t\t<div class=\"elementor-container elementor-column-gap-default\">\n\t\t\t\t\t<div class=\"elementor-column elementor-col-50 elementor-top-column elementor-element elementor-element-4919005\" data-id=\"4919005\" data-element_type=\"column\">\n\t\t\t<div class=\"elementor-widget-wrap elementor-element-populated\">\n\t\t\t\t\t\t<div class=\"elementor-element elementor-element-84af29b elementor-invisible elementor-widget elementor-widget-heading\" data-id=\"84af29b\" data-element_type=\"widget\" data-settings=\"{&quot;_animation&quot;:&quot;fadeInUp&quot;,&quot;_animation_delay&quot;:200,&quot;ekit_we_effect_on&quot;:&quot;none&quot;}\" data-widget_type=\"heading.default\">\n\t\t\t\t<div class=\"elementor-widget-container\">\n\t\t\t\t\t<h3 class=\"elementor-heading-title elementor-size-default\">Droits du travail<\/h3>\t\t\t\t<\/div>\n\t\t\t\t<\/div>\n\t\t\t\t<div class=\"elementor-element elementor-element-ae0d487 elementor-widget elementor-widget-text-editor\" data-id=\"ae0d487\" data-element_type=\"widget\" data-settings=\"{&quot;ekit_we_effect_on&quot;:&quot;none&quot;}\" data-widget_type=\"text-editor.default\">\n\t\t\t\t<div class=\"elementor-widget-container\">\n\t\t\t\t\t\t\t\t\t<p>LANDERCOLL ne m\u00e9nage aucun effort pour prot\u00e9ger son personnel contre des conditions de travail injustes et dangereuses. Nous visons \u00e9galement \u00e0 \u00e9liminer toute mauvaise gouvernance, y compris la corruption et l'inefficacit\u00e9 institutionnelle. Sur la voie de la durabilit\u00e9 sociale, notre promotion des syst\u00e8mes et des politiques joue un r\u00f4le important pour garantir un acc\u00e8s \u00e9quitable aux opportunit\u00e9s et aux ressources pour tous les membres.<\/p>\t\t\t\t\t\t\t\t<\/div>\n\t\t\t\t<\/div>\n\t\t\t\t<div class=\"elementor-element elementor-element-0952de4 elementor-widget elementor-widget-button\" data-id=\"0952de4\" data-element_type=\"widget\" data-settings=\"{&quot;ekit_we_effect_on&quot;:&quot;none&quot;}\" data-widget_type=\"button.default\">\n\t\t\t\t<div class=\"elementor-widget-container\">\n\t\t\t\t\t\t\t\t\t<div class=\"elementor-button-wrapper\">\n\t\t\t\t\t<a class=\"elementor-button elementor-button-link elementor-size-sm elementor-animation-skew\" href=\"#elementor-action%3Aaction%3Dpopup%3Aopen%26settings%3DeyJpZCI6IjgwNCIsInRvZ2dsZSI6ZmFsc2V9\">\n\t\t\t\t\t\t<span class=\"elementor-button-content-wrapper\">\n\t\t\t\t\t\t<span class=\"elementor-button-icon\">\n\t\t\t\t<i aria-hidden=\"true\" class=\"icon icon-arrow-right\"><\/i>\t\t\t<\/span>\n\t\t\t\t\t\t\t\t\t<span class=\"elementor-button-text\">Nous contacter<\/span>\n\t\t\t\t\t<\/span>\n\t\t\t\t\t<\/a>\n\t\t\t\t<\/div>\n\t\t\t\t\t\t\t\t<\/div>\n\t\t\t\t<\/div>\n\t\t\t\t\t<\/div>\n\t\t<\/div>\n\t\t\t\t<div class=\"elementor-column elementor-col-50 elementor-top-column elementor-element elementor-element-84fa0ce\" data-id=\"84fa0ce\" data-element_type=\"column\">\n\t\t\t<div class=\"elementor-widget-wrap elementor-element-populated\">\n\t\t\t\t\t\t<div class=\"elementor-element elementor-element-e570079 elementor-widget elementor-widget-image\" data-id=\"e570079\" data-element_type=\"widget\" data-settings=\"{&quot;ekit_we_effect_on&quot;:&quot;none&quot;}\" data-widget_type=\"image.default\">\n\t\t\t\t<div class=\"elementor-widget-container\">\n\t\t\t\t\t\t\t\t\t\t\t\t\t\t\t<img loading=\"lazy\" decoding=\"async\" width=\"800\" height=\"533\" src=\"https:\/\/landercoll.com\/wp-content\/uploads\/2025\/01\/closeup-image-of-yellow-hard-hat-and-judge-gavel--1024x682.jpg\" class=\"attachment-large size-large wp-image-4397\" alt=\"Gros plan sur un casque jaune et un marteau de juge.\" srcset=\"https:\/\/landercoll.com\/wp-content\/uploads\/2025\/01\/closeup-image-of-yellow-hard-hat-and-judge-gavel--1024x682.jpg 1024w, https:\/\/landercoll.com\/wp-content\/uploads\/2025\/01\/closeup-image-of-yellow-hard-hat-and-judge-gavel--300x200.jpg 300w, https:\/\/landercoll.com\/wp-content\/uploads\/2025\/01\/closeup-image-of-yellow-hard-hat-and-judge-gavel--768x511.jpg 768w, https:\/\/landercoll.com\/wp-content\/uploads\/2025\/01\/closeup-image-of-yellow-hard-hat-and-judge-gavel--1536x1023.jpg 1536w, https:\/\/landercoll.com\/wp-content\/uploads\/2025\/01\/closeup-image-of-yellow-hard-hat-and-judge-gavel--18x12.jpg 18w, https:\/\/landercoll.com\/wp-content\/uploads\/2025\/01\/closeup-image-of-yellow-hard-hat-and-judge-gavel-.jpg 2000w\" sizes=\"(max-width: 800px) 100vw, 800px\" \/>\t\t\t\t\t\t\t\t\t\t\t\t\t\t\t<\/div>\n\t\t\t\t<\/div>\n\t\t\t\t\t<\/div>\n\t\t<\/div>\n\t\t\t\t\t<\/div>\n\t\t<\/section>\n\t\t\t\t<\/div>","protected":false},"excerpt":{"rendered":"<p>Respecter la dignit\u00e9 et l'\u00e9galit\u00e9 de tous les \u00eatres humains HPMC, HEMC et HEC de haute qualit\u00e9 LANDERCOLL se fait le champion des droits de l'homme et de la dignit\u00e9 pour tous LANDERCOLL Favoriser l'\u00e9quit\u00e9 par l'autonomisation des employ\u00e9s LANDERCOLL est un fervent d\u00e9fenseur de l'id\u00e9al des droits de l'homme selon lequel les personnes ont le droit d'\u00eatre trait\u00e9es avec dignit\u00e9, quels que soient leur nationalit\u00e9, leur lieu de r\u00e9sidence, leur [...]<\/p>","protected":false},"author":1,"featured_media":0,"parent":4158,"menu_order":0,"comment_status":"closed","ping_status":"closed","template":"elementor_header_footer","meta":{"footnotes":""},"class_list":["post-4159","page","type-page","status-publish","hentry"],"_links":{"self":[{"href":"https:\/\/landercoll.com\/fr\/wp-json\/wp\/v2\/pages\/4159","targetHints":{"allow":["GET"]}}],"collection":[{"href":"https:\/\/landercoll.com\/fr\/wp-json\/wp\/v2\/pages"}],"about":[{"href":"https:\/\/landercoll.com\/fr\/wp-json\/wp\/v2\/types\/page"}],"author":[{"embeddable":true,"href":"https:\/\/landercoll.com\/fr\/wp-json\/wp\/v2\/users\/1"}],"replies":[{"embeddable":true,"href":"https:\/\/landercoll.com\/fr\/wp-json\/wp\/v2\/comments?post=4159"}],"version-history":[{"count":26,"href":"https:\/\/landercoll.com\/fr\/wp-json\/wp\/v2\/pages\/4159\/revisions"}],"predecessor-version":[{"id":10868,"href":"https:\/\/landercoll.com\/fr\/wp-json\/wp\/v2\/pages\/4159\/revisions\/10868"}],"up":[{"embeddable":true,"href":"https:\/\/landercoll.com\/fr\/wp-json\/wp\/v2\/pages\/4158"}],"wp:attachment":[{"href":"https:\/\/landercoll.com\/fr\/wp-json\/wp\/v2\/media?parent=4159"}],"curies":[{"name":"wp","href":"https:\/\/api.w.org\/{rel}","templated":true}]}}