{"id":1903,"date":"2024-12-19T02:39:18","date_gmt":"2024-12-19T02:39:18","guid":{"rendered":"https:\/\/landercoll.com\/?page_id=1903"},"modified":"2025-08-29T06:13:47","modified_gmt":"2025-08-29T06:13:47","slug":"produits-pharmaceutiques","status":"publish","type":"page","link":"https:\/\/landercoll.com\/fr\/application\/produits-pharmaceutiques\/","title":{"rendered":"Produits pharmaceutiques"},"content":{"rendered":"<div data-elementor-type=\"wp-page\" data-elementor-id=\"1903\" class=\"elementor elementor-1903\" data-elementor-post-type=\"page\">\n\t\t\t\t\t\t<section class=\"elementor-section elementor-top-section elementor-element elementor-element-6646f846 elementor-section-boxed elementor-section-height-default elementor-section-height-default\" data-id=\"6646f846\" data-element_type=\"section\" data-settings=\"{&quot;background_background&quot;:&quot;classic&quot;,&quot;ekit_has_onepagescroll_dot&quot;:&quot;yes&quot;}\">\n\t\t\t\t\t\t\t<div class=\"elementor-background-overlay\"><\/div>\n\t\t\t\t\t\t\t<div class=\"elementor-container elementor-column-gap-default\">\n\t\t\t\t\t<div class=\"elementor-column elementor-col-100 elementor-top-column elementor-element elementor-element-21d9d4d1\" data-id=\"21d9d4d1\" data-element_type=\"column\">\n\t\t\t<div class=\"elementor-widget-wrap elementor-element-populated\">\n\t\t\t\t\t\t<div class=\"elementor-element elementor-element-4fd4ab57 elementor-headline--style-rotate elementor-widget elementor-widget-animated-headline\" data-id=\"4fd4ab57\" data-element_type=\"widget\" data-settings=\"{&quot;headline_style&quot;:&quot;rotate&quot;,&quot;animation_type&quot;:&quot;drop-in&quot;,&quot;rotating_text&quot;:&quot; Pharmaceutical Excipients\\nActive Pharmaceutical Ingredients \\nPharmaceutical Intermediates&quot;,&quot;loop&quot;:&quot;yes&quot;,&quot;rotate_iteration_delay&quot;:2500,&quot;ekit_we_effect_on&quot;:&quot;none&quot;}\" data-widget_type=\"animated-headline.default\">\n\t\t\t\t<div class=\"elementor-widget-container\">\n\t\t\t\t\t\t\t<h1 class=\"elementor-headline elementor-headline-animation-type-drop-in\">\n\t\t\t\t\t<span class=\"elementor-headline-plain-text elementor-headline-text-wrapper\">Les march\u00e9s que nous servons<\/span>\n\t\t\t\t<span class=\"elementor-headline-dynamic-wrapper elementor-headline-text-wrapper\">\n\t\t\t\t\t<span class=\"elementor-headline-dynamic-text elementor-headline-text-active\">\n\t\t\t\t&nbsp;Excipients pharmaceutiques\t\t\t<\/span>\n\t\t\t\t\t<span class=\"elementor-headline-dynamic-text\">\n\t\t\t\tIngr\u00e9dients pharmaceutiques actifs&nbsp;\t\t\t<\/span>\n\t\t\t\t\t<span class=\"elementor-headline-dynamic-text\">\n\t\t\t\tInterm\u00e9diaires pharmaceutiques\t\t\t<\/span>\n\t\t\t\t\t\t<\/span>\n\t\t\t\t<\/h1>\n\t\t\t\t\t\t<\/div>\n\t\t\t\t<\/div>\n\t\t\t\t<div class=\"elementor-element elementor-element-9e264c2 elementor-widget-divider--view-line elementor-widget elementor-widget-divider\" data-id=\"9e264c2\" data-element_type=\"widget\" data-settings=\"{&quot;ekit_we_effect_on&quot;:&quot;none&quot;}\" data-widget_type=\"divider.default\">\n\t\t\t\t<div class=\"elementor-widget-container\">\n\t\t\t\t\t\t\t<div class=\"elementor-divider\">\n\t\t\t<span class=\"elementor-divider-separator\">\n\t\t\t\t\t\t<\/span>\n\t\t<\/div>\n\t\t\t\t\t\t<\/div>\n\t\t\t\t<\/div>\n\t\t\t\t\t<\/div>\n\t\t<\/div>\n\t\t\t\t\t<\/div>\n\t\t<\/section>\n\t\t<div class=\"elementor-element elementor-element-048589d e-flex e-con-boxed e-con e-parent\" data-id=\"048589d\" data-element_type=\"container\" data-settings=\"{&quot;ekit_has_onepagescroll_dot&quot;:&quot;yes&quot;}\">\n\t\t\t\t\t<div class=\"e-con-inner\">\n\t\t\t\t<div class=\"elementor-element elementor-element-79922db elementor-widget__width-initial elementor-widget elementor-widget-heading\" data-id=\"79922db\" data-element_type=\"widget\" data-settings=\"{&quot;ekit_we_effect_on&quot;:&quot;none&quot;}\" data-widget_type=\"heading.default\">\n\t\t\t\t<div class=\"elementor-widget-container\">\n\t\t\t\t\t<h2 class=\"elementor-heading-title elementor-size-default\">Produits pharmaceutiques\n<\/h2>\t\t\t\t<\/div>\n\t\t\t\t<\/div>\n\t\t\t\t\t<\/div>\n\t\t\t\t<\/div>\n\t\t\t\t<section class=\"elementor-section elementor-top-section elementor-element elementor-element-3051ff0 elementor-section-boxed elementor-section-height-default elementor-section-height-default\" data-id=\"3051ff0\" data-element_type=\"section\" data-settings=\"{&quot;ekit_has_onepagescroll_dot&quot;:&quot;yes&quot;}\">\n\t\t\t\t\t\t<div class=\"elementor-container elementor-column-gap-default\">\n\t\t\t\t\t<div class=\"elementor-column elementor-col-100 elementor-top-column elementor-element elementor-element-1f3d1bc\" data-id=\"1f3d1bc\" data-element_type=\"column\">\n\t\t\t<div class=\"elementor-widget-wrap elementor-element-populated\">\n\t\t\t\t\t\t<section class=\"elementor-section elementor-inner-section elementor-element elementor-element-e6371d9 elementor-section-content-middle elementor-section-boxed elementor-section-height-default elementor-section-height-default\" data-id=\"e6371d9\" data-element_type=\"section\" data-settings=\"{&quot;ekit_has_onepagescroll_dot&quot;:&quot;yes&quot;}\">\n\t\t\t\t\t\t<div class=\"elementor-container elementor-column-gap-no\">\n\t\t\t\t\t<div class=\"elementor-column elementor-col-33 elementor-inner-column elementor-element elementor-element-fd780e0 elementor-invisible\" data-id=\"fd780e0\" data-element_type=\"column\" data-settings=\"{&quot;background_background&quot;:&quot;classic&quot;,&quot;animation&quot;:&quot;fadeIn&quot;}\">\n\t\t\t<div class=\"elementor-widget-wrap elementor-element-populated\">\n\t\t\t\t\t\t<div class=\"elementor-element elementor-element-ac18056 elementor-position-left elementor-view-default elementor-mobile-position-top elementor-widget elementor-widget-icon-box\" data-id=\"ac18056\" data-element_type=\"widget\" data-settings=\"{&quot;ekit_we_effect_on&quot;:&quot;none&quot;}\" data-widget_type=\"icon-box.default\">\n\t\t\t\t<div class=\"elementor-widget-container\">\n\t\t\t\t\t\t\t<div class=\"elementor-icon-box-wrapper\">\n\n\t\t\t\t\t\t<div class=\"elementor-icon-box-icon\">\n\t\t\t\t<a href=\"https:\/\/landercoll.com\/fr\/application\/produits-pharmaceutiques\/excipients-pharmaceutiques\/\" target=\"_blank\" class=\"elementor-icon elementor-animation-wobble-horizontal\" tabindex=\"-1\" aria-label=\" Excipients pharmaceutiques\">\n\t\t\t\t<svg aria-hidden=\"true\" class=\"e-font-icon-svg e-fas-arrow-right\" viewbox=\"0 0 448 512\" xmlns=\"http:\/\/www.w3.org\/2000\/svg\"><path d=\"M190.5 66.9l22.2-22.2c9.4-9.4 24.6-9.4 33.9 0L441 239c9.4 9.4 9.4 24.6 0 33.9L246.6 467.3c-9.4 9.4-24.6 9.4-33.9 0l-22.2-22.2c-9.5-9.5-9.3-25 .4-34.3L311.4 296H24c-13.3 0-24-10.7-24-24v-32c0-13.3 10.7-24 24-24h287.4L190.9 101.2c-9.8-9.3-10-24.8-.4-34.3z\"><\/path><\/svg>\t\t\t\t<\/a>\n\t\t\t<\/div>\n\t\t\t\n\t\t\t\t\t\t<div class=\"elementor-icon-box-content\">\n\n\t\t\t\t\t\t\t\t\t<h3 class=\"elementor-icon-box-title\">\n\t\t\t\t\t\t<a href=\"https:\/\/landercoll.com\/fr\/application\/produits-pharmaceutiques\/excipients-pharmaceutiques\/\" target=\"_blank\" >\n\t\t\t\t\t\t\t Excipients pharmaceutiques\t\t\t\t\t\t<\/a>\n\t\t\t\t\t<\/h3>\n\t\t\t\t\n\t\t\t\t\n\t\t\t<\/div>\n\t\t\t\n\t\t<\/div>\n\t\t\t\t\t\t<\/div>\n\t\t\t\t<\/div>\n\t\t\t\t<div class=\"elementor-element elementor-element-9567738 elementor-widget-divider--view-line elementor-widget elementor-widget-divider\" data-id=\"9567738\" data-element_type=\"widget\" data-settings=\"{&quot;ekit_we_effect_on&quot;:&quot;none&quot;}\" data-widget_type=\"divider.default\">\n\t\t\t\t<div class=\"elementor-widget-container\">\n\t\t\t\t\t\t\t<div class=\"elementor-divider\">\n\t\t\t<span class=\"elementor-divider-separator\">\n\t\t\t\t\t\t<\/span>\n\t\t<\/div>\n\t\t\t\t\t\t<\/div>\n\t\t\t\t<\/div>\n\t\t\t\t<div class=\"elementor-element elementor-element-3ae8d00 elementor-widget elementor-widget-text-editor\" data-id=\"3ae8d00\" data-element_type=\"widget\" data-settings=\"{&quot;ekit_we_effect_on&quot;:&quot;none&quot;}\" data-widget_type=\"text-editor.default\">\n\t\t\t\t<div class=\"elementor-widget-container\">\n\t\t\t\t\t\t\t\t\t<p>Les excipients \u00e0 base d'\u00e9ther de cellulose Landercoll\u00ae sont des ingr\u00e9dients essentiels et largement utilis\u00e9s dans les formulations de m\u00e9dicaments, y compris les applications orales, topiques et \u00e0 lib\u00e9ration contr\u00f4l\u00e9e. Ses propri\u00e9t\u00e9s uniques am\u00e9liorent la stabilit\u00e9, la viscosit\u00e9 et le contr\u00f4le de la lib\u00e9ration des m\u00e9dicaments, ce qui en fait un composant inestimable dans les formulations pharmaceutiques modernes.<\/p>\t\t\t\t\t\t\t\t<\/div>\n\t\t\t\t<\/div>\n\t\t\t\t<div class=\"elementor-element elementor-element-2e97832 elementor-align-left elementor-widget elementor-widget-elementskit-button\" data-id=\"2e97832\" data-element_type=\"widget\" data-settings=\"{&quot;ekit_we_effect_on&quot;:&quot;none&quot;}\" data-widget_type=\"elementskit-button.default\">\n\t\t\t\t<div class=\"elementor-widget-container\">\n\t\t\t\t\t<div class=\"ekit-wid-con\" >\t\t<div class=\"ekit-btn-wraper\">\n\t\t\t\t\t\t\t<a href=\"https:\/\/landercoll.com\/fr\/application\/produits-pharmaceutiques\/excipients-pharmaceutiques\/\" target=\"_blank\" class=\"elementskit-btn  whitespace--normal\" id=\"\">\n\t\t\t\t\tVoir plus<i class=\"fasicon icon-arrow-right\"><\/i>\t\t\t\t<\/a>\n\t\t\t\t\t<\/div>\n        <\/div>\t\t\t\t<\/div>\n\t\t\t\t<\/div>\n\t\t\t\t<div class=\"elementor-element elementor-element-bf43484 elementor-widget elementor-widget-image\" data-id=\"bf43484\" data-element_type=\"widget\" data-settings=\"{&quot;ekit_we_effect_on&quot;:&quot;none&quot;}\" data-widget_type=\"image.default\">\n\t\t\t\t<div class=\"elementor-widget-container\">\n\t\t\t\t\t\t\t\t\t\t\t\t\t\t\t<img fetchpriority=\"high\" decoding=\"async\" width=\"800\" height=\"533\" src=\"https:\/\/landercoll.com\/wp-content\/uploads\/2024\/12\/pills-1024x682.jpg\" class=\"attachment-large size-large wp-image-1850\" alt=\"pilules\" srcset=\"https:\/\/landercoll.com\/wp-content\/uploads\/2024\/12\/pills-1024x682.jpg 1024w, https:\/\/landercoll.com\/wp-content\/uploads\/2024\/12\/pills-300x200.jpg 300w, https:\/\/landercoll.com\/wp-content\/uploads\/2024\/12\/pills-768x512.jpg 768w, https:\/\/landercoll.com\/wp-content\/uploads\/2024\/12\/pills-1536x1024.jpg 1536w, https:\/\/landercoll.com\/wp-content\/uploads\/2024\/12\/pills-18x12.jpg 18w, https:\/\/landercoll.com\/wp-content\/uploads\/2024\/12\/pills.jpg 2000w\" sizes=\"(max-width: 800px) 100vw, 800px\" \/>\t\t\t\t\t\t\t\t\t\t\t\t\t\t\t<\/div>\n\t\t\t\t<\/div>\n\t\t\t\t\t<\/div>\n\t\t<\/div>\n\t\t\t\t<div class=\"elementor-column elementor-col-33 elementor-inner-column elementor-element elementor-element-47edd5d elementor-invisible\" data-id=\"47edd5d\" data-element_type=\"column\" data-settings=\"{&quot;background_background&quot;:&quot;classic&quot;,&quot;animation&quot;:&quot;fadeIn&quot;}\">\n\t\t\t<div class=\"elementor-widget-wrap elementor-element-populated\">\n\t\t\t\t\t\t<div class=\"elementor-element elementor-element-e510cb3 elementor-position-left elementor-view-default elementor-mobile-position-top elementor-widget elementor-widget-icon-box\" data-id=\"e510cb3\" data-element_type=\"widget\" data-settings=\"{&quot;ekit_we_effect_on&quot;:&quot;none&quot;}\" data-widget_type=\"icon-box.default\">\n\t\t\t\t<div class=\"elementor-widget-container\">\n\t\t\t\t\t\t\t<div class=\"elementor-icon-box-wrapper\">\n\n\t\t\t\t\t\t<div class=\"elementor-icon-box-icon\">\n\t\t\t\t<a href=\"https:\/\/landercoll.com\/fr\/application\/produits-pharmaceutiques\/ingredients-pharmaceutiques-actifs\/\" target=\"_blank\" class=\"elementor-icon elementor-animation-wobble-horizontal\" tabindex=\"-1\" aria-label=\"Ingr\u00e9dients pharmaceutiques actifs \">\n\t\t\t\t<svg aria-hidden=\"true\" class=\"e-font-icon-svg e-fas-arrow-right\" viewbox=\"0 0 448 512\" xmlns=\"http:\/\/www.w3.org\/2000\/svg\"><path d=\"M190.5 66.9l22.2-22.2c9.4-9.4 24.6-9.4 33.9 0L441 239c9.4 9.4 9.4 24.6 0 33.9L246.6 467.3c-9.4 9.4-24.6 9.4-33.9 0l-22.2-22.2c-9.5-9.5-9.3-25 .4-34.3L311.4 296H24c-13.3 0-24-10.7-24-24v-32c0-13.3 10.7-24 24-24h287.4L190.9 101.2c-9.8-9.3-10-24.8-.4-34.3z\"><\/path><\/svg>\t\t\t\t<\/a>\n\t\t\t<\/div>\n\t\t\t\n\t\t\t\t\t\t<div class=\"elementor-icon-box-content\">\n\n\t\t\t\t\t\t\t\t\t<h3 class=\"elementor-icon-box-title\">\n\t\t\t\t\t\t<a href=\"https:\/\/landercoll.com\/fr\/application\/produits-pharmaceutiques\/ingredients-pharmaceutiques-actifs\/\" target=\"_blank\" >\n\t\t\t\t\t\t\tIngr\u00e9dients pharmaceutiques actifs \t\t\t\t\t\t<\/a>\n\t\t\t\t\t<\/h3>\n\t\t\t\t\n\t\t\t\t\n\t\t\t<\/div>\n\t\t\t\n\t\t<\/div>\n\t\t\t\t\t\t<\/div>\n\t\t\t\t<\/div>\n\t\t\t\t<div class=\"elementor-element elementor-element-d2f06ee elementor-widget-divider--view-line elementor-widget elementor-widget-divider\" data-id=\"d2f06ee\" data-element_type=\"widget\" data-settings=\"{&quot;ekit_we_effect_on&quot;:&quot;none&quot;}\" data-widget_type=\"divider.default\">\n\t\t\t\t<div class=\"elementor-widget-container\">\n\t\t\t\t\t\t\t<div class=\"elementor-divider\">\n\t\t\t<span class=\"elementor-divider-separator\">\n\t\t\t\t\t\t<\/span>\n\t\t<\/div>\n\t\t\t\t\t\t<\/div>\n\t\t\t\t<\/div>\n\t\t\t\t<div class=\"elementor-element elementor-element-d00627c elementor-widget elementor-widget-text-editor\" data-id=\"d00627c\" data-element_type=\"widget\" data-settings=\"{&quot;ekit_we_effect_on&quot;:&quot;none&quot;}\" data-widget_type=\"text-editor.default\">\n\t\t\t\t<div class=\"elementor-widget-container\">\n\t\t\t\t\t\t\t\t\t<p>L'\u00e9ther de cellulose Landercoll\u00ae pour les ingr\u00e9dients pharmaceutiques actifs (API) est un excipient essentiel dans les formulations pharmaceutiques. Ses propri\u00e9t\u00e9s uniques am\u00e9liorent la stabilit\u00e9, l'efficacit\u00e9 et la lib\u00e9ration contr\u00f4l\u00e9e des IPA, ce qui en fait un composant essentiel dans le d\u00e9veloppement de produits pharmaceutiques de haute qualit\u00e9.<\/p>\t\t\t\t\t\t\t\t<\/div>\n\t\t\t\t<\/div>\n\t\t\t\t<div class=\"elementor-element elementor-element-e9492de elementor-align-left elementor-widget elementor-widget-elementskit-button\" data-id=\"e9492de\" data-element_type=\"widget\" data-settings=\"{&quot;ekit_we_effect_on&quot;:&quot;none&quot;}\" data-widget_type=\"elementskit-button.default\">\n\t\t\t\t<div class=\"elementor-widget-container\">\n\t\t\t\t\t<div class=\"ekit-wid-con\" >\t\t<div class=\"ekit-btn-wraper\">\n\t\t\t\t\t\t\t<a href=\"https:\/\/landercoll.com\/fr\/application\/produits-pharmaceutiques\/ingredients-pharmaceutiques-actifs\/\" target=\"_blank\" class=\"elementskit-btn  whitespace--normal\" id=\"\">\n\t\t\t\t\tVoir plus<i class=\"fasicon icon-arrow-right\"><\/i>\t\t\t\t<\/a>\n\t\t\t\t\t<\/div>\n        <\/div>\t\t\t\t<\/div>\n\t\t\t\t<\/div>\n\t\t\t\t<div class=\"elementor-element elementor-element-94b4e32 elementor-widget elementor-widget-image\" data-id=\"94b4e32\" data-element_type=\"widget\" data-settings=\"{&quot;ekit_we_effect_on&quot;:&quot;none&quot;}\" data-widget_type=\"image.default\">\n\t\t\t\t<div class=\"elementor-widget-container\">\n\t\t\t\t\t\t\t\t\t\t\t\t\t\t\t<img decoding=\"async\" width=\"800\" height=\"533\" src=\"https:\/\/landercoll.com\/wp-content\/uploads\/2024\/12\/pills-and-medications-1024x682.jpg\" class=\"attachment-large size-large wp-image-1852\" alt=\"Pilules et m\u00e9dicaments\" srcset=\"https:\/\/landercoll.com\/wp-content\/uploads\/2024\/12\/pills-and-medications-1024x682.jpg 1024w, https:\/\/landercoll.com\/wp-content\/uploads\/2024\/12\/pills-and-medications-300x200.jpg 300w, https:\/\/landercoll.com\/wp-content\/uploads\/2024\/12\/pills-and-medications-768x512.jpg 768w, https:\/\/landercoll.com\/wp-content\/uploads\/2024\/12\/pills-and-medications-1536x1024.jpg 1536w, https:\/\/landercoll.com\/wp-content\/uploads\/2024\/12\/pills-and-medications-18x12.jpg 18w, https:\/\/landercoll.com\/wp-content\/uploads\/2024\/12\/pills-and-medications.jpg 2000w\" sizes=\"(max-width: 800px) 100vw, 800px\" \/>\t\t\t\t\t\t\t\t\t\t\t\t\t\t\t<\/div>\n\t\t\t\t<\/div>\n\t\t\t\t\t<\/div>\n\t\t<\/div>\n\t\t\t\t<div class=\"elementor-column elementor-col-33 elementor-inner-column elementor-element elementor-element-1e2e2c3 elementor-invisible\" data-id=\"1e2e2c3\" data-element_type=\"column\" data-settings=\"{&quot;background_background&quot;:&quot;classic&quot;,&quot;animation&quot;:&quot;fadeIn&quot;}\">\n\t\t\t<div class=\"elementor-widget-wrap elementor-element-populated\">\n\t\t\t\t\t\t<div class=\"elementor-element elementor-element-067ded9 elementor-position-left elementor-view-default elementor-mobile-position-top elementor-widget elementor-widget-icon-box\" data-id=\"067ded9\" data-element_type=\"widget\" data-settings=\"{&quot;ekit_we_effect_on&quot;:&quot;none&quot;}\" data-widget_type=\"icon-box.default\">\n\t\t\t\t<div class=\"elementor-widget-container\">\n\t\t\t\t\t\t\t<div class=\"elementor-icon-box-wrapper\">\n\n\t\t\t\t\t\t<div class=\"elementor-icon-box-icon\">\n\t\t\t\t<a href=\"https:\/\/landercoll.com\/fr\/application\/produits-pharmaceutiques\/intermediaires-pharmaceutiques\/\" target=\"_blank\" class=\"elementor-icon elementor-animation-wobble-horizontal\" tabindex=\"-1\" aria-label=\"Interm\u00e9diaires pharmaceutiques\">\n\t\t\t\t<svg aria-hidden=\"true\" class=\"e-font-icon-svg e-fas-arrow-right\" viewbox=\"0 0 448 512\" xmlns=\"http:\/\/www.w3.org\/2000\/svg\"><path d=\"M190.5 66.9l22.2-22.2c9.4-9.4 24.6-9.4 33.9 0L441 239c9.4 9.4 9.4 24.6 0 33.9L246.6 467.3c-9.4 9.4-24.6 9.4-33.9 0l-22.2-22.2c-9.5-9.5-9.3-25 .4-34.3L311.4 296H24c-13.3 0-24-10.7-24-24v-32c0-13.3 10.7-24 24-24h287.4L190.9 101.2c-9.8-9.3-10-24.8-.4-34.3z\"><\/path><\/svg>\t\t\t\t<\/a>\n\t\t\t<\/div>\n\t\t\t\n\t\t\t\t\t\t<div class=\"elementor-icon-box-content\">\n\n\t\t\t\t\t\t\t\t\t<h3 class=\"elementor-icon-box-title\">\n\t\t\t\t\t\t<a href=\"https:\/\/landercoll.com\/fr\/application\/produits-pharmaceutiques\/intermediaires-pharmaceutiques\/\" target=\"_blank\" >\n\t\t\t\t\t\t\tInterm\u00e9diaires pharmaceutiques\t\t\t\t\t\t<\/a>\n\t\t\t\t\t<\/h3>\n\t\t\t\t\n\t\t\t\t\n\t\t\t<\/div>\n\t\t\t\n\t\t<\/div>\n\t\t\t\t\t\t<\/div>\n\t\t\t\t<\/div>\n\t\t\t\t<div class=\"elementor-element elementor-element-bbb2f54 elementor-widget-divider--view-line elementor-widget elementor-widget-divider\" data-id=\"bbb2f54\" data-element_type=\"widget\" data-settings=\"{&quot;ekit_we_effect_on&quot;:&quot;none&quot;}\" data-widget_type=\"divider.default\">\n\t\t\t\t<div class=\"elementor-widget-container\">\n\t\t\t\t\t\t\t<div class=\"elementor-divider\">\n\t\t\t<span class=\"elementor-divider-separator\">\n\t\t\t\t\t\t<\/span>\n\t\t<\/div>\n\t\t\t\t\t\t<\/div>\n\t\t\t\t<\/div>\n\t\t\t\t<div class=\"elementor-element elementor-element-fb9da68 elementor-widget elementor-widget-text-editor\" data-id=\"fb9da68\" data-element_type=\"widget\" data-settings=\"{&quot;ekit_we_effect_on&quot;:&quot;none&quot;}\" data-widget_type=\"text-editor.default\">\n\t\t\t\t<div class=\"elementor-widget-container\">\n\t\t\t\t\t\t\t\t\t<p>L'\u00e9ther de cellulose Landercoll\u00ae pour excipients pharmaceutiques, \u00e9galement connu sous le nom d'hypromellose, est un ingr\u00e9dient polyvalent et largement utilis\u00e9 dans l'industrie pharmaceutique. Ses propri\u00e9t\u00e9s uniques, notamment celles d'\u00eatre un liant, un \u00e9paississant, un filmog\u00e8ne et un agent de lib\u00e9ration contr\u00f4l\u00e9e efficaces, en font un composant essentiel dans diverses formulations de m\u00e9dicaments.<\/p>\t\t\t\t\t\t\t\t<\/div>\n\t\t\t\t<\/div>\n\t\t\t\t<div class=\"elementor-element elementor-element-bee2444 elementor-align-left elementor-widget elementor-widget-elementskit-button\" data-id=\"bee2444\" data-element_type=\"widget\" data-settings=\"{&quot;ekit_we_effect_on&quot;:&quot;none&quot;}\" data-widget_type=\"elementskit-button.default\">\n\t\t\t\t<div class=\"elementor-widget-container\">\n\t\t\t\t\t<div class=\"ekit-wid-con\" >\t\t<div class=\"ekit-btn-wraper\">\n\t\t\t\t\t\t\t<a href=\"https:\/\/landercoll.com\/fr\/application\/produits-pharmaceutiques\/intermediaires-pharmaceutiques\/\" target=\"_blank\" class=\"elementskit-btn  whitespace--normal\" id=\"\">\n\t\t\t\t\tVoir plus<i class=\"fasicon icon-arrow-right\"><\/i>\t\t\t\t<\/a>\n\t\t\t\t\t<\/div>\n        <\/div>\t\t\t\t<\/div>\n\t\t\t\t<\/div>\n\t\t\t\t<div class=\"elementor-element elementor-element-13942e2 elementor-widget elementor-widget-image\" data-id=\"13942e2\" data-element_type=\"widget\" data-settings=\"{&quot;ekit_we_effect_on&quot;:&quot;none&quot;}\" data-widget_type=\"image.default\">\n\t\t\t\t<div class=\"elementor-widget-container\">\n\t\t\t\t\t\t\t\t\t\t\t\t\t\t\t<img decoding=\"async\" width=\"800\" height=\"533\" src=\"https:\/\/landercoll.com\/wp-content\/uploads\/2024\/12\/pharmaceutical-worker-examining-a-pill-1024x682.jpg\" class=\"attachment-large size-large wp-image-1854\" alt=\"Travailleur pharmaceutique examinant une pilule\" srcset=\"https:\/\/landercoll.com\/wp-content\/uploads\/2024\/12\/pharmaceutical-worker-examining-a-pill-1024x682.jpg 1024w, https:\/\/landercoll.com\/wp-content\/uploads\/2024\/12\/pharmaceutical-worker-examining-a-pill-300x200.jpg 300w, https:\/\/landercoll.com\/wp-content\/uploads\/2024\/12\/pharmaceutical-worker-examining-a-pill-768x512.jpg 768w, https:\/\/landercoll.com\/wp-content\/uploads\/2024\/12\/pharmaceutical-worker-examining-a-pill-1536x1024.jpg 1536w, https:\/\/landercoll.com\/wp-content\/uploads\/2024\/12\/pharmaceutical-worker-examining-a-pill-18x12.jpg 18w, https:\/\/landercoll.com\/wp-content\/uploads\/2024\/12\/pharmaceutical-worker-examining-a-pill.jpg 2000w\" sizes=\"(max-width: 800px) 100vw, 800px\" \/>\t\t\t\t\t\t\t\t\t\t\t\t\t\t\t<\/div>\n\t\t\t\t<\/div>\n\t\t\t\t\t<\/div>\n\t\t<\/div>\n\t\t\t\t\t<\/div>\n\t\t<\/section>\n\t\t\t\t\t<\/div>\n\t\t<\/div>\n\t\t\t\t\t<\/div>\n\t\t<\/section>\n\t\t\t\t<\/div>","protected":false},"excerpt":{"rendered":"<p>Les march\u00e9s que nous servons Excipients pharmaceutiques Ingr\u00e9dients pharmaceutiques actifs Interm\u00e9diaires pharmaceutiques Produits pharmaceutiques Excipients pharmaceutiques Les excipients \u00e0 base de cellulose Landercoll\u00ae sont des excipients largement utilis\u00e9s et essentiels dans les formulations m\u00e9dicamenteuses, y compris les applications orales, topiques et \u00e0 lib\u00e9ration contr\u00f4l\u00e9e. Leurs propri\u00e9t\u00e9s uniques am\u00e9liorent la stabilit\u00e9, la viscosit\u00e9 et le contr\u00f4le de la lib\u00e9ration du m\u00e9dicament, en faisant un composant pr\u00e9cieux dans les formulations pharmaceutiques modernes Voir plus Ingr\u00e9dients pharmaceutiques actifs Landercoll\u00ae [\u2026]<\/p>","protected":false},"author":1,"featured_media":0,"parent":437,"menu_order":0,"comment_status":"closed","ping_status":"closed","template":"elementor_header_footer","meta":{"footnotes":""},"class_list":["post-1903","page","type-page","status-publish","hentry"],"_links":{"self":[{"href":"https:\/\/landercoll.com\/fr\/wp-json\/wp\/v2\/pages\/1903","targetHints":{"allow":["GET"]}}],"collection":[{"href":"https:\/\/landercoll.com\/fr\/wp-json\/wp\/v2\/pages"}],"about":[{"href":"https:\/\/landercoll.com\/fr\/wp-json\/wp\/v2\/types\/page"}],"author":[{"embeddable":true,"href":"https:\/\/landercoll.com\/fr\/wp-json\/wp\/v2\/users\/1"}],"replies":[{"embeddable":true,"href":"https:\/\/landercoll.com\/fr\/wp-json\/wp\/v2\/comments?post=1903"}],"version-history":[{"count":17,"href":"https:\/\/landercoll.com\/fr\/wp-json\/wp\/v2\/pages\/1903\/revisions"}],"predecessor-version":[{"id":10704,"href":"https:\/\/landercoll.com\/fr\/wp-json\/wp\/v2\/pages\/1903\/revisions\/10704"}],"up":[{"embeddable":true,"href":"https:\/\/landercoll.com\/fr\/wp-json\/wp\/v2\/pages\/437"}],"wp:attachment":[{"href":"https:\/\/landercoll.com\/fr\/wp-json\/wp\/v2\/media?parent=1903"}],"curies":[{"name":"wp","href":"https:\/\/api.w.org\/{rel}","templated":true}]}}