{"id":4418,"date":"2025-01-20T03:23:10","date_gmt":"2025-01-20T03:23:10","guid":{"rendered":"https:\/\/landercoll.com\/?page_id=4418"},"modified":"2025-08-30T03:35:09","modified_gmt":"2025-08-30T03:35:09","slug":"muugieelne-teenindus","status":"publish","type":"page","link":"https:\/\/landercoll.com\/et\/muugieelne-teenindus\/","title":{"rendered":"M\u00fc\u00fcgieelne teenindus"},"content":{"rendered":"<div data-elementor-type=\"wp-page\" data-elementor-id=\"4418\" class=\"elementor elementor-4418\" data-elementor-post-type=\"page\">\n\t\t\t\t\t\t<section class=\"elementor-section elementor-top-section elementor-element elementor-element-3c1395b elementor-section-boxed elementor-section-height-default elementor-section-height-default\" data-id=\"3c1395b\" data-element_type=\"section\" data-e-type=\"section\" data-settings=\"{&quot;background_background&quot;:&quot;classic&quot;,&quot;ekit_has_onepagescroll_dot&quot;:&quot;yes&quot;}\">\n\t\t\t\t\t\t\t<div class=\"elementor-background-overlay\"><\/div>\n\t\t\t\t\t\t\t<div class=\"elementor-container elementor-column-gap-no\">\n\t\t\t\t\t<div class=\"elementor-column elementor-col-100 elementor-top-column elementor-element elementor-element-2a1f8f0\" data-id=\"2a1f8f0\" data-element_type=\"column\" data-e-type=\"column\">\n\t\t\t<div class=\"elementor-widget-wrap elementor-element-populated\">\n\t\t\t\t\t\t<div class=\"elementor-element elementor-element-01c20e2 elementor-invisible elementor-widget elementor-widget-heading\" data-id=\"01c20e2\" data-element_type=\"widget\" data-e-type=\"widget\" data-settings=\"{&quot;_animation&quot;:&quot;zoomIn&quot;,&quot;ekit_we_effect_on&quot;:&quot;none&quot;}\" data-widget_type=\"heading.default\">\n\t\t\t\t<div class=\"elementor-widget-container\">\n\t\t\t\t\t<h1 class=\"elementor-heading-title elementor-size-default\">M\u00fc\u00fcgieelne teenindus<\/h1>\t\t\t\t<\/div>\n\t\t\t\t<\/div>\n\t\t\t\t<div class=\"elementor-element elementor-element-361cca3 elementor-widget-divider--view-line_text elementor-widget-divider--element-align-center elementor-widget elementor-widget-divider\" data-id=\"361cca3\" data-element_type=\"widget\" data-e-type=\"widget\" data-settings=\"{&quot;ekit_we_effect_on&quot;:&quot;none&quot;}\" data-widget_type=\"divider.default\">\n\t\t\t\t<div class=\"elementor-widget-container\">\n\t\t\t\t\t\t\t<div class=\"elementor-divider\">\n\t\t\t<span class=\"elementor-divider-separator\">\n\t\t\t\t\t\t\t<span class=\"elementor-divider__text elementor-divider__element\">\n\t\t\t\tKvaliteetsed HPMC, HEMC ja HEC\t\t\t\t<\/span>\n\t\t\t\t\t\t<\/span>\n\t\t<\/div>\n\t\t\t\t\t\t<\/div>\n\t\t\t\t<\/div>\n\t\t\t\t\t<\/div>\n\t\t<\/div>\n\t\t\t\t\t<\/div>\n\t\t<\/section>\n\t\t<div class=\"elementor-element elementor-element-509cfa4 e-flex e-con-boxed e-con e-parent\" data-id=\"509cfa4\" data-element_type=\"container\" data-e-type=\"container\" data-settings=\"{&quot;ekit_has_onepagescroll_dot&quot;:&quot;yes&quot;}\">\n\t\t\t\t\t<div class=\"e-con-inner\">\n\t\t\t\t<div class=\"elementor-element elementor-element-ade3212 elementor-invisible elementor-widget elementor-widget-heading\" data-id=\"ade3212\" data-element_type=\"widget\" data-e-type=\"widget\" data-settings=\"{&quot;_animation&quot;:&quot;fadeInUp&quot;,&quot;ekit_we_effect_on&quot;:&quot;none&quot;}\" data-widget_type=\"heading.default\">\n\t\t\t\t<div class=\"elementor-widget-container\">\n\t\t\t\t\t<h2 class=\"elementor-heading-title elementor-size-default\">LANDERCOLL Hiina tselluloosi eeter Tootja<\/h2>\t\t\t\t<\/div>\n\t\t\t\t<\/div>\n\t\t\t\t<div class=\"elementor-element elementor-element-b7543d9 elementor-invisible elementor-widget elementor-widget-heading\" data-id=\"b7543d9\" data-element_type=\"widget\" data-e-type=\"widget\" data-settings=\"{&quot;_animation&quot;:&quot;fadeInUp&quot;,&quot;_animation_delay&quot;:200,&quot;ekit_we_effect_on&quot;:&quot;none&quot;}\" data-widget_type=\"heading.default\">\n\t\t\t\t<div class=\"elementor-widget-container\">\n\t\t\t\t\t<h2 class=\"elementor-heading-title elementor-size-default\">M\u00fc\u00fcgieelne teenindus<\/h2>\t\t\t\t<\/div>\n\t\t\t\t<\/div>\n\t\t\t\t<div class=\"elementor-element elementor-element-937a451 elementor-widget__width-initial elementor-widget elementor-widget-text-editor\" data-id=\"937a451\" data-element_type=\"widget\" data-e-type=\"widget\" data-settings=\"{&quot;ekit_we_effect_on&quot;:&quot;none&quot;}\" data-widget_type=\"text-editor.default\">\n\t\t\t\t<div class=\"elementor-widget-container\">\n\t\t\t\t\t\t\t\t\tMe LANDERCOLLis j\u00e4rgime p\u00f5him\u00f5tet, et klient on k\u00f5ige t\u00e4htsam, ja garanteerime professionaalsed m\u00fc\u00fcgieelsed teenused, mis aitavad teil teha ostuotsuse.\t\t\t\t\t\t\t\t<\/div>\n\t\t\t\t<\/div>\n\t\t\t\t\t<\/div>\n\t\t\t\t<\/div>\n\t\t<div class=\"elementor-element elementor-element-a868380 e-grid e-con-boxed e-con e-parent\" data-id=\"a868380\" data-element_type=\"container\" data-e-type=\"container\" data-settings=\"{&quot;ekit_has_onepagescroll_dot&quot;:&quot;yes&quot;}\">\n\t\t\t\t\t<div class=\"e-con-inner\">\n\t\t<div class=\"elementor-element elementor-element-31550de e-con-full e-flex e-con e-child\" data-id=\"31550de\" data-element_type=\"container\" data-e-type=\"container\" data-settings=\"{&quot;ekit_has_onepagescroll_dot&quot;:&quot;yes&quot;}\">\n\t\t\t\t<div class=\"elementor-element elementor-element-69b336e elementor-view-stacked elementor-shape-circle elementor-position-block-start elementor-mobile-position-block-start elementor-widget elementor-widget-icon-box\" data-id=\"69b336e\" data-element_type=\"widget\" data-e-type=\"widget\" data-settings=\"{&quot;ekit_we_effect_on&quot;:&quot;none&quot;}\" data-widget_type=\"icon-box.default\">\n\t\t\t\t<div class=\"elementor-widget-container\">\n\t\t\t\t\t\t\t<div class=\"elementor-icon-box-wrapper\">\n\n\t\t\t\t\t\t<div class=\"elementor-icon-box-icon\">\n\t\t\t\t<span  class=\"elementor-icon\">\n\t\t\t\t<svg xmlns=\"http:\/\/www.w3.org\/2000\/svg\" xmlns:xlink=\"http:\/\/www.w3.org\/1999\/xlink\" class=\"icon\" viewbox=\"0 0 1026 1024\" width=\"200.390625\" height=\"200\"><path d=\"M10.664663 313.733471l516.169669 322.07281c6.398798 4.265865 10.664663 4.265865 14.930528 4.265865 4.265865 0 8.53173-2.132933 12.797595-4.265865l458.580492-268.749497c6.398798-4.265865 10.664663-10.664663 12.797595-19.196393v-12.797595L554.562455 4.458256c-8.53173-4.265865-17.06346-6.398798-25.59519-2.132933L12.797595 271.074821c-8.53173 4.265865-12.797595 12.797595-12.797595 21.329325s4.265865 17.06346 10.664663 21.329325zM539.631928 47.116906l424.453571 298.610553-422.320639 247.420172L63.987976 294.537078 539.631928 47.116906z\"><\/path><path d=\"M991.813622 522.760858L541.76486 785.111558 34.12692 469.437545c-10.664663-6.398798-23.462258-4.265865-29.861055 6.398797-6.398798 10.664663-4.265865 23.462258 6.398798 29.861056l516.169669 322.07281c6.398798 4.265865 10.664663 4.265865 14.930528 4.265865 4.265865 0 8.53173-2.132933 12.797595-4.265865l458.580492-268.749497c10.664663-6.398798 14.930528-19.196393 8.53173-29.861056-6.398798-10.664663-19.196393-12.797595-29.861055-6.398797z\"><\/path><path d=\"M991.813622 714.724785L541.76486 977.075485 34.12692 661.401472c-10.664663-6.398798-23.462258-4.265865-29.861055 6.398797-6.398798 10.664663-4.265865 23.462258 6.398798 29.861055l516.169669 322.072811c6.398798 4.265865 10.664663 4.265865 14.930528 4.265865 4.265865 0 8.53173-2.132933 12.797595-4.265865l458.580492-268.749498c10.664663-6.398798 14.930528-19.196393 8.53173-29.861055-6.398798-10.664663-19.196393-12.797595-29.861055-6.398797z\"><\/path><\/svg>\t\t\t\t<\/span>\n\t\t\t<\/div>\n\t\t\t\n\t\t\t\t\t\t<div class=\"elementor-icon-box-content\">\n\n\t\t\t\t\t\t\t\t\t<h3 class=\"elementor-icon-box-title\">\n\t\t\t\t\t\t<span  >\n\t\t\t\t\t\t\t Toote \u00fcksikasjad\t\t\t\t\t\t<\/span>\n\t\t\t\t\t<\/h3>\n\t\t\t\t\n\t\t\t\t\t\t\t\t\t<p class=\"elementor-icon-box-description\">\n\t\t\t\t\t\tLisaks TDS-ile, mida saab alla laadida meie tootelehek\u00fcljelt, v\u00f5ib teil olla \u00fcksikasjalikumaid k\u00fcsimusi meie lisaainete kohta. Olenemata sellest, kas olete tuttav tselluloosi eetriga v\u00f5i mitte, meie m\u00fc\u00fcgijuhid on valmis tutvustama teile mis tahes teavet, mida vajate, alates nende spetsifikatsioonidest kuni rakendusteni.\t\t\t\t\t<\/p>\n\t\t\t\t\n\t\t\t<\/div>\n\t\t\t\n\t\t<\/div>\n\t\t\t\t\t\t<\/div>\n\t\t\t\t<\/div>\n\t\t\t\t<\/div>\n\t\t<div class=\"elementor-element elementor-element-e573779 e-con-full e-flex e-con e-child\" data-id=\"e573779\" data-element_type=\"container\" data-e-type=\"container\" data-settings=\"{&quot;ekit_has_onepagescroll_dot&quot;:&quot;yes&quot;}\">\n\t\t\t\t<div class=\"elementor-element elementor-element-71b3edd elementor-view-stacked elementor-shape-circle elementor-position-block-start elementor-mobile-position-block-start elementor-widget elementor-widget-icon-box\" data-id=\"71b3edd\" data-element_type=\"widget\" data-e-type=\"widget\" data-settings=\"{&quot;ekit_we_effect_on&quot;:&quot;none&quot;}\" data-widget_type=\"icon-box.default\">\n\t\t\t\t<div class=\"elementor-widget-container\">\n\t\t\t\t\t\t\t<div class=\"elementor-icon-box-wrapper\">\n\n\t\t\t\t\t\t<div class=\"elementor-icon-box-icon\">\n\t\t\t\t<span  class=\"elementor-icon\">\n\t\t\t\t<svg xmlns=\"http:\/\/www.w3.org\/2000\/svg\" xmlns:xlink=\"http:\/\/www.w3.org\/1999\/xlink\" class=\"icon\" viewbox=\"0 0 1024 1024\" width=\"200\" height=\"200\"><path d=\"M960 915.2L776.533333 768H494.933333c-46.933333 0-85.333333-38.4-85.333333-85.333333V416c0-46.933333 38.4-85.333333 85.333333-85.333333H874.666667c46.933333 0 85.333333 38.4 85.333333 85.333333v499.2zM494.933333 373.333333c-23.466667 0-42.666667 19.2-42.666666 42.666667v268.8c0 23.466667 19.2 42.666667 42.666666 42.666667h296.533334l125.866666 100.266666V416c0-23.466667-19.2-42.666667-42.666666-42.666667H494.933333z\" fill=\"\"><\/path><path d=\"M345.6 640h-102.4L85.333333 782.933333V234.666667c0-36.266667 27.733333-64 64-64h490.666667c36.266667 0 64 27.733333 64 64v32h42.666667V234.666667c0-59.733333-46.933333-106.666667-106.666667-106.666667H149.333333c-59.733333 0-106.666667 46.933333-106.666666 106.666667v635.733333L258.133333 682.666667h87.466667v-42.666667z\" fill=\"\"><\/path><path d=\"M535.466667 484.266667h298.666666v42.666666h-298.666666z\" fill=\"#ED3F80\"><\/path><\/svg>\t\t\t\t<\/span>\n\t\t\t<\/div>\n\t\t\t\n\t\t\t\t\t\t<div class=\"elementor-icon-box-content\">\n\n\t\t\t\t\t\t\t\t\t<h3 class=\"elementor-icon-box-title\">\n\t\t\t\t\t\t<span  >\n\t\t\t\t\t\t\t Paindlikud kanalid\t\t\t\t\t\t<\/span>\n\t\t\t\t\t<\/h3>\n\t\t\t\t\n\t\t\t\t\t\t\t\t\t<p class=\"elementor-icon-box-description\">\n\t\t\t\t\t\tM\u00fc\u00fcgieelne tugi pakub erinevaid kanaleid, nagu live-chat, telefon, e-post, WhatsApp ja sotsiaalmeedia. LANDERCOLL on siin, et k\u00f5rvaldada k\u00f5ik takistused, et sillutada teiega t\u00f5husat suhtlust.\t\t\t\t\t<\/p>\n\t\t\t\t\n\t\t\t<\/div>\n\t\t\t\n\t\t<\/div>\n\t\t\t\t\t\t<\/div>\n\t\t\t\t<\/div>\n\t\t\t\t<\/div>\n\t\t<div class=\"elementor-element elementor-element-23b2edf e-con-full e-flex e-con e-child\" data-id=\"23b2edf\" data-element_type=\"container\" data-e-type=\"container\" data-settings=\"{&quot;ekit_has_onepagescroll_dot&quot;:&quot;yes&quot;}\">\n\t\t\t\t<div class=\"elementor-element elementor-element-818c4e1 elementor-view-stacked elementor-shape-circle elementor-position-block-start elementor-mobile-position-block-start elementor-widget elementor-widget-icon-box\" data-id=\"818c4e1\" data-element_type=\"widget\" data-e-type=\"widget\" data-settings=\"{&quot;ekit_we_effect_on&quot;:&quot;none&quot;}\" data-widget_type=\"icon-box.default\">\n\t\t\t\t<div class=\"elementor-widget-container\">\n\t\t\t\t\t\t\t<div class=\"elementor-icon-box-wrapper\">\n\n\t\t\t\t\t\t<div class=\"elementor-icon-box-icon\">\n\t\t\t\t<span  class=\"elementor-icon\">\n\t\t\t\t<svg xmlns=\"http:\/\/www.w3.org\/2000\/svg\" xmlns:xlink=\"http:\/\/www.w3.org\/1999\/xlink\" id=\"&#x56FE;&#x5C42;_1\" x=\"0px\" y=\"0px\" viewbox=\"0 0 200 200\" style=\"enable-background:new 0 0 200 200;\" xml:space=\"preserve\"><style type=\"text\/css\">\t.st0{fill:#FFFFFF;}<\/style><path class=\"st0\" d=\"M128.9,38.1H70.2c-1.7,0-3.1-1.4-3.1-3.1V4.7c0-1.7,1.4-3.1,3.1-3.1h58.6c1.7,0,3.1,1.4,3.1,3.1v30.5 C132,36.7,130.6,38.1,128.9,38.1z M73.3,31.9h52.3V7.8H73.3V31.9z M195.6,198.4c-0.8,0-1.6-0.3-2.2-0.9l-8.9-8.9 c-5.2-5.2-13.4-5.2-18.4,0c-3.6,3.6-8.4,5.6-13.6,5.6c-5.2,0-10-2-13.6-5.6c-2.5-2.5-5.8-3.9-9.2-3.9c-3.4,0-6.7,1.4-9.2,3.9 c-7.5,7.5-19.8,7.5-27.3,0c-2.5-2.5-5.8-3.9-9.2-3.9c-3.4,0-6.7,1.4-9.2,3.9c-7.5,7.5-19.8,7.5-27.3,0c-2.5-2.5-5.8-3.9-9.2-3.9 c-3.4,0-6.7,1.4-9.2,3.9c-7.5,7.5-19.8,7.5-27.3,0l4.4-4.4c2.5,2.5,5.8,3.9,9.2,3.9s6.7-1.4,9.2-3.9c7.5-7.5,19.8-7.5,27.3,0 c2.5,2.5,5.8,3.9,9.2,3.9s6.7-1.4,9.2-3.9c7.5-7.5,19.8-7.5,27.3,0c5.2,5.2,13.4,5.2,18.4,0c7.5-7.5,19.8-7.5,27.3,0 c2.5,2.5,5.8,3.9,9.2,3.9c3.4,0,6.7-1.4,9.2-3.9c7.5-7.5,19.8-7.5,27.3,0l8.9,8.9c1.3,1.2,1.3,3.1,0,4.4 C197.2,198.1,196.4,198.4,195.6,198.4L195.6,198.4z\"><\/path><path class=\"st0\" d=\"M106.6,194.4c-5,0-9.8-1.9-13.6-5.6c-2.5-2.5-5.8-3.9-9.2-3.9s-6.7,1.4-9.2,3.9c-1.2,1.3-2.8,2.3-4.4,3.3 c-1.1,0.6-2.5,0.5-3.6-0.3C37,166.3,16.2,131.2,8,93.3c-0.3-1.7,0.6-3.3,2.3-3.8l88.6-19.8c0.5-0.2,0.9-0.2,1.4,0l88.6,19.8 c1.7,0.3,2.8,2,2.3,3.8c-7.8,35.5-25.9,67.3-52.2,92.5c-0.9,0.9-2.3,1.1-3.6,0.5c-5-2.7-11.2-1.7-15.3,2.3 C116.4,192.5,111.6,194.4,106.6,194.4L106.6,194.4z M83.6,178.6c5.2,0,10,2,13.6,5.6c5.2,5.2,13.4,5.2,18.4,0 c5.5-5.5,13.4-7,20.5-4.4c23.8-23.3,40.3-52.5,48.1-84.8L99.5,75.9L14.7,95c8.3,34.7,27.5,66.6,54.1,90.3c0.5-0.3,0.8-0.6,1.2-1.1 C73.6,180.6,78.4,178.6,83.6,178.6z\"><\/path><path class=\"st0\" d=\"M155.8,88.6h-0.6L99.5,76.1L43.9,88.6c-0.9,0.2-1.9,0-2.7-0.6S40,86.4,40,85.5V35c0-1.7,1.4-3.1,3.1-3.1h112.5 c1.7,0,3.1,1.4,3.1,3.1v50.3c0,0.9-0.5,1.9-1.2,2.5C157.2,88.3,156.4,88.6,155.8,88.6z M99.5,69.7h0.6l52.5,11.7V38.1H46.4v43.3 l52.5-11.7H99.5z\"><\/path><path class=\"st0\" d=\"M99.5,191.7c-0.9,0-1.6-0.6-1.6-1.6V72.8c0-0.9,0.6-1.6,1.6-1.6c0.9,0,1.6,0.6,1.6,1.6v117.3 C101.1,190.9,100.5,191.7,99.5,191.7z M59.2,55.8c-0.9,0-1.6-0.6-1.6-1.6v-4.8c0-0.9,0.6-1.6,1.6-1.6c0.9,0,1.6,0.6,1.6,1.6v4.8 C60.8,55.2,60.2,55.8,59.2,55.8z M72.7,55.8c-0.9,0-1.6-0.6-1.6-1.6v-4.8c0-0.9,0.6-1.6,1.6-1.6s1.6,0.6,1.6,1.6v4.8 C74.2,55.2,73.6,55.8,72.7,55.8z M86.1,55.8c-0.9,0-1.6-0.6-1.6-1.6v-4.8c0-0.9,0.6-1.6,1.6-1.6c0.9,0,1.6,0.6,1.6,1.6v4.8 C87.7,55.2,87,55.8,86.1,55.8z M99.5,55.8c-0.9,0-1.6-0.6-1.6-1.6v-4.8c0-0.9,0.6-1.6,1.6-1.6c0.9,0,1.6,0.6,1.6,1.6v4.8 C101.1,55.2,100.5,55.8,99.5,55.8z M113,55.8c-0.9,0-1.6-0.6-1.6-1.6v-4.8c0-0.9,0.6-1.6,1.6-1.6c0.9,0,1.6,0.6,1.6,1.6v4.8 C114.5,55.2,113.9,55.8,113,55.8z M126.4,55.8c-0.9,0-1.6-0.6-1.6-1.6v-4.8c0-0.9,0.6-1.6,1.6-1.6c0.9,0,1.6,0.6,1.6,1.6v4.8 C128,55.2,127.3,55.8,126.4,55.8z M139.8,55.8c-0.9,0-1.6-0.6-1.6-1.6v-4.8c0-0.9,0.6-1.6,1.6-1.6s1.6,0.6,1.6,1.6v4.8 C141.4,55.2,140.8,55.8,139.8,55.8z\"><\/path><path class=\"st0\" d=\"M86.1,23.9c-0.9,0-1.6-0.6-1.6-1.6v-4.8c0-0.9,0.6-1.6,1.6-1.6c0.9,0,1.6,0.6,1.6,1.6v4.8 C87.7,23.1,87,23.9,86.1,23.9z\"><\/path><path class=\"st0\" d=\"M99.5,23.9c-0.9,0-1.6-0.6-1.6-1.6v-4.8c0-0.9,0.6-1.6,1.6-1.6c0.9,0,1.6,0.6,1.6,1.6v4.8 C101.1,23.1,100.5,23.9,99.5,23.9z\"><\/path><path class=\"st0\" d=\"M113,23.9c-0.9,0-1.6-0.6-1.6-1.6v-4.8c0-0.9,0.6-1.6,1.6-1.6c0.9,0,1.6,0.6,1.6,1.6v4.8 C114.5,23.1,113.9,23.9,113,23.9z\"><\/path><\/svg>\t\t\t\t<\/span>\n\t\t\t<\/div>\n\t\t\t\n\t\t\t\t\t\t<div class=\"elementor-icon-box-content\">\n\n\t\t\t\t\t\t\t\t\t<h3 class=\"elementor-icon-box-title\">\n\t\t\t\t\t\t<span  >\n\t\t\t\t\t\t\t Laevanduse k\u00fcsimused\t\t\t\t\t\t<\/span>\n\t\t\t\t\t<\/h3>\n\t\t\t\t\n\t\t\t\t\t\t\t\t\t<p class=\"elementor-icon-box-description\">\n\t\t\t\t\t\tTarneaeg v\u00f5ib olla probleemiks, eriti \u00fclemaailmsel kaubandusturul. Seda silmas pidades teeb LANDERCOLL alati k\u00f5ik endast oleneva, et tagada \u00f5igel ajal tarnimine, mille eeliseks on meresadama l\u00e4hedus. Samuti saate m\u00fc\u00fcgijuhilt kiireid vastuseid, et saada rohkem teavet teie veose kohta.\t\t\t\t\t<\/p>\n\t\t\t\t\n\t\t\t<\/div>\n\t\t\t\n\t\t<\/div>\n\t\t\t\t\t\t<\/div>\n\t\t\t\t<\/div>\n\t\t\t\t<\/div>\n\t\t\t\t\t<\/div>\n\t\t\t\t<\/div>\n\t\t<div class=\"elementor-element elementor-element-3e20fc0 e-flex e-con-boxed e-con e-child\" data-id=\"3e20fc0\" data-element_type=\"container\" data-e-type=\"container\" data-settings=\"{&quot;background_background&quot;:&quot;classic&quot;,&quot;ekit_has_onepagescroll_dot&quot;:&quot;yes&quot;}\">\n\t\t\t\t\t<div class=\"e-con-inner\">\n\t\t<div class=\"elementor-element elementor-element-6b82658 e-con-full e-flex e-con e-child\" data-id=\"6b82658\" data-element_type=\"container\" data-e-type=\"container\" data-settings=\"{&quot;ekit_has_onepagescroll_dot&quot;:&quot;yes&quot;}\">\n\t\t\t\t<div class=\"elementor-element elementor-element-6cb63c7 elementor-position-inline-start elementor-view-default elementor-mobile-position-block-start elementor-widget elementor-widget-icon-box\" data-id=\"6cb63c7\" data-element_type=\"widget\" data-e-type=\"widget\" data-settings=\"{&quot;ekit_we_effect_on&quot;:&quot;none&quot;}\" data-widget_type=\"icon-box.default\">\n\t\t\t\t<div class=\"elementor-widget-container\">\n\t\t\t\t\t\t\t<div class=\"elementor-icon-box-wrapper\">\n\n\t\t\t\t\t\t<div class=\"elementor-icon-box-icon\">\n\t\t\t\t<span  class=\"elementor-icon\">\n\t\t\t\t<svg aria-hidden=\"true\" class=\"e-font-icon-svg e-fas-stream\" viewbox=\"0 0 512 512\" xmlns=\"http:\/\/www.w3.org\/2000\/svg\"><path d=\"M16 128h416c8.84 0 16-7.16 16-16V48c0-8.84-7.16-16-16-16H16C7.16 32 0 39.16 0 48v64c0 8.84 7.16 16 16 16zm480 80H80c-8.84 0-16 7.16-16 16v64c0 8.84 7.16 16 16 16h416c8.84 0 16-7.16 16-16v-64c0-8.84-7.16-16-16-16zm-64 176H16c-8.84 0-16 7.16-16 16v64c0 8.84 7.16 16 16 16h416c8.84 0 16-7.16 16-16v-64c0-8.84-7.16-16-16-16z\"><\/path><\/svg>\t\t\t\t<\/span>\n\t\t\t<\/div>\n\t\t\t\n\t\t\t\t\t\t<div class=\"elementor-icon-box-content\">\n\n\t\t\t\t\t\t\t\t\t<h3 class=\"elementor-icon-box-title\">\n\t\t\t\t\t\t<span  >\n\t\t\t\t\t\t\tTehniline tugi ja tasuta proovi \t\t\t\t\t\t<\/span>\n\t\t\t\t\t<\/h3>\n\t\t\t\t\n\t\t\t\t\n\t\t\t<\/div>\n\t\t\t\n\t\t<\/div>\n\t\t\t\t\t\t<\/div>\n\t\t\t\t<\/div>\n\t\t\t\t<div class=\"elementor-element elementor-element-d6df2fa elementor-widget elementor-widget-text-editor\" data-id=\"d6df2fa\" data-element_type=\"widget\" data-e-type=\"widget\" data-settings=\"{&quot;ekit_we_effect_on&quot;:&quot;none&quot;}\" data-widget_type=\"text-editor.default\">\n\t\t\t\t<div class=\"elementor-widget-container\">\n\t\t\t\t\t\t\t\t\t<p>Meie tasuta n\u00e4idised v\u00f5ib teile saata koos \u00fcksikasjalike tehniliste protsesside aruannetega, mis sisaldavad \u00fcksikasjalikke juhiseid. Meie peamine eesm\u00e4rk on aidata teil saavutada oma toodete parimad tulemused kiiresti ja lihtsalt. Lisaks sellele, kui teil on mingeid kahtlusi toote t\u00f5hususe osas, m\u00e4\u00e4ratakse LANDERCOLLi eksperdid teie probleemide lahendamiseks, samuti keemikud toodete testimiseks ja muutmiseks meie spetsiaalsetes laborites.<\/p>\t\t\t\t\t\t\t\t<\/div>\n\t\t\t\t<\/div>\n\t\t\t\t<div class=\"elementor-element elementor-element-447ce5f elementor-widget elementor-widget-button\" data-id=\"447ce5f\" data-element_type=\"widget\" data-e-type=\"widget\" data-settings=\"{&quot;ekit_we_effect_on&quot;:&quot;none&quot;}\" data-widget_type=\"button.default\">\n\t\t\t\t<div class=\"elementor-widget-container\">\n\t\t\t\t\t\t\t\t\t<div class=\"elementor-button-wrapper\">\n\t\t\t\t\t<a class=\"elementor-button elementor-button-link elementor-size-sm elementor-animation-skew-forward\" href=\"#elementor-action%3Aaction%3Dpopup%3Aopen%26settings%3DeyJpZCI6IjgwNCIsInRvZ2dsZSI6ZmFsc2V9\">\n\t\t\t\t\t\t<span class=\"elementor-button-content-wrapper\">\n\t\t\t\t\t\t\t\t\t<span class=\"elementor-button-text\">Saada p\u00e4ring n\u00fc\u00fcd<\/span>\n\t\t\t\t\t<\/span>\n\t\t\t\t\t<\/a>\n\t\t\t\t<\/div>\n\t\t\t\t\t\t\t\t<\/div>\n\t\t\t\t<\/div>\n\t\t\t\t<\/div>\n\t\t<div class=\"elementor-element elementor-element-da75469 e-con-full e-flex e-con e-child\" data-id=\"da75469\" data-element_type=\"container\" data-e-type=\"container\" data-settings=\"{&quot;ekit_has_onepagescroll_dot&quot;:&quot;yes&quot;}\">\n\t\t\t\t<div class=\"elementor-element elementor-element-7474fdd elementor-widget elementor-widget-image\" data-id=\"7474fdd\" data-element_type=\"widget\" data-e-type=\"widget\" data-settings=\"{&quot;ekit_we_effect_on&quot;:&quot;none&quot;}\" data-widget_type=\"image.default\">\n\t\t\t\t<div class=\"elementor-widget-container\">\n\t\t\t\t\t\t\t\t\t\t\t\t\t\t\t<img fetchpriority=\"high\" decoding=\"async\" width=\"1536\" height=\"1024\" src=\"https:\/\/landercoll.com\/wp-content\/uploads\/2025\/01\/HPMC-Sample-1536x1024.jpg\" class=\"attachment-1536x1536 size-1536x1536 wp-image-4439\" alt=\"HPMC-proov\" srcset=\"https:\/\/landercoll.com\/wp-content\/uploads\/2025\/01\/HPMC-Sample-1536x1024.jpg 1536w, https:\/\/landercoll.com\/wp-content\/uploads\/2025\/01\/HPMC-Sample-300x200.jpg 300w, https:\/\/landercoll.com\/wp-content\/uploads\/2025\/01\/HPMC-Sample-1024x683.jpg 1024w, https:\/\/landercoll.com\/wp-content\/uploads\/2025\/01\/HPMC-Sample-768x512.jpg 768w, https:\/\/landercoll.com\/wp-content\/uploads\/2025\/01\/HPMC-Sample-18x12.jpg 18w, https:\/\/landercoll.com\/wp-content\/uploads\/2025\/01\/HPMC-Sample.jpg 1920w\" sizes=\"(max-width: 1536px) 100vw, 1536px\" \/>\t\t\t\t\t\t\t\t\t\t\t\t\t\t\t<\/div>\n\t\t\t\t<\/div>\n\t\t\t\t<\/div>\n\t\t\t\t\t<\/div>\n\t\t\t\t<\/div>\n\t\t\t\t<\/div>","protected":false},"excerpt":{"rendered":"<p>Enneostjaateenindus K\u00f5rgekvaliteediline HPMC, HEMC ja HEC LANDERCOLL Hiina tselluloosi eeter tootja Enneostjaateenindus LANDERCOLL-is j\u00e4rgitakse p\u00f5him\u00f5tet, et klient on esikohal ning garanteeritakse professionaalne enneostjaateenus, et aidata teil teha ostuotsus. Tooteandmed Lisaks meie tootelehel allalaaditavale TDS-ile v\u00f5ib teil olla rohkem [\u2026]<\/p>","protected":false},"author":1,"featured_media":0,"parent":0,"menu_order":0,"comment_status":"closed","ping_status":"closed","template":"elementor_header_footer","meta":{"footnotes":""},"class_list":["post-4418","page","type-page","status-publish","hentry"],"_links":{"self":[{"href":"https:\/\/landercoll.com\/et\/wp-json\/wp\/v2\/pages\/4418","targetHints":{"allow":["GET"]}}],"collection":[{"href":"https:\/\/landercoll.com\/et\/wp-json\/wp\/v2\/pages"}],"about":[{"href":"https:\/\/landercoll.com\/et\/wp-json\/wp\/v2\/types\/page"}],"author":[{"embeddable":true,"href":"https:\/\/landercoll.com\/et\/wp-json\/wp\/v2\/users\/1"}],"replies":[{"embeddable":true,"href":"https:\/\/landercoll.com\/et\/wp-json\/wp\/v2\/comments?post=4418"}],"version-history":[{"count":20,"href":"https:\/\/landercoll.com\/et\/wp-json\/wp\/v2\/pages\/4418\/revisions"}],"predecessor-version":[{"id":10872,"href":"https:\/\/landercoll.com\/et\/wp-json\/wp\/v2\/pages\/4418\/revisions\/10872"}],"wp:attachment":[{"href":"https:\/\/landercoll.com\/et\/wp-json\/wp\/v2\/media?parent=4418"}],"curies":[{"name":"wp","href":"https:\/\/api.w.org\/{rel}","templated":true}]}}