{"id":3837,"date":"2025-01-11T08:24:34","date_gmt":"2025-01-11T08:24:34","guid":{"rendered":"https:\/\/landercoll.com\/?page_id=3837"},"modified":"2025-08-29T08:46:37","modified_gmt":"2025-08-29T08:46:37","slug":"farmatseutilised-vahesaadused","status":"publish","type":"page","link":"https:\/\/landercoll.com\/et\/taotlus\/farmaatsiatooted\/farmatseutilised-vahesaadused\/","title":{"rendered":"farmatseutilised vahesaadused"},"content":{"rendered":"<div data-elementor-type=\"wp-page\" data-elementor-id=\"3837\" class=\"elementor elementor-3837\" data-elementor-post-type=\"page\">\n\t\t\t\t\t\t<section class=\"elementor-section elementor-top-section elementor-element elementor-element-48a3887f elementor-section-boxed elementor-section-height-default elementor-section-height-default\" data-id=\"48a3887f\" data-element_type=\"section\" data-e-type=\"section\" data-settings=\"{&quot;background_background&quot;:&quot;classic&quot;,&quot;ekit_has_onepagescroll_dot&quot;:&quot;yes&quot;}\">\n\t\t\t\t\t\t\t<div class=\"elementor-background-overlay\"><\/div>\n\t\t\t\t\t\t\t<div class=\"elementor-container elementor-column-gap-default\">\n\t\t\t\t\t<div class=\"elementor-column elementor-col-100 elementor-top-column elementor-element elementor-element-13ef2334\" data-id=\"13ef2334\" data-element_type=\"column\" data-e-type=\"column\">\n\t\t\t<div class=\"elementor-widget-wrap elementor-element-populated\">\n\t\t\t\t\t\t<section class=\"elementor-section elementor-inner-section elementor-element elementor-element-343150a7 elementor-section-boxed elementor-section-height-default elementor-section-height-default\" data-id=\"343150a7\" data-element_type=\"section\" data-e-type=\"section\" data-settings=\"{&quot;ekit_has_onepagescroll_dot&quot;:&quot;yes&quot;}\">\n\t\t\t\t\t\t<div class=\"elementor-container elementor-column-gap-default\">\n\t\t\t\t\t<div class=\"elementor-column elementor-col-100 elementor-inner-column elementor-element elementor-element-52444c44\" data-id=\"52444c44\" data-element_type=\"column\" data-e-type=\"column\">\n\t\t\t<div class=\"elementor-widget-wrap elementor-element-populated\">\n\t\t\t\t\t\t<div class=\"elementor-element elementor-element-3d393345 elementor-widget elementor-widget-heading\" data-id=\"3d393345\" data-element_type=\"widget\" data-e-type=\"widget\" data-settings=\"{&quot;ekit_we_effect_on&quot;:&quot;none&quot;}\" data-widget_type=\"heading.default\">\n\t\t\t\t<div class=\"elementor-widget-container\">\n\t\t\t\t\t<h1 class=\"elementor-heading-title elementor-size-default\">Farmatseutilised vahesaadused<\/h1>\t\t\t\t<\/div>\n\t\t\t\t<\/div>\n\t\t\t\t\t<\/div>\n\t\t<\/div>\n\t\t\t\t\t<\/div>\n\t\t<\/section>\n\t\t\t\t\t<\/div>\n\t\t<\/div>\n\t\t\t\t\t<\/div>\n\t\t<\/section>\n\t\t\t\t<section class=\"elementor-section elementor-top-section elementor-element elementor-element-4796df5d elementor-section-boxed elementor-section-height-default elementor-section-height-default\" data-id=\"4796df5d\" data-element_type=\"section\" data-e-type=\"section\" data-settings=\"{&quot;ekit_has_onepagescroll_dot&quot;:&quot;yes&quot;}\">\n\t\t\t\t\t\t<div class=\"elementor-container elementor-column-gap-default\">\n\t\t\t\t\t<div class=\"elementor-column elementor-col-50 elementor-top-column elementor-element elementor-element-266c95be\" data-id=\"266c95be\" data-element_type=\"column\" data-e-type=\"column\">\n\t\t\t<div class=\"elementor-widget-wrap elementor-element-populated\">\n\t\t\t\t\t\t<div class=\"elementor-element elementor-element-62b18ac elementor-invisible elementor-widget elementor-widget-heading\" data-id=\"62b18ac\" data-element_type=\"widget\" data-e-type=\"widget\" data-settings=\"{&quot;_animation&quot;:&quot;fadeInUp&quot;,&quot;ekit_we_effect_on&quot;:&quot;none&quot;}\" data-widget_type=\"heading.default\">\n\t\t\t\t<div class=\"elementor-widget-container\">\n\t\t\t\t\t<h2 class=\"elementor-heading-title elementor-size-default\">LANDERCOLL Hiina tselluloosi eeter Tootja<\/h2>\t\t\t\t<\/div>\n\t\t\t\t<\/div>\n\t\t\t\t<div class=\"elementor-element elementor-element-3ed6536a elementor-invisible elementor-widget elementor-widget-heading\" data-id=\"3ed6536a\" data-element_type=\"widget\" data-e-type=\"widget\" data-settings=\"{&quot;_animation&quot;:&quot;fadeInUp&quot;,&quot;_animation_delay&quot;:200,&quot;ekit_we_effect_on&quot;:&quot;none&quot;}\" data-widget_type=\"heading.default\">\n\t\t\t\t<div class=\"elementor-widget-container\">\n\t\t\t\t\t<h2 class=\"elementor-heading-title elementor-size-default\">Farmatseutilised vahesaadused<\/h2>\t\t\t\t<\/div>\n\t\t\t\t<\/div>\n\t\t\t\t<div class=\"elementor-element elementor-element-80fabd3 elementor-widget elementor-widget-text-editor\" data-id=\"80fabd3\" data-element_type=\"widget\" data-e-type=\"widget\" data-settings=\"{&quot;ekit_we_effect_on&quot;:&quot;none&quot;}\" data-widget_type=\"text-editor.default\">\n\t\t\t\t<div class=\"elementor-widget-container\">\n\t\t\t\t\t\t\t\t\t<p><span class=\"mm-editor-clipboard\" data-json=\"%7B%22type%22%3A%22text%22%2C%22data%22%3A%5B%7B%22type%22%3A1%2C%22style%22%3A%7B%7D%2C%22text%22%3A%22Hydroxypropyl%20Methylcellulose%20(HPMC)%20is%20commonly%20used%20in%20liquid%20formulations%20such%20as%20suspensions%20and%20emulsions%2C%20where%20it%20acts%20as%20an%20%22%7D%2C%7B%22type%22%3A1%2C%22text%22%3A%22emulsifying%20and%20stabilizing%20agent%22%2C%22style%22%3A%7B%22bold%22%3Atrue%7D%7D%2C%7B%22type%22%3A1%2C%22style%22%3A%7B%7D%2C%22text%22%3A%22.%20It%20ensures%20homogeneity%20and%20stability%20by%20preventing%20the%20coalescence%20of%20particles%2C%20enabling%20even%20distribution%20and%20consistent%20dosing.%20Its%20ability%20to%20form%20colloidal%20dispersions%20enhances%20the%20physical%20stability%20of%20intermediates%20during%20processing%2C%20making%20it%20an%20essential%20additive%20in%20the%20production%20of%20APIs%20or%20other%20downstream%20products.%22%7D%5D%7D\"><span style=\"color: #808080;\"><a style=\"color: #808080;\" href=\"https:\/\/landercoll.com\/et\/tselluloosi-eeter\/hudroksupropuulmetuultselluloos-hpmc\/\" target=\"_blank\" rel=\"noopener\">h\u00fcdroks\u00fcprop\u00fc\u00fclmet\u00fc\u00fcltselluloos (HPMC)<\/a> i<\/span>s kasutatakse tavaliselt vedelates preparaatides, nagu suspensioonid ja emulsioonid, kus see toimib kui <\/span><span class=\"bold\">emulgeeriv ja stabiliseeriv aine<\/span>. See tagab homogeensuse ja stabiilsuse, takistades osakeste liitumist, v\u00f5imaldades \u00fchtlast jaotumist ja \u00fchtlast doseerimist. Selle v\u00f5ime moodustada kolloidseid dispersioone suurendab vaheainete f\u00fc\u00fcsikalist stabiilsust t\u00f6\u00f6tlemise ajal, mist\u00f5ttu on see oluline lisand toimeainete v\u00f5i muude tootmisahela j\u00e4rgmise etapi toodete tootmisel.<\/p>\t\t\t\t\t\t\t\t<\/div>\n\t\t\t\t<\/div>\n\t\t\t\t<div class=\"elementor-element elementor-element-636a657a elementor-widget elementor-widget-button\" data-id=\"636a657a\" data-element_type=\"widget\" data-e-type=\"widget\" data-settings=\"{&quot;ekit_we_effect_on&quot;:&quot;none&quot;}\" data-widget_type=\"button.default\">\n\t\t\t\t<div class=\"elementor-widget-container\">\n\t\t\t\t\t\t\t\t\t<div class=\"elementor-button-wrapper\">\n\t\t\t\t\t<a class=\"elementor-button elementor-button-link elementor-size-sm elementor-animation-skew\" href=\"#elementor-action%3Aaction%3Dpopup%3Aopen%26settings%3DeyJpZCI6IjgwNCIsInRvZ2dsZSI6ZmFsc2V9\">\n\t\t\t\t\t\t<span class=\"elementor-button-content-wrapper\">\n\t\t\t\t\t\t<span class=\"elementor-button-icon\">\n\t\t\t\t<i aria-hidden=\"true\" class=\"icon icon-arrow-right\"><\/i>\t\t\t<\/span>\n\t\t\t\t\t\t\t\t\t<span class=\"elementor-button-text\">Saada p\u00e4ring<\/span>\n\t\t\t\t\t<\/span>\n\t\t\t\t\t<\/a>\n\t\t\t\t<\/div>\n\t\t\t\t\t\t\t\t<\/div>\n\t\t\t\t<\/div>\n\t\t\t\t\t<\/div>\n\t\t<\/div>\n\t\t\t\t<div class=\"elementor-column elementor-col-50 elementor-top-column elementor-element elementor-element-4ec135c9\" data-id=\"4ec135c9\" data-element_type=\"column\" data-e-type=\"column\">\n\t\t\t<div class=\"elementor-widget-wrap elementor-element-populated\">\n\t\t\t\t\t\t<div class=\"elementor-element elementor-element-0b08d60 elementor-widget elementor-widget-image\" data-id=\"0b08d60\" data-element_type=\"widget\" data-e-type=\"widget\" data-settings=\"{&quot;ekit_we_effect_on&quot;:&quot;none&quot;}\" data-widget_type=\"image.default\">\n\t\t\t\t<div class=\"elementor-widget-container\">\n\t\t\t\t\t\t\t\t\t\t\t\t\t\t\t<img fetchpriority=\"high\" decoding=\"async\" width=\"800\" height=\"600\" src=\"https:\/\/landercoll.com\/wp-content\/uploads\/2025\/01\/pharmaceuticals--1024x768.jpg\" class=\"attachment-large size-large wp-image-3873\" alt=\"Farmaatsiatooted!\" srcset=\"https:\/\/landercoll.com\/wp-content\/uploads\/2025\/01\/pharmaceuticals--1024x768.jpg 1024w, https:\/\/landercoll.com\/wp-content\/uploads\/2025\/01\/pharmaceuticals--300x225.jpg 300w, https:\/\/landercoll.com\/wp-content\/uploads\/2025\/01\/pharmaceuticals--768x576.jpg 768w, https:\/\/landercoll.com\/wp-content\/uploads\/2025\/01\/pharmaceuticals--1536x1152.jpg 1536w, https:\/\/landercoll.com\/wp-content\/uploads\/2025\/01\/pharmaceuticals--16x12.jpg 16w, https:\/\/landercoll.com\/wp-content\/uploads\/2025\/01\/pharmaceuticals-.jpg 2000w\" sizes=\"(max-width: 800px) 100vw, 800px\" \/>\t\t\t\t\t\t\t\t\t\t\t\t\t\t\t<\/div>\n\t\t\t\t<\/div>\n\t\t\t\t\t<\/div>\n\t\t<\/div>\n\t\t\t\t\t<\/div>\n\t\t<\/section>\n\t\t<div class=\"elementor-element elementor-element-332ff61 e-flex e-con-boxed e-con e-parent\" data-id=\"332ff61\" data-element_type=\"container\" data-e-type=\"container\" data-settings=\"{&quot;ekit_has_onepagescroll_dot&quot;:&quot;yes&quot;}\">\n\t\t\t\t\t<div class=\"e-con-inner\">\n\t\t<div class=\"elementor-element elementor-element-eae0180 e-con-full e-flex e-con e-child\" data-id=\"eae0180\" data-element_type=\"container\" data-e-type=\"container\" data-settings=\"{&quot;ekit_has_onepagescroll_dot&quot;:&quot;yes&quot;}\">\n\t\t\t\t<div class=\"elementor-element elementor-element-7a5c01b elementor-widget elementor-widget-image\" data-id=\"7a5c01b\" data-element_type=\"widget\" data-e-type=\"widget\" data-settings=\"{&quot;ekit_we_effect_on&quot;:&quot;none&quot;}\" data-widget_type=\"image.default\">\n\t\t\t\t<div class=\"elementor-widget-container\">\n\t\t\t\t\t\t\t\t\t\t\t\t\t\t\t<img loading=\"lazy\" decoding=\"async\" width=\"800\" height=\"533\" src=\"https:\/\/landercoll.com\/wp-content\/uploads\/2025\/01\/the-texture-of-a-thick-cosmetic-hyaluronic-gel-on-the-skin-1024x682.jpg\" class=\"attachment-large size-large wp-image-3875\" alt=\"Paksu kosmeetilise h\u00fcaluroongeeli tekstuur nahal\" srcset=\"https:\/\/landercoll.com\/wp-content\/uploads\/2025\/01\/the-texture-of-a-thick-cosmetic-hyaluronic-gel-on-the-skin-1024x682.jpg 1024w, https:\/\/landercoll.com\/wp-content\/uploads\/2025\/01\/the-texture-of-a-thick-cosmetic-hyaluronic-gel-on-the-skin-300x200.jpg 300w, https:\/\/landercoll.com\/wp-content\/uploads\/2025\/01\/the-texture-of-a-thick-cosmetic-hyaluronic-gel-on-the-skin-768x512.jpg 768w, https:\/\/landercoll.com\/wp-content\/uploads\/2025\/01\/the-texture-of-a-thick-cosmetic-hyaluronic-gel-on-the-skin-1536x1024.jpg 1536w, https:\/\/landercoll.com\/wp-content\/uploads\/2025\/01\/the-texture-of-a-thick-cosmetic-hyaluronic-gel-on-the-skin-18x12.jpg 18w, https:\/\/landercoll.com\/wp-content\/uploads\/2025\/01\/the-texture-of-a-thick-cosmetic-hyaluronic-gel-on-the-skin.jpg 2000w\" sizes=\"(max-width: 800px) 100vw, 800px\" \/>\t\t\t\t\t\t\t\t\t\t\t\t\t\t\t<\/div>\n\t\t\t\t<\/div>\n\t\t\t\t<\/div>\n\t\t<div class=\"elementor-element elementor-element-ce9cb22 e-con-full e-flex e-con e-child\" data-id=\"ce9cb22\" data-element_type=\"container\" data-e-type=\"container\" data-settings=\"{&quot;ekit_has_onepagescroll_dot&quot;:&quot;yes&quot;}\">\n\t\t\t\t<div class=\"elementor-element elementor-element-631fb01 elementor-invisible elementor-widget elementor-widget-heading\" data-id=\"631fb01\" data-element_type=\"widget\" data-e-type=\"widget\" data-settings=\"{&quot;_animation&quot;:&quot;fadeInUp&quot;,&quot;ekit_we_effect_on&quot;:&quot;none&quot;}\" data-widget_type=\"heading.default\">\n\t\t\t\t<div class=\"elementor-widget-container\">\n\t\t\t\t\t<h3 class=\"elementor-heading-title elementor-size-default\">\nEelised ravimite tarnimise s\u00fcsteemides<\/h3>\t\t\t\t<\/div>\n\t\t\t\t<\/div>\n\t\t\t\t<div class=\"elementor-element elementor-element-fcfdec8 elementor-widget elementor-widget-heading\" data-id=\"fcfdec8\" data-element_type=\"widget\" data-e-type=\"widget\" data-settings=\"{&quot;ekit_we_effect_on&quot;:&quot;none&quot;}\" data-widget_type=\"heading.default\">\n\t\t\t\t<div class=\"elementor-widget-container\">\n\t\t\t\t\t<h2 class=\"elementor-heading-title elementor-size-default\">\nEelised ravimite tarnimise s\u00fcsteemides<\/h2>\t\t\t\t<\/div>\n\t\t\t\t<\/div>\n\t\t\t\t<div class=\"elementor-element elementor-element-9f81df8 elementor-widget-divider--view-line elementor-widget elementor-widget-divider\" data-id=\"9f81df8\" data-element_type=\"widget\" data-e-type=\"widget\" data-settings=\"{&quot;ekit_we_effect_on&quot;:&quot;none&quot;}\" data-widget_type=\"divider.default\">\n\t\t\t\t<div class=\"elementor-widget-container\">\n\t\t\t\t\t\t\t<div class=\"elementor-divider\">\n\t\t\t<span class=\"elementor-divider-separator\">\n\t\t\t\t\t\t<\/span>\n\t\t<\/div>\n\t\t\t\t\t\t<\/div>\n\t\t\t\t<\/div>\n\t\t\t\t<div class=\"elementor-element elementor-element-aaf92d5 elementor-widget elementor-widget-text-editor\" data-id=\"aaf92d5\" data-element_type=\"widget\" data-e-type=\"widget\" data-settings=\"{&quot;ekit_we_effect_on&quot;:&quot;none&quot;}\" data-widget_type=\"text-editor.default\">\n\t\t\t\t<div class=\"elementor-widget-container\">\n\t\t\t\t\t\t\t\t\t<p>HPMC on asendamatu farmaatsiatoodete vahesaadustes t\u00e4nu oma v\u00f5imele:<\/p>\t\t\t\t\t\t\t\t<\/div>\n\t\t\t\t<\/div>\n\t\t<div class=\"elementor-element elementor-element-04a27c8 e-grid e-con-full e-con e-child\" data-id=\"04a27c8\" data-element_type=\"container\" data-e-type=\"container\" data-settings=\"{&quot;ekit_has_onepagescroll_dot&quot;:&quot;yes&quot;}\">\n\t\t<div class=\"elementor-element elementor-element-39f1d2e e-con-full e-flex e-con e-child\" data-id=\"39f1d2e\" data-element_type=\"container\" data-e-type=\"container\" data-settings=\"{&quot;ekit_has_onepagescroll_dot&quot;:&quot;yes&quot;}\">\n\t\t\t\t<div class=\"elementor-element elementor-element-cad3577 elementor-position-inline-start elementor-view-default elementor-mobile-position-block-start elementor-widget elementor-widget-icon-box\" data-id=\"cad3577\" data-element_type=\"widget\" data-e-type=\"widget\" data-settings=\"{&quot;ekit_we_effect_on&quot;:&quot;none&quot;}\" data-widget_type=\"icon-box.default\">\n\t\t\t\t<div class=\"elementor-widget-container\">\n\t\t\t\t\t\t\t<div class=\"elementor-icon-box-wrapper\">\n\n\t\t\t\t\t\t<div class=\"elementor-icon-box-icon\">\n\t\t\t\t<span  class=\"elementor-icon\">\n\t\t\t\t<svg aria-hidden=\"true\" class=\"e-font-icon-svg e-fas-check-circle\" viewbox=\"0 0 512 512\" xmlns=\"http:\/\/www.w3.org\/2000\/svg\"><path d=\"M504 256c0 136.967-111.033 248-248 248S8 392.967 8 256 119.033 8 256 8s248 111.033 248 248zM227.314 387.314l184-184c6.248-6.248 6.248-16.379 0-22.627l-22.627-22.627c-6.248-6.249-16.379-6.249-22.628 0L216 308.118l-70.059-70.059c-6.248-6.248-16.379-6.248-22.628 0l-22.627 22.627c-6.248 6.248-6.248 16.379 0 22.627l104 104c6.249 6.249 16.379 6.249 22.628.001z\"><\/path><\/svg>\t\t\t\t<\/span>\n\t\t\t<\/div>\n\t\t\t\n\t\t\t\t\t\t<div class=\"elementor-icon-box-content\">\n\n\t\t\t\t\t\t\t\t\t<h3 class=\"elementor-icon-box-title\">\n\t\t\t\t\t\t<span  >\n\t\t\t\t\t\t\t Ravimi vabanemisprofiili muutmine p\u00fcsiva ja sihip\u00e4rase manustamise eesm\u00e4rgil.\t\t\t\t\t\t<\/span>\n\t\t\t\t\t<\/h3>\n\t\t\t\t\n\t\t\t\t\n\t\t\t<\/div>\n\t\t\t\n\t\t<\/div>\n\t\t\t\t\t\t<\/div>\n\t\t\t\t<\/div>\n\t\t\t\t<\/div>\n\t\t<div class=\"elementor-element elementor-element-6994ae1 e-con-full e-flex e-con e-child\" data-id=\"6994ae1\" data-element_type=\"container\" data-e-type=\"container\" data-settings=\"{&quot;ekit_has_onepagescroll_dot&quot;:&quot;yes&quot;}\">\n\t\t\t\t<div class=\"elementor-element elementor-element-a5f5329 elementor-position-inline-start elementor-view-default elementor-mobile-position-block-start elementor-widget elementor-widget-icon-box\" data-id=\"a5f5329\" data-element_type=\"widget\" data-e-type=\"widget\" data-settings=\"{&quot;ekit_we_effect_on&quot;:&quot;none&quot;}\" data-widget_type=\"icon-box.default\">\n\t\t\t\t<div class=\"elementor-widget-container\">\n\t\t\t\t\t\t\t<div class=\"elementor-icon-box-wrapper\">\n\n\t\t\t\t\t\t<div class=\"elementor-icon-box-icon\">\n\t\t\t\t<span  class=\"elementor-icon\">\n\t\t\t\t<svg aria-hidden=\"true\" class=\"e-font-icon-svg e-fas-check-circle\" viewbox=\"0 0 512 512\" xmlns=\"http:\/\/www.w3.org\/2000\/svg\"><path d=\"M504 256c0 136.967-111.033 248-248 248S8 392.967 8 256 119.033 8 256 8s248 111.033 248 248zM227.314 387.314l184-184c6.248-6.248 6.248-16.379 0-22.627l-22.627-22.627c-6.248-6.249-16.379-6.249-22.628 0L216 308.118l-70.059-70.059c-6.248-6.248-16.379-6.248-22.628 0l-22.627 22.627c-6.248 6.248-6.248 16.379 0 22.627l104 104c6.249 6.249 16.379 6.249 22.628.001z\"><\/path><\/svg>\t\t\t\t<\/span>\n\t\t\t<\/div>\n\t\t\t\n\t\t\t\t\t\t<div class=\"elementor-icon-box-content\">\n\n\t\t\t\t\t\t\t\t\t<h3 class=\"elementor-icon-box-title\">\n\t\t\t\t\t\t<span  >\n\t\t\t\t\t\t\t Suurendada stabiilsust nii tahkete kui ka vedelate ravimvormide puhul.\t\t\t\t\t\t<\/span>\n\t\t\t\t\t<\/h3>\n\t\t\t\t\n\t\t\t\t\n\t\t\t<\/div>\n\t\t\t\n\t\t<\/div>\n\t\t\t\t\t\t<\/div>\n\t\t\t\t<\/div>\n\t\t\t\t<\/div>\n\t\t<div class=\"elementor-element elementor-element-212d6c8 e-con-full e-flex e-con e-child\" data-id=\"212d6c8\" data-element_type=\"container\" data-e-type=\"container\" data-settings=\"{&quot;ekit_has_onepagescroll_dot&quot;:&quot;yes&quot;}\">\n\t\t\t\t<div class=\"elementor-element elementor-element-c301783 elementor-position-inline-start elementor-view-default elementor-mobile-position-block-start elementor-widget elementor-widget-icon-box\" data-id=\"c301783\" data-element_type=\"widget\" data-e-type=\"widget\" data-settings=\"{&quot;ekit_we_effect_on&quot;:&quot;none&quot;}\" data-widget_type=\"icon-box.default\">\n\t\t\t\t<div class=\"elementor-widget-container\">\n\t\t\t\t\t\t\t<div class=\"elementor-icon-box-wrapper\">\n\n\t\t\t\t\t\t<div class=\"elementor-icon-box-icon\">\n\t\t\t\t<span  class=\"elementor-icon\">\n\t\t\t\t<svg aria-hidden=\"true\" class=\"e-font-icon-svg e-fas-check-circle\" viewbox=\"0 0 512 512\" xmlns=\"http:\/\/www.w3.org\/2000\/svg\"><path d=\"M504 256c0 136.967-111.033 248-248 248S8 392.967 8 256 119.033 8 256 8s248 111.033 248 248zM227.314 387.314l184-184c6.248-6.248 6.248-16.379 0-22.627l-22.627-22.627c-6.248-6.249-16.379-6.249-22.628 0L216 308.118l-70.059-70.059c-6.248-6.248-16.379-6.248-22.628 0l-22.627 22.627c-6.248 6.248-6.248 16.379 0 22.627l104 104c6.249 6.249 16.379 6.249 22.628.001z\"><\/path><\/svg>\t\t\t\t<\/span>\n\t\t\t<\/div>\n\t\t\t\n\t\t\t\t\t\t<div class=\"elementor-icon-box-content\">\n\n\t\t\t\t\t\t\t\t\t<h3 class=\"elementor-icon-box-title\">\n\t\t\t\t\t\t<span  >\n\t\t\t\t\t\t\tToetada uuenduslikke preparaate kaasaegsete ravimite manustamistehnoloogiate puhul.\t\t\t\t\t\t<\/span>\n\t\t\t\t\t<\/h3>\n\t\t\t\t\n\t\t\t\t\n\t\t\t<\/div>\n\t\t\t\n\t\t<\/div>\n\t\t\t\t\t\t<\/div>\n\t\t\t\t<\/div>\n\t\t\t\t<\/div>\n\t\t\t\t<\/div>\n\t\t\t\t<\/div>\n\t\t\t\t\t<\/div>\n\t\t\t\t<\/div>\n\t\t\t\t<\/div>","protected":false},"excerpt":{"rendered":"<p>Farmaatsiatooted LANDERCOLL Hiina tselluloosi eeteri tootja Farmaatsiatooted H\u00fcdroks\u00fcprop\u00fc\u00fclmet\u00fc\u00fcltselluloos (HPMC) on sageli kasutusel vedelates vormides, nagu suspensioonid ja emulsioonid, kus see toimib emulsifitseeriva ja stabiliseeriva ainena. See tagab homogeenia ja stabiilsuse, takistades osakeste koalescenteerumist, v\u00f5imaldades \u00fchtlast jaotust ning j\u00e4rjepidevat doseerimist. Selle v\u00f5ime moodustada kolloidsed dispersioonid [\u2026]<\/p>","protected":false},"author":1,"featured_media":0,"parent":1903,"menu_order":0,"comment_status":"closed","ping_status":"closed","template":"elementor_header_footer","meta":{"footnotes":""},"class_list":["post-3837","page","type-page","status-publish","hentry"],"_links":{"self":[{"href":"https:\/\/landercoll.com\/et\/wp-json\/wp\/v2\/pages\/3837","targetHints":{"allow":["GET"]}}],"collection":[{"href":"https:\/\/landercoll.com\/et\/wp-json\/wp\/v2\/pages"}],"about":[{"href":"https:\/\/landercoll.com\/et\/wp-json\/wp\/v2\/types\/page"}],"author":[{"embeddable":true,"href":"https:\/\/landercoll.com\/et\/wp-json\/wp\/v2\/users\/1"}],"replies":[{"embeddable":true,"href":"https:\/\/landercoll.com\/et\/wp-json\/wp\/v2\/comments?post=3837"}],"version-history":[{"count":14,"href":"https:\/\/landercoll.com\/et\/wp-json\/wp\/v2\/pages\/3837\/revisions"}],"predecessor-version":[{"id":10786,"href":"https:\/\/landercoll.com\/et\/wp-json\/wp\/v2\/pages\/3837\/revisions\/10786"}],"up":[{"embeddable":true,"href":"https:\/\/landercoll.com\/et\/wp-json\/wp\/v2\/pages\/1903"}],"wp:attachment":[{"href":"https:\/\/landercoll.com\/et\/wp-json\/wp\/v2\/media?parent=3837"}],"curies":[{"name":"wp","href":"https:\/\/api.w.org\/{rel}","templated":true}]}}