{"id":4159,"date":"2025-01-16T09:14:33","date_gmt":"2025-01-16T09:14:33","guid":{"rendered":"https:\/\/landercoll.com\/?page_id=4159"},"modified":"2025-08-30T03:32:29","modified_gmt":"2025-08-30T03:32:29","slug":"respetar-la-dignidad-y-la-igualdad-de-todos-los-seres-humanos","status":"publish","type":"page","link":"https:\/\/landercoll.com\/es\/desarrollo-sostenible\/respetar-la-dignidad-y-la-igualdad-de-todos-los-seres-humanos\/","title":{"rendered":"Respetar la dignidad y la igualdad de todos los seres humanos"},"content":{"rendered":"<div data-elementor-type=\"wp-page\" data-elementor-id=\"4159\" class=\"elementor elementor-4159\" data-elementor-post-type=\"page\">\n\t\t\t\t\t\t<section class=\"elementor-section elementor-top-section elementor-element elementor-element-3c1395b elementor-section-boxed elementor-section-height-default elementor-section-height-default\" data-id=\"3c1395b\" data-element_type=\"section\" data-e-type=\"section\" data-settings=\"{&quot;background_background&quot;:&quot;classic&quot;,&quot;ekit_has_onepagescroll_dot&quot;:&quot;yes&quot;}\">\n\t\t\t\t\t\t\t<div class=\"elementor-background-overlay\"><\/div>\n\t\t\t\t\t\t\t<div class=\"elementor-container elementor-column-gap-no\">\n\t\t\t\t\t<div class=\"elementor-column elementor-col-100 elementor-top-column elementor-element elementor-element-2a1f8f0\" data-id=\"2a1f8f0\" data-element_type=\"column\" data-e-type=\"column\">\n\t\t\t<div class=\"elementor-widget-wrap elementor-element-populated\">\n\t\t\t\t\t\t<div class=\"elementor-element elementor-element-01c20e2 elementor-invisible elementor-widget elementor-widget-heading\" data-id=\"01c20e2\" data-element_type=\"widget\" data-e-type=\"widget\" data-settings=\"{&quot;_animation&quot;:&quot;zoomIn&quot;,&quot;ekit_we_effect_on&quot;:&quot;none&quot;}\" data-widget_type=\"heading.default\">\n\t\t\t\t<div class=\"elementor-widget-container\">\n\t\t\t\t\t<h1 class=\"elementor-heading-title elementor-size-default\">Respetar la dignidad y la igualdad de todos los seres humanos<\/h1>\t\t\t\t<\/div>\n\t\t\t\t<\/div>\n\t\t\t\t<div class=\"elementor-element elementor-element-361cca3 elementor-widget-divider--view-line_text elementor-widget-divider--element-align-center elementor-widget elementor-widget-divider\" data-id=\"361cca3\" data-element_type=\"widget\" data-e-type=\"widget\" data-settings=\"{&quot;ekit_we_effect_on&quot;:&quot;none&quot;}\" data-widget_type=\"divider.default\">\n\t\t\t\t<div class=\"elementor-widget-container\">\n\t\t\t\t\t\t\t<div class=\"elementor-divider\">\n\t\t\t<span class=\"elementor-divider-separator\">\n\t\t\t\t\t\t\t<span class=\"elementor-divider__text elementor-divider__element\">\n\t\t\t\tHPMC, HEMC y HEC de alta calidad\t\t\t\t<\/span>\n\t\t\t\t\t\t<\/span>\n\t\t<\/div>\n\t\t\t\t\t\t<\/div>\n\t\t\t\t<\/div>\n\t\t\t\t\t<\/div>\n\t\t<\/div>\n\t\t\t\t\t<\/div>\n\t\t<\/section>\n\t\t<div class=\"elementor-element elementor-element-509cfa4 e-flex e-con-boxed e-con e-parent\" data-id=\"509cfa4\" data-element_type=\"container\" data-e-type=\"container\" data-settings=\"{&quot;ekit_has_onepagescroll_dot&quot;:&quot;yes&quot;}\">\n\t\t\t\t\t<div class=\"e-con-inner\">\n\t\t\t\t<div class=\"elementor-element elementor-element-ade3212 elementor-invisible elementor-widget elementor-widget-heading\" data-id=\"ade3212\" data-element_type=\"widget\" data-e-type=\"widget\" data-settings=\"{&quot;_animation&quot;:&quot;fadeInUp&quot;,&quot;ekit_we_effect_on&quot;:&quot;none&quot;}\" data-widget_type=\"heading.default\">\n\t\t\t\t<div class=\"elementor-widget-container\">\n\t\t\t\t\t<h3 class=\"elementor-heading-title elementor-size-default\">LANDERCOLL defiende los derechos humanos y la dignidad para todos<\/h3>\t\t\t\t<\/div>\n\t\t\t\t<\/div>\n\t\t\t\t<div class=\"elementor-element elementor-element-b7543d9 elementor-invisible elementor-widget elementor-widget-heading\" data-id=\"b7543d9\" data-element_type=\"widget\" data-e-type=\"widget\" data-settings=\"{&quot;_animation&quot;:&quot;fadeInUp&quot;,&quot;_animation_delay&quot;:200,&quot;ekit_we_effect_on&quot;:&quot;none&quot;}\" data-widget_type=\"heading.default\">\n\t\t\t\t<div class=\"elementor-widget-container\">\n\t\t\t\t\t<h2 class=\"elementor-heading-title elementor-size-default\">LANDERCOLL Fomentar la equidad mediante la capacitaci\u00f3n de los empleados<\/h2>\t\t\t\t<\/div>\n\t\t\t\t<\/div>\n\t\t\t\t<div class=\"elementor-element elementor-element-937a451 elementor-widget__width-initial elementor-widget elementor-widget-text-editor\" data-id=\"937a451\" data-element_type=\"widget\" data-e-type=\"widget\" data-settings=\"{&quot;ekit_we_effect_on&quot;:&quot;none&quot;}\" data-widget_type=\"text-editor.default\">\n\t\t\t\t<div class=\"elementor-widget-container\">\n\t\t\t\t\t\t\t\t\t<p>LANDERCOLL es una firme defensora del ideal de los derechos humanos seg\u00fan el cual las personas tienen derecho a ser tratadas con dignidad, sea cual sea su nacionalidad, lugar de residencia, sexo, origen nacional o \u00e9tnico, color, idioma o cualquier otra condici\u00f3n. Hemos cultivado relaciones positivas con nuestros empleados para crear una sociedad m\u00e1s equitativa y sostenible.<\/p>\t\t\t\t\t\t\t\t<\/div>\n\t\t\t\t<\/div>\n\t\t\t\t\t<\/div>\n\t\t\t\t<\/div>\n\t\t\t\t<section class=\"elementor-section elementor-top-section elementor-element elementor-element-8827782 elementor-section-boxed elementor-section-height-default elementor-section-height-default\" data-id=\"8827782\" data-element_type=\"section\" data-e-type=\"section\" data-settings=\"{&quot;background_background&quot;:&quot;classic&quot;,&quot;ekit_has_onepagescroll_dot&quot;:&quot;yes&quot;}\">\n\t\t\t\t\t\t<div class=\"elementor-container elementor-column-gap-default\">\n\t\t\t\t\t<div class=\"elementor-column elementor-col-50 elementor-top-column elementor-element elementor-element-75bb8c7\" data-id=\"75bb8c7\" data-element_type=\"column\" data-e-type=\"column\">\n\t\t\t<div class=\"elementor-widget-wrap elementor-element-populated\">\n\t\t\t\t\t\t<div class=\"elementor-element elementor-element-7cee859 elementor-invisible elementor-widget elementor-widget-heading\" data-id=\"7cee859\" data-element_type=\"widget\" data-e-type=\"widget\" data-settings=\"{&quot;_animation&quot;:&quot;fadeInUp&quot;,&quot;_animation_delay&quot;:200,&quot;ekit_we_effect_on&quot;:&quot;none&quot;}\" data-widget_type=\"heading.default\">\n\t\t\t\t<div class=\"elementor-widget-container\">\n\t\t\t\t\t<h3 class=\"elementor-heading-title elementor-size-default\">\nIgualdad de g\u00e9nero<\/h3>\t\t\t\t<\/div>\n\t\t\t\t<\/div>\n\t\t\t\t<div class=\"elementor-element elementor-element-ef99a6a elementor-widget elementor-widget-text-editor\" data-id=\"ef99a6a\" data-element_type=\"widget\" data-e-type=\"widget\" data-settings=\"{&quot;ekit_we_effect_on&quot;:&quot;none&quot;}\" data-widget_type=\"text-editor.default\">\n\t\t\t\t<div class=\"elementor-widget-container\">\n\t\t\t\t\t\t\t\t\t<p>Como derecho humano fundamental, la igualdad de g\u00e9nero consiste en lograr la igualdad en t\u00e9rminos de capacitaci\u00f3n y participaci\u00f3n econ\u00f3mica de las mujeres. En LANDERCOLL, nos aseguramos de que las mujeres reciban el mismo salario por el mismo trabajo y de que nunca sean objeto de abusos f\u00edsicos y sexuales. Este principio contribuye a ampliar el crecimiento econ\u00f3mico, promover el desarrollo social y establecer sociedades m\u00e1s estables y justas.<\/p>\t\t\t\t\t\t\t\t<\/div>\n\t\t\t\t<\/div>\n\t\t\t\t<div class=\"elementor-element elementor-element-0c4b1d3 elementor-widget elementor-widget-button\" data-id=\"0c4b1d3\" data-element_type=\"widget\" data-e-type=\"widget\" data-settings=\"{&quot;ekit_we_effect_on&quot;:&quot;none&quot;}\" data-widget_type=\"button.default\">\n\t\t\t\t<div class=\"elementor-widget-container\">\n\t\t\t\t\t\t\t\t\t<div class=\"elementor-button-wrapper\">\n\t\t\t\t\t<a class=\"elementor-button elementor-button-link elementor-size-sm elementor-animation-skew\" href=\"#elementor-action%3Aaction%3Dpopup%3Aopen%26settings%3DeyJpZCI6IjgwNCIsInRvZ2dsZSI6ZmFsc2V9\">\n\t\t\t\t\t\t<span class=\"elementor-button-content-wrapper\">\n\t\t\t\t\t\t<span class=\"elementor-button-icon\">\n\t\t\t\t<i aria-hidden=\"true\" class=\"icon icon-arrow-right\"><\/i>\t\t\t<\/span>\n\t\t\t\t\t\t\t\t\t<span class=\"elementor-button-text\">P\u00f3ngase en contacto con nosotros<\/span>\n\t\t\t\t\t<\/span>\n\t\t\t\t\t<\/a>\n\t\t\t\t<\/div>\n\t\t\t\t\t\t\t\t<\/div>\n\t\t\t\t<\/div>\n\t\t\t\t\t<\/div>\n\t\t<\/div>\n\t\t\t\t<div class=\"elementor-column elementor-col-50 elementor-top-column elementor-element elementor-element-03dabfc\" data-id=\"03dabfc\" data-element_type=\"column\" data-e-type=\"column\">\n\t\t\t<div class=\"elementor-widget-wrap elementor-element-populated\">\n\t\t\t\t<div class=\"elementor-element elementor-element-4318912 e-flex e-con-boxed e-con e-parent\" data-id=\"4318912\" data-element_type=\"container\" data-e-type=\"container\" data-settings=\"{&quot;ekit_has_onepagescroll_dot&quot;:&quot;yes&quot;}\">\n\t\t\t\t\t<div class=\"e-con-inner\">\n\t\t\t\t<div class=\"elementor-element elementor-element-3591dd1 elementor-widget elementor-widget-image\" data-id=\"3591dd1\" data-element_type=\"widget\" data-e-type=\"widget\" data-settings=\"{&quot;ekit_we_effect_on&quot;:&quot;none&quot;}\" data-widget_type=\"image.default\">\n\t\t\t\t<div class=\"elementor-widget-container\">\n\t\t\t\t\t\t\t\t\t\t\t\t\t\t\t<img fetchpriority=\"high\" decoding=\"async\" width=\"800\" height=\"534\" src=\"https:\/\/landercoll.com\/wp-content\/uploads\/2025\/01\/landu-lab1-1024x683.jpg\" class=\"attachment-large size-large wp-image-4380\" alt=\"landu-lab1\" srcset=\"https:\/\/landercoll.com\/wp-content\/uploads\/2025\/01\/landu-lab1-1024x683.jpg 1024w, https:\/\/landercoll.com\/wp-content\/uploads\/2025\/01\/landu-lab1-300x200.jpg 300w, https:\/\/landercoll.com\/wp-content\/uploads\/2025\/01\/landu-lab1-768x512.jpg 768w, https:\/\/landercoll.com\/wp-content\/uploads\/2025\/01\/landu-lab1-1536x1024.jpg 1536w, https:\/\/landercoll.com\/wp-content\/uploads\/2025\/01\/landu-lab1-18x12.jpg 18w, https:\/\/landercoll.com\/wp-content\/uploads\/2025\/01\/landu-lab1.jpg 1920w\" sizes=\"(max-width: 800px) 100vw, 800px\" \/>\t\t\t\t\t\t\t\t\t\t\t\t\t\t\t<\/div>\n\t\t\t\t<\/div>\n\t\t\t\t<div class=\"elementor-element elementor-element-c2f8d97 elementor-widget elementor-widget-image\" data-id=\"c2f8d97\" data-element_type=\"widget\" data-e-type=\"widget\" data-settings=\"{&quot;ekit_we_effect_on&quot;:&quot;none&quot;}\" data-widget_type=\"image.default\">\n\t\t\t\t<div class=\"elementor-widget-container\">\n\t\t\t\t\t\t\t\t\t\t\t\t\t\t\t<img loading=\"lazy\" decoding=\"async\" width=\"800\" height=\"534\" src=\"https:\/\/landercoll.com\/wp-content\/uploads\/2025\/01\/landu-lab3-1024x683.jpg\" class=\"attachment-large size-large wp-image-4382\" alt=\"landu-lab3\" srcset=\"https:\/\/landercoll.com\/wp-content\/uploads\/2025\/01\/landu-lab3-1024x683.jpg 1024w, https:\/\/landercoll.com\/wp-content\/uploads\/2025\/01\/landu-lab3-300x200.jpg 300w, https:\/\/landercoll.com\/wp-content\/uploads\/2025\/01\/landu-lab3-768x512.jpg 768w, https:\/\/landercoll.com\/wp-content\/uploads\/2025\/01\/landu-lab3-1536x1024.jpg 1536w, https:\/\/landercoll.com\/wp-content\/uploads\/2025\/01\/landu-lab3-18x12.jpg 18w, https:\/\/landercoll.com\/wp-content\/uploads\/2025\/01\/landu-lab3.jpg 1920w\" sizes=\"(max-width: 800px) 100vw, 800px\" \/>\t\t\t\t\t\t\t\t\t\t\t\t\t\t\t<\/div>\n\t\t\t\t<\/div>\n\t\t\t\t\t<\/div>\n\t\t\t\t<\/div>\n\t\t\t\t\t<\/div>\n\t\t<\/div>\n\t\t\t\t\t<\/div>\n\t\t<\/section>\n\t\t\t\t<section class=\"elementor-section elementor-top-section elementor-element elementor-element-2d4824a elementor-section-boxed elementor-section-height-default elementor-section-height-default\" data-id=\"2d4824a\" data-element_type=\"section\" data-e-type=\"section\" data-settings=\"{&quot;ekit_has_onepagescroll_dot&quot;:&quot;yes&quot;}\">\n\t\t\t\t\t\t<div class=\"elementor-container elementor-column-gap-default\">\n\t\t\t\t\t<div class=\"elementor-column elementor-col-50 elementor-top-column elementor-element elementor-element-7446acf\" data-id=\"7446acf\" data-element_type=\"column\" data-e-type=\"column\">\n\t\t\t<div class=\"elementor-widget-wrap elementor-element-populated\">\n\t\t\t\t\t\t<div class=\"elementor-element elementor-element-01da582 elementor-widget elementor-widget-image\" data-id=\"01da582\" data-element_type=\"widget\" data-e-type=\"widget\" data-settings=\"{&quot;ekit_we_effect_on&quot;:&quot;none&quot;}\" data-widget_type=\"image.default\">\n\t\t\t\t<div class=\"elementor-widget-container\">\n\t\t\t\t\t\t\t\t\t\t\t\t\t\t\t<img loading=\"lazy\" decoding=\"async\" width=\"800\" height=\"534\" src=\"https:\/\/landercoll.com\/wp-content\/uploads\/2025\/02\/landercoll-innovative-spirit-1024x683.jpg\" class=\"attachment-large size-large wp-image-6187\" alt=\"landercoll-esp\u00edritu-innovador\" srcset=\"https:\/\/landercoll.com\/wp-content\/uploads\/2025\/02\/landercoll-innovative-spirit-1024x683.jpg 1024w, https:\/\/landercoll.com\/wp-content\/uploads\/2025\/02\/landercoll-innovative-spirit-300x200.jpg 300w, https:\/\/landercoll.com\/wp-content\/uploads\/2025\/02\/landercoll-innovative-spirit-768x512.jpg 768w, https:\/\/landercoll.com\/wp-content\/uploads\/2025\/02\/landercoll-innovative-spirit-1536x1024.jpg 1536w, https:\/\/landercoll.com\/wp-content\/uploads\/2025\/02\/landercoll-innovative-spirit-18x12.jpg 18w, https:\/\/landercoll.com\/wp-content\/uploads\/2025\/02\/landercoll-innovative-spirit.jpg 1920w\" sizes=\"(max-width: 800px) 100vw, 800px\" \/>\t\t\t\t\t\t\t\t\t\t\t\t\t\t\t<\/div>\n\t\t\t\t<\/div>\n\t\t\t\t\t<\/div>\n\t\t<\/div>\n\t\t\t\t<div class=\"elementor-column elementor-col-50 elementor-top-column elementor-element elementor-element-d39dee8\" data-id=\"d39dee8\" data-element_type=\"column\" data-e-type=\"column\">\n\t\t\t<div class=\"elementor-widget-wrap elementor-element-populated\">\n\t\t\t\t\t\t<div class=\"elementor-element elementor-element-a8b07a9 elementor-invisible elementor-widget elementor-widget-heading\" data-id=\"a8b07a9\" data-element_type=\"widget\" data-e-type=\"widget\" data-settings=\"{&quot;_animation&quot;:&quot;fadeInUp&quot;,&quot;_animation_delay&quot;:200,&quot;ekit_we_effect_on&quot;:&quot;none&quot;}\" data-widget_type=\"heading.default\">\n\t\t\t\t<div class=\"elementor-widget-container\">\n\t\t\t\t\t<h3 class=\"elementor-heading-title elementor-size-default\">Educaci\u00f3n y formaci\u00f3n<\/h3>\t\t\t\t<\/div>\n\t\t\t\t<\/div>\n\t\t\t\t<div class=\"elementor-element elementor-element-9f8f2a0 elementor-widget elementor-widget-text-editor\" data-id=\"9f8f2a0\" data-element_type=\"widget\" data-e-type=\"widget\" data-settings=\"{&quot;ekit_we_effect_on&quot;:&quot;none&quot;}\" data-widget_type=\"text-editor.default\">\n\t\t\t\t<div class=\"elementor-widget-container\">\n\t\t\t\t\t\t\t\t\t<p>LANDERCOLL se compromete a proporcionar a nuestro personal los conocimientos, habilidades y comprensi\u00f3n necesarios para moldear sus comportamientos, capacit\u00e1ndoles para contribuir al establecimiento y protecci\u00f3n de una cultura universal de los derechos humanos. Asumimos que esto podr\u00eda concienciar a nuestra gente para que se preocupe por los dem\u00e1s y crea en la justicia social y la igualdad.<\/p>\t\t\t\t\t\t\t\t<\/div>\n\t\t\t\t<\/div>\n\t\t\t\t<div class=\"elementor-element elementor-element-9192df4 elementor-widget elementor-widget-button\" data-id=\"9192df4\" data-element_type=\"widget\" data-e-type=\"widget\" data-settings=\"{&quot;ekit_we_effect_on&quot;:&quot;none&quot;}\" data-widget_type=\"button.default\">\n\t\t\t\t<div class=\"elementor-widget-container\">\n\t\t\t\t\t\t\t\t\t<div class=\"elementor-button-wrapper\">\n\t\t\t\t\t<a class=\"elementor-button elementor-button-link elementor-size-sm elementor-animation-skew\" href=\"#elementor-action%3Aaction%3Dpopup%3Aopen%26settings%3DeyJpZCI6IjgwNCIsInRvZ2dsZSI6ZmFsc2V9\">\n\t\t\t\t\t\t<span class=\"elementor-button-content-wrapper\">\n\t\t\t\t\t\t<span class=\"elementor-button-icon\">\n\t\t\t\t<i aria-hidden=\"true\" class=\"icon icon-arrow-right\"><\/i>\t\t\t<\/span>\n\t\t\t\t\t\t\t\t\t<span class=\"elementor-button-text\">P\u00f3ngase en contacto con nosotros<\/span>\n\t\t\t\t\t<\/span>\n\t\t\t\t\t<\/a>\n\t\t\t\t<\/div>\n\t\t\t\t\t\t\t\t<\/div>\n\t\t\t\t<\/div>\n\t\t\t\t\t<\/div>\n\t\t<\/div>\n\t\t\t\t\t<\/div>\n\t\t<\/section>\n\t\t\t\t<section class=\"elementor-section elementor-top-section elementor-element elementor-element-a88e675 elementor-section-boxed elementor-section-height-default elementor-section-height-default\" data-id=\"a88e675\" data-element_type=\"section\" data-e-type=\"section\" data-settings=\"{&quot;ekit_has_onepagescroll_dot&quot;:&quot;yes&quot;}\">\n\t\t\t\t\t\t<div class=\"elementor-container elementor-column-gap-default\">\n\t\t\t\t\t<div class=\"elementor-column elementor-col-50 elementor-top-column elementor-element elementor-element-4919005\" data-id=\"4919005\" data-element_type=\"column\" data-e-type=\"column\">\n\t\t\t<div class=\"elementor-widget-wrap elementor-element-populated\">\n\t\t\t\t\t\t<div class=\"elementor-element elementor-element-84af29b elementor-invisible elementor-widget elementor-widget-heading\" data-id=\"84af29b\" data-element_type=\"widget\" data-e-type=\"widget\" data-settings=\"{&quot;_animation&quot;:&quot;fadeInUp&quot;,&quot;_animation_delay&quot;:200,&quot;ekit_we_effect_on&quot;:&quot;none&quot;}\" data-widget_type=\"heading.default\">\n\t\t\t\t<div class=\"elementor-widget-container\">\n\t\t\t\t\t<h3 class=\"elementor-heading-title elementor-size-default\">Derechos laborales<\/h3>\t\t\t\t<\/div>\n\t\t\t\t<\/div>\n\t\t\t\t<div class=\"elementor-element elementor-element-ae0d487 elementor-widget elementor-widget-text-editor\" data-id=\"ae0d487\" data-element_type=\"widget\" data-e-type=\"widget\" data-settings=\"{&quot;ekit_we_effect_on&quot;:&quot;none&quot;}\" data-widget_type=\"text-editor.default\">\n\t\t\t\t<div class=\"elementor-widget-container\">\n\t\t\t\t\t\t\t\t\t<p>LANDERCOLL no escatima esfuerzos para proteger a todo el personal contra condiciones de trabajo injustas y peligrosas. Asimismo, nos proponemos eliminar toda mala gobernanza, incluida la corrupci\u00f3n y la ineficacia institucional. En el camino hacia la sostenibilidad social, nuestra promoci\u00f3n de sistemas y pol\u00edticas desempe\u00f1a un papel importante a la hora de garantizar un acceso equitativo a las oportunidades y los recursos para todos los miembros.<\/p>\t\t\t\t\t\t\t\t<\/div>\n\t\t\t\t<\/div>\n\t\t\t\t<div class=\"elementor-element elementor-element-0952de4 elementor-widget elementor-widget-button\" data-id=\"0952de4\" data-element_type=\"widget\" data-e-type=\"widget\" data-settings=\"{&quot;ekit_we_effect_on&quot;:&quot;none&quot;}\" data-widget_type=\"button.default\">\n\t\t\t\t<div class=\"elementor-widget-container\">\n\t\t\t\t\t\t\t\t\t<div class=\"elementor-button-wrapper\">\n\t\t\t\t\t<a class=\"elementor-button elementor-button-link elementor-size-sm elementor-animation-skew\" href=\"#elementor-action%3Aaction%3Dpopup%3Aopen%26settings%3DeyJpZCI6IjgwNCIsInRvZ2dsZSI6ZmFsc2V9\">\n\t\t\t\t\t\t<span class=\"elementor-button-content-wrapper\">\n\t\t\t\t\t\t<span class=\"elementor-button-icon\">\n\t\t\t\t<i aria-hidden=\"true\" class=\"icon icon-arrow-right\"><\/i>\t\t\t<\/span>\n\t\t\t\t\t\t\t\t\t<span class=\"elementor-button-text\">P\u00f3ngase en contacto con nosotros<\/span>\n\t\t\t\t\t<\/span>\n\t\t\t\t\t<\/a>\n\t\t\t\t<\/div>\n\t\t\t\t\t\t\t\t<\/div>\n\t\t\t\t<\/div>\n\t\t\t\t\t<\/div>\n\t\t<\/div>\n\t\t\t\t<div class=\"elementor-column elementor-col-50 elementor-top-column elementor-element elementor-element-84fa0ce\" data-id=\"84fa0ce\" data-element_type=\"column\" data-e-type=\"column\">\n\t\t\t<div class=\"elementor-widget-wrap elementor-element-populated\">\n\t\t\t\t\t\t<div class=\"elementor-element elementor-element-e570079 elementor-widget elementor-widget-image\" data-id=\"e570079\" data-element_type=\"widget\" data-e-type=\"widget\" data-settings=\"{&quot;ekit_we_effect_on&quot;:&quot;none&quot;}\" data-widget_type=\"image.default\">\n\t\t\t\t<div class=\"elementor-widget-container\">\n\t\t\t\t\t\t\t\t\t\t\t\t\t\t\t<img loading=\"lazy\" decoding=\"async\" width=\"800\" height=\"533\" src=\"https:\/\/landercoll.com\/wp-content\/uploads\/2025\/01\/closeup-image-of-yellow-hard-hat-and-judge-gavel--1024x682.jpg\" class=\"attachment-large size-large wp-image-4397\" alt=\"Primer plano de casco amarillo y martillo de juez.\" srcset=\"https:\/\/landercoll.com\/wp-content\/uploads\/2025\/01\/closeup-image-of-yellow-hard-hat-and-judge-gavel--1024x682.jpg 1024w, https:\/\/landercoll.com\/wp-content\/uploads\/2025\/01\/closeup-image-of-yellow-hard-hat-and-judge-gavel--300x200.jpg 300w, https:\/\/landercoll.com\/wp-content\/uploads\/2025\/01\/closeup-image-of-yellow-hard-hat-and-judge-gavel--768x511.jpg 768w, https:\/\/landercoll.com\/wp-content\/uploads\/2025\/01\/closeup-image-of-yellow-hard-hat-and-judge-gavel--1536x1023.jpg 1536w, https:\/\/landercoll.com\/wp-content\/uploads\/2025\/01\/closeup-image-of-yellow-hard-hat-and-judge-gavel--18x12.jpg 18w, https:\/\/landercoll.com\/wp-content\/uploads\/2025\/01\/closeup-image-of-yellow-hard-hat-and-judge-gavel-.jpg 2000w\" sizes=\"(max-width: 800px) 100vw, 800px\" \/>\t\t\t\t\t\t\t\t\t\t\t\t\t\t\t<\/div>\n\t\t\t\t<\/div>\n\t\t\t\t\t<\/div>\n\t\t<\/div>\n\t\t\t\t\t<\/div>\n\t\t<\/section>\n\t\t\t\t<\/div>","protected":false},"excerpt":{"rendered":"<p>Respetar la dignidad y la igualdad de todos los seres humanos HPMC, HEMC y HEC de alta calidad LANDERCOLL defiende los derechos humanos y la dignidad para todos LANDERCOLL Fomenta la equidad mediante la capacitaci\u00f3n de los empleados LANDERCOLL es una firme defensora del ideal de los derechos humanos seg\u00fan el cual las personas tienen derecho a ser tratadas con dignidad, sea cual sea su nacionalidad, lugar de residencia, [...].<\/p>","protected":false},"author":1,"featured_media":0,"parent":4158,"menu_order":0,"comment_status":"closed","ping_status":"closed","template":"elementor_header_footer","meta":{"footnotes":""},"class_list":["post-4159","page","type-page","status-publish","hentry"],"_links":{"self":[{"href":"https:\/\/landercoll.com\/es\/wp-json\/wp\/v2\/pages\/4159","targetHints":{"allow":["GET"]}}],"collection":[{"href":"https:\/\/landercoll.com\/es\/wp-json\/wp\/v2\/pages"}],"about":[{"href":"https:\/\/landercoll.com\/es\/wp-json\/wp\/v2\/types\/page"}],"author":[{"embeddable":true,"href":"https:\/\/landercoll.com\/es\/wp-json\/wp\/v2\/users\/1"}],"replies":[{"embeddable":true,"href":"https:\/\/landercoll.com\/es\/wp-json\/wp\/v2\/comments?post=4159"}],"version-history":[{"count":26,"href":"https:\/\/landercoll.com\/es\/wp-json\/wp\/v2\/pages\/4159\/revisions"}],"predecessor-version":[{"id":10868,"href":"https:\/\/landercoll.com\/es\/wp-json\/wp\/v2\/pages\/4159\/revisions\/10868"}],"up":[{"embeddable":true,"href":"https:\/\/landercoll.com\/es\/wp-json\/wp\/v2\/pages\/4158"}],"wp:attachment":[{"href":"https:\/\/landercoll.com\/es\/wp-json\/wp\/v2\/media?parent=4159"}],"curies":[{"name":"wp","href":"https:\/\/api.w.org\/{rel}","templated":true}]}}