{"id":4530,"date":"2025-01-21T02:44:50","date_gmt":"2025-01-21T02:44:50","guid":{"rendered":"https:\/\/landercoll.com\/?page_id=4530"},"modified":"2025-08-30T03:39:01","modified_gmt":"2025-08-30T03:39:01","slug":"spezielle-anwendung","status":"publish","type":"page","link":"https:\/\/landercoll.com\/de\/anmeldung\/spezielle-anwendung\/","title":{"rendered":"Besondere Anwendung"},"content":{"rendered":"<div data-elementor-type=\"wp-page\" data-elementor-id=\"4530\" class=\"elementor elementor-4530\" data-elementor-post-type=\"page\">\n\t\t\t\t\t\t<section class=\"elementor-section elementor-top-section elementor-element elementor-element-6646f846 elementor-section-boxed elementor-section-height-default elementor-section-height-default\" data-id=\"6646f846\" data-element_type=\"section\" data-e-type=\"section\" data-settings=\"{&quot;background_background&quot;:&quot;classic&quot;,&quot;ekit_has_onepagescroll_dot&quot;:&quot;yes&quot;}\">\n\t\t\t\t\t\t\t<div class=\"elementor-background-overlay\"><\/div>\n\t\t\t\t\t\t\t<div class=\"elementor-container elementor-column-gap-default\">\n\t\t\t\t\t<div class=\"elementor-column elementor-col-100 elementor-top-column elementor-element elementor-element-21d9d4d1\" data-id=\"21d9d4d1\" data-element_type=\"column\" data-e-type=\"column\">\n\t\t\t<div class=\"elementor-widget-wrap elementor-element-populated\">\n\t\t\t\t\t\t<div class=\"elementor-element elementor-element-4fd4ab57 elementor-headline--style-rotate elementor-widget elementor-widget-animated-headline\" data-id=\"4fd4ab57\" data-element_type=\"widget\" data-e-type=\"widget\" data-settings=\"{&quot;headline_style&quot;:&quot;rotate&quot;,&quot;animation_type&quot;:&quot;drop-in&quot;,&quot;rotating_text&quot;:&quot;Oil Drilling Industry\\nCeramic\\nPaint Stripper\\n&quot;,&quot;loop&quot;:&quot;yes&quot;,&quot;rotate_iteration_delay&quot;:2500,&quot;ekit_we_effect_on&quot;:&quot;none&quot;}\" data-widget_type=\"animated-headline.default\">\n\t\t\t\t<div class=\"elementor-widget-container\">\n\t\t\t\t\t\t\t<h1 class=\"elementor-headline elementor-headline-animation-type-drop-in\">\n\t\t\t\t\t<span class=\"elementor-headline-plain-text elementor-headline-text-wrapper\">Die M\u00e4rkte, die wir bedienen<\/span>\n\t\t\t\t<span class=\"elementor-headline-dynamic-wrapper elementor-headline-text-wrapper\">\n\t\t\t\t\t<span class=\"elementor-headline-dynamic-text elementor-headline-text-active\">\n\t\t\t\t\u00d6lbohrindustrie\t\t\t<\/span>\n\t\t\t\t\t<span class=\"elementor-headline-dynamic-text\">\n\t\t\t\tKeramik\t\t\t<\/span>\n\t\t\t\t\t<span class=\"elementor-headline-dynamic-text\">\n\t\t\t\tAbbeizmittel\t\t\t<\/span>\n\t\t\t\t\t<span class=\"elementor-headline-dynamic-text\">\n\t\t\t\t\t\t\t<\/span>\n\t\t\t\t\t\t<\/span>\n\t\t\t\t<\/h1>\n\t\t\t\t\t\t<\/div>\n\t\t\t\t<\/div>\n\t\t\t\t<div class=\"elementor-element elementor-element-9e264c2 elementor-widget-divider--view-line elementor-widget elementor-widget-divider\" data-id=\"9e264c2\" data-element_type=\"widget\" data-e-type=\"widget\" data-settings=\"{&quot;ekit_we_effect_on&quot;:&quot;none&quot;}\" data-widget_type=\"divider.default\">\n\t\t\t\t<div class=\"elementor-widget-container\">\n\t\t\t\t\t\t\t<div class=\"elementor-divider\">\n\t\t\t<span class=\"elementor-divider-separator\">\n\t\t\t\t\t\t<\/span>\n\t\t<\/div>\n\t\t\t\t\t\t<\/div>\n\t\t\t\t<\/div>\n\t\t\t\t\t<\/div>\n\t\t<\/div>\n\t\t\t\t\t<\/div>\n\t\t<\/section>\n\t\t<div class=\"elementor-element elementor-element-815e22f e-flex e-con-boxed e-con e-parent\" data-id=\"815e22f\" data-element_type=\"container\" data-e-type=\"container\" data-settings=\"{&quot;ekit_has_onepagescroll_dot&quot;:&quot;yes&quot;}\">\n\t\t\t\t\t<div class=\"e-con-inner\">\n\t\t\t\t<div class=\"elementor-element elementor-element-596dde8 elementor-widget__width-initial elementor-widget elementor-widget-heading\" data-id=\"596dde8\" data-element_type=\"widget\" data-e-type=\"widget\" data-settings=\"{&quot;ekit_we_effect_on&quot;:&quot;none&quot;}\" data-widget_type=\"heading.default\">\n\t\t\t\t<div class=\"elementor-widget-container\">\n\t\t\t\t\t<h2 class=\"elementor-heading-title elementor-size-default\">Mehr Anwendung<\/h2>\t\t\t\t<\/div>\n\t\t\t\t<\/div>\n\t\t\t\t\t<\/div>\n\t\t\t\t<\/div>\n\t\t\t\t<section class=\"elementor-section elementor-top-section elementor-element elementor-element-a984d03 elementor-section-boxed elementor-section-height-default elementor-section-height-default\" data-id=\"a984d03\" data-element_type=\"section\" data-e-type=\"section\" data-settings=\"{&quot;ekit_has_onepagescroll_dot&quot;:&quot;yes&quot;}\">\n\t\t\t\t\t\t<div class=\"elementor-container elementor-column-gap-default\">\n\t\t\t\t\t<div class=\"elementor-column elementor-col-100 elementor-top-column elementor-element elementor-element-f7d5456\" data-id=\"f7d5456\" data-element_type=\"column\" data-e-type=\"column\">\n\t\t\t<div class=\"elementor-widget-wrap elementor-element-populated\">\n\t\t\t\t\t\t<section class=\"elementor-section elementor-inner-section elementor-element elementor-element-e22e237 elementor-section-content-middle elementor-section-boxed elementor-section-height-default elementor-section-height-default\" data-id=\"e22e237\" data-element_type=\"section\" data-e-type=\"section\" data-settings=\"{&quot;ekit_has_onepagescroll_dot&quot;:&quot;yes&quot;}\">\n\t\t\t\t\t\t<div class=\"elementor-container elementor-column-gap-no\">\n\t\t\t\t\t<div class=\"elementor-column elementor-col-33 elementor-inner-column elementor-element elementor-element-1427a00 elementor-invisible\" data-id=\"1427a00\" data-element_type=\"column\" data-e-type=\"column\" data-settings=\"{&quot;background_background&quot;:&quot;classic&quot;,&quot;animation&quot;:&quot;fadeIn&quot;}\">\n\t\t\t<div class=\"elementor-widget-wrap elementor-element-populated\">\n\t\t\t\t\t\t<div class=\"elementor-element elementor-element-6e84873 elementor-position-inline-start elementor-view-default elementor-mobile-position-block-start elementor-widget elementor-widget-icon-box\" data-id=\"6e84873\" data-element_type=\"widget\" data-e-type=\"widget\" data-settings=\"{&quot;ekit_we_effect_on&quot;:&quot;none&quot;}\" data-widget_type=\"icon-box.default\">\n\t\t\t\t<div class=\"elementor-widget-container\">\n\t\t\t\t\t\t\t<div class=\"elementor-icon-box-wrapper\">\n\n\t\t\t\t\t\t<div class=\"elementor-icon-box-icon\">\n\t\t\t\t<a href=\"https:\/\/landercoll.com\/de\/anmeldung\/spezielle-anwendung\/bohrspulungszusatz-hydroxyethylcellulose-hec\/\" target=\"_blank\" class=\"elementor-icon elementor-animation-wobble-horizontal\" tabindex=\"-1\" aria-label=\"\u00d6lbohrindustrie\">\n\t\t\t\t<svg aria-hidden=\"true\" class=\"e-font-icon-svg e-fas-arrow-right\" viewbox=\"0 0 448 512\" xmlns=\"http:\/\/www.w3.org\/2000\/svg\"><path d=\"M190.5 66.9l22.2-22.2c9.4-9.4 24.6-9.4 33.9 0L441 239c9.4 9.4 9.4 24.6 0 33.9L246.6 467.3c-9.4 9.4-24.6 9.4-33.9 0l-22.2-22.2c-9.5-9.5-9.3-25 .4-34.3L311.4 296H24c-13.3 0-24-10.7-24-24v-32c0-13.3 10.7-24 24-24h287.4L190.9 101.2c-9.8-9.3-10-24.8-.4-34.3z\"><\/path><\/svg>\t\t\t\t<\/a>\n\t\t\t<\/div>\n\t\t\t\n\t\t\t\t\t\t<div class=\"elementor-icon-box-content\">\n\n\t\t\t\t\t\t\t\t\t<h3 class=\"elementor-icon-box-title\">\n\t\t\t\t\t\t<a href=\"https:\/\/landercoll.com\/de\/anmeldung\/spezielle-anwendung\/bohrspulungszusatz-hydroxyethylcellulose-hec\/\" target=\"_blank\" >\n\t\t\t\t\t\t\t\u00d6lbohrindustrie\t\t\t\t\t\t<\/a>\n\t\t\t\t\t<\/h3>\n\t\t\t\t\n\t\t\t\t\n\t\t\t<\/div>\n\t\t\t\n\t\t<\/div>\n\t\t\t\t\t\t<\/div>\n\t\t\t\t<\/div>\n\t\t\t\t<div class=\"elementor-element elementor-element-ea1d672 elementor-widget-divider--view-line elementor-widget elementor-widget-divider\" data-id=\"ea1d672\" data-element_type=\"widget\" data-e-type=\"widget\" data-settings=\"{&quot;ekit_we_effect_on&quot;:&quot;none&quot;}\" data-widget_type=\"divider.default\">\n\t\t\t\t<div class=\"elementor-widget-container\">\n\t\t\t\t\t\t\t<div class=\"elementor-divider\">\n\t\t\t<span class=\"elementor-divider-separator\">\n\t\t\t\t\t\t<\/span>\n\t\t<\/div>\n\t\t\t\t\t\t<\/div>\n\t\t\t\t<\/div>\n\t\t\t\t<div class=\"elementor-element elementor-element-0ab6951 elementor-widget elementor-widget-text-editor\" data-id=\"0ab6951\" data-element_type=\"widget\" data-e-type=\"widget\" data-settings=\"{&quot;ekit_we_effect_on&quot;:&quot;none&quot;}\" data-widget_type=\"text-editor.default\">\n\t\t\t\t<div class=\"elementor-widget-container\">\n\t\t\t\t\t\t\t\t\t<p>LANDERCOLL Celluloseether sind ideal f\u00fcr anspruchsvolle \u00d6lfeldanwendungen und verbessern Bohrfl\u00fcssigkeiten unter schwierigen Bedingungen, wie z. B. bei Bohrungen in hartem Gestein und bei der Kontrolle verlorener Zirkulation. Gleichzeitig optimieren sie Fracturing-Fl\u00fcssigkeiten, um die Viskosit\u00e4t unter extremen Dr\u00fccken (20 MPa+) zu erh\u00f6hen, ohne die Integrit\u00e4t der Lagerst\u00e4tte zu beeintr\u00e4chtigen.<\/p>\t\t\t\t\t\t\t\t<\/div>\n\t\t\t\t<\/div>\n\t\t\t\t<div class=\"elementor-element elementor-element-22527e5 elementor-align-left elementor-widget elementor-widget-elementskit-button\" data-id=\"22527e5\" data-element_type=\"widget\" data-e-type=\"widget\" data-settings=\"{&quot;ekit_we_effect_on&quot;:&quot;none&quot;}\" data-widget_type=\"elementskit-button.default\">\n\t\t\t\t<div class=\"elementor-widget-container\">\n\t\t\t\t\t<div class=\"ekit-wid-con\" >\t\t<div class=\"ekit-btn-wraper\">\n\t\t\t\t\t\t\t<a href=\"https:\/\/landercoll.com\/de\/anmeldung\/spezielle-anwendung\/bohrspulungszusatz-hydroxyethylcellulose-hec\/\" target=\"_blank\" class=\"elementskit-btn  whitespace--normal\" id=\"\">\n\t\t\t\t\tMehr sehen<i class=\"fasicon icon-arrow-right\"><\/i>\t\t\t\t<\/a>\n\t\t\t\t\t<\/div>\n        <\/div>\t\t\t\t<\/div>\n\t\t\t\t<\/div>\n\t\t\t\t<div class=\"elementor-element elementor-element-f32afe7 elementor-widget elementor-widget-image\" data-id=\"f32afe7\" data-element_type=\"widget\" data-e-type=\"widget\" data-settings=\"{&quot;ekit_we_effect_on&quot;:&quot;none&quot;}\" data-widget_type=\"image.default\">\n\t\t\t\t<div class=\"elementor-widget-container\">\n\t\t\t\t\t\t\t\t\t\t\t\t\t\t\t<img fetchpriority=\"high\" decoding=\"async\" width=\"800\" height=\"533\" src=\"https:\/\/landercoll.com\/wp-content\/uploads\/2025\/01\/extraction-of-crude-oil-in-oilfield-oil-drilling-rig-pumps-oil--1024x682.jpg\" class=\"attachment-large size-large wp-image-3100\" alt=\"Gewinnung von Roh\u00f6l auf einem \u00d6lfeld. \u00d6lbohrinsel pumpt \u00d6l.\" srcset=\"https:\/\/landercoll.com\/wp-content\/uploads\/2025\/01\/extraction-of-crude-oil-in-oilfield-oil-drilling-rig-pumps-oil--1024x682.jpg 1024w, https:\/\/landercoll.com\/wp-content\/uploads\/2025\/01\/extraction-of-crude-oil-in-oilfield-oil-drilling-rig-pumps-oil--300x200.jpg 300w, https:\/\/landercoll.com\/wp-content\/uploads\/2025\/01\/extraction-of-crude-oil-in-oilfield-oil-drilling-rig-pumps-oil--768x512.jpg 768w, https:\/\/landercoll.com\/wp-content\/uploads\/2025\/01\/extraction-of-crude-oil-in-oilfield-oil-drilling-rig-pumps-oil--1536x1024.jpg 1536w, https:\/\/landercoll.com\/wp-content\/uploads\/2025\/01\/extraction-of-crude-oil-in-oilfield-oil-drilling-rig-pumps-oil--18x12.jpg 18w, https:\/\/landercoll.com\/wp-content\/uploads\/2025\/01\/extraction-of-crude-oil-in-oilfield-oil-drilling-rig-pumps-oil-.jpg 2000w\" sizes=\"(max-width: 800px) 100vw, 800px\" \/>\t\t\t\t\t\t\t\t\t\t\t\t\t\t\t<\/div>\n\t\t\t\t<\/div>\n\t\t\t\t\t<\/div>\n\t\t<\/div>\n\t\t\t\t<div class=\"elementor-column elementor-col-33 elementor-inner-column elementor-element elementor-element-dc47007 elementor-invisible\" data-id=\"dc47007\" data-element_type=\"column\" data-e-type=\"column\" data-settings=\"{&quot;background_background&quot;:&quot;classic&quot;,&quot;animation&quot;:&quot;fadeIn&quot;}\">\n\t\t\t<div class=\"elementor-widget-wrap elementor-element-populated\">\n\t\t\t\t\t\t<div class=\"elementor-element elementor-element-3d93e1d elementor-position-inline-start elementor-view-default elementor-mobile-position-block-start elementor-widget elementor-widget-icon-box\" data-id=\"3d93e1d\" data-element_type=\"widget\" data-e-type=\"widget\" data-settings=\"{&quot;ekit_we_effect_on&quot;:&quot;none&quot;}\" data-widget_type=\"icon-box.default\">\n\t\t\t\t<div class=\"elementor-widget-container\">\n\t\t\t\t\t\t\t<div class=\"elementor-icon-box-wrapper\">\n\n\t\t\t\t\t\t<div class=\"elementor-icon-box-icon\">\n\t\t\t\t<a href=\"https:\/\/landercoll.com\/de\/anmeldung\/spezielle-anwendung\/keramik\/\" target=\"_blank\" class=\"elementor-icon elementor-animation-wobble-horizontal\" tabindex=\"-1\" aria-label=\"Keramik\">\n\t\t\t\t<svg aria-hidden=\"true\" class=\"e-font-icon-svg e-fas-arrow-right\" viewbox=\"0 0 448 512\" xmlns=\"http:\/\/www.w3.org\/2000\/svg\"><path d=\"M190.5 66.9l22.2-22.2c9.4-9.4 24.6-9.4 33.9 0L441 239c9.4 9.4 9.4 24.6 0 33.9L246.6 467.3c-9.4 9.4-24.6 9.4-33.9 0l-22.2-22.2c-9.5-9.5-9.3-25 .4-34.3L311.4 296H24c-13.3 0-24-10.7-24-24v-32c0-13.3 10.7-24 24-24h287.4L190.9 101.2c-9.8-9.3-10-24.8-.4-34.3z\"><\/path><\/svg>\t\t\t\t<\/a>\n\t\t\t<\/div>\n\t\t\t\n\t\t\t\t\t\t<div class=\"elementor-icon-box-content\">\n\n\t\t\t\t\t\t\t\t\t<h3 class=\"elementor-icon-box-title\">\n\t\t\t\t\t\t<a href=\"https:\/\/landercoll.com\/de\/anmeldung\/spezielle-anwendung\/keramik\/\" target=\"_blank\" >\n\t\t\t\t\t\t\tKeramik\t\t\t\t\t\t<\/a>\n\t\t\t\t\t<\/h3>\n\t\t\t\t\n\t\t\t\t\n\t\t\t<\/div>\n\t\t\t\n\t\t<\/div>\n\t\t\t\t\t\t<\/div>\n\t\t\t\t<\/div>\n\t\t\t\t<div class=\"elementor-element elementor-element-e811e21 elementor-widget-divider--view-line elementor-widget elementor-widget-divider\" data-id=\"e811e21\" data-element_type=\"widget\" data-e-type=\"widget\" data-settings=\"{&quot;ekit_we_effect_on&quot;:&quot;none&quot;}\" data-widget_type=\"divider.default\">\n\t\t\t\t<div class=\"elementor-widget-container\">\n\t\t\t\t\t\t\t<div class=\"elementor-divider\">\n\t\t\t<span class=\"elementor-divider-separator\">\n\t\t\t\t\t\t<\/span>\n\t\t<\/div>\n\t\t\t\t\t\t<\/div>\n\t\t\t\t<\/div>\n\t\t\t\t<div class=\"elementor-element elementor-element-f6c9364 elementor-widget elementor-widget-text-editor\" data-id=\"f6c9364\" data-element_type=\"widget\" data-e-type=\"widget\" data-settings=\"{&quot;ekit_we_effect_on&quot;:&quot;none&quot;}\" data-widget_type=\"text-editor.default\">\n\t\t\t\t<div class=\"elementor-widget-container\">\n\t\t\t\t\t\t\t\t\t<p>Bei der Keramikherstellung dient Celluloseether als multifunktionales Additiv, das eine einzigartige Oberfl\u00e4chenaktivit\u00e4t (Oberfl\u00e4chenspannung der w\u00e4ssrigen L\u00f6sung: 44-56 dyn\/cm im Vergleich zu 72 dyn\/cm bei Wasser) mit einem geringen Metallionengehalt (Na\u207a &lt;0,5 ppm, Ca\u00b2\u207a\/Mg\u00b2\u207a\/Fe\u00b3\u207a nicht nachweisbar) verbindet. Seine nat\u00fcrliche Polymerstruktur verbessert die Dispersion von Mineralpulverm\u00f6rtel und bewahrt gleichzeitig die Kristallintegrit\u00e4t w\u00e4hrend des Sinterns.<\/p>\t\t\t\t\t\t\t\t<\/div>\n\t\t\t\t<\/div>\n\t\t\t\t<div class=\"elementor-element elementor-element-53c8c52 elementor-align-left elementor-widget elementor-widget-elementskit-button\" data-id=\"53c8c52\" data-element_type=\"widget\" data-e-type=\"widget\" data-settings=\"{&quot;ekit_we_effect_on&quot;:&quot;none&quot;}\" data-widget_type=\"elementskit-button.default\">\n\t\t\t\t<div class=\"elementor-widget-container\">\n\t\t\t\t\t<div class=\"ekit-wid-con\" >\t\t<div class=\"ekit-btn-wraper\">\n\t\t\t\t\t\t\t<a href=\"https:\/\/landercoll.com\/de\/anmeldung\/spezielle-anwendung\/keramik\/\" target=\"_blank\" class=\"elementskit-btn  whitespace--normal\" id=\"\">\n\t\t\t\t\tMehr sehen<i class=\"fasicon icon-arrow-right\"><\/i>\t\t\t\t<\/a>\n\t\t\t\t\t<\/div>\n        <\/div>\t\t\t\t<\/div>\n\t\t\t\t<\/div>\n\t\t\t\t<div class=\"elementor-element elementor-element-4a96c7f elementor-widget elementor-widget-image\" data-id=\"4a96c7f\" data-element_type=\"widget\" data-e-type=\"widget\" data-settings=\"{&quot;ekit_we_effect_on&quot;:&quot;none&quot;}\" data-widget_type=\"image.default\">\n\t\t\t\t<div class=\"elementor-widget-container\">\n\t\t\t\t\t\t\t\t\t\t\t\t\t\t\t<img loading=\"lazy\" decoding=\"async\" width=\"800\" height=\"533\" src=\"https:\/\/landercoll.com\/wp-content\/uploads\/2025\/02\/ceramic-mugs-on-shelf-1024x682.jpg\" class=\"attachment-large size-large wp-image-6584\" alt=\"Keramikbecher im Regal\" srcset=\"https:\/\/landercoll.com\/wp-content\/uploads\/2025\/02\/ceramic-mugs-on-shelf-1024x682.jpg 1024w, https:\/\/landercoll.com\/wp-content\/uploads\/2025\/02\/ceramic-mugs-on-shelf-300x200.jpg 300w, https:\/\/landercoll.com\/wp-content\/uploads\/2025\/02\/ceramic-mugs-on-shelf-768x512.jpg 768w, https:\/\/landercoll.com\/wp-content\/uploads\/2025\/02\/ceramic-mugs-on-shelf-1536x1024.jpg 1536w, https:\/\/landercoll.com\/wp-content\/uploads\/2025\/02\/ceramic-mugs-on-shelf-18x12.jpg 18w, https:\/\/landercoll.com\/wp-content\/uploads\/2025\/02\/ceramic-mugs-on-shelf.jpg 2000w\" sizes=\"(max-width: 800px) 100vw, 800px\" \/>\t\t\t\t\t\t\t\t\t\t\t\t\t\t\t<\/div>\n\t\t\t\t<\/div>\n\t\t\t\t\t<\/div>\n\t\t<\/div>\n\t\t\t\t<div class=\"elementor-column elementor-col-33 elementor-inner-column elementor-element elementor-element-700b10d elementor-invisible\" data-id=\"700b10d\" data-element_type=\"column\" data-e-type=\"column\" data-settings=\"{&quot;background_background&quot;:&quot;classic&quot;,&quot;animation&quot;:&quot;fadeIn&quot;}\">\n\t\t\t<div class=\"elementor-widget-wrap elementor-element-populated\">\n\t\t\t\t\t\t<div class=\"elementor-element elementor-element-e8fd2ad elementor-position-inline-start elementor-view-default elementor-mobile-position-block-start elementor-widget elementor-widget-icon-box\" data-id=\"e8fd2ad\" data-element_type=\"widget\" data-e-type=\"widget\" data-settings=\"{&quot;ekit_we_effect_on&quot;:&quot;none&quot;}\" data-widget_type=\"icon-box.default\">\n\t\t\t\t<div class=\"elementor-widget-container\">\n\t\t\t\t\t\t\t<div class=\"elementor-icon-box-wrapper\">\n\n\t\t\t\t\t\t<div class=\"elementor-icon-box-icon\">\n\t\t\t\t<a href=\"https:\/\/landercoll.com\/de\/anmeldung\/spezielle-anwendung\/farbentferner\/\" target=\"_blank\" class=\"elementor-icon elementor-animation-wobble-horizontal\" tabindex=\"-1\" aria-label=\"Abbeizmittel\">\n\t\t\t\t<svg aria-hidden=\"true\" class=\"e-font-icon-svg e-fas-arrow-right\" viewbox=\"0 0 448 512\" xmlns=\"http:\/\/www.w3.org\/2000\/svg\"><path d=\"M190.5 66.9l22.2-22.2c9.4-9.4 24.6-9.4 33.9 0L441 239c9.4 9.4 9.4 24.6 0 33.9L246.6 467.3c-9.4 9.4-24.6 9.4-33.9 0l-22.2-22.2c-9.5-9.5-9.3-25 .4-34.3L311.4 296H24c-13.3 0-24-10.7-24-24v-32c0-13.3 10.7-24 24-24h287.4L190.9 101.2c-9.8-9.3-10-24.8-.4-34.3z\"><\/path><\/svg>\t\t\t\t<\/a>\n\t\t\t<\/div>\n\t\t\t\n\t\t\t\t\t\t<div class=\"elementor-icon-box-content\">\n\n\t\t\t\t\t\t\t\t\t<h3 class=\"elementor-icon-box-title\">\n\t\t\t\t\t\t<a href=\"https:\/\/landercoll.com\/de\/anmeldung\/spezielle-anwendung\/farbentferner\/\" target=\"_blank\" >\n\t\t\t\t\t\t\tAbbeizmittel\t\t\t\t\t\t<\/a>\n\t\t\t\t\t<\/h3>\n\t\t\t\t\n\t\t\t\t\n\t\t\t<\/div>\n\t\t\t\n\t\t<\/div>\n\t\t\t\t\t\t<\/div>\n\t\t\t\t<\/div>\n\t\t\t\t<div class=\"elementor-element elementor-element-7f7e87c elementor-widget-divider--view-line elementor-widget elementor-widget-divider\" data-id=\"7f7e87c\" data-element_type=\"widget\" data-e-type=\"widget\" data-settings=\"{&quot;ekit_we_effect_on&quot;:&quot;none&quot;}\" data-widget_type=\"divider.default\">\n\t\t\t\t<div class=\"elementor-widget-container\">\n\t\t\t\t\t\t\t<div class=\"elementor-divider\">\n\t\t\t<span class=\"elementor-divider-separator\">\n\t\t\t\t\t\t<\/span>\n\t\t<\/div>\n\t\t\t\t\t\t<\/div>\n\t\t\t\t<\/div>\n\t\t\t\t<div class=\"elementor-element elementor-element-7f7dfbd elementor-widget elementor-widget-text-editor\" data-id=\"7f7dfbd\" data-element_type=\"widget\" data-e-type=\"widget\" data-settings=\"{&quot;ekit_we_effect_on&quot;:&quot;none&quot;}\" data-widget_type=\"text-editor.default\">\n\t\t\t\t<div class=\"elementor-widget-container\">\n\t\t\t\t\t\t\t\t\t<p>LANDERCOLL Celluloseether verbessert die Leistung von Entlackungsmitteln durch eine multifunktionale Synergie: Seine optimierte Viskosit\u00e4t verhindert das Abtropfen auf vertikalen\/schr\u00e4gen Oberfl\u00e4chen, w\u00e4hrend die \u00fcberragende Feuchtigkeitsbindung einen l\u00e4ngeren Wirkstoffkontakt f\u00fcr einen effizienten Farbabbau gew\u00e4hrleistet. Durch seine direkte L\u00f6slichkeit in L\u00f6semitteln (keine Vordispergierung erforderlich) erm\u00f6glicht er ein homogenes Mischen unter normalem R\u00fchren.<\/p>\t\t\t\t\t\t\t\t<\/div>\n\t\t\t\t<\/div>\n\t\t\t\t<div class=\"elementor-element elementor-element-60e43c1 elementor-align-left elementor-widget elementor-widget-elementskit-button\" data-id=\"60e43c1\" data-element_type=\"widget\" data-e-type=\"widget\" data-settings=\"{&quot;ekit_we_effect_on&quot;:&quot;none&quot;}\" data-widget_type=\"elementskit-button.default\">\n\t\t\t\t<div class=\"elementor-widget-container\">\n\t\t\t\t\t<div class=\"ekit-wid-con\" >\t\t<div class=\"ekit-btn-wraper\">\n\t\t\t\t\t\t\t<a href=\"https:\/\/landercoll.com\/de\/anmeldung\/spezielle-anwendung\/farbentferner\/\" target=\"_blank\" class=\"elementskit-btn  whitespace--normal\" id=\"\">\n\t\t\t\t\tMehr sehen<i class=\"fasicon icon-arrow-right\"><\/i>\t\t\t\t<\/a>\n\t\t\t\t\t<\/div>\n        <\/div>\t\t\t\t<\/div>\n\t\t\t\t<\/div>\n\t\t\t\t<div class=\"elementor-element elementor-element-467d3b0 elementor-widget elementor-widget-image\" data-id=\"467d3b0\" data-element_type=\"widget\" data-e-type=\"widget\" data-settings=\"{&quot;ekit_we_effect_on&quot;:&quot;none&quot;}\" data-widget_type=\"image.default\">\n\t\t\t\t<div class=\"elementor-widget-container\">\n\t\t\t\t\t\t\t\t\t\t\t\t\t\t\t<img loading=\"lazy\" decoding=\"async\" width=\"800\" height=\"450\" src=\"https:\/\/landercoll.com\/wp-content\/uploads\/2025\/01\/landu-Paint-Stripper-1-1024x576.jpg\" class=\"attachment-large size-large wp-image-3929\" alt=\"landu-Farbabstreifer\" srcset=\"https:\/\/landercoll.com\/wp-content\/uploads\/2025\/01\/landu-Paint-Stripper-1-1024x576.jpg 1024w, https:\/\/landercoll.com\/wp-content\/uploads\/2025\/01\/landu-Paint-Stripper-1-300x169.jpg 300w, https:\/\/landercoll.com\/wp-content\/uploads\/2025\/01\/landu-Paint-Stripper-1-768x432.jpg 768w, https:\/\/landercoll.com\/wp-content\/uploads\/2025\/01\/landu-Paint-Stripper-1-1536x864.jpg 1536w, https:\/\/landercoll.com\/wp-content\/uploads\/2025\/01\/landu-Paint-Stripper-1-18x10.jpg 18w, https:\/\/landercoll.com\/wp-content\/uploads\/2025\/01\/landu-Paint-Stripper-1.jpg 1920w\" sizes=\"(max-width: 800px) 100vw, 800px\" \/>\t\t\t\t\t\t\t\t\t\t\t\t\t\t\t<\/div>\n\t\t\t\t<\/div>\n\t\t\t\t\t<\/div>\n\t\t<\/div>\n\t\t\t\t\t<\/div>\n\t\t<\/section>\n\t\t\t\t\t<\/div>\n\t\t<\/div>\n\t\t\t\t\t<\/div>\n\t\t<\/section>\n\t\t\t\t<\/div>","protected":false},"excerpt":{"rendered":"<p>Die M\u00e4rkte, die wir bedienen \u00d6lbohrindustrie Keramische Abbeizmittel Mehr Anwendung \u00d6lbohrindustrie Ideal f\u00fcr anspruchsvolle \u00d6lfeldanwendungen verbessern LANDERCOLL Celluloseether Bohrfl\u00fcssigkeiten unter schwierigen Bedingungen, wie z.B. bei Hartgesteinbohrungen und bei der Kontrolle verlorener Zirkulation, w\u00e4hrend sie Fracturing-Fl\u00fcssigkeiten optimieren, um die Viskosit\u00e4t unter extremen Dr\u00fccken (20 MPa+) zu erh\u00f6hen, ohne die Integrit\u00e4t der Lagerst\u00e4tte zu beeintr\u00e4chtigen. Mehr sehen Keramik In Keramik [...]<\/p>","protected":false},"author":1,"featured_media":0,"parent":437,"menu_order":0,"comment_status":"closed","ping_status":"closed","template":"elementor_header_footer","meta":{"footnotes":""},"class_list":["post-4530","page","type-page","status-publish","hentry"],"_links":{"self":[{"href":"https:\/\/landercoll.com\/de\/wp-json\/wp\/v2\/pages\/4530","targetHints":{"allow":["GET"]}}],"collection":[{"href":"https:\/\/landercoll.com\/de\/wp-json\/wp\/v2\/pages"}],"about":[{"href":"https:\/\/landercoll.com\/de\/wp-json\/wp\/v2\/types\/page"}],"author":[{"embeddable":true,"href":"https:\/\/landercoll.com\/de\/wp-json\/wp\/v2\/users\/1"}],"replies":[{"embeddable":true,"href":"https:\/\/landercoll.com\/de\/wp-json\/wp\/v2\/comments?post=4530"}],"version-history":[{"count":14,"href":"https:\/\/landercoll.com\/de\/wp-json\/wp\/v2\/pages\/4530\/revisions"}],"predecessor-version":[{"id":10877,"href":"https:\/\/landercoll.com\/de\/wp-json\/wp\/v2\/pages\/4530\/revisions\/10877"}],"up":[{"embeddable":true,"href":"https:\/\/landercoll.com\/de\/wp-json\/wp\/v2\/pages\/437"}],"wp:attachment":[{"href":"https:\/\/landercoll.com\/de\/wp-json\/wp\/v2\/media?parent=4530"}],"curies":[{"name":"wp","href":"https:\/\/api.w.org\/{rel}","templated":true}]}}