{"id":4422,"date":"2025-01-22T02:27:06","date_gmt":"2025-01-22T02:27:06","guid":{"rendered":"https:\/\/landercoll.com\/?page_id=4422"},"modified":"2025-08-30T03:40:56","modified_gmt":"2025-08-30T03:40:56","slug":"historie-landercoll","status":"publish","type":"page","link":"https:\/\/landercoll.com\/cs\/historie-landercoll\/","title":{"rendered":"LANDERCOLL Historie"},"content":{"rendered":"<div data-elementor-type=\"wp-page\" data-elementor-id=\"4422\" class=\"elementor elementor-4422\" data-elementor-post-type=\"page\">\n\t\t\t\t\t\t<section class=\"elementor-section elementor-top-section elementor-element elementor-element-3c1395b elementor-section-boxed elementor-section-height-default elementor-section-height-default\" data-id=\"3c1395b\" data-element_type=\"section\" data-settings=\"{&quot;background_background&quot;:&quot;classic&quot;,&quot;ekit_has_onepagescroll_dot&quot;:&quot;yes&quot;}\">\n\t\t\t\t\t\t\t<div class=\"elementor-background-overlay\"><\/div>\n\t\t\t\t\t\t\t<div class=\"elementor-container elementor-column-gap-no\">\n\t\t\t\t\t<div class=\"elementor-column elementor-col-100 elementor-top-column elementor-element elementor-element-2a1f8f0\" data-id=\"2a1f8f0\" data-element_type=\"column\">\n\t\t\t<div class=\"elementor-widget-wrap elementor-element-populated\">\n\t\t\t\t\t\t<div class=\"elementor-element elementor-element-01c20e2 elementor-invisible elementor-widget elementor-widget-heading\" data-id=\"01c20e2\" data-element_type=\"widget\" data-settings=\"{&quot;_animation&quot;:&quot;zoomIn&quot;,&quot;ekit_we_effect_on&quot;:&quot;none&quot;}\" data-widget_type=\"heading.default\">\n\t\t\t\t<div class=\"elementor-widget-container\">\n\t\t\t\t\t<h1 class=\"elementor-heading-title elementor-size-default\">Historie spole\u010dnosti Landercoll<\/h1>\t\t\t\t<\/div>\n\t\t\t\t<\/div>\n\t\t\t\t<div class=\"elementor-element elementor-element-361cca3 elementor-widget-divider--view-line_text elementor-widget-divider--element-align-center elementor-widget elementor-widget-divider\" data-id=\"361cca3\" data-element_type=\"widget\" data-settings=\"{&quot;ekit_we_effect_on&quot;:&quot;none&quot;}\" data-widget_type=\"divider.default\">\n\t\t\t\t<div class=\"elementor-widget-container\">\n\t\t\t\t\t\t\t<div class=\"elementor-divider\">\n\t\t\t<span class=\"elementor-divider-separator\">\n\t\t\t\t\t\t\t<span class=\"elementor-divider__text elementor-divider__element\">\n\t\t\t\tVysoce kvalitn\u00ed HPMC, HEMC a HEC\t\t\t\t<\/span>\n\t\t\t\t\t\t<\/span>\n\t\t<\/div>\n\t\t\t\t\t\t<\/div>\n\t\t\t\t<\/div>\n\t\t\t\t\t<\/div>\n\t\t<\/div>\n\t\t\t\t\t<\/div>\n\t\t<\/section>\n\t\t<div class=\"elementor-element elementor-element-509cfa4 e-flex e-con-boxed e-con e-parent\" data-id=\"509cfa4\" data-element_type=\"container\" data-settings=\"{&quot;ekit_has_onepagescroll_dot&quot;:&quot;yes&quot;}\">\n\t\t\t\t\t<div class=\"e-con-inner\">\n\t\t\t\t<div class=\"elementor-element elementor-element-ade3212 elementor-invisible elementor-widget elementor-widget-heading\" data-id=\"ade3212\" data-element_type=\"widget\" data-settings=\"{&quot;_animation&quot;:&quot;fadeInUp&quot;,&quot;ekit_we_effect_on&quot;:&quot;none&quot;}\" data-widget_type=\"heading.default\">\n\t\t\t\t<div class=\"elementor-widget-container\">\n\t\t\t\t\t<h2 class=\"elementor-heading-title elementor-size-default\">LANDERCOLL \u010c\u00ednsk\u00fd v\u00fdrobce celul\u00f3zov\u00e9ho \u00e9teru<\/h2>\t\t\t\t<\/div>\n\t\t\t\t<\/div>\n\t\t\t\t<div class=\"elementor-element elementor-element-b7543d9 elementor-invisible elementor-widget elementor-widget-heading\" data-id=\"b7543d9\" data-element_type=\"widget\" data-settings=\"{&quot;_animation&quot;:&quot;fadeInUp&quot;,&quot;_animation_delay&quot;:200,&quot;ekit_we_effect_on&quot;:&quot;none&quot;}\" data-widget_type=\"heading.default\">\n\t\t\t\t<div class=\"elementor-widget-container\">\n\t\t\t\t\t<h2 class=\"elementor-heading-title elementor-size-default\">Historie spole\u010dnosti Landercoll<\/h2>\t\t\t\t<\/div>\n\t\t\t\t<\/div>\n\t\t\t\t<div class=\"elementor-element elementor-element-937a451 elementor-widget__width-initial elementor-widget elementor-widget-text-editor\" data-id=\"937a451\" data-element_type=\"widget\" data-settings=\"{&quot;ekit_we_effect_on&quot;:&quot;none&quot;}\" data-widget_type=\"text-editor.default\">\n\t\t\t\t<div class=\"elementor-widget-container\">\n\t\t\t\t\t\t\t\t\t<p>LANDERCOLL se jako zna\u010dka LANDU odd\u011bluje a zam\u011b\u0159uje se na pr\u016fmysl celul\u00f3zov\u00e9ho \u00e9teru. Bez jak\u00e9hokoli rozptylov\u00e1n\u00ed v\u011bnuje spole\u010dnost LANDERCOLL plnou pozornost v\u00fdvoji technologie a infrastruktury celul\u00f3zov\u00e9ho \u00e9teru z ni\u010deho. Ve v\u0161em, co d\u011bl\u00e1me, se v\u017edy \u0159\u00edd\u00edme na\u0161\u00edm mottem: Committed to Each Gram (Z\u00e1vazek ke ka\u017ed\u00e9mu gramu).<\/p>\t\t\t\t\t\t\t\t<\/div>\n\t\t\t\t<\/div>\n\t\t\t\t\t<\/div>\n\t\t\t\t<\/div>\n\t\t<div class=\"elementor-element elementor-element-099ad36 e-flex e-con-boxed e-con e-parent\" data-id=\"099ad36\" data-element_type=\"container\" data-settings=\"{&quot;background_background&quot;:&quot;classic&quot;,&quot;ekit_has_onepagescroll_dot&quot;:&quot;yes&quot;}\">\n\t\t\t\t\t<div class=\"e-con-inner\">\n\t\t<div class=\"elementor-element elementor-element-91c788a e-con-full e-flex e-con e-child\" data-id=\"91c788a\" data-element_type=\"container\" data-settings=\"{&quot;ekit_has_onepagescroll_dot&quot;:&quot;yes&quot;}\">\n\t\t<div class=\"elementor-element elementor-element-3c179da e-con-full e-flex e-con e-child\" data-id=\"3c179da\" data-element_type=\"container\" data-settings=\"{&quot;ekit_has_onepagescroll_dot&quot;:&quot;yes&quot;}\">\n\t\t\t\t<div class=\"elementor-element elementor-element-5641d69 elementor-position-left elementor-view-default elementor-mobile-position-top elementor-widget elementor-widget-icon-box\" data-id=\"5641d69\" data-element_type=\"widget\" data-settings=\"{&quot;ekit_we_effect_on&quot;:&quot;none&quot;}\" data-widget_type=\"icon-box.default\">\n\t\t\t\t<div class=\"elementor-widget-container\">\n\t\t\t\t\t\t\t<div class=\"elementor-icon-box-wrapper\">\n\n\t\t\t\t\t\t<div class=\"elementor-icon-box-icon\">\n\t\t\t\t<span  class=\"elementor-icon\">\n\t\t\t\t<svg aria-hidden=\"true\" class=\"e-font-icon-svg e-fas-stream\" viewbox=\"0 0 512 512\" xmlns=\"http:\/\/www.w3.org\/2000\/svg\"><path d=\"M16 128h416c8.84 0 16-7.16 16-16V48c0-8.84-7.16-16-16-16H16C7.16 32 0 39.16 0 48v64c0 8.84 7.16 16 16 16zm480 80H80c-8.84 0-16 7.16-16 16v64c0 8.84 7.16 16 16 16h416c8.84 0 16-7.16 16-16v-64c0-8.84-7.16-16-16-16zm-64 176H16c-8.84 0-16 7.16-16 16v64c0 8.84 7.16 16 16 16h416c8.84 0 16-7.16 16-16v-64c0-8.84-7.16-16-16-16z\"><\/path><\/svg>\t\t\t\t<\/span>\n\t\t\t<\/div>\n\t\t\t\n\t\t\t\t\t\t<div class=\"elementor-icon-box-content\">\n\n\t\t\t\t\t\t\t\t\t<h3 class=\"elementor-icon-box-title\">\n\t\t\t\t\t\t<span  >\n\t\t\t\t\t\t\t 2008\t\t\t\t\t\t<\/span>\n\t\t\t\t\t<\/h3>\n\t\t\t\t\n\t\t\t\t\n\t\t\t<\/div>\n\t\t\t\n\t\t<\/div>\n\t\t\t\t\t\t<\/div>\n\t\t\t\t<\/div>\n\t\t\t\t<div class=\"elementor-element elementor-element-9e4d5ac elementor-widget elementor-widget-text-editor\" data-id=\"9e4d5ac\" data-element_type=\"widget\" data-settings=\"{&quot;ekit_we_effect_on&quot;:&quot;none&quot;}\" data-widget_type=\"text-editor.default\">\n\t\t\t\t<div class=\"elementor-widget-container\">\n\t\t\t\t\t\t\t\t\t<p>P\u0159\u00edb\u011bh spole\u010dnosti LANDERCOLL se za\u010dal ps\u00e1t, kdy\u017e pan Cui otev\u0159el svou prvn\u00ed kancel\u00e1\u0159 a za\u010dal obchodovat s celul\u00f3zov\u00fdm \u00e9terem a dod\u00e1vat stavebn\u00edm firm\u00e1m ty nejlep\u0161\u00ed v\u00fdrobky.<\/p>\t\t\t\t\t\t\t\t<\/div>\n\t\t\t\t<\/div>\n\t\t\t\t<div class=\"elementor-element elementor-element-9de7070 elementor-widget elementor-widget-spacer\" data-id=\"9de7070\" data-element_type=\"widget\" data-settings=\"{&quot;ekit_we_effect_on&quot;:&quot;none&quot;}\" data-widget_type=\"spacer.default\">\n\t\t\t\t<div class=\"elementor-widget-container\">\n\t\t\t\t\t\t\t<div class=\"elementor-spacer\">\n\t\t\t<div class=\"elementor-spacer-inner\"><\/div>\n\t\t<\/div>\n\t\t\t\t\t\t<\/div>\n\t\t\t\t<\/div>\n\t\t\t\t<\/div>\n\t\t<div class=\"elementor-element elementor-element-be8bf5c e-con-full e-flex e-con e-child\" data-id=\"be8bf5c\" data-element_type=\"container\" data-settings=\"{&quot;ekit_has_onepagescroll_dot&quot;:&quot;yes&quot;}\">\n\t\t\t\t<div class=\"elementor-element elementor-element-ae71b4c elementor-widget elementor-widget-spacer\" data-id=\"ae71b4c\" data-element_type=\"widget\" data-settings=\"{&quot;ekit_we_effect_on&quot;:&quot;none&quot;}\" data-widget_type=\"spacer.default\">\n\t\t\t\t<div class=\"elementor-widget-container\">\n\t\t\t\t\t\t\t<div class=\"elementor-spacer\">\n\t\t\t<div class=\"elementor-spacer-inner\"><\/div>\n\t\t<\/div>\n\t\t\t\t\t\t<\/div>\n\t\t\t\t<\/div>\n\t\t\t\t<div class=\"elementor-element elementor-element-5bc638d elementor-position-left elementor-view-default elementor-mobile-position-top elementor-widget elementor-widget-icon-box\" data-id=\"5bc638d\" data-element_type=\"widget\" data-settings=\"{&quot;ekit_we_effect_on&quot;:&quot;none&quot;}\" data-widget_type=\"icon-box.default\">\n\t\t\t\t<div class=\"elementor-widget-container\">\n\t\t\t\t\t\t\t<div class=\"elementor-icon-box-wrapper\">\n\n\t\t\t\t\t\t<div class=\"elementor-icon-box-icon\">\n\t\t\t\t<span  class=\"elementor-icon\">\n\t\t\t\t<svg aria-hidden=\"true\" class=\"e-font-icon-svg e-fas-stream\" viewbox=\"0 0 512 512\" xmlns=\"http:\/\/www.w3.org\/2000\/svg\"><path d=\"M16 128h416c8.84 0 16-7.16 16-16V48c0-8.84-7.16-16-16-16H16C7.16 32 0 39.16 0 48v64c0 8.84 7.16 16 16 16zm480 80H80c-8.84 0-16 7.16-16 16v64c0 8.84 7.16 16 16 16h416c8.84 0 16-7.16 16-16v-64c0-8.84-7.16-16-16-16zm-64 176H16c-8.84 0-16 7.16-16 16v64c0 8.84 7.16 16 16 16h416c8.84 0 16-7.16 16-16v-64c0-8.84-7.16-16-16-16z\"><\/path><\/svg>\t\t\t\t<\/span>\n\t\t\t<\/div>\n\t\t\t\n\t\t\t\t\t\t<div class=\"elementor-icon-box-content\">\n\n\t\t\t\t\t\t\t\t\t<h3 class=\"elementor-icon-box-title\">\n\t\t\t\t\t\t<span  >\n\t\t\t\t\t\t\t 2011\t\t\t\t\t\t<\/span>\n\t\t\t\t\t<\/h3>\n\t\t\t\t\n\t\t\t\t\n\t\t\t<\/div>\n\t\t\t\n\t\t<\/div>\n\t\t\t\t\t\t<\/div>\n\t\t\t\t<\/div>\n\t\t\t\t<div class=\"elementor-element elementor-element-97e8a0e elementor-widget elementor-widget-text-editor\" data-id=\"97e8a0e\" data-element_type=\"widget\" data-settings=\"{&quot;ekit_we_effect_on&quot;:&quot;none&quot;}\" data-widget_type=\"text-editor.default\">\n\t\t\t\t<div class=\"elementor-widget-container\">\n\t\t\t\t\t\t\t\t\t<p>Spole\u010dnost LANDERCOLL zalo\u017eila prvn\u00ed tov\u00e1rnu na v\u00fdrobu etheru celul\u00f3zy v roce 2011. Od t\u00e9 doby je na\u0161\u00ed p\u016fvodn\u00ed snahou dod\u00e1vat optim\u00e1ln\u00ed p\u0159\u00edsady, kter\u00e9 spl\u0148uj\u00ed po\u017eadavky z\u00e1kazn\u00edk\u016f.<\/p>\t\t\t\t\t\t\t\t<\/div>\n\t\t\t\t<\/div>\n\t\t\t\t<\/div>\n\t\t\t\t<\/div>\n\t\t<div class=\"elementor-element elementor-element-a0ec525 e-con-full e-flex e-con e-child\" data-id=\"a0ec525\" data-element_type=\"container\" data-settings=\"{&quot;ekit_has_onepagescroll_dot&quot;:&quot;yes&quot;}\">\n\t\t<div class=\"elementor-element elementor-element-d69fe5c e-con-full e-flex e-con e-child\" data-id=\"d69fe5c\" data-element_type=\"container\" data-settings=\"{&quot;ekit_has_onepagescroll_dot&quot;:&quot;yes&quot;}\">\n\t\t\t\t<div class=\"elementor-element elementor-element-5a62105 elementor-position-left elementor-view-default elementor-mobile-position-top elementor-widget elementor-widget-icon-box\" data-id=\"5a62105\" data-element_type=\"widget\" data-settings=\"{&quot;ekit_we_effect_on&quot;:&quot;none&quot;}\" data-widget_type=\"icon-box.default\">\n\t\t\t\t<div class=\"elementor-widget-container\">\n\t\t\t\t\t\t\t<div class=\"elementor-icon-box-wrapper\">\n\n\t\t\t\t\t\t<div class=\"elementor-icon-box-icon\">\n\t\t\t\t<span  class=\"elementor-icon\">\n\t\t\t\t<svg aria-hidden=\"true\" class=\"e-font-icon-svg e-fas-stream\" viewbox=\"0 0 512 512\" xmlns=\"http:\/\/www.w3.org\/2000\/svg\"><path d=\"M16 128h416c8.84 0 16-7.16 16-16V48c0-8.84-7.16-16-16-16H16C7.16 32 0 39.16 0 48v64c0 8.84 7.16 16 16 16zm480 80H80c-8.84 0-16 7.16-16 16v64c0 8.84 7.16 16 16 16h416c8.84 0 16-7.16 16-16v-64c0-8.84-7.16-16-16-16zm-64 176H16c-8.84 0-16 7.16-16 16v64c0 8.84 7.16 16 16 16h416c8.84 0 16-7.16 16-16v-64c0-8.84-7.16-16-16-16z\"><\/path><\/svg>\t\t\t\t<\/span>\n\t\t\t<\/div>\n\t\t\t\n\t\t\t\t\t\t<div class=\"elementor-icon-box-content\">\n\n\t\t\t\t\t\t\t\t\t<h3 class=\"elementor-icon-box-title\">\n\t\t\t\t\t\t<span  >\n\t\t\t\t\t\t\t 2017\t\t\t\t\t\t<\/span>\n\t\t\t\t\t<\/h3>\n\t\t\t\t\n\t\t\t\t\n\t\t\t<\/div>\n\t\t\t\n\t\t<\/div>\n\t\t\t\t\t\t<\/div>\n\t\t\t\t<\/div>\n\t\t\t\t<div class=\"elementor-element elementor-element-3f62376 elementor-widget elementor-widget-text-editor\" data-id=\"3f62376\" data-element_type=\"widget\" data-settings=\"{&quot;ekit_we_effect_on&quot;:&quot;none&quot;}\" data-widget_type=\"text-editor.default\">\n\t\t\t\t<div class=\"elementor-widget-container\">\n\t\t\t\t\t\t\t\t\t\nSpole\u010dnost LANDERCOLL se nespokojuje s b\u011b\u017enou v\u00fdrobou, ale sna\u017e\u00ed se vyv\u00edjet inovativn\u00ed \u0159e\u0161en\u00ed na m\u00edru a roz\u0161i\u0159ovat sv\u00e9 p\u016fsoben\u00ed do dal\u0161\u00edch oblast\u00ed, a proto v\u00fdznamn\u011b investovala do nov\u00e9ho technick\u00e9ho centra.\t\t\t\t\t\t\t\t<\/div>\n\t\t\t\t<\/div>\n\t\t\t\t<div class=\"elementor-element elementor-element-fdc2273 elementor-widget elementor-widget-spacer\" data-id=\"fdc2273\" data-element_type=\"widget\" data-settings=\"{&quot;ekit_we_effect_on&quot;:&quot;none&quot;}\" data-widget_type=\"spacer.default\">\n\t\t\t\t<div class=\"elementor-widget-container\">\n\t\t\t\t\t\t\t<div class=\"elementor-spacer\">\n\t\t\t<div class=\"elementor-spacer-inner\"><\/div>\n\t\t<\/div>\n\t\t\t\t\t\t<\/div>\n\t\t\t\t<\/div>\n\t\t\t\t<\/div>\n\t\t<div class=\"elementor-element elementor-element-19374db e-con-full e-flex e-con e-child\" data-id=\"19374db\" data-element_type=\"container\" data-settings=\"{&quot;ekit_has_onepagescroll_dot&quot;:&quot;yes&quot;}\">\n\t\t\t\t<div class=\"elementor-element elementor-element-080fc1d elementor-widget elementor-widget-spacer\" data-id=\"080fc1d\" data-element_type=\"widget\" data-settings=\"{&quot;ekit_we_effect_on&quot;:&quot;none&quot;}\" data-widget_type=\"spacer.default\">\n\t\t\t\t<div class=\"elementor-widget-container\">\n\t\t\t\t\t\t\t<div class=\"elementor-spacer\">\n\t\t\t<div class=\"elementor-spacer-inner\"><\/div>\n\t\t<\/div>\n\t\t\t\t\t\t<\/div>\n\t\t\t\t<\/div>\n\t\t\t\t<div class=\"elementor-element elementor-element-b103254 elementor-position-left elementor-view-default elementor-mobile-position-top elementor-widget elementor-widget-icon-box\" data-id=\"b103254\" data-element_type=\"widget\" data-settings=\"{&quot;ekit_we_effect_on&quot;:&quot;none&quot;}\" data-widget_type=\"icon-box.default\">\n\t\t\t\t<div class=\"elementor-widget-container\">\n\t\t\t\t\t\t\t<div class=\"elementor-icon-box-wrapper\">\n\n\t\t\t\t\t\t<div class=\"elementor-icon-box-icon\">\n\t\t\t\t<span  class=\"elementor-icon\">\n\t\t\t\t<svg aria-hidden=\"true\" class=\"e-font-icon-svg e-fas-stream\" viewbox=\"0 0 512 512\" xmlns=\"http:\/\/www.w3.org\/2000\/svg\"><path d=\"M16 128h416c8.84 0 16-7.16 16-16V48c0-8.84-7.16-16-16-16H16C7.16 32 0 39.16 0 48v64c0 8.84 7.16 16 16 16zm480 80H80c-8.84 0-16 7.16-16 16v64c0 8.84 7.16 16 16 16h416c8.84 0 16-7.16 16-16v-64c0-8.84-7.16-16-16-16zm-64 176H16c-8.84 0-16 7.16-16 16v64c0 8.84 7.16 16 16 16h416c8.84 0 16-7.16 16-16v-64c0-8.84-7.16-16-16-16z\"><\/path><\/svg>\t\t\t\t<\/span>\n\t\t\t<\/div>\n\t\t\t\n\t\t\t\t\t\t<div class=\"elementor-icon-box-content\">\n\n\t\t\t\t\t\t\t\t\t<h3 class=\"elementor-icon-box-title\">\n\t\t\t\t\t\t<span  >\n\t\t\t\t\t\t\t 2020\t\t\t\t\t\t<\/span>\n\t\t\t\t\t<\/h3>\n\t\t\t\t\n\t\t\t\t\n\t\t\t<\/div>\n\t\t\t\n\t\t<\/div>\n\t\t\t\t\t\t<\/div>\n\t\t\t\t<\/div>\n\t\t\t\t<div class=\"elementor-element elementor-element-ceb968e elementor-widget elementor-widget-text-editor\" data-id=\"ceb968e\" data-element_type=\"widget\" data-settings=\"{&quot;ekit_we_effect_on&quot;:&quot;none&quot;}\" data-widget_type=\"text-editor.default\">\n\t\t\t\t<div class=\"elementor-widget-container\">\n\t\t\t\t\t\t\t\t\t<p>D\u00edky siln\u00fdm v\u00fdzkumn\u00fdm a v\u00fdvojov\u00fdm schopnostem se spole\u010dnost LANDERCOLL rozr\u016fst\u00e1 a v\u00edt\u00e1 dal\u0161\u00ed tov\u00e1rnu ve Wuqiao, kter\u00e1 zv\u00fd\u0161ila na\u0161i skladovac\u00ed a v\u00fdrobn\u00ed kapacitu.<\/p>\t\t\t\t\t\t\t\t<\/div>\n\t\t\t\t<\/div>\n\t\t\t\t<\/div>\n\t\t\t\t<\/div>\n\t\t<div class=\"elementor-element elementor-element-4e8cc1b e-con-full e-flex e-con e-child\" data-id=\"4e8cc1b\" data-element_type=\"container\" data-settings=\"{&quot;ekit_has_onepagescroll_dot&quot;:&quot;yes&quot;}\">\n\t\t<div class=\"elementor-element elementor-element-998055c e-con-full e-flex e-con e-child\" data-id=\"998055c\" data-element_type=\"container\" data-settings=\"{&quot;ekit_has_onepagescroll_dot&quot;:&quot;yes&quot;}\">\n\t\t\t\t<div class=\"elementor-element elementor-element-7201494 elementor-position-left elementor-view-default elementor-mobile-position-top elementor-widget elementor-widget-icon-box\" data-id=\"7201494\" data-element_type=\"widget\" data-settings=\"{&quot;ekit_we_effect_on&quot;:&quot;none&quot;}\" data-widget_type=\"icon-box.default\">\n\t\t\t\t<div class=\"elementor-widget-container\">\n\t\t\t\t\t\t\t<div class=\"elementor-icon-box-wrapper\">\n\n\t\t\t\t\t\t<div class=\"elementor-icon-box-icon\">\n\t\t\t\t<span  class=\"elementor-icon\">\n\t\t\t\t<svg aria-hidden=\"true\" class=\"e-font-icon-svg e-fas-stream\" viewbox=\"0 0 512 512\" xmlns=\"http:\/\/www.w3.org\/2000\/svg\"><path d=\"M16 128h416c8.84 0 16-7.16 16-16V48c0-8.84-7.16-16-16-16H16C7.16 32 0 39.16 0 48v64c0 8.84 7.16 16 16 16zm480 80H80c-8.84 0-16 7.16-16 16v64c0 8.84 7.16 16 16 16h416c8.84 0 16-7.16 16-16v-64c0-8.84-7.16-16-16-16zm-64 176H16c-8.84 0-16 7.16-16 16v64c0 8.84 7.16 16 16 16h416c8.84 0 16-7.16 16-16v-64c0-8.84-7.16-16-16-16z\"><\/path><\/svg>\t\t\t\t<\/span>\n\t\t\t<\/div>\n\t\t\t\n\t\t\t\t\t\t<div class=\"elementor-icon-box-content\">\n\n\t\t\t\t\t\t\t\t\t<h3 class=\"elementor-icon-box-title\">\n\t\t\t\t\t\t<span  >\n\t\t\t\t\t\t\t 2022\t\t\t\t\t\t<\/span>\n\t\t\t\t\t<\/h3>\n\t\t\t\t\n\t\t\t\t\n\t\t\t<\/div>\n\t\t\t\n\t\t<\/div>\n\t\t\t\t\t\t<\/div>\n\t\t\t\t<\/div>\n\t\t\t\t<div class=\"elementor-element elementor-element-cdf1284 elementor-widget elementor-widget-text-editor\" data-id=\"cdf1284\" data-element_type=\"widget\" data-settings=\"{&quot;ekit_we_effect_on&quot;:&quot;none&quot;}\" data-widget_type=\"text-editor.default\">\n\t\t\t\t<div class=\"elementor-widget-container\">\n\t\t\t\t\t\t\t\t\t\nSpole\u010dnost LANDERCOLL m\u00e1 touhu p\u0159es\u00e1hnout dom\u00e1c\u00ed trh. Po letech ne\u00fanavn\u00e9 kampan\u011b z\u00edskala spole\u010dnost LANDERCOLL certifik\u00e1t EU REACH, co\u017e p\u0159edstavuje v\u00fdznamn\u00fd miln\u00edk na na\u0161\u00ed glob\u00e1ln\u00ed cest\u011b.\t\t\t\t\t\t\t\t<\/div>\n\t\t\t\t<\/div>\n\t\t\t\t<div class=\"elementor-element elementor-element-29201f2 elementor-widget elementor-widget-spacer\" data-id=\"29201f2\" data-element_type=\"widget\" data-settings=\"{&quot;ekit_we_effect_on&quot;:&quot;none&quot;}\" data-widget_type=\"spacer.default\">\n\t\t\t\t<div class=\"elementor-widget-container\">\n\t\t\t\t\t\t\t<div class=\"elementor-spacer\">\n\t\t\t<div class=\"elementor-spacer-inner\"><\/div>\n\t\t<\/div>\n\t\t\t\t\t\t<\/div>\n\t\t\t\t<\/div>\n\t\t\t\t<\/div>\n\t\t<div class=\"elementor-element elementor-element-98cae6f e-con-full e-flex e-con e-child\" data-id=\"98cae6f\" data-element_type=\"container\" data-settings=\"{&quot;ekit_has_onepagescroll_dot&quot;:&quot;yes&quot;}\">\n\t\t\t\t<div class=\"elementor-element elementor-element-16c95c0 elementor-position-left elementor-view-default elementor-mobile-position-top elementor-widget elementor-widget-icon-box\" data-id=\"16c95c0\" data-element_type=\"widget\" data-settings=\"{&quot;ekit_we_effect_on&quot;:&quot;none&quot;}\" data-widget_type=\"icon-box.default\">\n\t\t\t\t<div class=\"elementor-widget-container\">\n\t\t\t\t\t\t\t<div class=\"elementor-icon-box-wrapper\">\n\n\t\t\t\t\t\t<div class=\"elementor-icon-box-icon\">\n\t\t\t\t<span  class=\"elementor-icon\">\n\t\t\t\t<svg aria-hidden=\"true\" class=\"e-font-icon-svg e-fas-stream\" viewbox=\"0 0 512 512\" xmlns=\"http:\/\/www.w3.org\/2000\/svg\"><path d=\"M16 128h416c8.84 0 16-7.16 16-16V48c0-8.84-7.16-16-16-16H16C7.16 32 0 39.16 0 48v64c0 8.84 7.16 16 16 16zm480 80H80c-8.84 0-16 7.16-16 16v64c0 8.84 7.16 16 16 16h416c8.84 0 16-7.16 16-16v-64c0-8.84-7.16-16-16-16zm-64 176H16c-8.84 0-16 7.16-16 16v64c0 8.84 7.16 16 16 16h416c8.84 0 16-7.16 16-16v-64c0-8.84-7.16-16-16-16z\"><\/path><\/svg>\t\t\t\t<\/span>\n\t\t\t<\/div>\n\t\t\t\n\t\t\t\t\t\t<div class=\"elementor-icon-box-content\">\n\n\t\t\t\t\t\t\t\t\t<h3 class=\"elementor-icon-box-title\">\n\t\t\t\t\t\t<span  >\n\t\t\t\t\t\t\t Pokra\u010dov\u00e1n\u00ed\t\t\t\t\t\t<\/span>\n\t\t\t\t\t<\/h3>\n\t\t\t\t\n\t\t\t\t\n\t\t\t<\/div>\n\t\t\t\n\t\t<\/div>\n\t\t\t\t\t\t<\/div>\n\t\t\t\t<\/div>\n\t\t\t\t<div class=\"elementor-element elementor-element-b1489e5 elementor-widget elementor-widget-text-editor\" data-id=\"b1489e5\" data-element_type=\"widget\" data-settings=\"{&quot;ekit_we_effect_on&quot;:&quot;none&quot;}\" data-widget_type=\"text-editor.default\">\n\t\t\t\t<div class=\"elementor-widget-container\">\n\t\t\t\t\t\t\t\t\t<p>P\u0159\u00edb\u011bh spole\u010dnosti LANDERCOLL pokra\u010duje, poh\u00e1n\u011bn viz\u00ed dokonalosti a z\u00e1vazkem k inovac\u00edm. Neust\u00e1le se pt\u00e1me, jak m\u016f\u017eeme ud\u011blat v\u00edce a m\u00edt v\u011bt\u0161\u00ed dopad. Chceme posunout pr\u016fmysl celul\u00f3zov\u00e9ho \u00e9teru kup\u0159edu a naplnit pot\u0159eby dal\u0161\u00edch odv\u011btv\u00ed, jako jsou nikotinov\u00e9 s\u00e1\u010dky, zdroje energie a zem\u011bd\u011blstv\u00ed.<\/p>\t\t\t\t\t\t\t\t<\/div>\n\t\t\t\t<\/div>\n\t\t\t\t<\/div>\n\t\t\t\t<\/div>\n\t\t\t\t\t<\/div>\n\t\t\t\t<\/div>\n\t\t\t\t<\/div>","protected":false},"excerpt":{"rendered":"<p>Historie Landercoll Vysoce kvalitn\u00ed HPMC, HEMC a HEC LANDERCOLL \u010c\u00ednsk\u00fd v\u00fdrobce celul\u00f3zov\u00fdch ether\u016f Historie Landercoll Jako zna\u010dka pod LANDU je LANDERCOLL odd\u011blen, aby se zam\u011b\u0159il na pr\u016fmysl celul\u00f3zov\u00fdch ether\u016f. Bez jak\u00fdchkoli rozpt\u00fdlen\u00ed v\u011bnuje LANDERCOLL plnou pozornost v\u00fdvoji technologi\u00ed a infrastruktury celul\u00f3zov\u00fdch ether\u016f z ni\u010deho. Ve v\u0161em, co d\u011bl\u00e1me, jsme [\u2026]<\/p>","protected":false},"author":1,"featured_media":0,"parent":0,"menu_order":0,"comment_status":"closed","ping_status":"closed","template":"elementor_header_footer","meta":{"footnotes":""},"class_list":["post-4422","page","type-page","status-publish","hentry"],"_links":{"self":[{"href":"https:\/\/landercoll.com\/cs\/wp-json\/wp\/v2\/pages\/4422","targetHints":{"allow":["GET"]}}],"collection":[{"href":"https:\/\/landercoll.com\/cs\/wp-json\/wp\/v2\/pages"}],"about":[{"href":"https:\/\/landercoll.com\/cs\/wp-json\/wp\/v2\/types\/page"}],"author":[{"embeddable":true,"href":"https:\/\/landercoll.com\/cs\/wp-json\/wp\/v2\/users\/1"}],"replies":[{"embeddable":true,"href":"https:\/\/landercoll.com\/cs\/wp-json\/wp\/v2\/comments?post=4422"}],"version-history":[{"count":50,"href":"https:\/\/landercoll.com\/cs\/wp-json\/wp\/v2\/pages\/4422\/revisions"}],"predecessor-version":[{"id":10879,"href":"https:\/\/landercoll.com\/cs\/wp-json\/wp\/v2\/pages\/4422\/revisions\/10879"}],"wp:attachment":[{"href":"https:\/\/landercoll.com\/cs\/wp-json\/wp\/v2\/media?parent=4422"}],"curies":[{"name":"wp","href":"https:\/\/api.w.org\/{rel}","templated":true}]}}